{"id":395,"date":"2023-05-05T00:43:02","date_gmt":"2023-05-04T22:43:02","guid":{"rendered":"https:\/\/www.cortexproductions.tv\/expo\/?page_id=395"},"modified":"2023-05-17T12:45:42","modified_gmt":"2023-05-17T10:45:42","slug":"station-1-introduction","status":"publish","type":"page","link":"https:\/\/www.boisbuchet.org\/expo\/","title":{"rendered":"Station 1: Introduction"},"content":{"rendered":"\t\t<div data-elementor-type=\"wp-page\" data-elementor-id=\"395\" class=\"elementor elementor-395\">\n\t\t\t\t\t\t<section class=\"elementor-section elementor-top-section elementor-element elementor-element-1286da2 elementor-section-boxed elementor-section-height-default elementor-section-height-default wpr-particle-no wpr-jarallax-no wpr-parallax-no\" data-id=\"1286da2\" data-element_type=\"section\">\n\t\t\t\t\t\t<div class=\"elementor-container elementor-column-gap-default\">\n\t\t\t\t\t<div class=\"elementor-column elementor-col-100 elementor-top-column elementor-element elementor-element-518b13e\" data-id=\"518b13e\" data-element_type=\"column\">\n\t\t\t<div class=\"elementor-widget-wrap elementor-element-populated\">\n\t\t\t\t\t\t<div class=\"elementor-element elementor-element-522bb6b elementor-widget elementor-widget-spacer\" data-id=\"522bb6b\" data-element_type=\"widget\" data-widget_type=\"spacer.default\">\n\t\t\t\t<div class=\"elementor-widget-container\">\n\t\t\t<style>\/*! elementor - v3.19.0 - 07-02-2024 *\/\n.elementor-column .elementor-spacer-inner{height:var(--spacer-size)}.e-con{--container-widget-width:100%}.e-con-inner>.elementor-widget-spacer,.e-con>.elementor-widget-spacer{width:var(--container-widget-width,var(--spacer-size));--align-self:var(--container-widget-align-self,initial);--flex-shrink:0}.e-con-inner>.elementor-widget-spacer>.elementor-widget-container,.e-con>.elementor-widget-spacer>.elementor-widget-container{height:100%;width:100%}.e-con-inner>.elementor-widget-spacer>.elementor-widget-container>.elementor-spacer,.e-con>.elementor-widget-spacer>.elementor-widget-container>.elementor-spacer{height:100%}.e-con-inner>.elementor-widget-spacer>.elementor-widget-container>.elementor-spacer>.elementor-spacer-inner,.e-con>.elementor-widget-spacer>.elementor-widget-container>.elementor-spacer>.elementor-spacer-inner{height:var(--container-widget-height,var(--spacer-size))}.e-con-inner>.elementor-widget-spacer.elementor-widget-empty,.e-con>.elementor-widget-spacer.elementor-widget-empty{position:relative;min-height:22px;min-width:22px}.e-con-inner>.elementor-widget-spacer.elementor-widget-empty .elementor-widget-empty-icon,.e-con>.elementor-widget-spacer.elementor-widget-empty .elementor-widget-empty-icon{position:absolute;top:0;bottom:0;left:0;right:0;margin:auto;padding:0;width:22px;height:22px}<\/style>\t\t<div class=\"elementor-spacer\">\n\t\t\t<div class=\"elementor-spacer-inner\"><\/div>\n\t\t<\/div>\n\t\t\t\t<\/div>\n\t\t\t\t<\/div>\n\t\t\t\t<div class=\"elementor-element elementor-element-b2faa99 elementor-widget elementor-widget-text-editor\" data-id=\"b2faa99\" data-element_type=\"widget\" data-widget_type=\"text-editor.default\">\n\t\t\t\t<div class=\"elementor-widget-container\">\n\t\t\t<style>\/*! elementor - v3.19.0 - 07-02-2024 *\/\n.elementor-widget-text-editor.elementor-drop-cap-view-stacked .elementor-drop-cap{background-color:#69727d;color:#fff}.elementor-widget-text-editor.elementor-drop-cap-view-framed .elementor-drop-cap{color:#69727d;border:3px solid;background-color:transparent}.elementor-widget-text-editor:not(.elementor-drop-cap-view-default) .elementor-drop-cap{margin-top:8px}.elementor-widget-text-editor:not(.elementor-drop-cap-view-default) .elementor-drop-cap-letter{width:1em;height:1em}.elementor-widget-text-editor .elementor-drop-cap{float:left;text-align:center;line-height:1;font-size:50px}.elementor-widget-text-editor .elementor-drop-cap-letter{display:inline-block}<\/style>\t\t\t\t<p style=\"text-align: center;\">Bonjour et bienvenue au Domaine de Boisbuchet ! Veuillez choisir maintenant entre l&#8217;anglais et le fran\u00e7ais.<\/p>\t\t\t\t\t\t<\/div>\n\t\t\t\t<\/div>\n\t\t\t\t<div class=\"elementor-element elementor-element-c6f8ea1 cpel-switcher--align-center cpel-switcher--layout-horizontal cpel-switcher--aspect-ratio-43 elementor-widget elementor-widget-polylang-language-switcher\" data-id=\"c6f8ea1\" data-element_type=\"widget\" data-widget_type=\"polylang-language-switcher.default\">\n\t\t\t\t<div class=\"elementor-widget-container\">\n\t\t\t<nav class=\"cpel-switcher__nav\"><ul class=\"cpel-switcher__list\"><li class=\"cpel-switcher__lang\"><a lang=\"fr-FR\" hreflang=\"fr-FR\" href=\"https:\/\/www.boisbuchet.org\/expo\/\"><span class=\"cpel-switcher__flag cpel-switcher__flag--fr\"><img decoding=\"async\" src=\"data:image\/svg+xml;utf8,%3Csvg width='21' height='15' xmlns='http:\/\/www.w3.org\/2000\/svg'%3E%3Cdefs%3E%3ClinearGradient x1='50%' y1='0%' x2='50%' y2='100%' id='a'%3E%3Cstop stop-color='%23FFF' offset='0%'\/%3E%3Cstop stop-color='%23F0F0F0' offset='100%'\/%3E%3C\/linearGradient%3E%3ClinearGradient x1='50%' y1='0%' x2='50%' y2='100%' id='b'%3E%3Cstop stop-color='%23F44653' offset='0%'\/%3E%3Cstop stop-color='%23EE2A39' offset='100%'\/%3E%3C\/linearGradient%3E%3ClinearGradient x1='50%' y1='0%' x2='50%' y2='100%' id='c'%3E%3Cstop stop-color='%231035BB' offset='0%'\/%3E%3Cstop stop-color='%23042396' offset='100%'\/%3E%3C\/linearGradient%3E%3C\/defs%3E%3Cg fill='none' fill-rule='evenodd'%3E%3Cpath fill='url(%23a)' d='M0 0h21v15H0z'\/%3E%3Cpath fill='url(%23b)' d='M10 0h11v15H10z'\/%3E%3Cpath fill='url(%23c)' d='M0 0h7v15H0z'\/%3E%3Cpath fill='url(%23a)' d='M7 0h7v15H7z'\/%3E%3C\/g%3E%3C\/svg%3E\" alt=\"Fran\u00e7ais\" \/><\/span><span class=\"cpel-switcher__name\">Fran\u00e7ais<\/span><\/a><\/li><li class=\"cpel-switcher__lang\"><a lang=\"en-US\" hreflang=\"en-US\" href=\"https:\/\/www.boisbuchet.org\/expo\/index.php\/language\/en\/station-1-introduction-2\/\"><span class=\"cpel-switcher__flag cpel-switcher__flag--gb\"><img decoding=\"async\" src=\"data:image\/svg+xml;utf8,%3Csvg width='21' height='15' xmlns='http:\/\/www.w3.org\/2000\/svg'%3E%3Cdefs%3E%3ClinearGradient x1='50%' y1='0%' x2='50%' y2='100%' id='a'%3E%3Cstop stop-color='%23FFF' offset='0%'\/%3E%3Cstop stop-color='%23F0F0F0' offset='100%'\/%3E%3C\/linearGradient%3E%3ClinearGradient x1='50%' y1='0%' x2='50%' y2='100%' id='b'%3E%3Cstop stop-color='%230A17A7' offset='0%'\/%3E%3Cstop stop-color='%23030E88' offset='100%'\/%3E%3C\/linearGradient%3E%3ClinearGradient x1='50%' y1='0%' x2='50%' y2='100%' id='c'%3E%3Cstop stop-color='%23E6273E' offset='0%'\/%3E%3Cstop stop-color='%23CF152B' offset='100%'\/%3E%3C\/linearGradient%3E%3C\/defs%3E%3Cg fill='none' fill-rule='evenodd'%3E%3Cpath fill='url(%23a)' d='M0 0h21v15H0z'\/%3E%3Cpath fill='url(%23b)' d='M-.002 0h21v15h-21z'\/%3E%3Cpath d='M5.003 10H-.002V5h5.005L-2.082.22l1.118-1.657 8.962 6.045V-1h5v5.608l8.962-6.045L23.078.22 15.993 5h5.005v5h-5.005l7.085 4.78-1.118 1.657-8.962-6.045V16h-5v-5.608l-8.962 6.045-1.118-1.658L5.003 10z' fill='url(%23a)'\/%3E%3Cpath d='M14.136 4.958l9.5-6.25a.25.25 0 00-.275-.417l-9.5 6.25a.25.25 0 10.275.417zm.732 5.522l8.515 5.74a.25.25 0 10.28-.415l-8.516-5.74a.25.25 0 00-.279.415zM6.142 4.526L-2.74-1.461a.25.25 0 00-.28.415L5.863 4.94a.25.25 0 00.279-.414zm.685 5.469l-9.845 6.53a.25.25 0 10.276.416l9.846-6.529a.25.25 0 00-.277-.417z' fill='%23DB1F35' fill-rule='nonzero'\/%3E%3Cpath fill='url(%23c)' d='M-.002 9h9v6h3V9h9V6h-9V0h-3v6h-9z'\/%3E%3C\/g%3E%3C\/svg%3E\" alt=\"English\" \/><\/span><span class=\"cpel-switcher__name\">English<\/span><\/a><\/li><\/ul><\/nav>\t\t<\/div>\n\t\t\t\t<\/div>\n\t\t\t\t<div class=\"elementor-element elementor-element-c8bedef elementor-widget elementor-widget-text-editor\" data-id=\"c8bedef\" data-element_type=\"widget\" data-widget_type=\"text-editor.default\">\n\t\t\t\t<div class=\"elementor-widget-container\">\n\t\t\t\t\t\t\t<p>Veuillez laisser votre smartphone, votre acc\u00e8s \u00e0 l&#8217;internet et votre GPS allum\u00e9s et r\u00e9glez le volume de mani\u00e8re \u00e0 pouvoir suivre \u00e0 l&#8217;ext\u00e9rieur les introductions vocales des diff\u00e9rentes \u00e9tapes de ce sentier didactique &#8211; si vous pr\u00e9f\u00e9rez les \u00e9couter plut\u00f4t que les lire.<\/p><p>Ce logiciel vous accompagnera dans une promenade qui vous apportera de nombreuses informations sur la for\u00eat, parfois historiques et culturelles, parfois plus scientifiques ou techniques. Ce sentier didactique, compos\u00e9 de 11 stations, est une premi\u00e8re version exp\u00e9rimentale que nous souhaitons d\u00e9velopper, peut-\u00eatre en collaboration avec vous. D&#8217;autres stations sur les animaux et le bois, sur le sport et les loisirs ainsi que sur l&#8217;architecture, l&#8217;art et le design sont pr\u00e9vues.<\/p><p>Vous pouvez \u00e0 tout moment vous situer sur une carte et voir l&#8217;ensemble du chemin, comme les racines d&#8217;un arbre dans le sol. En revanche, les chapitres abord\u00e9s \u00e0 chaque station sont divis\u00e9s en sous-chapitres, \u00e0 l&#8217;instar des branches d&#8217;un arbre.<\/p><p>La dur\u00e9e de votre promenade d\u00e9pendra, entre autres, du niveau d&#8217;approfondissement que vous souhaitez atteindre dans chaque chapitre, mais comptez au moins une heure.<\/p><p>Veuillez toujours rester sur le chemin indiqu\u00e9, et ne pas entrer dans les b\u00e2timents &#8211; \u00e0 l&#8217;exception de ceux des stations 8, 19, 21 et 22. Veuillez noter qu&#8217;il est interdit de jeter des d\u00e9chets, m\u00eame de petite taille.<\/p><p>Pour votre promenade, portez des v\u00eatements adapt\u00e9s aux conditions m\u00e9t\u00e9os, des chaussures solides et ouvrez l&#8217;\u0153il pour rep\u00e9rer \u00e0 temps les in\u00e9galit\u00e9s du chemin et des broussailles ou des branches qui pourraient vous blesser \u2013 vous \u00eates seul responsable de votre propre s\u00e9curit\u00e9 ! C&#8217;est pourquoi nous vous demandons tout d&#8217;abord d&#8217;accepter les conditions suivantes pour l&#8217;utilisation de notre sentier en cochant la case, avant de commencer la promenade elle-m\u00eame:<\/p><p>L&#8217;exploitant\/propri\u00e9taire du terrain n&#8217;assume aucune responsabilit\u00e9 en cas d&#8217;accidents, notamment de dommages mat\u00e9riels et\/ou corporels. Les droits de responsabilit\u00e9 civile des utilisateurs respectifs vis-\u00e0-vis de l&#8217;exploitant ou d&#8217;autres personnes et collaborateurs mandat\u00e9s sont exclus. Chaque utilisateur est responsable sans restriction des dommages mat\u00e9riels et corporels qui lui sont imputables. Par la pr\u00e9sente, je d\u00e9clare et reconnais express\u00e9ment que je p\u00e9n\u00e8tre et s\u00e9journe sur le site exclusivement et sans restriction \u00e0 mes propres risques et p\u00e9rils. Je respecte la distance de s\u00e9curit\u00e9 par rapport aux sources de danger telles que les cours d&#8217;eau ou les foss\u00e9s.<\/p><p>Et encore une derni\u00e8re remarque importante : Nous vous invitons \u00e0 participer \u00e0 l&#8217;\u00e9laboration de ce sentier forestier ! N&#8217;h\u00e9sitez pas \u00e0 nous faire part de vos suggestions de corrections, d&#8217;ajouts ou de liens vers d&#8217;autres acteurs forestiers de notre r\u00e9gion : <a href=\"mailto:info@boisbuchet.org\">info@boisbuchet.org<\/a> \u2013 merci!<\/p>\t\t\t\t\t\t<\/div>\n\t\t\t\t<\/div>\n\t\t\t\t<div class=\"elementor-element elementor-element-9163804 elementor-align-center elementor-widget elementor-widget-button\" data-id=\"9163804\" data-element_type=\"widget\" data-widget_type=\"button.default\">\n\t\t\t\t<div class=\"elementor-widget-container\">\n\t\t\t\t\t<div class=\"elementor-button-wrapper\">\n\t\t\t<a class=\"elementor-button elementor-button-link elementor-size-sm\" href=\"https:\/\/www.boisbuchet.org\/expo\/index.php\/2023\/05\/02\/2-0-introduction-3\">\n\t\t\t\t\t\t<span class=\"elementor-button-content-wrapper\">\n\t\t\t\t\t\t<span class=\"elementor-button-text\">J'accepte ces conditions<\/span>\n\t\t<\/span>\n\t\t\t\t\t<\/a>\n\t\t<\/div>\n\t\t\t\t<\/div>\n\t\t\t\t<\/div>\n\t\t\t\t\t<\/div>\n\t\t<\/div>\n\t\t\t\t\t<\/div>\n\t\t<\/section>\n\t\t\t\t<section data-wpr-sticky-section=\"yes\" data-wpr-position-type=\"fixed\" data-wpr-position-offset=\"0\" data-wpr-position-location=\"top\" data-wpr-sticky-devices=\"mobile_sticky tablet_sticky\" data-wpr-custom-breakpoints=\"\" data-wpr-active-breakpoints=\"mobile_sticky tablet_sticky desktop_sticky\" data-wpr-z-index=\"10\" data-wpr-sticky-hide=\"\" data-wpr-replace-header=\"\" data-wpr-animation-duration=\"\" data-wpr-sticky-type=\"\" class=\"elementor-section elementor-top-section elementor-element elementor-element-7fb03d8 elementor-section-full_width elementor-section-stretched wpr-sticky-section-yes elementor-hidden-desktop elementor-section-height-default elementor-section-height-default wpr-particle-no wpr-jarallax-no wpr-parallax-no\" data-id=\"7fb03d8\" data-element_type=\"section\" data-settings=\"{&quot;stretch_section&quot;:&quot;section-stretched&quot;,&quot;background_background&quot;:&quot;classic&quot;,&quot;position_offset&quot;:0,&quot;position_offset_tablet&quot;:0,&quot;position_offset_mobile&quot;:0}\">\n\t\t\t\t\t\t<div class=\"elementor-container elementor-column-gap-default\">\n\t\t\t\t\t<div class=\"elementor-column elementor-col-50 elementor-top-column elementor-element elementor-element-33658ee\" data-id=\"33658ee\" data-element_type=\"column\">\n\t\t\t<div class=\"elementor-widget-wrap elementor-element-populated\">\n\t\t\t\t\t\t<div class=\"elementor-element elementor-element-a81bff0 elementor-view-default elementor-widget elementor-widget-icon\" data-id=\"a81bff0\" data-element_type=\"widget\" data-widget_type=\"icon.default\">\n\t\t\t\t<div class=\"elementor-widget-container\">\n\t\t\t\t\t<div class=\"elementor-icon-wrapper\">\n\t\t\t<div class=\"elementor-icon\">\n\t\t\t<svg xmlns=\"http:\/\/www.w3.org\/2000\/svg\" width=\"512.000000pt\" height=\"512.000000pt\" viewBox=\"0 0 512.000000 512.000000\" preserveAspectRatio=\"xMidYMid meet\"><g transform=\"translate(0.000000,512.000000) scale(0.100000,-0.100000)\" fill=\"#000000\" stroke=\"none\"><path d=\"M2425 5114 c-285 -44 -440 -100 -644 -234 -119 -78 -296 -254 -373 -370 -105 -158 -187 -355 -218 -521 l-12 -66 -59 -28 c-132 -61 -321 -203 -418 -314 -171 -197 -279 -412 -333 -664 -28 -133 -30 -375 -5 -517 110 -603 603 -1067 1212 -1139 247 -30 484 6 723 108 l112 48 0 -708 0 -709 150 0 150 0 0 709 0 708 113 -48 c238 -102 475 -138 722 -108 609 72 1102 536 1212 1139 25 142 23 384 -5 517 -54 252 -162 467 -333 664 -97 111 -286 253 -418 314 l-59 28 -12 66 c-18 97 -72 254 -119 351 -69 139 -148 248 -266 367 -207 207 -455 338 -733 389 -86 15 -329 27 -387 18z m301 -309 c221 -36 404 -122 570 -271 202 -180 322 -422 355 -718 l12 -105 71 -27 c165 -62 284 -135 398 -242 309 -291 421 -724 292 -1132 -171 -545 -754 -867 -1309 -725 -106 27 -289 110 -362 165 l-43 32 0 458 0 458 328 172 c180 95 330 175 335 179 9 9 -121 261 -135 261 -5 0 -124 -61 -266 -135 l-257 -135 -3 295 -2 295 -150 0 -150 0 0 -629 0 -629 -266 140 c-146 77 -267 138 -268 136 -2 -1 -34 -61 -71 -132 -43 -81 -64 -131 -57 -135 6 -3 157 -82 336 -176 l325 -170 1 -126 0 -127 -32 -24 c-162 -120 -375 -194 -593 -204 -504 -24 -958 301 -1099 787 -114 397 1 818 302 1101 114 107 233 180 398 242 l72 27 6 67 c18 184 55 314 130 459 210 406 678 642 1132 568z\"><\/path><\/g><\/svg>\t\t\t<\/div>\n\t\t<\/div>\n\t\t\t\t<\/div>\n\t\t\t\t<\/div>\n\t\t\t\t\t<\/div>\n\t\t<\/div>\n\t\t\t\t<div class=\"elementor-column elementor-col-50 elementor-top-column elementor-element elementor-element-30d0e3e\" data-id=\"30d0e3e\" data-element_type=\"column\">\n\t\t\t<div class=\"elementor-widget-wrap elementor-element-populated\">\n\t\t\t\t\t\t<div class=\"elementor-element elementor-element-ea02482 elementor-widget elementor-widget-heading\" data-id=\"ea02482\" data-element_type=\"widget\" data-widget_type=\"heading.default\">\n\t\t\t\t<div class=\"elementor-widget-container\">\n\t\t\t<style>\/*! elementor - v3.19.0 - 07-02-2024 *\/\n.elementor-heading-title{padding:0;margin:0;line-height:1}.elementor-widget-heading .elementor-heading-title[class*=elementor-size-]>a{color:inherit;font-size:inherit;line-height:inherit}.elementor-widget-heading .elementor-heading-title.elementor-size-small{font-size:15px}.elementor-widget-heading .elementor-heading-title.elementor-size-medium{font-size:19px}.elementor-widget-heading .elementor-heading-title.elementor-size-large{font-size:29px}.elementor-widget-heading .elementor-heading-title.elementor-size-xl{font-size:39px}.elementor-widget-heading .elementor-heading-title.elementor-size-xxl{font-size:59px}<\/style><h2 class=\"elementor-heading-title elementor-size-default\">LE MONDE DES FOR\u00caTS<\/h2>\t\t<\/div>\n\t\t\t\t<\/div>\n\t\t\t\t<div class=\"elementor-element elementor-element-afef187 wpr-post-info-align-left wpr-post-info-align-center elementor-widget elementor-widget-wpr-post-info\" data-id=\"afef187\" data-element_type=\"widget\" data-widget_type=\"wpr-post-info.default\">\n\t\t\t\t<div class=\"elementor-widget-container\">\n\t\t\t<ul class=\"wpr-post-info wpr-post-info-vertical\"><li class=\"wpr-post-info-taxonomy\"><span class=\"wpr-post-info-text\"><\/span><\/li><\/ul>\t\t<\/div>\n\t\t\t\t<\/div>\n\t\t\t\t\t<\/div>\n\t\t<\/div>\n\t\t\t\t\t<\/div>\n\t\t<\/section>\n\t\t\t\t<\/div>\n\t\t","protected":false},"excerpt":{"rendered":"<p>Bonjour et bienvenue au Domaine de Boisbuchet ! Veuillez choisir maintenant entre l&#8217;anglais et le fran\u00e7ais. Fran\u00e7ais English Veuillez laisser votre smartphone, votre acc\u00e8s \u00e0 l&#8217;internet et votre GPS allum\u00e9s et r\u00e9glez le volume de mani\u00e8re \u00e0 pouvoir suivre \u00e0 l&#8217;ext\u00e9rieur les introductions vocales des diff\u00e9rentes \u00e9tapes de ce sentier didactique &#8211; si vous pr\u00e9f\u00e9rez [&hellip;]<\/p>\n","protected":false},"author":2,"featured_media":0,"parent":0,"menu_order":0,"comment_status":"closed","ping_status":"closed","template":"elementor_header_footer","meta":{"inline_featured_image":false,"_uag_custom_page_level_css":"","footnotes":""},"class_list":["post-395","page","type-page","status-publish","hentry"],"uagb_featured_image_src":{"full":false,"thumbnail":false,"medium":false,"medium_large":false,"large":false,"1536x1536":false,"2048x2048":false},"uagb_author_info":{"display_name":"Laila","author_link":"https:\/\/www.boisbuchet.org\/expo\/index.php\/author\/laila\/"},"uagb_comment_info":0,"uagb_excerpt":"Bonjour et bienvenue au Domaine de Boisbuchet ! Veuillez choisir maintenant entre l&#8217;anglais et le fran\u00e7ais. Fran\u00e7ais English Veuillez laisser votre smartphone, votre acc\u00e8s \u00e0 l&#8217;internet et votre GPS allum\u00e9s et r\u00e9glez le volume de mani\u00e8re \u00e0 pouvoir suivre \u00e0 l&#8217;ext\u00e9rieur les introductions vocales des diff\u00e9rentes \u00e9tapes de ce sentier didactique &#8211; si vous pr\u00e9f\u00e9rez\u2026","_links":{"self":[{"href":"https:\/\/www.boisbuchet.org\/expo\/index.php\/wp-json\/wp\/v2\/pages\/395","targetHints":{"allow":["GET"]}}],"collection":[{"href":"https:\/\/www.boisbuchet.org\/expo\/index.php\/wp-json\/wp\/v2\/pages"}],"about":[{"href":"https:\/\/www.boisbuchet.org\/expo\/index.php\/wp-json\/wp\/v2\/types\/page"}],"author":[{"embeddable":true,"href":"https:\/\/www.boisbuchet.org\/expo\/index.php\/wp-json\/wp\/v2\/users\/2"}],"replies":[{"embeddable":true,"href":"https:\/\/www.boisbuchet.org\/expo\/index.php\/wp-json\/wp\/v2\/comments?post=395"}],"version-history":[{"count":52,"href":"https:\/\/www.boisbuchet.org\/expo\/index.php\/wp-json\/wp\/v2\/pages\/395\/revisions"}],"predecessor-version":[{"id":2506,"href":"https:\/\/www.boisbuchet.org\/expo\/index.php\/wp-json\/wp\/v2\/pages\/395\/revisions\/2506"}],"wp:attachment":[{"href":"https:\/\/www.boisbuchet.org\/expo\/index.php\/wp-json\/wp\/v2\/media?parent=395"}],"curies":[{"name":"wp","href":"https:\/\/api.w.org\/{rel}","templated":true}]}}