{"id":11969,"date":"2021-02-17T20:01:17","date_gmt":"2021-02-17T19:01:17","guid":{"rendered":"https:\/\/www.boisbuchet.org\/programme-de-residences\/anciens-residents\/residents-ulrich-schrauth\/"},"modified":"2021-02-17T20:01:20","modified_gmt":"2021-02-17T19:01:20","slug":"residents-ulrich-schrauth","status":"publish","type":"page","link":"https:\/\/www.boisbuchet.org\/fr\/programme-de-residences\/anciens-residents\/residents-ulrich-schrauth\/","title":{"rendered":"Residents &#8211; Ulrich Schrauth"},"content":{"rendered":"<div class=\"fusion-fullwidth fullwidth-box fusion-builder-row-1 nonhundred-percent-fullwidth non-hundred-percent-height-scrolling\" style=\"--awb-border-radius-top-left:0px;--awb-border-radius-top-right:0px;--awb-border-radius-bottom-right:0px;--awb-border-radius-bottom-left:0px;--awb-flex-wrap:wrap;\" ><div class=\"fusion-builder-row fusion-row\"><div class=\"fusion-layout-column fusion_builder_column fusion-builder-column-0 fusion_builder_column_1_1 1_1 fusion-one-full fusion-column-first fusion-column-last\" style=\"--awb-bg-size:cover;\"><div class=\"fusion-column-wrapper fusion-flex-column-wrapper-legacy\"><div class=\"fusion-title title fusion-title-1 fusion-sep-none fusion-title-center fusion-title-text fusion-title-size-three\" style=\"--awb-text-color:#999999;--awb-margin-top-small:0px;--awb-margin-right-small:0px;--awb-margin-bottom-small:20px;--awb-margin-left-small:0px;\"><h3 class=\"fusion-title-heading title-heading-center\" style=\"margin:0;\"><strong>BOISBUCHET PROGRAMME DE RETRAITES CR\u00c9ATIVES<\/strong><\/h3><\/div><div class=\"fusion-title title fusion-title-2 fusion-title-center fusion-title-text fusion-title-size-one\" style=\"--awb-text-color:#333333;--awb-margin-top-small:0px;--awb-margin-right-small:0px;--awb-margin-bottom-small:20px;--awb-margin-left-small:0px;\"><div class=\"title-sep-container title-sep-container-left\"><div class=\"title-sep sep-single sep-solid\" style=\"border-color:#e0dede;\"><\/div><\/div><span class=\"awb-title-spacer\"><\/span><h1 class=\"fusion-title-heading title-heading-center\" style=\"margin:0;letter-spacing:5px;\">ULRICH SCHRAUTH<\/h1><span class=\"awb-title-spacer\"><\/span><div class=\"title-sep-container title-sep-container-right\"><div class=\"title-sep sep-single sep-solid\" style=\"border-color:#e0dede;\"><\/div><\/div><\/div><div class=\"fusion-title title fusion-title-3 fusion-sep-none fusion-title-center fusion-title-text fusion-title-size-six\" style=\"--awb-text-color:#999999;--awb-margin-top-small:0px;--awb-margin-right-small:0px;--awb-margin-bottom-small:20px;--awb-margin-left-small:0px;\"><h6 class=\"fusion-title-heading title-heading-center\" style=\"margin:0;\">SAISON 2020<\/h6><\/div><div class=\"fusion-clearfix\"><\/div><\/div><\/div><\/div><\/div><div class=\"fusion-fullwidth fullwidth-box fusion-builder-row-2 nonhundred-percent-fullwidth non-hundred-percent-height-scrolling\" style=\"--awb-border-radius-top-left:0px;--awb-border-radius-top-right:0px;--awb-border-radius-bottom-right:0px;--awb-border-radius-bottom-left:0px;--awb-flex-wrap:wrap;\" ><div class=\"fusion-builder-row fusion-row\"><div class=\"fusion-layout-column fusion_builder_column fusion-builder-column-1 fusion_builder_column_1_1 1_1 fusion-one-full fusion-column-first fusion-column-last\" style=\"--awb-bg-size:cover;\"><div class=\"fusion-column-wrapper fusion-column-has-shadow fusion-flex-column-wrapper-legacy\"><div class=\"fusion-image-element in-legacy-container\" style=\"--awb-caption-title-font-family:var(--h2_typography-font-family);--awb-caption-title-font-weight:var(--h2_typography-font-weight);--awb-caption-title-font-style:var(--h2_typography-font-style);--awb-caption-title-size:var(--h2_typography-font-size);--awb-caption-title-transform:var(--h2_typography-text-transform);--awb-caption-title-line-height:var(--h2_typography-line-height);--awb-caption-title-letter-spacing:var(--h2_typography-letter-spacing);\"><span class=\" fusion-imageframe imageframe-none imageframe-1 hover-type-none\"><img decoding=\"async\" width=\"1920\" height=\"1080\" title=\"Residents-Ulrich_Schrauth_main\" src=\"https:\/\/www.boisbuchet.org\/wp-content\/uploads\/2021\/02\/Residents-Ulrich_Schrauth_main.jpg\" alt class=\"img-responsive wp-image-11806\" srcset=\"https:\/\/www.boisbuchet.org\/wp-content\/uploads\/2021\/02\/Residents-Ulrich_Schrauth_main-200x113.jpg 200w, https:\/\/www.boisbuchet.org\/wp-content\/uploads\/2021\/02\/Residents-Ulrich_Schrauth_main-400x225.jpg 400w, https:\/\/www.boisbuchet.org\/wp-content\/uploads\/2021\/02\/Residents-Ulrich_Schrauth_main-600x338.jpg 600w, https:\/\/www.boisbuchet.org\/wp-content\/uploads\/2021\/02\/Residents-Ulrich_Schrauth_main-800x450.jpg 800w, https:\/\/www.boisbuchet.org\/wp-content\/uploads\/2021\/02\/Residents-Ulrich_Schrauth_main-1200x675.jpg 1200w, https:\/\/www.boisbuchet.org\/wp-content\/uploads\/2021\/02\/Residents-Ulrich_Schrauth_main.jpg 1920w\" sizes=\"(max-width: 800px) 100vw, 1200px\" \/><\/span><\/div><div class=\"fusion-clearfix\"><\/div><\/div><\/div><\/div><\/div><div class=\"fusion-fullwidth fullwidth-box fusion-builder-row-3 nonhundred-percent-fullwidth non-hundred-percent-height-scrolling\" style=\"--awb-border-radius-top-left:0px;--awb-border-radius-top-right:0px;--awb-border-radius-bottom-right:0px;--awb-border-radius-bottom-left:0px;--awb-flex-wrap:wrap;\" ><div class=\"fusion-builder-row fusion-row\"><div class=\"fusion-layout-column fusion_builder_column fusion-builder-column-2 fusion_builder_column_1_1 1_1 fusion-one-full fusion-column-first fusion-column-last\" style=\"--awb-bg-size:cover;\"><div class=\"fusion-column-wrapper fusion-column-has-shadow fusion-flex-column-wrapper-legacy\"><div class=\"fusion-text fusion-text-1\"><p><span style=\"font-weight: 400;\">Originaire d&#8217;Allemagne, Ulrich est un directeur artistique et un programmateur, travaillant dans les domaines de l&#8217;art immersif, de la performance th\u00e9\u00e2trale et de la conception d&#8217;installations. Il travaille en \u00e9troite collaboration avec des festivals et des mus\u00e9es pour la conservation des espaces physiques et virtuels. Plus r\u00e9cemment, il a travaill\u00e9 comme directeur artistique pour le VRHAM ! Festival Virtual Reality &amp; Arts \u00e0 Hambourg, dans le cadre de la conservation d&#8217;espaces o\u00f9 les visiteurs peuvent faire l&#8217;exp\u00e9rience de l&#8217;art, ensemble, dans un mus\u00e9e virtuel. Dans le cadre de sa r\u00e9sidence d&#8217;une semaine \u00e0 Boisbuchet, il a travaill\u00e9 en tant que programmateur XR et immersif pour le processus de s\u00e9lection et la r\u00e9alisation d&#8217;une installation virtuelle pour le BFI London Film Festival, qui aura lieu en octobre. Pendant son s\u00e9jour, il a d\u00e9velopp\u00e9 le design de l&#8217;exposition et le programme artistique de la prochaine \u00e9dition du festival en utilisant les derni\u00e8res technologies de RV, ainsi que la conception et la construction de prototypes pour les installations qui seront expos\u00e9es dans le foyer du National Theatre \u00e0 Londres.<\/span><\/p>\n<\/div><div class=\"fusion-clearfix\"><\/div><\/div><\/div><\/div><\/div><div class=\"fusion-fullwidth fullwidth-box fusion-builder-row-4 nonhundred-percent-fullwidth non-hundred-percent-height-scrolling\" style=\"--awb-border-radius-top-left:0px;--awb-border-radius-top-right:0px;--awb-border-radius-bottom-right:0px;--awb-border-radius-bottom-left:0px;--awb-flex-wrap:wrap;\" ><div class=\"fusion-builder-row fusion-row\"><div class=\"fusion-layout-column fusion_builder_column fusion-builder-column-3 fusion_builder_column_1_3 1_3 fusion-one-third fusion-column-first\" style=\"--awb-bg-size:cover;width:33.333333333333%;width:calc(33.333333333333% - ( ( 4% + 4% ) * 0.33333333333333 ) );margin-right: 4%;\"><div class=\"fusion-column-wrapper fusion-column-has-shadow fusion-flex-column-wrapper-legacy\"><div class=\"fusion-image-element in-legacy-container\" style=\"--awb-caption-title-font-family:var(--h2_typography-font-family);--awb-caption-title-font-weight:var(--h2_typography-font-weight);--awb-caption-title-font-style:var(--h2_typography-font-style);--awb-caption-title-size:var(--h2_typography-font-size);--awb-caption-title-transform:var(--h2_typography-text-transform);--awb-caption-title-line-height:var(--h2_typography-line-height);--awb-caption-title-letter-spacing:var(--h2_typography-letter-spacing);\"><span class=\" fusion-imageframe imageframe-none imageframe-2 hover-type-none\"><img decoding=\"async\" width=\"724\" height=\"1140\" title=\"Residents-Ulrich_Schrauth_v1\" src=\"https:\/\/www.boisbuchet.org\/wp-content\/uploads\/2021\/02\/Residents-Ulrich_Schrauth_v1.jpg\" alt class=\"img-responsive wp-image-11804\" srcset=\"https:\/\/www.boisbuchet.org\/wp-content\/uploads\/2021\/02\/Residents-Ulrich_Schrauth_v1-200x315.jpg 200w, https:\/\/www.boisbuchet.org\/wp-content\/uploads\/2021\/02\/Residents-Ulrich_Schrauth_v1-400x630.jpg 400w, https:\/\/www.boisbuchet.org\/wp-content\/uploads\/2021\/02\/Residents-Ulrich_Schrauth_v1-600x945.jpg 600w, https:\/\/www.boisbuchet.org\/wp-content\/uploads\/2021\/02\/Residents-Ulrich_Schrauth_v1.jpg 724w\" sizes=\"(max-width: 800px) 100vw, 400px\" \/><\/span><\/div><div class=\"fusion-clearfix\"><\/div><\/div><\/div><div class=\"fusion-layout-column fusion_builder_column fusion-builder-column-4 fusion_builder_column_1_3 1_3 fusion-one-third\" style=\"--awb-bg-size:cover;width:33.333333333333%;width:calc(33.333333333333% - ( ( 4% + 4% ) * 0.33333333333333 ) );margin-right: 4%;\"><div class=\"fusion-column-wrapper fusion-column-has-shadow fusion-flex-column-wrapper-legacy\"><div class=\"fusion-image-element in-legacy-container\" style=\"--awb-caption-title-font-family:var(--h2_typography-font-family);--awb-caption-title-font-weight:var(--h2_typography-font-weight);--awb-caption-title-font-style:var(--h2_typography-font-style);--awb-caption-title-size:var(--h2_typography-font-size);--awb-caption-title-transform:var(--h2_typography-text-transform);--awb-caption-title-line-height:var(--h2_typography-line-height);--awb-caption-title-letter-spacing:var(--h2_typography-letter-spacing);\"><span class=\" fusion-imageframe imageframe-none imageframe-3 hover-type-none\"><img decoding=\"async\" width=\"724\" height=\"1140\" title=\"Residents-Ulrich_Schrauth_v3\" src=\"https:\/\/www.boisbuchet.org\/wp-content\/uploads\/2021\/02\/Residents-Ulrich_Schrauth_v3.jpg\" alt class=\"img-responsive wp-image-11800\" srcset=\"https:\/\/www.boisbuchet.org\/wp-content\/uploads\/2021\/02\/Residents-Ulrich_Schrauth_v3-200x315.jpg 200w, https:\/\/www.boisbuchet.org\/wp-content\/uploads\/2021\/02\/Residents-Ulrich_Schrauth_v3-400x630.jpg 400w, https:\/\/www.boisbuchet.org\/wp-content\/uploads\/2021\/02\/Residents-Ulrich_Schrauth_v3-600x945.jpg 600w, https:\/\/www.boisbuchet.org\/wp-content\/uploads\/2021\/02\/Residents-Ulrich_Schrauth_v3.jpg 724w\" sizes=\"(max-width: 800px) 100vw, 400px\" \/><\/span><\/div><div class=\"fusion-clearfix\"><\/div><\/div><\/div><div class=\"fusion-layout-column fusion_builder_column fusion-builder-column-5 fusion_builder_column_1_3 1_3 fusion-one-third fusion-column-last\" style=\"--awb-bg-size:cover;width:33.333333333333%;width:calc(33.333333333333% - ( ( 4% + 4% ) * 0.33333333333333 ) );\"><div class=\"fusion-column-wrapper fusion-column-has-shadow fusion-flex-column-wrapper-legacy\"><div class=\"fusion-image-element in-legacy-container\" style=\"--awb-caption-title-font-family:var(--h2_typography-font-family);--awb-caption-title-font-weight:var(--h2_typography-font-weight);--awb-caption-title-font-style:var(--h2_typography-font-style);--awb-caption-title-size:var(--h2_typography-font-size);--awb-caption-title-transform:var(--h2_typography-text-transform);--awb-caption-title-line-height:var(--h2_typography-line-height);--awb-caption-title-letter-spacing:var(--h2_typography-letter-spacing);\"><span class=\" fusion-imageframe imageframe-none imageframe-4 hover-type-none\"><img decoding=\"async\" width=\"724\" height=\"1140\" title=\"Residents-Ulrich_Schrauth_v2\" src=\"https:\/\/www.boisbuchet.org\/wp-content\/uploads\/2021\/02\/Residents-Ulrich_Schrauth_v2.jpg\" alt class=\"img-responsive wp-image-11802\" srcset=\"https:\/\/www.boisbuchet.org\/wp-content\/uploads\/2021\/02\/Residents-Ulrich_Schrauth_v2-200x315.jpg 200w, https:\/\/www.boisbuchet.org\/wp-content\/uploads\/2021\/02\/Residents-Ulrich_Schrauth_v2-400x630.jpg 400w, https:\/\/www.boisbuchet.org\/wp-content\/uploads\/2021\/02\/Residents-Ulrich_Schrauth_v2-600x945.jpg 600w, https:\/\/www.boisbuchet.org\/wp-content\/uploads\/2021\/02\/Residents-Ulrich_Schrauth_v2.jpg 724w\" sizes=\"(max-width: 800px) 100vw, 400px\" \/><\/span><\/div><div class=\"fusion-clearfix\"><\/div><\/div><\/div><\/div><\/div><div class=\"fusion-fullwidth fullwidth-box fusion-builder-row-5 nonhundred-percent-fullwidth non-hundred-percent-height-scrolling\" style=\"--awb-border-radius-top-left:0px;--awb-border-radius-top-right:0px;--awb-border-radius-bottom-right:0px;--awb-border-radius-bottom-left:0px;--awb-flex-wrap:wrap;\" ><div class=\"fusion-builder-row fusion-row\"><div class=\"fusion-layout-column fusion_builder_column fusion-builder-column-6 fusion_builder_column_1_1 1_1 fusion-one-full fusion-column-first fusion-column-last\" style=\"--awb-bg-size:cover;\"><div class=\"fusion-column-wrapper fusion-column-has-shadow fusion-flex-column-wrapper-legacy\"><div class=\"fusion-testimonials clean awb-speech-bubble-show fusion-testimonials-1\" style=\"--awb-textcolor:#747474;--awb-backgroundcolor:#ffffff;--awb-testimonial-border-style:solid;--awb-testimonial-border-color:var(--awb-color3);--awb-border-top-left-radius:0px;--awb-border-top-right-radius:0px;--awb-border-bottom-left-radius:0px;--awb-border-bottom-right-radius:0px;--testimonial-border-width-top:0px;--testimonial-border-width-right:0px;--testimonial-border-width-bottom:0px;--testimonial-border-width-left:0px;\" data-random=\"0\" data-speed=\"4000\"><div class=\"reviews\"><div class=\"review active-testimonial avatar-above no-avatar\"><blockquote class=\"testimonials-shortcode-blockquote\"><div class=\"awb-quote\"><div class=\"awb-quote-content\">\n<p><span style=\"font-weight: 400;\">&#8220;Boisbuchet m&#8217;a permis de contextualiser les pi\u00e8ces que je souhaite pr\u00e9senter afin d&#8217;en d\u00e9gager les significations inh\u00e9rentes.&#8221;<\/span><\/p>\n<\/div><\/div><\/blockquote><div class=\"author\"><span class=\"company-name\"><\/span><\/div><\/div><\/div><\/div><div class=\"fusion-clearfix\"><\/div><\/div><\/div><\/div><\/div><div class=\"fusion-fullwidth fullwidth-box fusion-builder-row-6 nonhundred-percent-fullwidth non-hundred-percent-height-scrolling\" style=\"--awb-border-radius-top-left:0px;--awb-border-radius-top-right:0px;--awb-border-radius-bottom-right:0px;--awb-border-radius-bottom-left:0px;--awb-flex-wrap:wrap;\" ><div class=\"fusion-builder-row fusion-row\"><div class=\"fusion-layout-column fusion_builder_column fusion-builder-column-7 fusion_builder_column_1_1 1_1 fusion-one-full fusion-column-first fusion-column-last\" style=\"--awb-bg-size:cover;\"><div class=\"fusion-column-wrapper fusion-column-has-shadow fusion-flex-column-wrapper-legacy\"><div class=\"fusion-text fusion-text-2\"><p><span style=\"font-weight: 400;\">C&#8217;est la deuxi\u00e8me fois qu&#8217;Ulrich se rend \u00e0 Boisbuchet. Auparavant, il avait particip\u00e9 \u00e0 l&#8217;atelier de Francisco Gomez Paz en 2019 intitul\u00e9 &#8220;La beaut\u00e9 dans le processus&#8221;. En parlant du contraste entre les mondes virtuels dont il s\u2019occupe et l\u2019environnement naturel et architectural de Boisbuchet, Ulrich explique que l&#8217;art de la r\u00e9alit\u00e9 virtuelle est enti\u00e8rement li\u00e9 \u00e0 l&#8217;espace, et que la disposition de Boisbuchet lui a permis de contextualiser les pi\u00e8ces qu&#8217;il souhaite pr\u00e9senter afin d&#8217;en d\u00e9gager les significations inh\u00e9rentes. Il explique que l&#8217;environnement haptique de Boisbuchet lui a inspir\u00e9 une image diff\u00e9rente de ce qu&#8217;il veut programmer. Pour Ulrich, voir et exp\u00e9rimenter l&#8217;art devrait \u00eatre une exp\u00e9rience sociale, que ce soit \u00e0 travers la r\u00e9alit\u00e9 virtuelle ou dans un environnement physique naturel comme celui de Boisbuchet &#8211; ou peut-\u00eatre les deux.<\/span><\/p>\n<\/div><div class=\"fusion-clearfix\"><\/div><\/div><\/div><\/div><\/div><div class=\"fusion-fullwidth fullwidth-box fusion-builder-row-7 nonhundred-percent-fullwidth non-hundred-percent-height-scrolling\" style=\"--awb-border-radius-top-left:0px;--awb-border-radius-top-right:0px;--awb-border-radius-bottom-right:0px;--awb-border-radius-bottom-left:0px;--awb-flex-wrap:wrap;\" ><div class=\"fusion-builder-row fusion-row\"><div class=\"fusion-layout-column fusion_builder_column fusion-builder-column-8 fusion_builder_column_1_1 1_1 fusion-one-full fusion-column-first fusion-column-last\" style=\"--awb-bg-size:cover;\"><div class=\"fusion-column-wrapper fusion-column-has-shadow fusion-flex-column-wrapper-legacy\"><div class=\"fusion-text fusion-text-3\">\n<\/div><div class=\"fusion-clearfix\"><\/div><\/div><\/div><\/div><\/div>\n","protected":false},"excerpt":{"rendered":"","protected":false},"author":707,"featured_media":0,"parent":11966,"menu_order":0,"comment_status":"closed","ping_status":"closed","template":"","meta":{"_monsterinsights_skip_tracking":false,"_monsterinsights_sitenote_active":false,"_monsterinsights_sitenote_note":"","_monsterinsights_sitenote_category":0,"footnotes":""},"class_list":["post-11969","page","type-page","status-publish","hentry"],"yoast_head":"<!-- This site is optimized with the Yoast SEO plugin v27.1.1 - https:\/\/yoast.com\/product\/yoast-seo-wordpress\/ -->\n<title>Residents - Ulrich Schrauth | Domaine de Boisbuchet<\/title>\n<meta name=\"robots\" content=\"index, follow, max-snippet:-1, max-image-preview:large, max-video-preview:-1\" \/>\n<link rel=\"canonical\" href=\"https:\/\/www.boisbuchet.org\/fr\/programme-de-residences\/anciens-residents\/residents-ulrich-schrauth\/\" \/>\n<meta property=\"og:locale\" content=\"fr_FR\" \/>\n<meta property=\"og:type\" content=\"article\" \/>\n<meta property=\"og:title\" content=\"Residents - Ulrich Schrauth | Domaine de Boisbuchet\" \/>\n<meta property=\"og:url\" content=\"https:\/\/www.boisbuchet.org\/fr\/programme-de-residences\/anciens-residents\/residents-ulrich-schrauth\/\" \/>\n<meta property=\"og:site_name\" content=\"Domaine de Boisbuchet\" \/>\n<meta property=\"article:publisher\" content=\"https:\/\/www.facebook.com\/boisbuchet\" \/>\n<meta property=\"article:modified_time\" content=\"2021-02-17T19:01:20+00:00\" \/>\n<meta name=\"twitter:card\" content=\"summary_large_image\" \/>\n<meta name=\"twitter:site\" content=\"@boisbuchet\" \/>\n<meta name=\"twitter:label1\" content=\"Dur\u00e9e de lecture estim\u00e9e\" \/>\n\t<meta name=\"twitter:data1\" content=\"21 minutes\" \/>\n<script type=\"application\/ld+json\" class=\"yoast-schema-graph\">{\"@context\":\"https:\/\/schema.org\",\"@graph\":[{\"@type\":\"WebPage\",\"@id\":\"https:\/\/www.boisbuchet.org\/fr\/programme-de-residences\/anciens-residents\/residents-ulrich-schrauth\/\",\"url\":\"https:\/\/www.boisbuchet.org\/fr\/programme-de-residences\/anciens-residents\/residents-ulrich-schrauth\/\",\"name\":\"Residents - Ulrich Schrauth | Domaine de Boisbuchet\",\"isPartOf\":{\"@id\":\"https:\/\/www.boisbuchet.org\/#website\"},\"datePublished\":\"2021-02-17T19:01:17+00:00\",\"dateModified\":\"2021-02-17T19:01:20+00:00\",\"breadcrumb\":{\"@id\":\"https:\/\/www.boisbuchet.org\/fr\/programme-de-residences\/anciens-residents\/residents-ulrich-schrauth\/#breadcrumb\"},\"inLanguage\":\"fr-FR\",\"potentialAction\":[{\"@type\":\"ReadAction\",\"target\":[\"https:\/\/www.boisbuchet.org\/fr\/programme-de-residences\/anciens-residents\/residents-ulrich-schrauth\/\"]}]},{\"@type\":\"BreadcrumbList\",\"@id\":\"https:\/\/www.boisbuchet.org\/fr\/programme-de-residences\/anciens-residents\/residents-ulrich-schrauth\/#breadcrumb\",\"itemListElement\":[{\"@type\":\"ListItem\",\"position\":1,\"name\":\"Home\",\"item\":\"https:\/\/www.boisbuchet.org\/fr\/\"},{\"@type\":\"ListItem\",\"position\":2,\"name\":\"Programme de r\u00e9sidences\",\"item\":\"https:\/\/www.boisbuchet.org\/residency-programme\/\"},{\"@type\":\"ListItem\",\"position\":3,\"name\":\"ANCIENS R\u00c9SIDENTS\",\"item\":\"https:\/\/www.boisbuchet.org\/fr\/programme-de-residences\/anciens-residents\/\"},{\"@type\":\"ListItem\",\"position\":4,\"name\":\"Residents &#8211; Ulrich Schrauth\"}]},{\"@type\":\"WebSite\",\"@id\":\"https:\/\/www.boisbuchet.org\/#website\",\"url\":\"https:\/\/www.boisbuchet.org\/\",\"name\":\"Domaine de Boisbuchet\",\"description\":\"Summer Workshops | Park | Event\u00a0Location\",\"publisher\":{\"@id\":\"https:\/\/www.boisbuchet.org\/#organization\"},\"potentialAction\":[{\"@type\":\"SearchAction\",\"target\":{\"@type\":\"EntryPoint\",\"urlTemplate\":\"https:\/\/www.boisbuchet.org\/?s={search_term_string}\"},\"query-input\":{\"@type\":\"PropertyValueSpecification\",\"valueRequired\":true,\"valueName\":\"search_term_string\"}}],\"inLanguage\":\"fr-FR\"},{\"@type\":\"Organization\",\"@id\":\"https:\/\/www.boisbuchet.org\/#organization\",\"name\":\"Domine de Boisbuchet\",\"url\":\"https:\/\/www.boisbuchet.org\/\",\"logo\":{\"@type\":\"ImageObject\",\"inLanguage\":\"fr-FR\",\"@id\":\"https:\/\/www.boisbuchet.org\/#\/schema\/logo\/image\/\",\"url\":\"https:\/\/www.boisbuchet.org\/wp-content\/uploads\/2019\/01\/logo_boisbuchet_black.png\",\"contentUrl\":\"https:\/\/www.boisbuchet.org\/wp-content\/uploads\/2019\/01\/logo_boisbuchet_black.png\",\"width\":200,\"height\":73,\"caption\":\"Domine de Boisbuchet\"},\"image\":{\"@id\":\"https:\/\/www.boisbuchet.org\/#\/schema\/logo\/image\/\"},\"sameAs\":[\"https:\/\/www.facebook.com\/boisbuchet\",\"https:\/\/x.com\/boisbuchet\",\"https:\/\/www.instagram.com\/boisbuchet\",\"https:\/\/www.linkedin.com\/company\/domaine-de-boisbuchet\",\"https:\/\/www.pinterest.com\/boisbuchet\"]}]}<\/script>\n<!-- \/ Yoast SEO plugin. -->","yoast_head_json":{"title":"Residents - Ulrich Schrauth | Domaine de Boisbuchet","robots":{"index":"index","follow":"follow","max-snippet":"max-snippet:-1","max-image-preview":"max-image-preview:large","max-video-preview":"max-video-preview:-1"},"canonical":"https:\/\/www.boisbuchet.org\/fr\/programme-de-residences\/anciens-residents\/residents-ulrich-schrauth\/","og_locale":"fr_FR","og_type":"article","og_title":"Residents - Ulrich Schrauth | Domaine de Boisbuchet","og_url":"https:\/\/www.boisbuchet.org\/fr\/programme-de-residences\/anciens-residents\/residents-ulrich-schrauth\/","og_site_name":"Domaine de Boisbuchet","article_publisher":"https:\/\/www.facebook.com\/boisbuchet","article_modified_time":"2021-02-17T19:01:20+00:00","twitter_card":"summary_large_image","twitter_site":"@boisbuchet","twitter_misc":{"Dur\u00e9e de lecture estim\u00e9e":"21 minutes"},"schema":{"@context":"https:\/\/schema.org","@graph":[{"@type":"WebPage","@id":"https:\/\/www.boisbuchet.org\/fr\/programme-de-residences\/anciens-residents\/residents-ulrich-schrauth\/","url":"https:\/\/www.boisbuchet.org\/fr\/programme-de-residences\/anciens-residents\/residents-ulrich-schrauth\/","name":"Residents - Ulrich Schrauth | Domaine de Boisbuchet","isPartOf":{"@id":"https:\/\/www.boisbuchet.org\/#website"},"datePublished":"2021-02-17T19:01:17+00:00","dateModified":"2021-02-17T19:01:20+00:00","breadcrumb":{"@id":"https:\/\/www.boisbuchet.org\/fr\/programme-de-residences\/anciens-residents\/residents-ulrich-schrauth\/#breadcrumb"},"inLanguage":"fr-FR","potentialAction":[{"@type":"ReadAction","target":["https:\/\/www.boisbuchet.org\/fr\/programme-de-residences\/anciens-residents\/residents-ulrich-schrauth\/"]}]},{"@type":"BreadcrumbList","@id":"https:\/\/www.boisbuchet.org\/fr\/programme-de-residences\/anciens-residents\/residents-ulrich-schrauth\/#breadcrumb","itemListElement":[{"@type":"ListItem","position":1,"name":"Home","item":"https:\/\/www.boisbuchet.org\/fr\/"},{"@type":"ListItem","position":2,"name":"Programme de r\u00e9sidences","item":"https:\/\/www.boisbuchet.org\/residency-programme\/"},{"@type":"ListItem","position":3,"name":"ANCIENS R\u00c9SIDENTS","item":"https:\/\/www.boisbuchet.org\/fr\/programme-de-residences\/anciens-residents\/"},{"@type":"ListItem","position":4,"name":"Residents &#8211; Ulrich Schrauth"}]},{"@type":"WebSite","@id":"https:\/\/www.boisbuchet.org\/#website","url":"https:\/\/www.boisbuchet.org\/","name":"Domaine de Boisbuchet","description":"Summer Workshops | Park | Event\u00a0Location","publisher":{"@id":"https:\/\/www.boisbuchet.org\/#organization"},"potentialAction":[{"@type":"SearchAction","target":{"@type":"EntryPoint","urlTemplate":"https:\/\/www.boisbuchet.org\/?s={search_term_string}"},"query-input":{"@type":"PropertyValueSpecification","valueRequired":true,"valueName":"search_term_string"}}],"inLanguage":"fr-FR"},{"@type":"Organization","@id":"https:\/\/www.boisbuchet.org\/#organization","name":"Domine de Boisbuchet","url":"https:\/\/www.boisbuchet.org\/","logo":{"@type":"ImageObject","inLanguage":"fr-FR","@id":"https:\/\/www.boisbuchet.org\/#\/schema\/logo\/image\/","url":"https:\/\/www.boisbuchet.org\/wp-content\/uploads\/2019\/01\/logo_boisbuchet_black.png","contentUrl":"https:\/\/www.boisbuchet.org\/wp-content\/uploads\/2019\/01\/logo_boisbuchet_black.png","width":200,"height":73,"caption":"Domine de Boisbuchet"},"image":{"@id":"https:\/\/www.boisbuchet.org\/#\/schema\/logo\/image\/"},"sameAs":["https:\/\/www.facebook.com\/boisbuchet","https:\/\/x.com\/boisbuchet","https:\/\/www.instagram.com\/boisbuchet","https:\/\/www.linkedin.com\/company\/domaine-de-boisbuchet","https:\/\/www.pinterest.com\/boisbuchet"]}]}},"_links":{"self":[{"href":"https:\/\/www.boisbuchet.org\/fr\/wp-json\/wp\/v2\/pages\/11969","targetHints":{"allow":["GET"]}}],"collection":[{"href":"https:\/\/www.boisbuchet.org\/fr\/wp-json\/wp\/v2\/pages"}],"about":[{"href":"https:\/\/www.boisbuchet.org\/fr\/wp-json\/wp\/v2\/types\/page"}],"author":[{"embeddable":true,"href":"https:\/\/www.boisbuchet.org\/fr\/wp-json\/wp\/v2\/users\/707"}],"replies":[{"embeddable":true,"href":"https:\/\/www.boisbuchet.org\/fr\/wp-json\/wp\/v2\/comments?post=11969"}],"version-history":[{"count":2,"href":"https:\/\/www.boisbuchet.org\/fr\/wp-json\/wp\/v2\/pages\/11969\/revisions"}],"predecessor-version":[{"id":11971,"href":"https:\/\/www.boisbuchet.org\/fr\/wp-json\/wp\/v2\/pages\/11969\/revisions\/11971"}],"up":[{"embeddable":true,"href":"https:\/\/www.boisbuchet.org\/fr\/wp-json\/wp\/v2\/pages\/11966"}],"wp:attachment":[{"href":"https:\/\/www.boisbuchet.org\/fr\/wp-json\/wp\/v2\/media?parent=11969"}],"curies":[{"name":"wp","href":"https:\/\/api.w.org\/{rel}","templated":true}]}}