{"id":11987,"date":"2021-02-17T20:39:07","date_gmt":"2021-02-17T19:39:07","guid":{"rendered":"https:\/\/www.boisbuchet.org\/programme-de-residences\/anciens-residents\/residents-yana-yanakieva\/"},"modified":"2021-02-17T20:39:09","modified_gmt":"2021-02-17T19:39:09","slug":"residents-yana-yanakieva","status":"publish","type":"page","link":"https:\/\/www.boisbuchet.org\/fr\/programme-de-residences\/anciens-residents\/residents-yana-yanakieva\/","title":{"rendered":"Residents &#8211; Yana Yanakieva"},"content":{"rendered":"<div class=\"fusion-fullwidth fullwidth-box fusion-builder-row-1 nonhundred-percent-fullwidth non-hundred-percent-height-scrolling\" style=\"--awb-border-radius-top-left:0px;--awb-border-radius-top-right:0px;--awb-border-radius-bottom-right:0px;--awb-border-radius-bottom-left:0px;--awb-flex-wrap:wrap;\" ><div class=\"fusion-builder-row fusion-row\"><div class=\"fusion-layout-column fusion_builder_column fusion-builder-column-0 fusion_builder_column_1_1 1_1 fusion-one-full fusion-column-first fusion-column-last\" style=\"--awb-bg-size:cover;\"><div class=\"fusion-column-wrapper fusion-flex-column-wrapper-legacy\"><div class=\"fusion-title title fusion-title-1 fusion-sep-none fusion-title-center fusion-title-text fusion-title-size-three\" style=\"--awb-text-color:#999999;--awb-margin-top-small:0px;--awb-margin-right-small:0px;--awb-margin-bottom-small:20px;--awb-margin-left-small:0px;\"><h3 class=\"fusion-title-heading title-heading-center\" style=\"margin:0;\"><strong>BOISBUCHET PROGRAMME DE RETRAITES CR\u00c9ATIVES<\/strong><\/h3><\/div><div class=\"fusion-title title fusion-title-2 fusion-title-center fusion-title-text fusion-title-size-one\" style=\"--awb-text-color:#333333;--awb-margin-top-small:0px;--awb-margin-right-small:0px;--awb-margin-bottom-small:20px;--awb-margin-left-small:0px;\"><div class=\"title-sep-container title-sep-container-left\"><div class=\"title-sep sep-single sep-solid\" style=\"border-color:#e0dede;\"><\/div><\/div><span class=\"awb-title-spacer\"><\/span><h1 class=\"fusion-title-heading title-heading-center\" style=\"margin:0;letter-spacing:5px;\">YANA YANAKIEVA<\/h1><span class=\"awb-title-spacer\"><\/span><div class=\"title-sep-container title-sep-container-right\"><div class=\"title-sep sep-single sep-solid\" style=\"border-color:#e0dede;\"><\/div><\/div><\/div><div class=\"fusion-title title fusion-title-3 fusion-sep-none fusion-title-center fusion-title-text fusion-title-size-six\" style=\"--awb-text-color:#999999;--awb-margin-top-small:0px;--awb-margin-right-small:0px;--awb-margin-bottom-small:20px;--awb-margin-left-small:0px;\"><h6 class=\"fusion-title-heading title-heading-center\" style=\"margin:0;\">SAISON 2020<\/h6><\/div><div class=\"fusion-clearfix\"><\/div><\/div><\/div><\/div><\/div><div class=\"fusion-fullwidth fullwidth-box fusion-builder-row-2 nonhundred-percent-fullwidth non-hundred-percent-height-scrolling\" style=\"--awb-border-radius-top-left:0px;--awb-border-radius-top-right:0px;--awb-border-radius-bottom-right:0px;--awb-border-radius-bottom-left:0px;--awb-flex-wrap:wrap;\" ><div class=\"fusion-builder-row fusion-row\"><div class=\"fusion-layout-column fusion_builder_column fusion-builder-column-1 fusion_builder_column_1_1 1_1 fusion-one-full fusion-column-first fusion-column-last\" style=\"--awb-bg-size:cover;\"><div class=\"fusion-column-wrapper fusion-column-has-shadow fusion-flex-column-wrapper-legacy\"><div class=\"fusion-image-element in-legacy-container\" style=\"--awb-caption-title-font-family:var(--h2_typography-font-family);--awb-caption-title-font-weight:var(--h2_typography-font-weight);--awb-caption-title-font-style:var(--h2_typography-font-style);--awb-caption-title-size:var(--h2_typography-font-size);--awb-caption-title-transform:var(--h2_typography-text-transform);--awb-caption-title-line-height:var(--h2_typography-line-height);--awb-caption-title-letter-spacing:var(--h2_typography-letter-spacing);\"><span class=\" fusion-imageframe imageframe-none imageframe-1 hover-type-none\"><img decoding=\"async\" width=\"1920\" height=\"1080\" title=\"Residents-Yana_Yanakieva_main\" src=\"https:\/\/www.boisbuchet.org\/wp-content\/uploads\/2021\/02\/Residents-Yana_Yanakieva_main.jpg\" alt class=\"img-responsive wp-image-11765\" srcset=\"https:\/\/www.boisbuchet.org\/wp-content\/uploads\/2021\/02\/Residents-Yana_Yanakieva_main-200x113.jpg 200w, https:\/\/www.boisbuchet.org\/wp-content\/uploads\/2021\/02\/Residents-Yana_Yanakieva_main-400x225.jpg 400w, https:\/\/www.boisbuchet.org\/wp-content\/uploads\/2021\/02\/Residents-Yana_Yanakieva_main-600x338.jpg 600w, https:\/\/www.boisbuchet.org\/wp-content\/uploads\/2021\/02\/Residents-Yana_Yanakieva_main-800x450.jpg 800w, https:\/\/www.boisbuchet.org\/wp-content\/uploads\/2021\/02\/Residents-Yana_Yanakieva_main-1200x675.jpg 1200w, https:\/\/www.boisbuchet.org\/wp-content\/uploads\/2021\/02\/Residents-Yana_Yanakieva_main.jpg 1920w\" sizes=\"(max-width: 800px) 100vw, 1200px\" \/><\/span><\/div><div class=\"fusion-clearfix\"><\/div><\/div><\/div><\/div><\/div><div class=\"fusion-fullwidth fullwidth-box fusion-builder-row-3 nonhundred-percent-fullwidth non-hundred-percent-height-scrolling\" style=\"--awb-border-radius-top-left:0px;--awb-border-radius-top-right:0px;--awb-border-radius-bottom-right:0px;--awb-border-radius-bottom-left:0px;--awb-flex-wrap:wrap;\" ><div class=\"fusion-builder-row fusion-row\"><div class=\"fusion-layout-column fusion_builder_column fusion-builder-column-2 fusion_builder_column_1_1 1_1 fusion-one-full fusion-column-first fusion-column-last\" style=\"--awb-bg-size:cover;\"><div class=\"fusion-column-wrapper fusion-column-has-shadow fusion-flex-column-wrapper-legacy\"><div class=\"fusion-text fusion-text-1\"><p><span style=\"font-weight: 400;\">Yana Yanakieva est une experte internationale du vin, situ\u00e9e \u00e0 Bordeaux, en France, avec 15 ans d&#8217;exp\u00e9rience dans l&#8217;industrie viticole fran\u00e7aise. Elle a \u00e9tudi\u00e9 l&#8217;unit\u00e9 commerciale sp\u00e9cialis\u00e9e Vins &amp; Spiritueux \u00e0 l&#8217;IPC Bordeaux. Sa soci\u00e9t\u00e9, Wine Fluently, organise des circuits viticoles de luxe dans les vignobles et les ch\u00e2teaux des terroirs de France, et de Bordeaux en particulier, en explorant l&#8217;histoire, la gastronomie et l&#8217;art du bon vin. Elle a travaill\u00e9 au Ch\u00e2teau La Gaffeli\u00e8re \u00e0 Saint-Emilion et au Ch\u00e2teau Pichon-Longueville \u00e0 Pauillac. Yana est \u00e9galement une artiste accomplie, ayant tout r\u00e9cemment particip\u00e9 \u00e0 une exposition de groupe au Ch\u00e2teau de Rayne-Vigneau \u00e0 Sauternes. Depuis qu&#8217;elle a travaill\u00e9 comme responsable du marketing et de la communication au Ch\u00e2teau Mary France Wine en Chine en 2012, son travail a \u00e9t\u00e9 particuli\u00e8rement influenc\u00e9 par l&#8217;Asie centrale et orientale. Sa pratique artistique cherche \u00e0 explorer de nouvelles fa\u00e7ons de relier la nature et la gastronomie. Pour Yana, la cr\u00e9ativit\u00e9 fait partie int\u00e9grante de sa vie quotidienne puisqu&#8217;elle s&#8217;exprime dans tout ce qu&#8217;elle fait.<\/span><\/p>\n<\/div><div class=\"fusion-clearfix\"><\/div><\/div><\/div><\/div><\/div><div class=\"fusion-fullwidth fullwidth-box fusion-builder-row-4 nonhundred-percent-fullwidth non-hundred-percent-height-scrolling\" style=\"--awb-border-radius-top-left:0px;--awb-border-radius-top-right:0px;--awb-border-radius-bottom-right:0px;--awb-border-radius-bottom-left:0px;--awb-flex-wrap:wrap;\" ><div class=\"fusion-builder-row fusion-row\"><div class=\"fusion-layout-column fusion_builder_column fusion-builder-column-3 fusion_builder_column_1_3 1_3 fusion-one-third fusion-column-first\" style=\"--awb-bg-size:cover;width:33.333333333333%;width:calc(33.333333333333% - ( ( 4% + 4% ) * 0.33333333333333 ) );margin-right: 4%;\"><div class=\"fusion-column-wrapper fusion-column-has-shadow fusion-flex-column-wrapper-legacy\"><div class=\"fusion-image-element in-legacy-container\" style=\"--awb-caption-title-font-family:var(--h2_typography-font-family);--awb-caption-title-font-weight:var(--h2_typography-font-weight);--awb-caption-title-font-style:var(--h2_typography-font-style);--awb-caption-title-size:var(--h2_typography-font-size);--awb-caption-title-transform:var(--h2_typography-text-transform);--awb-caption-title-line-height:var(--h2_typography-line-height);--awb-caption-title-letter-spacing:var(--h2_typography-letter-spacing);\"><span class=\" fusion-imageframe imageframe-none imageframe-2 hover-type-none\"><img decoding=\"async\" width=\"724\" height=\"542\" title=\"Residents-Yana_Yanakieva_h2\" src=\"https:\/\/www.boisbuchet.org\/wp-content\/uploads\/2021\/02\/Residents-Yana_Yanakieva_h2.jpg\" alt class=\"img-responsive wp-image-11761\" srcset=\"https:\/\/www.boisbuchet.org\/wp-content\/uploads\/2021\/02\/Residents-Yana_Yanakieva_h2-200x150.jpg 200w, https:\/\/www.boisbuchet.org\/wp-content\/uploads\/2021\/02\/Residents-Yana_Yanakieva_h2-400x299.jpg 400w, https:\/\/www.boisbuchet.org\/wp-content\/uploads\/2021\/02\/Residents-Yana_Yanakieva_h2-600x449.jpg 600w, https:\/\/www.boisbuchet.org\/wp-content\/uploads\/2021\/02\/Residents-Yana_Yanakieva_h2.jpg 724w\" sizes=\"(max-width: 800px) 100vw, 400px\" \/><\/span><\/div><div class=\"fusion-clearfix\"><\/div><\/div><\/div><div class=\"fusion-layout-column fusion_builder_column fusion-builder-column-4 fusion_builder_column_1_3 1_3 fusion-one-third\" style=\"--awb-bg-size:cover;width:33.333333333333%;width:calc(33.333333333333% - ( ( 4% + 4% ) * 0.33333333333333 ) );margin-right: 4%;\"><div class=\"fusion-column-wrapper fusion-column-has-shadow fusion-flex-column-wrapper-legacy\"><div class=\"fusion-image-element in-legacy-container\" style=\"--awb-caption-title-font-family:var(--h2_typography-font-family);--awb-caption-title-font-weight:var(--h2_typography-font-weight);--awb-caption-title-font-style:var(--h2_typography-font-style);--awb-caption-title-size:var(--h2_typography-font-size);--awb-caption-title-transform:var(--h2_typography-text-transform);--awb-caption-title-line-height:var(--h2_typography-line-height);--awb-caption-title-letter-spacing:var(--h2_typography-letter-spacing);\"><span class=\" fusion-imageframe imageframe-none imageframe-3 hover-type-none\"><img decoding=\"async\" width=\"724\" height=\"542\" title=\"Residents-Yana_Yanakieva_h3\" src=\"https:\/\/www.boisbuchet.org\/wp-content\/uploads\/2021\/02\/Residents-Yana_Yanakieva_h3.jpg\" alt class=\"img-responsive wp-image-11759\" srcset=\"https:\/\/www.boisbuchet.org\/wp-content\/uploads\/2021\/02\/Residents-Yana_Yanakieva_h3-200x150.jpg 200w, https:\/\/www.boisbuchet.org\/wp-content\/uploads\/2021\/02\/Residents-Yana_Yanakieva_h3-400x299.jpg 400w, https:\/\/www.boisbuchet.org\/wp-content\/uploads\/2021\/02\/Residents-Yana_Yanakieva_h3-600x449.jpg 600w, https:\/\/www.boisbuchet.org\/wp-content\/uploads\/2021\/02\/Residents-Yana_Yanakieva_h3.jpg 724w\" sizes=\"(max-width: 800px) 100vw, 400px\" \/><\/span><\/div><div class=\"fusion-clearfix\"><\/div><\/div><\/div><div class=\"fusion-layout-column fusion_builder_column fusion-builder-column-5 fusion_builder_column_1_3 1_3 fusion-one-third fusion-column-last\" style=\"--awb-bg-size:cover;width:33.333333333333%;width:calc(33.333333333333% - ( ( 4% + 4% ) * 0.33333333333333 ) );\"><div class=\"fusion-column-wrapper fusion-column-has-shadow fusion-flex-column-wrapper-legacy\"><div class=\"fusion-image-element in-legacy-container\" style=\"--awb-caption-title-font-family:var(--h2_typography-font-family);--awb-caption-title-font-weight:var(--h2_typography-font-weight);--awb-caption-title-font-style:var(--h2_typography-font-style);--awb-caption-title-size:var(--h2_typography-font-size);--awb-caption-title-transform:var(--h2_typography-text-transform);--awb-caption-title-line-height:var(--h2_typography-line-height);--awb-caption-title-letter-spacing:var(--h2_typography-letter-spacing);\"><span class=\" fusion-imageframe imageframe-none imageframe-4 hover-type-none\"><img decoding=\"async\" width=\"724\" height=\"542\" title=\"Residents-Yana_Yanakieva_h1\" src=\"https:\/\/www.boisbuchet.org\/wp-content\/uploads\/2021\/02\/Residents-Yana_Yanakieva_h1.jpg\" alt class=\"img-responsive wp-image-11763\" srcset=\"https:\/\/www.boisbuchet.org\/wp-content\/uploads\/2021\/02\/Residents-Yana_Yanakieva_h1-200x150.jpg 200w, https:\/\/www.boisbuchet.org\/wp-content\/uploads\/2021\/02\/Residents-Yana_Yanakieva_h1-400x299.jpg 400w, https:\/\/www.boisbuchet.org\/wp-content\/uploads\/2021\/02\/Residents-Yana_Yanakieva_h1-600x449.jpg 600w, https:\/\/www.boisbuchet.org\/wp-content\/uploads\/2021\/02\/Residents-Yana_Yanakieva_h1.jpg 724w\" sizes=\"(max-width: 800px) 100vw, 400px\" \/><\/span><\/div><div class=\"fusion-clearfix\"><\/div><\/div><\/div><\/div><\/div><div class=\"fusion-fullwidth fullwidth-box fusion-builder-row-5 nonhundred-percent-fullwidth non-hundred-percent-height-scrolling\" style=\"--awb-border-radius-top-left:0px;--awb-border-radius-top-right:0px;--awb-border-radius-bottom-right:0px;--awb-border-radius-bottom-left:0px;--awb-flex-wrap:wrap;\" ><div class=\"fusion-builder-row fusion-row\"><div class=\"fusion-layout-column fusion_builder_column fusion-builder-column-6 fusion_builder_column_1_1 1_1 fusion-one-full fusion-column-first fusion-column-last\" style=\"--awb-bg-size:cover;\"><div class=\"fusion-column-wrapper fusion-column-has-shadow fusion-flex-column-wrapper-legacy\"><div class=\"fusion-testimonials clean awb-speech-bubble-show fusion-testimonials-1\" style=\"--awb-textcolor:#747474;--awb-backgroundcolor:#ffffff;--awb-testimonial-border-style:solid;--awb-testimonial-border-color:var(--awb-color3);--awb-border-top-left-radius:0px;--awb-border-top-right-radius:0px;--awb-border-bottom-left-radius:0px;--awb-border-bottom-right-radius:0px;--testimonial-border-width-top:0px;--testimonial-border-width-right:0px;--testimonial-border-width-bottom:0px;--testimonial-border-width-left:0px;\" data-random=\"0\" data-speed=\"4000\"><div class=\"reviews\"><div class=\"review active-testimonial avatar-above no-avatar\"><blockquote class=\"testimonials-shortcode-blockquote\"><div class=\"awb-quote\"><div class=\"awb-quote-content\">\n<p>&#8220;M\u00eame si je ne suis pas un artiste ou un designer professionnel, Boisbuchet \u00e9tait l&#8217;endroit parfait pour d\u00e9velopper mon int\u00e9r\u00eat cr\u00e9atif&#8221;.<\/p>\n<\/div><\/div><\/blockquote><div class=\"author\"><span class=\"company-name\"><\/span><\/div><\/div><\/div><\/div><div class=\"fusion-clearfix\"><\/div><\/div><\/div><\/div><\/div><div class=\"fusion-fullwidth fullwidth-box fusion-builder-row-6 nonhundred-percent-fullwidth non-hundred-percent-height-scrolling\" style=\"--awb-border-radius-top-left:0px;--awb-border-radius-top-right:0px;--awb-border-radius-bottom-right:0px;--awb-border-radius-bottom-left:0px;--awb-flex-wrap:wrap;\" ><div class=\"fusion-builder-row fusion-row\"><div class=\"fusion-layout-column fusion_builder_column fusion-builder-column-7 fusion_builder_column_1_1 1_1 fusion-one-full fusion-column-first fusion-column-last\" style=\"--awb-bg-size:cover;\"><div class=\"fusion-column-wrapper fusion-column-has-shadow fusion-flex-column-wrapper-legacy\"><div class=\"fusion-text fusion-text-2\"><p><span style=\"font-weight: 400;\">Pour sa r\u00e9sidence \u00e0 Boisbuchet. Yana a pr\u00e9sent\u00e9 une s\u00e9rie d&#8217;images repr\u00e9sentant la &#8220;Table de l&#8217;Empereur&#8221;, cr\u00e9\u00e9es \u00e0 partir de mat\u00e9riaux trouv\u00e9s sur place \u00e0 Boisbuchet. Le projet \u00e9tait accompagn\u00e9 de petits po\u00e8mes relatifs aux ingr\u00e9dients de l&#8217;\u0153uvre, tels que des plumes, des fruits, de la mousse et des fleurs. En tant que membre associ\u00e9 d&#8217;Escoffier International, Yana a \u00e9galement document\u00e9 ses exp\u00e9riences alimentaires \u00e0 Boisbuchet, en photographiant la nourriture et en explorant les fruits de saison trouv\u00e9s sur le Domaine.<\/span><\/p>\n<\/div><div class=\"fusion-clearfix\"><\/div><\/div><\/div><\/div><\/div><div class=\"fusion-fullwidth fullwidth-box fusion-builder-row-7 nonhundred-percent-fullwidth non-hundred-percent-height-scrolling\" style=\"--awb-border-radius-top-left:0px;--awb-border-radius-top-right:0px;--awb-border-radius-bottom-right:0px;--awb-border-radius-bottom-left:0px;--awb-flex-wrap:wrap;\" ><div class=\"fusion-builder-row fusion-row\"><div class=\"fusion-layout-column fusion_builder_column fusion-builder-column-8 fusion_builder_column_1_1 1_1 fusion-one-full fusion-column-first fusion-column-last\" style=\"--awb-bg-size:cover;\"><div class=\"fusion-column-wrapper fusion-column-has-shadow fusion-flex-column-wrapper-legacy\"><div class=\"fusion-text fusion-text-3\">\n<\/div><div class=\"fusion-clearfix\"><\/div><\/div><\/div><\/div><\/div>\n","protected":false},"excerpt":{"rendered":"","protected":false},"author":707,"featured_media":0,"parent":11966,"menu_order":0,"comment_status":"closed","ping_status":"closed","template":"","meta":{"_monsterinsights_skip_tracking":false,"_monsterinsights_sitenote_active":false,"_monsterinsights_sitenote_note":"","_monsterinsights_sitenote_category":0,"footnotes":""},"class_list":["post-11987","page","type-page","status-publish","hentry"],"yoast_head":"<!-- This site is optimized with the Yoast SEO plugin v27.1.1 - https:\/\/yoast.com\/product\/yoast-seo-wordpress\/ -->\n<title>Residents - Yana Yanakieva | Domaine de Boisbuchet<\/title>\n<meta name=\"robots\" content=\"index, follow, max-snippet:-1, max-image-preview:large, max-video-preview:-1\" \/>\n<link rel=\"canonical\" href=\"https:\/\/www.boisbuchet.org\/fr\/programme-de-residences\/anciens-residents\/residents-yana-yanakieva\/\" \/>\n<meta property=\"og:locale\" content=\"fr_FR\" \/>\n<meta property=\"og:type\" content=\"article\" \/>\n<meta property=\"og:title\" content=\"Residents - Yana Yanakieva | Domaine de Boisbuchet\" \/>\n<meta property=\"og:url\" content=\"https:\/\/www.boisbuchet.org\/fr\/programme-de-residences\/anciens-residents\/residents-yana-yanakieva\/\" \/>\n<meta property=\"og:site_name\" content=\"Domaine de Boisbuchet\" \/>\n<meta property=\"article:publisher\" content=\"https:\/\/www.facebook.com\/boisbuchet\" \/>\n<meta property=\"article:modified_time\" content=\"2021-02-17T19:39:09+00:00\" \/>\n<meta name=\"twitter:card\" content=\"summary_large_image\" \/>\n<meta name=\"twitter:site\" content=\"@boisbuchet\" \/>\n<meta name=\"twitter:label1\" content=\"Dur\u00e9e de lecture estim\u00e9e\" \/>\n\t<meta name=\"twitter:data1\" content=\"21 minutes\" \/>\n<script type=\"application\/ld+json\" class=\"yoast-schema-graph\">{\"@context\":\"https:\/\/schema.org\",\"@graph\":[{\"@type\":\"WebPage\",\"@id\":\"https:\/\/www.boisbuchet.org\/fr\/programme-de-residences\/anciens-residents\/residents-yana-yanakieva\/\",\"url\":\"https:\/\/www.boisbuchet.org\/fr\/programme-de-residences\/anciens-residents\/residents-yana-yanakieva\/\",\"name\":\"Residents - Yana Yanakieva | Domaine de Boisbuchet\",\"isPartOf\":{\"@id\":\"https:\/\/www.boisbuchet.org\/#website\"},\"datePublished\":\"2021-02-17T19:39:07+00:00\",\"dateModified\":\"2021-02-17T19:39:09+00:00\",\"breadcrumb\":{\"@id\":\"https:\/\/www.boisbuchet.org\/fr\/programme-de-residences\/anciens-residents\/residents-yana-yanakieva\/#breadcrumb\"},\"inLanguage\":\"fr-FR\",\"potentialAction\":[{\"@type\":\"ReadAction\",\"target\":[\"https:\/\/www.boisbuchet.org\/fr\/programme-de-residences\/anciens-residents\/residents-yana-yanakieva\/\"]}]},{\"@type\":\"BreadcrumbList\",\"@id\":\"https:\/\/www.boisbuchet.org\/fr\/programme-de-residences\/anciens-residents\/residents-yana-yanakieva\/#breadcrumb\",\"itemListElement\":[{\"@type\":\"ListItem\",\"position\":1,\"name\":\"Home\",\"item\":\"https:\/\/www.boisbuchet.org\/fr\/\"},{\"@type\":\"ListItem\",\"position\":2,\"name\":\"Programme de r\u00e9sidences\",\"item\":\"https:\/\/www.boisbuchet.org\/residency-programme\/\"},{\"@type\":\"ListItem\",\"position\":3,\"name\":\"ANCIENS R\u00c9SIDENTS\",\"item\":\"https:\/\/www.boisbuchet.org\/fr\/programme-de-residences\/anciens-residents\/\"},{\"@type\":\"ListItem\",\"position\":4,\"name\":\"Residents &#8211; Yana Yanakieva\"}]},{\"@type\":\"WebSite\",\"@id\":\"https:\/\/www.boisbuchet.org\/#website\",\"url\":\"https:\/\/www.boisbuchet.org\/\",\"name\":\"Domaine de Boisbuchet\",\"description\":\"Summer Workshops | Park | Event\u00a0Location\",\"publisher\":{\"@id\":\"https:\/\/www.boisbuchet.org\/#organization\"},\"potentialAction\":[{\"@type\":\"SearchAction\",\"target\":{\"@type\":\"EntryPoint\",\"urlTemplate\":\"https:\/\/www.boisbuchet.org\/?s={search_term_string}\"},\"query-input\":{\"@type\":\"PropertyValueSpecification\",\"valueRequired\":true,\"valueName\":\"search_term_string\"}}],\"inLanguage\":\"fr-FR\"},{\"@type\":\"Organization\",\"@id\":\"https:\/\/www.boisbuchet.org\/#organization\",\"name\":\"Domine de Boisbuchet\",\"url\":\"https:\/\/www.boisbuchet.org\/\",\"logo\":{\"@type\":\"ImageObject\",\"inLanguage\":\"fr-FR\",\"@id\":\"https:\/\/www.boisbuchet.org\/#\/schema\/logo\/image\/\",\"url\":\"https:\/\/www.boisbuchet.org\/wp-content\/uploads\/2019\/01\/logo_boisbuchet_black.png\",\"contentUrl\":\"https:\/\/www.boisbuchet.org\/wp-content\/uploads\/2019\/01\/logo_boisbuchet_black.png\",\"width\":200,\"height\":73,\"caption\":\"Domine de Boisbuchet\"},\"image\":{\"@id\":\"https:\/\/www.boisbuchet.org\/#\/schema\/logo\/image\/\"},\"sameAs\":[\"https:\/\/www.facebook.com\/boisbuchet\",\"https:\/\/x.com\/boisbuchet\",\"https:\/\/www.instagram.com\/boisbuchet\",\"https:\/\/www.linkedin.com\/company\/domaine-de-boisbuchet\",\"https:\/\/www.pinterest.com\/boisbuchet\"]}]}<\/script>\n<!-- \/ Yoast SEO plugin. -->","yoast_head_json":{"title":"Residents - Yana Yanakieva | Domaine de Boisbuchet","robots":{"index":"index","follow":"follow","max-snippet":"max-snippet:-1","max-image-preview":"max-image-preview:large","max-video-preview":"max-video-preview:-1"},"canonical":"https:\/\/www.boisbuchet.org\/fr\/programme-de-residences\/anciens-residents\/residents-yana-yanakieva\/","og_locale":"fr_FR","og_type":"article","og_title":"Residents - Yana Yanakieva | Domaine de Boisbuchet","og_url":"https:\/\/www.boisbuchet.org\/fr\/programme-de-residences\/anciens-residents\/residents-yana-yanakieva\/","og_site_name":"Domaine de Boisbuchet","article_publisher":"https:\/\/www.facebook.com\/boisbuchet","article_modified_time":"2021-02-17T19:39:09+00:00","twitter_card":"summary_large_image","twitter_site":"@boisbuchet","twitter_misc":{"Dur\u00e9e de lecture estim\u00e9e":"21 minutes"},"schema":{"@context":"https:\/\/schema.org","@graph":[{"@type":"WebPage","@id":"https:\/\/www.boisbuchet.org\/fr\/programme-de-residences\/anciens-residents\/residents-yana-yanakieva\/","url":"https:\/\/www.boisbuchet.org\/fr\/programme-de-residences\/anciens-residents\/residents-yana-yanakieva\/","name":"Residents - Yana Yanakieva | Domaine de Boisbuchet","isPartOf":{"@id":"https:\/\/www.boisbuchet.org\/#website"},"datePublished":"2021-02-17T19:39:07+00:00","dateModified":"2021-02-17T19:39:09+00:00","breadcrumb":{"@id":"https:\/\/www.boisbuchet.org\/fr\/programme-de-residences\/anciens-residents\/residents-yana-yanakieva\/#breadcrumb"},"inLanguage":"fr-FR","potentialAction":[{"@type":"ReadAction","target":["https:\/\/www.boisbuchet.org\/fr\/programme-de-residences\/anciens-residents\/residents-yana-yanakieva\/"]}]},{"@type":"BreadcrumbList","@id":"https:\/\/www.boisbuchet.org\/fr\/programme-de-residences\/anciens-residents\/residents-yana-yanakieva\/#breadcrumb","itemListElement":[{"@type":"ListItem","position":1,"name":"Home","item":"https:\/\/www.boisbuchet.org\/fr\/"},{"@type":"ListItem","position":2,"name":"Programme de r\u00e9sidences","item":"https:\/\/www.boisbuchet.org\/residency-programme\/"},{"@type":"ListItem","position":3,"name":"ANCIENS R\u00c9SIDENTS","item":"https:\/\/www.boisbuchet.org\/fr\/programme-de-residences\/anciens-residents\/"},{"@type":"ListItem","position":4,"name":"Residents &#8211; Yana Yanakieva"}]},{"@type":"WebSite","@id":"https:\/\/www.boisbuchet.org\/#website","url":"https:\/\/www.boisbuchet.org\/","name":"Domaine de Boisbuchet","description":"Summer Workshops | Park | Event\u00a0Location","publisher":{"@id":"https:\/\/www.boisbuchet.org\/#organization"},"potentialAction":[{"@type":"SearchAction","target":{"@type":"EntryPoint","urlTemplate":"https:\/\/www.boisbuchet.org\/?s={search_term_string}"},"query-input":{"@type":"PropertyValueSpecification","valueRequired":true,"valueName":"search_term_string"}}],"inLanguage":"fr-FR"},{"@type":"Organization","@id":"https:\/\/www.boisbuchet.org\/#organization","name":"Domine de Boisbuchet","url":"https:\/\/www.boisbuchet.org\/","logo":{"@type":"ImageObject","inLanguage":"fr-FR","@id":"https:\/\/www.boisbuchet.org\/#\/schema\/logo\/image\/","url":"https:\/\/www.boisbuchet.org\/wp-content\/uploads\/2019\/01\/logo_boisbuchet_black.png","contentUrl":"https:\/\/www.boisbuchet.org\/wp-content\/uploads\/2019\/01\/logo_boisbuchet_black.png","width":200,"height":73,"caption":"Domine de Boisbuchet"},"image":{"@id":"https:\/\/www.boisbuchet.org\/#\/schema\/logo\/image\/"},"sameAs":["https:\/\/www.facebook.com\/boisbuchet","https:\/\/x.com\/boisbuchet","https:\/\/www.instagram.com\/boisbuchet","https:\/\/www.linkedin.com\/company\/domaine-de-boisbuchet","https:\/\/www.pinterest.com\/boisbuchet"]}]}},"_links":{"self":[{"href":"https:\/\/www.boisbuchet.org\/fr\/wp-json\/wp\/v2\/pages\/11987","targetHints":{"allow":["GET"]}}],"collection":[{"href":"https:\/\/www.boisbuchet.org\/fr\/wp-json\/wp\/v2\/pages"}],"about":[{"href":"https:\/\/www.boisbuchet.org\/fr\/wp-json\/wp\/v2\/types\/page"}],"author":[{"embeddable":true,"href":"https:\/\/www.boisbuchet.org\/fr\/wp-json\/wp\/v2\/users\/707"}],"replies":[{"embeddable":true,"href":"https:\/\/www.boisbuchet.org\/fr\/wp-json\/wp\/v2\/comments?post=11987"}],"version-history":[{"count":2,"href":"https:\/\/www.boisbuchet.org\/fr\/wp-json\/wp\/v2\/pages\/11987\/revisions"}],"predecessor-version":[{"id":11989,"href":"https:\/\/www.boisbuchet.org\/fr\/wp-json\/wp\/v2\/pages\/11987\/revisions\/11989"}],"up":[{"embeddable":true,"href":"https:\/\/www.boisbuchet.org\/fr\/wp-json\/wp\/v2\/pages\/11966"}],"wp:attachment":[{"href":"https:\/\/www.boisbuchet.org\/fr\/wp-json\/wp\/v2\/media?parent=11987"}],"curies":[{"name":"wp","href":"https:\/\/api.w.org\/{rel}","templated":true}]}}