{"id":12632,"date":"2021-08-03T00:59:44","date_gmt":"2021-08-02T22:59:44","guid":{"rendered":"https:\/\/www.boisbuchet.org\/?page_id=12632"},"modified":"2021-08-03T01:15:29","modified_gmt":"2021-08-02T23:15:29","slug":"ideas-taking-shape","status":"publish","type":"page","link":"https:\/\/www.boisbuchet.org\/fr\/expositions\/ideas-taking-shape\/","title":{"rendered":"Ideas Taking Shape"},"content":{"rendered":"<div class=\"fusion-fullwidth fullwidth-box fusion-builder-row-1 nonhundred-percent-fullwidth non-hundred-percent-height-scrolling\" style=\"--awb-border-radius-top-left:0px;--awb-border-radius-top-right:0px;--awb-border-radius-bottom-right:0px;--awb-border-radius-bottom-left:0px;--awb-flex-wrap:wrap;\" ><div class=\"fusion-builder-row fusion-row\"><div class=\"fusion-layout-column fusion_builder_column fusion-builder-column-0 fusion_builder_column_1_1 1_1 fusion-one-full fusion-column-first fusion-column-last\" style=\"--awb-bg-size:cover;\"><div class=\"fusion-column-wrapper fusion-flex-column-wrapper-legacy\"><div class=\"fusion-clearfix\"><\/div><\/div><\/div><\/div><\/div>\n<div class=\"fusion-fullwidth fullwidth-box fusion-builder-row-2 nonhundred-percent-fullwidth non-hundred-percent-height-scrolling\" style=\"--awb-border-radius-top-left:0px;--awb-border-radius-top-right:0px;--awb-border-radius-bottom-right:0px;--awb-border-radius-bottom-left:0px;--awb-flex-wrap:wrap;\" ><div class=\"fusion-builder-row fusion-row\"><div class=\"fusion-layout-column fusion_builder_column fusion-builder-column-1 fusion_builder_column_1_1 1_1 fusion-one-full fusion-column-first fusion-column-last\" style=\"--awb-bg-size:cover;\"><div class=\"fusion-column-wrapper fusion-column-has-shadow fusion-flex-column-wrapper-legacy\"><div class=\"fusion-text fusion-text-1\"><p style=\"text-align: center;\"><em>\u00c0 l\u2019occasion de ses 30 ans, le Domaine de Boisbuchet met \u00e0 l\u2019honneur la collection de design de son fondateur Alexander von Vegesack.<\/em><\/p>\n<p>Lors de ses voyages en Europe, en Asie, en Am\u00e9rique du Nord et du Sud et au Mahgreb il a trouv\u00e9 des meubles, des lampes, des v\u00eatements, des selles, des v\u00e9hicules et plein d\u2019autres articles du quotidien pour passionner avec eux les visiteurs de nombreuses expositions \u00e0 travers le monde \u2013 au Centre Georges Pompidou \u00e0 Paris comme \u00e0 la Pinacoteca Agnelli \u00e0 Turin. Recueillis pendant 60 ans, ses milliers d\u2019objets forment une collection encyclop\u00e9dique, qui repr\u00e9sente une compr\u00e9hension innovatrice de la signification universelle du design d\u2019aujourd\u2019hui.<\/p>\n<\/div><div class=\"fusion-clearfix\"><\/div><\/div><\/div><\/div><\/div><div class=\"fusion-fullwidth fullwidth-box fusion-builder-row-3 nonhundred-percent-fullwidth non-hundred-percent-height-scrolling\" style=\"--awb-border-radius-top-left:0px;--awb-border-radius-top-right:0px;--awb-border-radius-bottom-right:0px;--awb-border-radius-bottom-left:0px;--awb-flex-wrap:wrap;\" ><div class=\"fusion-builder-row fusion-row\"><div class=\"fusion-layout-column fusion_builder_column fusion-builder-column-2 fusion_builder_column_1_1 1_1 fusion-one-full fusion-column-first fusion-column-last\" style=\"--awb-bg-size:cover;\"><div class=\"fusion-column-wrapper fusion-column-has-shadow fusion-flex-column-wrapper-legacy\"><div class=\"fusion-image-element fusion-image-align-center in-legacy-container\" style=\"text-align:center;--awb-caption-title-font-family:var(--h2_typography-font-family);--awb-caption-title-font-weight:var(--h2_typography-font-weight);--awb-caption-title-font-style:var(--h2_typography-font-style);--awb-caption-title-size:var(--h2_typography-font-size);--awb-caption-title-transform:var(--h2_typography-text-transform);--awb-caption-title-line-height:var(--h2_typography-line-height);--awb-caption-title-letter-spacing:var(--h2_typography-letter-spacing);\"><div class=\"imageframe-align-center\"><span class=\" fusion-imageframe imageframe-none imageframe-1 hover-type-none\"><img decoding=\"async\" width=\"943\" height=\"941\" title=\"Screen Shot 2021-06-17 at 01.37.46\" src=\"https:\/\/www.boisbuchet.org\/wp-content\/uploads\/2021\/06\/Screen-Shot-2021-06-17-at-01.37.46.png\" alt class=\"img-responsive wp-image-12344\" srcset=\"https:\/\/www.boisbuchet.org\/wp-content\/uploads\/2021\/06\/Screen-Shot-2021-06-17-at-01.37.46-200x200.png 200w, https:\/\/www.boisbuchet.org\/wp-content\/uploads\/2021\/06\/Screen-Shot-2021-06-17-at-01.37.46-400x399.png 400w, https:\/\/www.boisbuchet.org\/wp-content\/uploads\/2021\/06\/Screen-Shot-2021-06-17-at-01.37.46-600x599.png 600w, https:\/\/www.boisbuchet.org\/wp-content\/uploads\/2021\/06\/Screen-Shot-2021-06-17-at-01.37.46-800x798.png 800w, https:\/\/www.boisbuchet.org\/wp-content\/uploads\/2021\/06\/Screen-Shot-2021-06-17-at-01.37.46.png 943w\" sizes=\"(max-width: 800px) 100vw, 943px\" \/><\/span><\/div><\/div><div class=\"fusion-clearfix\"><\/div><\/div><\/div><\/div><\/div><div class=\"fusion-fullwidth fullwidth-box fusion-builder-row-4 nonhundred-percent-fullwidth non-hundred-percent-height-scrolling\" style=\"--awb-border-radius-top-left:0px;--awb-border-radius-top-right:0px;--awb-border-radius-bottom-right:0px;--awb-border-radius-bottom-left:0px;--awb-flex-wrap:wrap;\" ><div class=\"fusion-builder-row fusion-row\"><div class=\"fusion-layout-column fusion_builder_column fusion-builder-column-3 fusion_builder_column_1_1 1_1 fusion-one-full fusion-column-first fusion-column-last\" style=\"--awb-bg-size:cover;\"><div class=\"fusion-column-wrapper fusion-column-has-shadow fusion-flex-column-wrapper-legacy\"><div class=\"fusion-text fusion-text-2\"><p class=\"v1MsoNormal\">L\u2019exposition du Domaine de Boisbuchet interroge les connexions de ces art\u00e9facts tr\u00e8s diff\u00e9rents d\u2019un point de vue esth\u00e9tique ou technique, en mati\u00e8re de leur utilisation et \u00e0 travers l\u2019histoire et les cultures. Les quelque 150 articles s\u00e9lectionn\u00e9s comportent de rares chefs-d\u2019\u0153uvre de Le Corbusier, Charles Eames, Frank Lloyd Wright et Ettore Sottsass, et ils sont accompagn\u00e9s de livres, peintures, photos et films. Ensemble, ces \u0153uvres refl\u00e8tent les aventures d\u2019un collectionneur qui a toujours d\u00e9couvert, m\u00eame dans le plus quotidien, de nouvelles id\u00e9es qui ont marqu\u00e9, am\u00e9lior\u00e9 ou inspir\u00e9 la vie des gens.<\/p>\n<\/div><div class=\"fusion-clearfix\"><\/div><\/div><\/div><\/div><\/div><div class=\"fusion-fullwidth fullwidth-box fusion-builder-row-5 nonhundred-percent-fullwidth non-hundred-percent-height-scrolling\" style=\"--awb-border-radius-top-left:0px;--awb-border-radius-top-right:0px;--awb-border-radius-bottom-right:0px;--awb-border-radius-bottom-left:0px;--awb-flex-wrap:wrap;\" ><div class=\"fusion-builder-row fusion-row\"><div class=\"fusion-layout-column fusion_builder_column fusion-builder-column-4 fusion_builder_column_1_1 1_1 fusion-one-full fusion-column-first fusion-column-last\" style=\"--awb-bg-size:cover;\"><div class=\"fusion-column-wrapper fusion-column-has-shadow fusion-flex-column-wrapper-legacy\"><div class=\"fusion-text fusion-text-3\"><p style=\"text-align: center;\">Avec le soutien de<\/p>\n<\/div><div class=\"fusion-clearfix\"><\/div><\/div><\/div><div class=\"fusion-layout-column fusion_builder_column fusion-builder-column-5 fusion_builder_column_1_4 1_4 fusion-one-fourth fusion-column-first\" style=\"--awb-bg-size:cover;width:25%;width:calc(25% - ( ( 4% + 4% + 4% ) * 0.25 ) );margin-right: 4%;\"><div class=\"fusion-column-wrapper fusion-column-has-shadow fusion-flex-column-wrapper-legacy\"><div class=\"fusion-image-element in-legacy-container\" style=\"--awb-caption-title-font-family:var(--h2_typography-font-family);--awb-caption-title-font-weight:var(--h2_typography-font-weight);--awb-caption-title-font-style:var(--h2_typography-font-style);--awb-caption-title-size:var(--h2_typography-font-size);--awb-caption-title-transform:var(--h2_typography-text-transform);--awb-caption-title-line-height:var(--h2_typography-line-height);--awb-caption-title-letter-spacing:var(--h2_typography-letter-spacing);\"><span class=\" fusion-imageframe imageframe-none imageframe-2 hover-type-none\"><img decoding=\"async\" width=\"2560\" height=\"1610\" title=\"PREFETE_region_Nouvelle_Aquitaine_Couleurs\" src=\"https:\/\/www.boisbuchet.org\/wp-content\/uploads\/2020\/06\/PREFETE_region_Nouvelle_Aquitaine_Couleurs-1-scaled.jpg\" alt class=\"img-responsive wp-image-11107\" srcset=\"https:\/\/www.boisbuchet.org\/wp-content\/uploads\/2020\/06\/PREFETE_region_Nouvelle_Aquitaine_Couleurs-1-200x126.jpg 200w, https:\/\/www.boisbuchet.org\/wp-content\/uploads\/2020\/06\/PREFETE_region_Nouvelle_Aquitaine_Couleurs-1-400x252.jpg 400w, https:\/\/www.boisbuchet.org\/wp-content\/uploads\/2020\/06\/PREFETE_region_Nouvelle_Aquitaine_Couleurs-1-600x377.jpg 600w, https:\/\/www.boisbuchet.org\/wp-content\/uploads\/2020\/06\/PREFETE_region_Nouvelle_Aquitaine_Couleurs-1-800x503.jpg 800w, https:\/\/www.boisbuchet.org\/wp-content\/uploads\/2020\/06\/PREFETE_region_Nouvelle_Aquitaine_Couleurs-1-1200x755.jpg 1200w, https:\/\/www.boisbuchet.org\/wp-content\/uploads\/2020\/06\/PREFETE_region_Nouvelle_Aquitaine_Couleurs-1-scaled.jpg 2560w\" sizes=\"(max-width: 800px) 100vw, 400px\" \/><\/span><\/div><div class=\"fusion-clearfix\"><\/div><\/div><\/div><div class=\"fusion-layout-column fusion_builder_column fusion-builder-column-6 fusion_builder_column_1_4 1_4 fusion-one-fourth\" style=\"--awb-bg-size:cover;width:25%;width:calc(25% - ( ( 4% + 4% + 4% ) * 0.25 ) );margin-right: 4%;\"><div class=\"fusion-column-wrapper fusion-column-has-shadow fusion-flex-column-wrapper-legacy\"><div class=\"fusion-image-element in-legacy-container\" style=\"--awb-caption-title-font-family:var(--h2_typography-font-family);--awb-caption-title-font-weight:var(--h2_typography-font-weight);--awb-caption-title-font-style:var(--h2_typography-font-style);--awb-caption-title-size:var(--h2_typography-font-size);--awb-caption-title-transform:var(--h2_typography-text-transform);--awb-caption-title-line-height:var(--h2_typography-line-height);--awb-caption-title-letter-spacing:var(--h2_typography-letter-spacing);\"><span class=\" fusion-imageframe imageframe-none imageframe-3 hover-type-none\"><img decoding=\"async\" width=\"1404\" height=\"651\" title=\"logo_na_horiz_QUADRI_2019\" src=\"https:\/\/www.boisbuchet.org\/wp-content\/uploads\/2020\/06\/logo_na_horiz_QUADRI_2019.png\" alt class=\"img-responsive wp-image-11105\" srcset=\"https:\/\/www.boisbuchet.org\/wp-content\/uploads\/2020\/06\/logo_na_horiz_QUADRI_2019-200x93.png 200w, https:\/\/www.boisbuchet.org\/wp-content\/uploads\/2020\/06\/logo_na_horiz_QUADRI_2019-400x185.png 400w, https:\/\/www.boisbuchet.org\/wp-content\/uploads\/2020\/06\/logo_na_horiz_QUADRI_2019-600x278.png 600w, https:\/\/www.boisbuchet.org\/wp-content\/uploads\/2020\/06\/logo_na_horiz_QUADRI_2019-800x371.png 800w, https:\/\/www.boisbuchet.org\/wp-content\/uploads\/2020\/06\/logo_na_horiz_QUADRI_2019-1200x556.png 1200w, https:\/\/www.boisbuchet.org\/wp-content\/uploads\/2020\/06\/logo_na_horiz_QUADRI_2019.png 1404w\" sizes=\"(max-width: 800px) 100vw, 400px\" \/><\/span><\/div><div class=\"fusion-clearfix\"><\/div><\/div><\/div><div class=\"fusion-layout-column fusion_builder_column fusion-builder-column-7 fusion_builder_column_1_4 1_4 fusion-one-fourth\" style=\"--awb-bg-size:cover;width:25%;width:calc(25% - ( ( 4% + 4% + 4% ) * 0.25 ) );margin-right: 4%;\"><div class=\"fusion-column-wrapper fusion-column-has-shadow fusion-flex-column-wrapper-legacy\"><div class=\"fusion-image-element in-legacy-container\" style=\"--awb-caption-title-font-family:var(--h2_typography-font-family);--awb-caption-title-font-weight:var(--h2_typography-font-weight);--awb-caption-title-font-style:var(--h2_typography-font-style);--awb-caption-title-size:var(--h2_typography-font-size);--awb-caption-title-transform:var(--h2_typography-text-transform);--awb-caption-title-line-height:var(--h2_typography-line-height);--awb-caption-title-letter-spacing:var(--h2_typography-letter-spacing);\"><span class=\" fusion-imageframe imageframe-none imageframe-4 hover-type-none\"><img decoding=\"async\" width=\"275\" height=\"183\" title=\"download\" src=\"https:\/\/www.boisbuchet.org\/wp-content\/uploads\/2020\/06\/download.png\" alt class=\"img-responsive wp-image-11103\" srcset=\"https:\/\/www.boisbuchet.org\/wp-content\/uploads\/2020\/06\/download-200x133.png 200w, https:\/\/www.boisbuchet.org\/wp-content\/uploads\/2020\/06\/download.png 275w\" sizes=\"(max-width: 800px) 100vw, 275px\" \/><\/span><\/div><div class=\"fusion-clearfix\"><\/div><\/div><\/div><div class=\"fusion-layout-column fusion_builder_column fusion-builder-column-8 fusion_builder_column_1_4 1_4 fusion-one-fourth fusion-column-last\" style=\"--awb-bg-size:cover;width:25%;width:calc(25% - ( ( 4% + 4% + 4% ) * 0.25 ) );\"><div class=\"fusion-column-wrapper fusion-column-has-shadow fusion-flex-column-wrapper-legacy\"><div class=\"fusion-image-element in-legacy-container\" style=\"--awb-caption-title-font-family:var(--h2_typography-font-family);--awb-caption-title-font-weight:var(--h2_typography-font-weight);--awb-caption-title-font-style:var(--h2_typography-font-style);--awb-caption-title-size:var(--h2_typography-font-size);--awb-caption-title-transform:var(--h2_typography-text-transform);--awb-caption-title-line-height:var(--h2_typography-line-height);--awb-caption-title-letter-spacing:var(--h2_typography-letter-spacing);\"><span class=\" fusion-imageframe imageframe-none imageframe-5 hover-type-none\"><img decoding=\"async\" width=\"260\" height=\"158\" title=\"unnamed\" src=\"https:\/\/www.boisbuchet.org\/wp-content\/uploads\/2020\/06\/unnamed.png\" alt class=\"img-responsive wp-image-11101\" srcset=\"https:\/\/www.boisbuchet.org\/wp-content\/uploads\/2020\/06\/unnamed-200x122.png 200w, https:\/\/www.boisbuchet.org\/wp-content\/uploads\/2020\/06\/unnamed.png 260w\" sizes=\"(max-width: 800px) 100vw, 260px\" \/><\/span><\/div><div class=\"fusion-clearfix\"><\/div><\/div><\/div><\/div><\/div><div class=\"fusion-fullwidth fullwidth-box fusion-builder-row-6 nonhundred-percent-fullwidth non-hundred-percent-height-scrolling\" style=\"--awb-border-radius-top-left:0px;--awb-border-radius-top-right:0px;--awb-border-radius-bottom-right:0px;--awb-border-radius-bottom-left:0px;--awb-flex-wrap:wrap;\" ><div class=\"fusion-builder-row fusion-row\"><div class=\"fusion-layout-column fusion_builder_column fusion-builder-column-9 fusion_builder_column_1_1 1_1 fusion-one-full fusion-column-first fusion-column-last\" style=\"--awb-bg-size:cover;\"><div class=\"fusion-column-wrapper fusion-column-has-shadow fusion-flex-column-wrapper-legacy\"><div class=\"fusion-text fusion-text-4\">\n<\/div><div class=\"fusion-clearfix\"><\/div><\/div><\/div><\/div><\/div>\n","protected":false},"excerpt":{"rendered":"","protected":false},"author":707,"featured_media":0,"parent":3632,"menu_order":0,"comment_status":"closed","ping_status":"closed","template":"","meta":{"_monsterinsights_skip_tracking":false,"_monsterinsights_sitenote_active":false,"_monsterinsights_sitenote_note":"","_monsterinsights_sitenote_category":0,"footnotes":""},"class_list":["post-12632","page","type-page","status-publish","hentry"],"yoast_head":"<!-- This site is optimized with the Yoast SEO plugin v27.1.1 - https:\/\/yoast.com\/product\/yoast-seo-wordpress\/ -->\n<title>Ideas Taking Shape | Domaine de Boisbuchet<\/title>\n<meta name=\"robots\" content=\"index, follow, max-snippet:-1, max-image-preview:large, max-video-preview:-1\" \/>\n<link rel=\"canonical\" href=\"https:\/\/www.boisbuchet.org\/exhibitions\/ideas-taking-shape\/\" \/>\n<meta property=\"og:locale\" content=\"fr_FR\" \/>\n<meta property=\"og:type\" content=\"article\" \/>\n<meta property=\"og:title\" content=\"Ideas Taking Shape | Domaine de Boisbuchet\" \/>\n<meta property=\"og:url\" content=\"https:\/\/www.boisbuchet.org\/exhibitions\/ideas-taking-shape\/\" \/>\n<meta property=\"og:site_name\" content=\"Domaine de Boisbuchet\" \/>\n<meta property=\"article:publisher\" content=\"https:\/\/www.facebook.com\/boisbuchet\" \/>\n<meta property=\"article:modified_time\" content=\"2021-08-02T23:15:29+00:00\" \/>\n<meta name=\"twitter:card\" content=\"summary_large_image\" \/>\n<meta name=\"twitter:site\" content=\"@boisbuchet\" \/>\n<meta name=\"twitter:label1\" content=\"Dur\u00e9e de lecture estim\u00e9e\" \/>\n\t<meta name=\"twitter:data1\" content=\"18 minutes\" \/>\n<script type=\"application\/ld+json\" class=\"yoast-schema-graph\">{\"@context\":\"https:\/\/schema.org\",\"@graph\":[{\"@type\":\"WebPage\",\"@id\":\"https:\/\/www.boisbuchet.org\/exhibitions\/ideas-taking-shape\/\",\"url\":\"https:\/\/www.boisbuchet.org\/exhibitions\/ideas-taking-shape\/\",\"name\":\"Ideas Taking Shape | Domaine de Boisbuchet\",\"isPartOf\":{\"@id\":\"https:\/\/www.boisbuchet.org\/#website\"},\"datePublished\":\"2021-08-02T22:59:44+00:00\",\"dateModified\":\"2021-08-02T23:15:29+00:00\",\"breadcrumb\":{\"@id\":\"https:\/\/www.boisbuchet.org\/exhibitions\/ideas-taking-shape\/#breadcrumb\"},\"inLanguage\":\"fr-FR\",\"potentialAction\":[{\"@type\":\"ReadAction\",\"target\":[\"https:\/\/www.boisbuchet.org\/exhibitions\/ideas-taking-shape\/\"]}]},{\"@type\":\"BreadcrumbList\",\"@id\":\"https:\/\/www.boisbuchet.org\/exhibitions\/ideas-taking-shape\/#breadcrumb\",\"itemListElement\":[{\"@type\":\"ListItem\",\"position\":1,\"name\":\"Home\",\"item\":\"https:\/\/www.boisbuchet.org\/fr\/\"},{\"@type\":\"ListItem\",\"position\":2,\"name\":\"Expositions\",\"item\":\"https:\/\/www.boisbuchet.org\/exhibitions\/\"},{\"@type\":\"ListItem\",\"position\":3,\"name\":\"Ideas Taking Shape\"}]},{\"@type\":\"WebSite\",\"@id\":\"https:\/\/www.boisbuchet.org\/#website\",\"url\":\"https:\/\/www.boisbuchet.org\/\",\"name\":\"Domaine de Boisbuchet\",\"description\":\"Summer Workshops | Park | Event\u00a0Location\",\"publisher\":{\"@id\":\"https:\/\/www.boisbuchet.org\/#organization\"},\"potentialAction\":[{\"@type\":\"SearchAction\",\"target\":{\"@type\":\"EntryPoint\",\"urlTemplate\":\"https:\/\/www.boisbuchet.org\/?s={search_term_string}\"},\"query-input\":{\"@type\":\"PropertyValueSpecification\",\"valueRequired\":true,\"valueName\":\"search_term_string\"}}],\"inLanguage\":\"fr-FR\"},{\"@type\":\"Organization\",\"@id\":\"https:\/\/www.boisbuchet.org\/#organization\",\"name\":\"Domine de Boisbuchet\",\"url\":\"https:\/\/www.boisbuchet.org\/\",\"logo\":{\"@type\":\"ImageObject\",\"inLanguage\":\"fr-FR\",\"@id\":\"https:\/\/www.boisbuchet.org\/#\/schema\/logo\/image\/\",\"url\":\"https:\/\/www.boisbuchet.org\/wp-content\/uploads\/2019\/01\/logo_boisbuchet_black.png\",\"contentUrl\":\"https:\/\/www.boisbuchet.org\/wp-content\/uploads\/2019\/01\/logo_boisbuchet_black.png\",\"width\":200,\"height\":73,\"caption\":\"Domine de Boisbuchet\"},\"image\":{\"@id\":\"https:\/\/www.boisbuchet.org\/#\/schema\/logo\/image\/\"},\"sameAs\":[\"https:\/\/www.facebook.com\/boisbuchet\",\"https:\/\/x.com\/boisbuchet\",\"https:\/\/www.instagram.com\/boisbuchet\",\"https:\/\/www.linkedin.com\/company\/domaine-de-boisbuchet\",\"https:\/\/www.pinterest.com\/boisbuchet\"]}]}<\/script>\n<!-- \/ Yoast SEO plugin. -->","yoast_head_json":{"title":"Ideas Taking Shape | Domaine de Boisbuchet","robots":{"index":"index","follow":"follow","max-snippet":"max-snippet:-1","max-image-preview":"max-image-preview:large","max-video-preview":"max-video-preview:-1"},"canonical":"https:\/\/www.boisbuchet.org\/exhibitions\/ideas-taking-shape\/","og_locale":"fr_FR","og_type":"article","og_title":"Ideas Taking Shape | Domaine de Boisbuchet","og_url":"https:\/\/www.boisbuchet.org\/exhibitions\/ideas-taking-shape\/","og_site_name":"Domaine de Boisbuchet","article_publisher":"https:\/\/www.facebook.com\/boisbuchet","article_modified_time":"2021-08-02T23:15:29+00:00","twitter_card":"summary_large_image","twitter_site":"@boisbuchet","twitter_misc":{"Dur\u00e9e de lecture estim\u00e9e":"18 minutes"},"schema":{"@context":"https:\/\/schema.org","@graph":[{"@type":"WebPage","@id":"https:\/\/www.boisbuchet.org\/exhibitions\/ideas-taking-shape\/","url":"https:\/\/www.boisbuchet.org\/exhibitions\/ideas-taking-shape\/","name":"Ideas Taking Shape | Domaine de Boisbuchet","isPartOf":{"@id":"https:\/\/www.boisbuchet.org\/#website"},"datePublished":"2021-08-02T22:59:44+00:00","dateModified":"2021-08-02T23:15:29+00:00","breadcrumb":{"@id":"https:\/\/www.boisbuchet.org\/exhibitions\/ideas-taking-shape\/#breadcrumb"},"inLanguage":"fr-FR","potentialAction":[{"@type":"ReadAction","target":["https:\/\/www.boisbuchet.org\/exhibitions\/ideas-taking-shape\/"]}]},{"@type":"BreadcrumbList","@id":"https:\/\/www.boisbuchet.org\/exhibitions\/ideas-taking-shape\/#breadcrumb","itemListElement":[{"@type":"ListItem","position":1,"name":"Home","item":"https:\/\/www.boisbuchet.org\/fr\/"},{"@type":"ListItem","position":2,"name":"Expositions","item":"https:\/\/www.boisbuchet.org\/exhibitions\/"},{"@type":"ListItem","position":3,"name":"Ideas Taking Shape"}]},{"@type":"WebSite","@id":"https:\/\/www.boisbuchet.org\/#website","url":"https:\/\/www.boisbuchet.org\/","name":"Domaine de Boisbuchet","description":"Summer Workshops | Park | Event\u00a0Location","publisher":{"@id":"https:\/\/www.boisbuchet.org\/#organization"},"potentialAction":[{"@type":"SearchAction","target":{"@type":"EntryPoint","urlTemplate":"https:\/\/www.boisbuchet.org\/?s={search_term_string}"},"query-input":{"@type":"PropertyValueSpecification","valueRequired":true,"valueName":"search_term_string"}}],"inLanguage":"fr-FR"},{"@type":"Organization","@id":"https:\/\/www.boisbuchet.org\/#organization","name":"Domine de Boisbuchet","url":"https:\/\/www.boisbuchet.org\/","logo":{"@type":"ImageObject","inLanguage":"fr-FR","@id":"https:\/\/www.boisbuchet.org\/#\/schema\/logo\/image\/","url":"https:\/\/www.boisbuchet.org\/wp-content\/uploads\/2019\/01\/logo_boisbuchet_black.png","contentUrl":"https:\/\/www.boisbuchet.org\/wp-content\/uploads\/2019\/01\/logo_boisbuchet_black.png","width":200,"height":73,"caption":"Domine de Boisbuchet"},"image":{"@id":"https:\/\/www.boisbuchet.org\/#\/schema\/logo\/image\/"},"sameAs":["https:\/\/www.facebook.com\/boisbuchet","https:\/\/x.com\/boisbuchet","https:\/\/www.instagram.com\/boisbuchet","https:\/\/www.linkedin.com\/company\/domaine-de-boisbuchet","https:\/\/www.pinterest.com\/boisbuchet"]}]}},"_links":{"self":[{"href":"https:\/\/www.boisbuchet.org\/fr\/wp-json\/wp\/v2\/pages\/12632","targetHints":{"allow":["GET"]}}],"collection":[{"href":"https:\/\/www.boisbuchet.org\/fr\/wp-json\/wp\/v2\/pages"}],"about":[{"href":"https:\/\/www.boisbuchet.org\/fr\/wp-json\/wp\/v2\/types\/page"}],"author":[{"embeddable":true,"href":"https:\/\/www.boisbuchet.org\/fr\/wp-json\/wp\/v2\/users\/707"}],"replies":[{"embeddable":true,"href":"https:\/\/www.boisbuchet.org\/fr\/wp-json\/wp\/v2\/comments?post=12632"}],"version-history":[{"count":2,"href":"https:\/\/www.boisbuchet.org\/fr\/wp-json\/wp\/v2\/pages\/12632\/revisions"}],"predecessor-version":[{"id":12647,"href":"https:\/\/www.boisbuchet.org\/fr\/wp-json\/wp\/v2\/pages\/12632\/revisions\/12647"}],"up":[{"embeddable":true,"href":"https:\/\/www.boisbuchet.org\/fr\/wp-json\/wp\/v2\/pages\/3632"}],"wp:attachment":[{"href":"https:\/\/www.boisbuchet.org\/fr\/wp-json\/wp\/v2\/media?parent=12632"}],"curies":[{"name":"wp","href":"https:\/\/api.w.org\/{rel}","templated":true}]}}