{"id":3626,"date":"2019-02-20T19:03:52","date_gmt":"2019-02-20T18:03:52","guid":{"rendered":"https:\/\/www.boisbuchet.org\/staging\/a-propos\/biographie-de-alexander-von-vegesack\/"},"modified":"2020-05-05T10:35:17","modified_gmt":"2020-05-05T08:35:17","slug":"biographie-de-alexander-von-vegesack","status":"publish","type":"page","link":"https:\/\/www.boisbuchet.org\/fr\/a-propos\/biographie-de-alexander-von-vegesack\/","title":{"rendered":"Biographie de Alexander von Vegesack"},"content":{"rendered":"<div class=\"fusion-fullwidth fullwidth-box fusion-builder-row-1 nonhundred-percent-fullwidth non-hundred-percent-height-scrolling\" style=\"--awb-border-radius-top-left:0px;--awb-border-radius-top-right:0px;--awb-border-radius-bottom-right:0px;--awb-border-radius-bottom-left:0px;--awb-flex-wrap:wrap;\" ><div class=\"fusion-builder-row fusion-row\"><div class=\"fusion-layout-column fusion_builder_column fusion-builder-column-0 fusion_builder_column_1_1 1_1 fusion-one-full fusion-column-first fusion-column-last\" style=\"--awb-bg-size:cover;\"><div class=\"fusion-column-wrapper fusion-flex-column-wrapper-legacy\"><div class=\"fusion-title title fusion-title-1 fusion-sep-none fusion-title-center fusion-title-text fusion-title-size-three\" style=\"--awb-text-color:#999999;--awb-margin-top-small:0px;--awb-margin-right-small:0px;--awb-margin-bottom-small:20px;--awb-margin-left-small:0px;\"><h3 class=\"fusion-title-heading title-heading-center\" style=\"margin:0;\">UNE BIOGRAPHIE DE<\/h3><\/div><div class=\"fusion-title title fusion-title-2 fusion-title-center fusion-title-text fusion-title-size-one\" style=\"--awb-text-color:#333333;--awb-margin-top-small:0px;--awb-margin-right-small:0px;--awb-margin-bottom-small:20px;--awb-margin-left-small:0px;\"><div class=\"title-sep-container title-sep-container-left\"><div class=\"title-sep sep-single sep-solid\" style=\"border-color:#e0dede;\"><\/div><\/div><span class=\"awb-title-spacer\"><\/span><h1 class=\"fusion-title-heading title-heading-center\" style=\"margin:0;letter-spacing:5px;\">ALEXANDER VON VEGESACK<\/h1><span class=\"awb-title-spacer\"><\/span><div class=\"title-sep-container title-sep-container-right\"><div class=\"title-sep sep-single sep-solid\" style=\"border-color:#e0dede;\"><\/div><\/div><\/div><div class=\"fusion-title title fusion-title-3 fusion-sep-none fusion-title-center fusion-title-text fusion-title-size-four\" style=\"--awb-text-color:#999999;--awb-margin-top-small:0px;--awb-margin-right-small:0px;--awb-margin-bottom-small:20px;--awb-margin-left-small:0px;\"><h4 class=\"fusion-title-heading title-heading-center\" style=\"margin:0;\">Fondateur, pr\u00e9sident de CIRECA<\/h4><\/div><div class=\"fusion-clearfix\"><\/div><\/div><\/div><\/div><\/div><div class=\"fusion-fullwidth fullwidth-box fusion-builder-row-2 nonhundred-percent-fullwidth non-hundred-percent-height-scrolling fusion-equal-height-columns\" style=\"--awb-border-radius-top-left:0px;--awb-border-radius-top-right:0px;--awb-border-radius-bottom-right:0px;--awb-border-radius-bottom-left:0px;--awb-flex-wrap:wrap;\" ><div class=\"fusion-builder-row fusion-row\"><div class=\"fusion-layout-column fusion_builder_column fusion-builder-column-1 fusion_builder_column_1_4 1_4 fusion-one-fourth fusion-column-first\" style=\"--awb-bg-size:cover;width:25%;width:calc(25% - ( ( 4% ) * 0.25 ) );margin-right: 4%;\"><div class=\"fusion-column-wrapper fusion-flex-column-wrapper-legacy\"><div class=\"fusion-column-content-centered\"><div class=\"fusion-column-content\"><div class=\"fusion-image-element fusion-image-align-center in-legacy-container\" style=\"text-align:center;--awb-caption-title-font-family:var(--h2_typography-font-family);--awb-caption-title-font-weight:var(--h2_typography-font-weight);--awb-caption-title-font-style:var(--h2_typography-font-style);--awb-caption-title-size:var(--h2_typography-font-size);--awb-caption-title-transform:var(--h2_typography-text-transform);--awb-caption-title-line-height:var(--h2_typography-line-height);--awb-caption-title-letter-spacing:var(--h2_typography-letter-spacing);\"><div class=\"imageframe-align-center\"><span class=\" fusion-imageframe imageframe-none imageframe-1 hover-type-none\"><a href=\"https:\/\/www.boisbuchet.org\/wp-content\/uploads\/2019\/02\/Alexander_von_Vegesack-Portrait-2.jpg\" class=\"fusion-lightbox\" data-rel=\"iLightbox[e57d6f8554b11adb95b]\" data-title=\"Alexander_von_Vegesack-Portrait-2\" title=\"Alexander_von_Vegesack-Portrait-2\"><img decoding=\"async\" width=\"601\" height=\"600\" src=\"https:\/\/www.boisbuchet.org\/wp-content\/uploads\/2019\/02\/Alexander_von_Vegesack-Portrait-2.jpg\" alt class=\"img-responsive wp-image-2066\" srcset=\"https:\/\/www.boisbuchet.org\/wp-content\/uploads\/2019\/02\/Alexander_von_Vegesack-Portrait-2-200x200.jpg 200w, https:\/\/www.boisbuchet.org\/wp-content\/uploads\/2019\/02\/Alexander_von_Vegesack-Portrait-2-400x399.jpg 400w, https:\/\/www.boisbuchet.org\/wp-content\/uploads\/2019\/02\/Alexander_von_Vegesack-Portrait-2-600x599.jpg 600w, https:\/\/www.boisbuchet.org\/wp-content\/uploads\/2019\/02\/Alexander_von_Vegesack-Portrait-2.jpg 601w\" sizes=\"(max-width: 800px) 100vw, 400px\" \/><\/a><\/span><\/div><\/div><\/div><\/div><div class=\"fusion-clearfix\"><\/div><\/div><\/div><div class=\"fusion-layout-column fusion_builder_column fusion-builder-column-2 fusion_builder_column_3_4 3_4 fusion-three-fourth fusion-column-last\" style=\"--awb-bg-size:cover;width:75%;width:calc(75% - ( ( 4% ) * 0.75 ) );\"><div class=\"fusion-column-wrapper fusion-flex-column-wrapper-legacy\"><div class=\"fusion-column-content-centered\"><div class=\"fusion-column-content\"><div class=\"fusion-text fusion-text-1\"><h3>ALEXANDER VON VEGESACK<\/h3>\n<p>Fondateur, Pr\u00e9sident de CIRECA<\/p>\n<p><a href=\"mailto:alexander.von.vegesack@boisbuchet.org\" target=\"_blank\" rel=\"noopener noreferrer\">alexander.von.vegesack@boisbuchet.org<\/a><\/p>\n<p>Tel: +33 (0)5 45 89 67 00<\/p>\n<\/div><\/div><\/div><div class=\"fusion-clearfix\"><\/div><\/div><\/div><\/div><\/div><div class=\"fusion-fullwidth fullwidth-box fusion-builder-row-3 nonhundred-percent-fullwidth non-hundred-percent-height-scrolling\" style=\"--awb-border-radius-top-left:0px;--awb-border-radius-top-right:0px;--awb-border-radius-bottom-right:0px;--awb-border-radius-bottom-left:0px;--awb-flex-wrap:wrap;\" ><div class=\"fusion-builder-row fusion-row\"><div class=\"fusion-layout-column fusion_builder_column fusion-builder-column-3 fusion_builder_column_1_1 1_1 fusion-one-full fusion-column-first fusion-column-last\" style=\"--awb-bg-size:cover;\"><div class=\"fusion-column-wrapper fusion-flex-column-wrapper-legacy\"><div class=\"fusion-text fusion-text-2\"><p>En 1986, Alexander von Vegesack a achet\u00e9 le Domaine de Boisbuchet dans le but de revitaliser le complexe en tant que lieu o\u00f9 les gens peuvent pratiquer et d\u00e9couvrir la culture dans son dialogue avec la nature et l&#8217;agriculture. Apr\u00e8s la r\u00e9novation initiale des principaux b\u00e2timents de Boisbuchet, il a fond\u00e9 le Centre international de recherche et d&#8217;\u00e9ducation culturelle et agricole (CIRECA), une organisation \u00e0 but non lucratif g\u00e9rant le programme de Boisbuchet, et a lanc\u00e9 un programme d&#8217;ateliers internationaux en coop\u00e9ration avec le Vitra Design Museum. Le Centre Georges Pompidou a rejoint cette coop\u00e9ration en 1996. En 2011, l\u2019\u00c9tat fran\u00e7ais a d\u00e9cern\u00e9 \u00e0 CIRECA le titre de \u00abp\u00f4le d\u2019excellence rurale\u00bb.<\/p>\n<p>Conservateur ind\u00e9pendant et collectionneur de meubles industriels, Alexander von Vegesack a fond\u00e9 le mus\u00e9e Thonet \u00e0 Boppard am Rhein et a conseill\u00e9 les mus\u00e9es internationaux \u00e0 l\u2019agrandissement de leurs collections. Il a organis\u00e9 \u00e0 Paris des expositions pour le Centre Georges Pompidou ainsi que pour l\u2019ouverture du mus\u00e9e d\u2019Orsay. Il a \u00e9galement \u00e9t\u00e9 charg\u00e9 par la F\u00e9d\u00e9ration am\u00e9ricaine des arts de concevoir la premi\u00e8re grande exposition sur l\u2019histoire du design de mobilier industriel pr\u00e9sent\u00e9e dans dix grands mus\u00e9es am\u00e9ricains. Il a r\u00e9alis\u00e9 des projets similaires en Europe de l&#8217;Est pour le minist\u00e8re des Affaires \u00e9trang\u00e8res allemand.<\/p>\n<p>En 1988, Alexander von Vegesack a fond\u00e9 le Vitra Design Museum en coop\u00e9ration avec le fabricant de meubles Vitra et en a dirig\u00e9 le directeur jusqu&#8217;en 2011. Ce r\u00f4le lui a permis de cr\u00e9er un programme en perp\u00e9tuelle mutation compos\u00e9 de plus de soixante expositions itin\u00e9rantes sur le design et l&#8217;architecture, y compris la publication de nombreux catalogues associ\u00e9s, la conception et la gestion du mus\u00e9e en tant qu\u2019organisation capable de se financer presque exclusivement. En outre, il a lanc\u00e9 en 1996 la conf\u00e9rence internationale annuelle des mus\u00e9es MUSCON pour l&#8217;Europe, en 2006 pour les \u00c9tats-Unis et en 2008 pour l&#8217;Asie, offrant un forum mondial des mus\u00e9es du design et de l&#8217;architecture pour l&#8217;\u00e9change d&#8217;id\u00e9es et de programmes.<\/p>\n<p>Alexander von Vegesack a confi\u00e9 la direction du Vitra Design Museum en 2011 et se consacre depuis enti\u00e8rement au d\u00e9veloppement du Domaine de Boisbuchet en tant que centre culturel de renomm\u00e9e internationale.<\/p>\n<p>Alexander von Vegesack \u00e9tait membre du Fonds national d\u2019art contemporain, est officier de l\u2019ordre des arts et des lettres et d\u00e9tient l\u2019ordre du m\u00e9rite allemand.<\/p>\n<\/div><div class=\"fusion-clearfix\"><\/div><\/div><\/div><\/div><\/div><div class=\"fusion-fullwidth fullwidth-box fusion-builder-row-4 nonhundred-percent-fullwidth non-hundred-percent-height-scrolling\" style=\"--awb-border-radius-top-left:0px;--awb-border-radius-top-right:0px;--awb-border-radius-bottom-right:0px;--awb-border-radius-bottom-left:0px;--awb-flex-wrap:wrap;\" ><div class=\"fusion-builder-row fusion-row\"><div class=\"fusion-layout-column fusion_builder_column fusion-builder-column-4 fusion_builder_column_1_1 1_1 fusion-one-full fusion-column-first fusion-column-last\" style=\"--awb-bg-size:cover;\"><div class=\"fusion-column-wrapper fusion-flex-column-wrapper-legacy\"><div class=\"fusion-video fusion-vimeo fusion-aligncenter\" style=\"--awb-max-width:600px;--awb-max-height:360px;--awb-width:100%;\"><div class=\"video-shortcode\"><div class=\"fluid-width-video-wrapper\" style=\"padding-top:60%;\" ><iframe title=\"Vimeo video player 1\" src=\"https:\/\/player.vimeo.com\/video\/109703138?autoplay=0&amp;rel=0&amp;autopause=0\" width=\"600\" height=\"360\" allowfullscreen allow=\"autoplay; fullscreen\"><\/iframe><\/div><\/div><\/div><div class=\"fusion-clearfix\"><\/div><\/div><\/div><\/div><\/div>\n","protected":false},"excerpt":{"rendered":"","protected":false},"author":1,"featured_media":0,"parent":1783,"menu_order":0,"comment_status":"closed","ping_status":"closed","template":"","meta":{"_monsterinsights_skip_tracking":false,"_monsterinsights_sitenote_active":false,"_monsterinsights_sitenote_note":"","_monsterinsights_sitenote_category":0,"footnotes":""},"class_list":["post-3626","page","type-page","status-publish","hentry"],"yoast_head":"<!-- This site is optimized with the Yoast SEO plugin v27.1.1 - https:\/\/yoast.com\/product\/yoast-seo-wordpress\/ -->\n<title>Biographie de Alexander von Vegesack | Domaine de Boisbuchet<\/title>\n<meta name=\"robots\" content=\"index, follow, max-snippet:-1, max-image-preview:large, max-video-preview:-1\" \/>\n<link rel=\"canonical\" href=\"https:\/\/www.boisbuchet.org\/about\/alexander-von-vegesack-biography\/\" \/>\n<meta property=\"og:locale\" content=\"fr_FR\" \/>\n<meta property=\"og:type\" content=\"article\" \/>\n<meta property=\"og:title\" content=\"Biographie de Alexander von Vegesack | Domaine de Boisbuchet\" \/>\n<meta property=\"og:url\" content=\"https:\/\/www.boisbuchet.org\/about\/alexander-von-vegesack-biography\/\" \/>\n<meta property=\"og:site_name\" content=\"Domaine de Boisbuchet\" \/>\n<meta property=\"article:publisher\" content=\"https:\/\/www.facebook.com\/boisbuchet\" \/>\n<meta property=\"article:modified_time\" content=\"2020-05-05T08:35:17+00:00\" \/>\n<meta name=\"twitter:card\" content=\"summary_large_image\" \/>\n<meta name=\"twitter:site\" content=\"@boisbuchet\" \/>\n<meta name=\"twitter:label1\" content=\"Dur\u00e9e de lecture estim\u00e9e\" \/>\n\t<meta name=\"twitter:data1\" content=\"8 minutes\" \/>\n<script type=\"application\/ld+json\" class=\"yoast-schema-graph\">{\"@context\":\"https:\/\/schema.org\",\"@graph\":[{\"@type\":\"WebPage\",\"@id\":\"https:\/\/www.boisbuchet.org\/about\/alexander-von-vegesack-biography\/\",\"url\":\"https:\/\/www.boisbuchet.org\/about\/alexander-von-vegesack-biography\/\",\"name\":\"Biographie de Alexander von Vegesack | Domaine de Boisbuchet\",\"isPartOf\":{\"@id\":\"https:\/\/www.boisbuchet.org\/#website\"},\"datePublished\":\"2019-02-20T18:03:52+00:00\",\"dateModified\":\"2020-05-05T08:35:17+00:00\",\"breadcrumb\":{\"@id\":\"https:\/\/www.boisbuchet.org\/about\/alexander-von-vegesack-biography\/#breadcrumb\"},\"inLanguage\":\"fr-FR\",\"potentialAction\":[{\"@type\":\"ReadAction\",\"target\":[\"https:\/\/www.boisbuchet.org\/about\/alexander-von-vegesack-biography\/\"]}]},{\"@type\":\"BreadcrumbList\",\"@id\":\"https:\/\/www.boisbuchet.org\/about\/alexander-von-vegesack-biography\/#breadcrumb\",\"itemListElement\":[{\"@type\":\"ListItem\",\"position\":1,\"name\":\"Home\",\"item\":\"https:\/\/www.boisbuchet.org\/fr\/\"},{\"@type\":\"ListItem\",\"position\":2,\"name\":\"\u00c0 propos\",\"item\":\"https:\/\/www.boisbuchet.org\/about\/\"},{\"@type\":\"ListItem\",\"position\":3,\"name\":\"Biographie de Alexander von Vegesack\"}]},{\"@type\":\"WebSite\",\"@id\":\"https:\/\/www.boisbuchet.org\/#website\",\"url\":\"https:\/\/www.boisbuchet.org\/\",\"name\":\"Domaine de Boisbuchet\",\"description\":\"Summer Workshops | Park | Event\u00a0Location\",\"publisher\":{\"@id\":\"https:\/\/www.boisbuchet.org\/#organization\"},\"potentialAction\":[{\"@type\":\"SearchAction\",\"target\":{\"@type\":\"EntryPoint\",\"urlTemplate\":\"https:\/\/www.boisbuchet.org\/?s={search_term_string}\"},\"query-input\":{\"@type\":\"PropertyValueSpecification\",\"valueRequired\":true,\"valueName\":\"search_term_string\"}}],\"inLanguage\":\"fr-FR\"},{\"@type\":\"Organization\",\"@id\":\"https:\/\/www.boisbuchet.org\/#organization\",\"name\":\"Domine de Boisbuchet\",\"url\":\"https:\/\/www.boisbuchet.org\/\",\"logo\":{\"@type\":\"ImageObject\",\"inLanguage\":\"fr-FR\",\"@id\":\"https:\/\/www.boisbuchet.org\/#\/schema\/logo\/image\/\",\"url\":\"https:\/\/www.boisbuchet.org\/wp-content\/uploads\/2019\/01\/logo_boisbuchet_black.png\",\"contentUrl\":\"https:\/\/www.boisbuchet.org\/wp-content\/uploads\/2019\/01\/logo_boisbuchet_black.png\",\"width\":200,\"height\":73,\"caption\":\"Domine de Boisbuchet\"},\"image\":{\"@id\":\"https:\/\/www.boisbuchet.org\/#\/schema\/logo\/image\/\"},\"sameAs\":[\"https:\/\/www.facebook.com\/boisbuchet\",\"https:\/\/x.com\/boisbuchet\",\"https:\/\/www.instagram.com\/boisbuchet\",\"https:\/\/www.linkedin.com\/company\/domaine-de-boisbuchet\",\"https:\/\/www.pinterest.com\/boisbuchet\"]}]}<\/script>\n<!-- \/ Yoast SEO plugin. -->","yoast_head_json":{"title":"Biographie de Alexander von Vegesack | Domaine de Boisbuchet","robots":{"index":"index","follow":"follow","max-snippet":"max-snippet:-1","max-image-preview":"max-image-preview:large","max-video-preview":"max-video-preview:-1"},"canonical":"https:\/\/www.boisbuchet.org\/about\/alexander-von-vegesack-biography\/","og_locale":"fr_FR","og_type":"article","og_title":"Biographie de Alexander von Vegesack | Domaine de Boisbuchet","og_url":"https:\/\/www.boisbuchet.org\/about\/alexander-von-vegesack-biography\/","og_site_name":"Domaine de Boisbuchet","article_publisher":"https:\/\/www.facebook.com\/boisbuchet","article_modified_time":"2020-05-05T08:35:17+00:00","twitter_card":"summary_large_image","twitter_site":"@boisbuchet","twitter_misc":{"Dur\u00e9e de lecture estim\u00e9e":"8 minutes"},"schema":{"@context":"https:\/\/schema.org","@graph":[{"@type":"WebPage","@id":"https:\/\/www.boisbuchet.org\/about\/alexander-von-vegesack-biography\/","url":"https:\/\/www.boisbuchet.org\/about\/alexander-von-vegesack-biography\/","name":"Biographie de Alexander von Vegesack | Domaine de Boisbuchet","isPartOf":{"@id":"https:\/\/www.boisbuchet.org\/#website"},"datePublished":"2019-02-20T18:03:52+00:00","dateModified":"2020-05-05T08:35:17+00:00","breadcrumb":{"@id":"https:\/\/www.boisbuchet.org\/about\/alexander-von-vegesack-biography\/#breadcrumb"},"inLanguage":"fr-FR","potentialAction":[{"@type":"ReadAction","target":["https:\/\/www.boisbuchet.org\/about\/alexander-von-vegesack-biography\/"]}]},{"@type":"BreadcrumbList","@id":"https:\/\/www.boisbuchet.org\/about\/alexander-von-vegesack-biography\/#breadcrumb","itemListElement":[{"@type":"ListItem","position":1,"name":"Home","item":"https:\/\/www.boisbuchet.org\/fr\/"},{"@type":"ListItem","position":2,"name":"\u00c0 propos","item":"https:\/\/www.boisbuchet.org\/about\/"},{"@type":"ListItem","position":3,"name":"Biographie de Alexander von Vegesack"}]},{"@type":"WebSite","@id":"https:\/\/www.boisbuchet.org\/#website","url":"https:\/\/www.boisbuchet.org\/","name":"Domaine de Boisbuchet","description":"Summer Workshops | Park | Event\u00a0Location","publisher":{"@id":"https:\/\/www.boisbuchet.org\/#organization"},"potentialAction":[{"@type":"SearchAction","target":{"@type":"EntryPoint","urlTemplate":"https:\/\/www.boisbuchet.org\/?s={search_term_string}"},"query-input":{"@type":"PropertyValueSpecification","valueRequired":true,"valueName":"search_term_string"}}],"inLanguage":"fr-FR"},{"@type":"Organization","@id":"https:\/\/www.boisbuchet.org\/#organization","name":"Domine de Boisbuchet","url":"https:\/\/www.boisbuchet.org\/","logo":{"@type":"ImageObject","inLanguage":"fr-FR","@id":"https:\/\/www.boisbuchet.org\/#\/schema\/logo\/image\/","url":"https:\/\/www.boisbuchet.org\/wp-content\/uploads\/2019\/01\/logo_boisbuchet_black.png","contentUrl":"https:\/\/www.boisbuchet.org\/wp-content\/uploads\/2019\/01\/logo_boisbuchet_black.png","width":200,"height":73,"caption":"Domine de Boisbuchet"},"image":{"@id":"https:\/\/www.boisbuchet.org\/#\/schema\/logo\/image\/"},"sameAs":["https:\/\/www.facebook.com\/boisbuchet","https:\/\/x.com\/boisbuchet","https:\/\/www.instagram.com\/boisbuchet","https:\/\/www.linkedin.com\/company\/domaine-de-boisbuchet","https:\/\/www.pinterest.com\/boisbuchet"]}]}},"_links":{"self":[{"href":"https:\/\/www.boisbuchet.org\/fr\/wp-json\/wp\/v2\/pages\/3626","targetHints":{"allow":["GET"]}}],"collection":[{"href":"https:\/\/www.boisbuchet.org\/fr\/wp-json\/wp\/v2\/pages"}],"about":[{"href":"https:\/\/www.boisbuchet.org\/fr\/wp-json\/wp\/v2\/types\/page"}],"author":[{"embeddable":true,"href":"https:\/\/www.boisbuchet.org\/fr\/wp-json\/wp\/v2\/users\/1"}],"replies":[{"embeddable":true,"href":"https:\/\/www.boisbuchet.org\/fr\/wp-json\/wp\/v2\/comments?post=3626"}],"version-history":[{"count":5,"href":"https:\/\/www.boisbuchet.org\/fr\/wp-json\/wp\/v2\/pages\/3626\/revisions"}],"predecessor-version":[{"id":10684,"href":"https:\/\/www.boisbuchet.org\/fr\/wp-json\/wp\/v2\/pages\/3626\/revisions\/10684"}],"up":[{"embeddable":true,"href":"https:\/\/www.boisbuchet.org\/fr\/wp-json\/wp\/v2\/pages\/1783"}],"wp:attachment":[{"href":"https:\/\/www.boisbuchet.org\/fr\/wp-json\/wp\/v2\/media?parent=3626"}],"curies":[{"name":"wp","href":"https:\/\/api.w.org\/{rel}","templated":true}]}}