{"id":10535,"date":"2020-02-27T11:20:18","date_gmt":"2020-02-27T10:20:18","guid":{"rendered":"https:\/\/www.boisbuchet.org\/product\/the-poetics-of-movement\/"},"modified":"2020-12-18T17:20:31","modified_gmt":"2020-12-18T16:20:31","slug":"the-poetics-of-movement","status":"publish","type":"product","link":"https:\/\/www.boisbuchet.org\/fr\/produit\/the-poetics-of-movement\/","title":{"rendered":"The Poetics of Movement"},"content":{"rendered":"<p>Le mouvement d&#8217;un objet dans l&#8217;espace cr\u00e9e du sens, du moins tel qu&#8217;il est per\u00e7u dans l&#8217;esprit du spectateur, mais il ne s\u2019agit-l\u00e0 que d\u2019une connaissance subjective appliqu\u00e9e pr\u00e9alable ou une exp\u00e9rience du monde. Cependant, insuffl\u00e9s dans son essence, on pourrait dire que ce sont les propri\u00e9t\u00e9s du mouvement lui-m\u00eame, avec la vitesse, la direction, l&#8217;acc\u00e9l\u00e9ration ou une certaine combinaison de toutes ces qualit\u00e9s, qui impr\u00e8gnent certaines associations et certaines interpr\u00e9tations. Qu&#8217;il s&#8217;agisse d&#8217;une imitation d&#8217;une interaction famili\u00e8re dans le monde r\u00e9el, de la description d&#8217;un ph\u00e9nom\u00e8ne en principe invisible ou de la repr\u00e9sentation abstraite d&#8217;un th\u00e8me, toute complexit\u00e9 dans la signification subjective pourrait \u00eatre distill\u00e9e ou extrapol\u00e9e \u00e0 partir de ces propri\u00e9t\u00e9s fondamentales. En effet, nous pourrions \u00e9galement apporter une forme anthropomorphique au mouvement, soit dans sa cr\u00e9ation, soit dans son interpr\u00e9tation, que celles-ci soient voulues ou non. Deux objets faits pour se d\u00e9placer tout en \u00e9tant dans une certaine relation l&#8217;un par rapport \u00e0 l&#8217;autre, mais qui par eux-m\u00eames peuvent ne pas refl\u00e9ter une forme humaine, peuvent \u00eatre interpr\u00e9t\u00e9s comme l&#8217;interaction de deux personnes, et alors nous pouvons en d\u00e9duire la diversit\u00e9 et la complexit\u00e9 des \u00e9motions et des significations.<\/p>\n<p>Pendant les cours de l&#8217;atelier, les participants cr\u00e9eront des \u0153uvres d&#8217;art cin\u00e9tiques qui chercheront \u00e0 explorer une telle cr\u00e9ation et une telle interpr\u00e9tation du sens, dans des formes d&#8217;art bas\u00e9es sur le mouvement. Ici tout cela sera condens\u00e9 dans le cadre le plus fondamental, du point de vue du mouvement des objets dans l&#8217;espace\u00a0: vaste \u00e9ventail, mais distill\u00e9 dans son essence. Les objets cr\u00e9\u00e9s pourront \u00eatre de n&#8217;importe \u00e9chelle r\u00e9alisable. Ils seront contr\u00f4l\u00e9s ou non contr\u00f4l\u00e9s, aliment\u00e9s de fa\u00e7on active ou passive par leur environnement.<\/p>\n","protected":false},"excerpt":{"rendered":"<p>Le mouvement d&#8217;un objet dans l&#8217;espace cr\u00e9e du sens, du  [&#8230;]<\/p>\n","protected":false},"author":707,"featured_media":10177,"template":"","meta":{"_monsterinsights_skip_tracking":false,"_monsterinsights_sitenote_active":false,"_monsterinsights_sitenote_note":"","_monsterinsights_sitenote_category":0},"product_brand":[],"product_cat":[234,255,274],"product_tag":[],"content-year":[],"class_list":{"0":"post-10535","1":"product","2":"type-product","3":"status-publish","4":"has-post-thumbnail","6":"product_cat-eclairage","7":"product_cat-installation-fr","8":"product_cat-technologie","10":"first","11":"outofstock","12":"sold-individually","13":"shipping-taxable","14":"purchasable","15":"product-type-variable"},"yoast_head":"<!-- This site is optimized with the Yoast SEO plugin v27.1.1 - https:\/\/yoast.com\/product\/yoast-seo-wordpress\/ -->\n<title>The Poetics of Movement | Domaine de Boisbuchet<\/title>\n<meta name=\"robots\" content=\"noindex, follow\" \/>\n<meta property=\"og:locale\" content=\"fr_FR\" \/>\n<meta property=\"og:type\" content=\"article\" \/>\n<meta property=\"og:title\" content=\"The Poetics of Movement | Domaine de Boisbuchet\" \/>\n<meta property=\"og:description\" content=\"Le mouvement d&#8217;un objet dans l&#8217;espace cr\u00e9e du sens, du [...]\" \/>\n<meta property=\"og:url\" content=\"https:\/\/www.boisbuchet.org\/fr\/produit\/the-poetics-of-movement\/\" \/>\n<meta property=\"og:site_name\" content=\"Domaine de Boisbuchet\" \/>\n<meta property=\"article:publisher\" content=\"https:\/\/www.facebook.com\/boisbuchet\" \/>\n<meta property=\"article:modified_time\" content=\"2020-12-18T16:20:31+00:00\" \/>\n<meta property=\"og:image\" content=\"https:\/\/www.boisbuchet.org\/wp-content\/uploads\/2020\/02\/2020-Tiles-UnitedVisualArtist.jpg\" \/>\n\t<meta property=\"og:image:width\" content=\"600\" \/>\n\t<meta property=\"og:image:height\" content=\"400\" \/>\n\t<meta property=\"og:image:type\" content=\"image\/jpeg\" \/>\n<meta name=\"twitter:card\" content=\"summary_large_image\" \/>\n<meta name=\"twitter:site\" content=\"@boisbuchet\" \/>\n<meta name=\"twitter:label1\" content=\"Dur\u00e9e de lecture estim\u00e9e\" \/>\n\t<meta name=\"twitter:data1\" content=\"2 minutes\" \/>\n<script type=\"application\/ld+json\" class=\"yoast-schema-graph\">{\"@context\":\"https:\/\/schema.org\",\"@graph\":[{\"@type\":\"WebPage\",\"@id\":\"https:\/\/www.boisbuchet.org\/fr\/produit\/the-poetics-of-movement\/\",\"url\":\"https:\/\/www.boisbuchet.org\/fr\/produit\/the-poetics-of-movement\/\",\"name\":\"The Poetics of Movement | Domaine de Boisbuchet\",\"isPartOf\":{\"@id\":\"https:\/\/www.boisbuchet.org\/#website\"},\"primaryImageOfPage\":{\"@id\":\"https:\/\/www.boisbuchet.org\/fr\/produit\/the-poetics-of-movement\/#primaryimage\"},\"image\":{\"@id\":\"https:\/\/www.boisbuchet.org\/fr\/produit\/the-poetics-of-movement\/#primaryimage\"},\"thumbnailUrl\":\"https:\/\/www.boisbuchet.org\/wp-content\/uploads\/2020\/02\/2020-Tiles-UnitedVisualArtist.jpg\",\"datePublished\":\"2020-02-27T10:20:18+00:00\",\"dateModified\":\"2020-12-18T16:20:31+00:00\",\"breadcrumb\":{\"@id\":\"https:\/\/www.boisbuchet.org\/fr\/produit\/the-poetics-of-movement\/#breadcrumb\"},\"inLanguage\":\"fr-FR\",\"potentialAction\":[{\"@type\":\"ReadAction\",\"target\":[\"https:\/\/www.boisbuchet.org\/fr\/produit\/the-poetics-of-movement\/\"]}]},{\"@type\":\"ImageObject\",\"inLanguage\":\"fr-FR\",\"@id\":\"https:\/\/www.boisbuchet.org\/fr\/produit\/the-poetics-of-movement\/#primaryimage\",\"url\":\"https:\/\/www.boisbuchet.org\/wp-content\/uploads\/2020\/02\/2020-Tiles-UnitedVisualArtist.jpg\",\"contentUrl\":\"https:\/\/www.boisbuchet.org\/wp-content\/uploads\/2020\/02\/2020-Tiles-UnitedVisualArtist.jpg\",\"width\":600,\"height\":400},{\"@type\":\"BreadcrumbList\",\"@id\":\"https:\/\/www.boisbuchet.org\/fr\/produit\/the-poetics-of-movement\/#breadcrumb\",\"itemListElement\":[{\"@type\":\"ListItem\",\"position\":1,\"name\":\"Home\",\"item\":\"https:\/\/www.boisbuchet.org\/fr\/\"},{\"@type\":\"ListItem\",\"position\":2,\"name\":\"Boutique\",\"item\":\"https:\/\/www.boisbuchet.org\/fr\/boutique\/\"},{\"@type\":\"ListItem\",\"position\":3,\"name\":\"The Poetics of Movement\"}]},{\"@type\":\"WebSite\",\"@id\":\"https:\/\/www.boisbuchet.org\/#website\",\"url\":\"https:\/\/www.boisbuchet.org\/\",\"name\":\"Domaine de Boisbuchet\",\"description\":\"Summer Workshops | Park | Event\u00a0Location\",\"publisher\":{\"@id\":\"https:\/\/www.boisbuchet.org\/#organization\"},\"potentialAction\":[{\"@type\":\"SearchAction\",\"target\":{\"@type\":\"EntryPoint\",\"urlTemplate\":\"https:\/\/www.boisbuchet.org\/?s={search_term_string}\"},\"query-input\":{\"@type\":\"PropertyValueSpecification\",\"valueRequired\":true,\"valueName\":\"search_term_string\"}}],\"inLanguage\":\"fr-FR\"},{\"@type\":\"Organization\",\"@id\":\"https:\/\/www.boisbuchet.org\/#organization\",\"name\":\"Domine de Boisbuchet\",\"url\":\"https:\/\/www.boisbuchet.org\/\",\"logo\":{\"@type\":\"ImageObject\",\"inLanguage\":\"fr-FR\",\"@id\":\"https:\/\/www.boisbuchet.org\/#\/schema\/logo\/image\/\",\"url\":\"https:\/\/www.boisbuchet.org\/wp-content\/uploads\/2019\/01\/logo_boisbuchet_black.png\",\"contentUrl\":\"https:\/\/www.boisbuchet.org\/wp-content\/uploads\/2019\/01\/logo_boisbuchet_black.png\",\"width\":200,\"height\":73,\"caption\":\"Domine de Boisbuchet\"},\"image\":{\"@id\":\"https:\/\/www.boisbuchet.org\/#\/schema\/logo\/image\/\"},\"sameAs\":[\"https:\/\/www.facebook.com\/boisbuchet\",\"https:\/\/x.com\/boisbuchet\",\"https:\/\/www.instagram.com\/boisbuchet\",\"https:\/\/www.linkedin.com\/company\/domaine-de-boisbuchet\",\"https:\/\/www.pinterest.com\/boisbuchet\"]}]}<\/script>\n<!-- \/ Yoast SEO plugin. -->","yoast_head_json":{"title":"The Poetics of Movement | Domaine de Boisbuchet","robots":{"index":"noindex","follow":"follow"},"og_locale":"fr_FR","og_type":"article","og_title":"The Poetics of Movement | Domaine de Boisbuchet","og_description":"Le mouvement d&#8217;un objet dans l&#8217;espace cr\u00e9e du sens, du [...]","og_url":"https:\/\/www.boisbuchet.org\/fr\/produit\/the-poetics-of-movement\/","og_site_name":"Domaine de Boisbuchet","article_publisher":"https:\/\/www.facebook.com\/boisbuchet","article_modified_time":"2020-12-18T16:20:31+00:00","og_image":[{"width":600,"height":400,"url":"https:\/\/www.boisbuchet.org\/wp-content\/uploads\/2020\/02\/2020-Tiles-UnitedVisualArtist.jpg","type":"image\/jpeg"}],"twitter_card":"summary_large_image","twitter_site":"@boisbuchet","twitter_misc":{"Dur\u00e9e de lecture estim\u00e9e":"2 minutes"},"schema":{"@context":"https:\/\/schema.org","@graph":[{"@type":"WebPage","@id":"https:\/\/www.boisbuchet.org\/fr\/produit\/the-poetics-of-movement\/","url":"https:\/\/www.boisbuchet.org\/fr\/produit\/the-poetics-of-movement\/","name":"The Poetics of Movement | Domaine de Boisbuchet","isPartOf":{"@id":"https:\/\/www.boisbuchet.org\/#website"},"primaryImageOfPage":{"@id":"https:\/\/www.boisbuchet.org\/fr\/produit\/the-poetics-of-movement\/#primaryimage"},"image":{"@id":"https:\/\/www.boisbuchet.org\/fr\/produit\/the-poetics-of-movement\/#primaryimage"},"thumbnailUrl":"https:\/\/www.boisbuchet.org\/wp-content\/uploads\/2020\/02\/2020-Tiles-UnitedVisualArtist.jpg","datePublished":"2020-02-27T10:20:18+00:00","dateModified":"2020-12-18T16:20:31+00:00","breadcrumb":{"@id":"https:\/\/www.boisbuchet.org\/fr\/produit\/the-poetics-of-movement\/#breadcrumb"},"inLanguage":"fr-FR","potentialAction":[{"@type":"ReadAction","target":["https:\/\/www.boisbuchet.org\/fr\/produit\/the-poetics-of-movement\/"]}]},{"@type":"ImageObject","inLanguage":"fr-FR","@id":"https:\/\/www.boisbuchet.org\/fr\/produit\/the-poetics-of-movement\/#primaryimage","url":"https:\/\/www.boisbuchet.org\/wp-content\/uploads\/2020\/02\/2020-Tiles-UnitedVisualArtist.jpg","contentUrl":"https:\/\/www.boisbuchet.org\/wp-content\/uploads\/2020\/02\/2020-Tiles-UnitedVisualArtist.jpg","width":600,"height":400},{"@type":"BreadcrumbList","@id":"https:\/\/www.boisbuchet.org\/fr\/produit\/the-poetics-of-movement\/#breadcrumb","itemListElement":[{"@type":"ListItem","position":1,"name":"Home","item":"https:\/\/www.boisbuchet.org\/fr\/"},{"@type":"ListItem","position":2,"name":"Boutique","item":"https:\/\/www.boisbuchet.org\/fr\/boutique\/"},{"@type":"ListItem","position":3,"name":"The Poetics of Movement"}]},{"@type":"WebSite","@id":"https:\/\/www.boisbuchet.org\/#website","url":"https:\/\/www.boisbuchet.org\/","name":"Domaine de Boisbuchet","description":"Summer Workshops | Park | Event\u00a0Location","publisher":{"@id":"https:\/\/www.boisbuchet.org\/#organization"},"potentialAction":[{"@type":"SearchAction","target":{"@type":"EntryPoint","urlTemplate":"https:\/\/www.boisbuchet.org\/?s={search_term_string}"},"query-input":{"@type":"PropertyValueSpecification","valueRequired":true,"valueName":"search_term_string"}}],"inLanguage":"fr-FR"},{"@type":"Organization","@id":"https:\/\/www.boisbuchet.org\/#organization","name":"Domine de Boisbuchet","url":"https:\/\/www.boisbuchet.org\/","logo":{"@type":"ImageObject","inLanguage":"fr-FR","@id":"https:\/\/www.boisbuchet.org\/#\/schema\/logo\/image\/","url":"https:\/\/www.boisbuchet.org\/wp-content\/uploads\/2019\/01\/logo_boisbuchet_black.png","contentUrl":"https:\/\/www.boisbuchet.org\/wp-content\/uploads\/2019\/01\/logo_boisbuchet_black.png","width":200,"height":73,"caption":"Domine de Boisbuchet"},"image":{"@id":"https:\/\/www.boisbuchet.org\/#\/schema\/logo\/image\/"},"sameAs":["https:\/\/www.facebook.com\/boisbuchet","https:\/\/x.com\/boisbuchet","https:\/\/www.instagram.com\/boisbuchet","https:\/\/www.linkedin.com\/company\/domaine-de-boisbuchet","https:\/\/www.pinterest.com\/boisbuchet"]}]}},"_links":{"self":[{"href":"https:\/\/www.boisbuchet.org\/fr\/wp-json\/wp\/v2\/product\/10535","targetHints":{"allow":["GET"]}}],"collection":[{"href":"https:\/\/www.boisbuchet.org\/fr\/wp-json\/wp\/v2\/product"}],"about":[{"href":"https:\/\/www.boisbuchet.org\/fr\/wp-json\/wp\/v2\/types\/product"}],"author":[{"embeddable":true,"href":"https:\/\/www.boisbuchet.org\/fr\/wp-json\/wp\/v2\/users\/707"}],"wp:featuredmedia":[{"embeddable":true,"href":"https:\/\/www.boisbuchet.org\/fr\/wp-json\/wp\/v2\/media\/10177"}],"wp:attachment":[{"href":"https:\/\/www.boisbuchet.org\/fr\/wp-json\/wp\/v2\/media?parent=10535"}],"wp:term":[{"taxonomy":"product_brand","embeddable":true,"href":"https:\/\/www.boisbuchet.org\/fr\/wp-json\/wp\/v2\/product_brand?post=10535"},{"taxonomy":"product_cat","embeddable":true,"href":"https:\/\/www.boisbuchet.org\/fr\/wp-json\/wp\/v2\/product_cat?post=10535"},{"taxonomy":"product_tag","embeddable":true,"href":"https:\/\/www.boisbuchet.org\/fr\/wp-json\/wp\/v2\/product_tag?post=10535"},{"taxonomy":"content-year","embeddable":true,"href":"https:\/\/www.boisbuchet.org\/fr\/wp-json\/wp\/v2\/content-year?post=10535"}],"curies":[{"name":"wp","href":"https:\/\/api.w.org\/{rel}","templated":true}]}}