{"id":10541,"date":"2020-02-27T11:55:44","date_gmt":"2020-02-27T10:55:44","guid":{"rendered":"https:\/\/www.boisbuchet.org\/product\/the-chateaus-lost-chandelier\/"},"modified":"2020-12-18T17:13:37","modified_gmt":"2020-12-18T16:13:37","slug":"the-chateaus-lost-chandelier","status":"publish","type":"product","link":"https:\/\/www.boisbuchet.org\/fr\/produit\/the-chateaus-lost-chandelier\/","title":{"rendered":"The Chateau&#8217;s Lost Chandelier"},"content":{"rendered":"<p>Lorsque les ateliers de Boisbuchet ont commenc\u00e9 il y a 30 ans, le ch\u00e2teau du Domaine \u00e9tait une beaut\u00e9 dormante depuis de nombreuses ann\u00e9es. A l\u2019int\u00e9rieur, les innombrables et beaux objets avaient tous disparu. Seul, le b\u00e2timent demeurait encore, aussi vide que la toile de fond de notre imagination.<\/p>\n<p>Dans notre atelier, les participants et Anton Alvarez vont imaginer et r\u00e9aliser un lustre magnifique qui aurait pu illuminer autrefois la salle de bal. Dans un effort collectif qui impliquera les techniciens du mus\u00e9e du verre de Corning, nous travaillerons sur cette pi\u00e8ce afin de recr\u00e9er le lustre perdu &#8211; l&#8217;objet le plus grandiose, le plus expressif, le plus color\u00e9 et le plus richement textur\u00e9 jamais cr\u00e9\u00e9 au pays des merveilles de Boisbuchet.<\/p>\n<p>Nous allons explorer notre intuition et voir ce qu\u2019il se passe lorsque les mains prennent des d\u00e9cisions avant l&#8217;esprit, et r\u00e9ciproquement. En utilisant des m\u00e9thodes ludiques telles que la construction aveugle, la construction contre le sablier, le t\u00e9l\u00e9phone arabe etc., nous allons g\u00e9n\u00e9rer des r\u00e9sultats inattendus qui d\u00e9passeront toutes les id\u00e9es et les attentes pr\u00e9con\u00e7ues.<br \/>\nL&#8217;objectif principal de notre semaine sera le verre et la magie que celui-ci d\u00e9ploie \u00e0 partir du moment o\u00f9 il fond jusqu&#8217;\u00e0 ce qu&#8217;il devienne difficile pour lui de briller \u00e0 nouveau dans la lumi\u00e8re. Cependant, notre lustre sera \u00e9galement compos\u00e9 par d&#8217;autres mat\u00e9riaux tels que le li\u00e8ge, la terre, les textiles, le fil, les b\u00e2tons, la poussi\u00e8re, les feuilles, le sable, le bois, le m\u00e9tal, la farine, la levure, l&#8217;eau, les tomates, la mousse\u2026 Nous explorerons le bois, le pl\u00e2tre, des moules en argile pour le soufflage du verre et nous essayerons m\u00eame de voir comment diff\u00e9rents min\u00e9raux et mat\u00e9riaux organiques r\u00e9agissent sur le verre chaud.<\/p>\n<p>\u00c0 la fin de notre semaine d\u2019atelier, nous installerons le lustre au ch\u00e2teau et, bien s\u00fbr, nous c\u00e9l\u00e9brerons cette renaissance.<\/p>\n","protected":false},"excerpt":{"rendered":"<p>Lorsque les ateliers de Boisbuchet ont commenc\u00e9 il y a  [&#8230;]<\/p>\n","protected":false},"author":707,"featured_media":10184,"template":"","meta":{"_monsterinsights_skip_tracking":false,"_monsterinsights_sitenote_active":false,"_monsterinsights_sitenote_note":"","_monsterinsights_sitenote_category":0},"product_brand":[],"product_cat":[286,242],"product_tag":[],"content-year":[],"class_list":{"0":"post-10541","1":"product","2":"type-product","3":"status-publish","4":"has-post-thumbnail","6":"product_cat-glass-fr","7":"product_cat-narration","9":"first","10":"outofstock","11":"sold-individually","12":"shipping-taxable","13":"purchasable","14":"product-type-variable"},"yoast_head":"<!-- This site is optimized with the Yoast SEO plugin v27.1.1 - https:\/\/yoast.com\/product\/yoast-seo-wordpress\/ -->\n<title>The Chateau&#039;s Lost Chandelier | Domaine de Boisbuchet<\/title>\n<meta name=\"robots\" content=\"noindex, follow\" \/>\n<meta property=\"og:locale\" content=\"fr_FR\" \/>\n<meta property=\"og:type\" content=\"article\" \/>\n<meta property=\"og:title\" content=\"The Chateau&#039;s Lost Chandelier | Domaine de Boisbuchet\" \/>\n<meta property=\"og:description\" content=\"Lorsque les ateliers de Boisbuchet ont commenc\u00e9 il y a [...]\" \/>\n<meta property=\"og:url\" content=\"https:\/\/www.boisbuchet.org\/fr\/produit\/the-chateaus-lost-chandelier\/\" \/>\n<meta property=\"og:site_name\" content=\"Domaine de Boisbuchet\" \/>\n<meta property=\"article:publisher\" content=\"https:\/\/www.facebook.com\/boisbuchet\" \/>\n<meta property=\"article:modified_time\" content=\"2020-12-18T16:13:37+00:00\" \/>\n<meta property=\"og:image\" content=\"https:\/\/www.boisbuchet.org\/wp-content\/uploads\/2020\/02\/2020-Tiles-AntonAlvarez.jpg\" \/>\n\t<meta property=\"og:image:width\" content=\"600\" \/>\n\t<meta property=\"og:image:height\" content=\"400\" \/>\n\t<meta property=\"og:image:type\" content=\"image\/jpeg\" \/>\n<meta name=\"twitter:card\" content=\"summary_large_image\" \/>\n<meta name=\"twitter:site\" content=\"@boisbuchet\" \/>\n<meta name=\"twitter:label1\" content=\"Dur\u00e9e de lecture estim\u00e9e\" \/>\n\t<meta name=\"twitter:data1\" content=\"2 minutes\" \/>\n<script type=\"application\/ld+json\" class=\"yoast-schema-graph\">{\"@context\":\"https:\/\/schema.org\",\"@graph\":[{\"@type\":\"WebPage\",\"@id\":\"https:\/\/www.boisbuchet.org\/fr\/produit\/the-chateaus-lost-chandelier\/\",\"url\":\"https:\/\/www.boisbuchet.org\/fr\/produit\/the-chateaus-lost-chandelier\/\",\"name\":\"The Chateau's Lost Chandelier | Domaine de Boisbuchet\",\"isPartOf\":{\"@id\":\"https:\/\/www.boisbuchet.org\/#website\"},\"primaryImageOfPage\":{\"@id\":\"https:\/\/www.boisbuchet.org\/fr\/produit\/the-chateaus-lost-chandelier\/#primaryimage\"},\"image\":{\"@id\":\"https:\/\/www.boisbuchet.org\/fr\/produit\/the-chateaus-lost-chandelier\/#primaryimage\"},\"thumbnailUrl\":\"https:\/\/www.boisbuchet.org\/wp-content\/uploads\/2020\/02\/2020-Tiles-AntonAlvarez.jpg\",\"datePublished\":\"2020-02-27T10:55:44+00:00\",\"dateModified\":\"2020-12-18T16:13:37+00:00\",\"breadcrumb\":{\"@id\":\"https:\/\/www.boisbuchet.org\/fr\/produit\/the-chateaus-lost-chandelier\/#breadcrumb\"},\"inLanguage\":\"fr-FR\",\"potentialAction\":[{\"@type\":\"ReadAction\",\"target\":[\"https:\/\/www.boisbuchet.org\/fr\/produit\/the-chateaus-lost-chandelier\/\"]}]},{\"@type\":\"ImageObject\",\"inLanguage\":\"fr-FR\",\"@id\":\"https:\/\/www.boisbuchet.org\/fr\/produit\/the-chateaus-lost-chandelier\/#primaryimage\",\"url\":\"https:\/\/www.boisbuchet.org\/wp-content\/uploads\/2020\/02\/2020-Tiles-AntonAlvarez.jpg\",\"contentUrl\":\"https:\/\/www.boisbuchet.org\/wp-content\/uploads\/2020\/02\/2020-Tiles-AntonAlvarez.jpg\",\"width\":600,\"height\":400},{\"@type\":\"BreadcrumbList\",\"@id\":\"https:\/\/www.boisbuchet.org\/fr\/produit\/the-chateaus-lost-chandelier\/#breadcrumb\",\"itemListElement\":[{\"@type\":\"ListItem\",\"position\":1,\"name\":\"Home\",\"item\":\"https:\/\/www.boisbuchet.org\/fr\/\"},{\"@type\":\"ListItem\",\"position\":2,\"name\":\"Boutique\",\"item\":\"https:\/\/www.boisbuchet.org\/fr\/boutique\/\"},{\"@type\":\"ListItem\",\"position\":3,\"name\":\"The Chateau&rsquo;s Lost Chandelier\"}]},{\"@type\":\"WebSite\",\"@id\":\"https:\/\/www.boisbuchet.org\/#website\",\"url\":\"https:\/\/www.boisbuchet.org\/\",\"name\":\"Domaine de Boisbuchet\",\"description\":\"Summer Workshops | Park | Event\u00a0Location\",\"publisher\":{\"@id\":\"https:\/\/www.boisbuchet.org\/#organization\"},\"potentialAction\":[{\"@type\":\"SearchAction\",\"target\":{\"@type\":\"EntryPoint\",\"urlTemplate\":\"https:\/\/www.boisbuchet.org\/?s={search_term_string}\"},\"query-input\":{\"@type\":\"PropertyValueSpecification\",\"valueRequired\":true,\"valueName\":\"search_term_string\"}}],\"inLanguage\":\"fr-FR\"},{\"@type\":\"Organization\",\"@id\":\"https:\/\/www.boisbuchet.org\/#organization\",\"name\":\"Domine de Boisbuchet\",\"url\":\"https:\/\/www.boisbuchet.org\/\",\"logo\":{\"@type\":\"ImageObject\",\"inLanguage\":\"fr-FR\",\"@id\":\"https:\/\/www.boisbuchet.org\/#\/schema\/logo\/image\/\",\"url\":\"https:\/\/www.boisbuchet.org\/wp-content\/uploads\/2019\/01\/logo_boisbuchet_black.png\",\"contentUrl\":\"https:\/\/www.boisbuchet.org\/wp-content\/uploads\/2019\/01\/logo_boisbuchet_black.png\",\"width\":200,\"height\":73,\"caption\":\"Domine de Boisbuchet\"},\"image\":{\"@id\":\"https:\/\/www.boisbuchet.org\/#\/schema\/logo\/image\/\"},\"sameAs\":[\"https:\/\/www.facebook.com\/boisbuchet\",\"https:\/\/x.com\/boisbuchet\",\"https:\/\/www.instagram.com\/boisbuchet\",\"https:\/\/www.linkedin.com\/company\/domaine-de-boisbuchet\",\"https:\/\/www.pinterest.com\/boisbuchet\"]}]}<\/script>\n<!-- \/ Yoast SEO plugin. -->","yoast_head_json":{"title":"The Chateau's Lost Chandelier | Domaine de Boisbuchet","robots":{"index":"noindex","follow":"follow"},"og_locale":"fr_FR","og_type":"article","og_title":"The Chateau's Lost Chandelier | Domaine de Boisbuchet","og_description":"Lorsque les ateliers de Boisbuchet ont commenc\u00e9 il y a [...]","og_url":"https:\/\/www.boisbuchet.org\/fr\/produit\/the-chateaus-lost-chandelier\/","og_site_name":"Domaine de Boisbuchet","article_publisher":"https:\/\/www.facebook.com\/boisbuchet","article_modified_time":"2020-12-18T16:13:37+00:00","og_image":[{"width":600,"height":400,"url":"https:\/\/www.boisbuchet.org\/wp-content\/uploads\/2020\/02\/2020-Tiles-AntonAlvarez.jpg","type":"image\/jpeg"}],"twitter_card":"summary_large_image","twitter_site":"@boisbuchet","twitter_misc":{"Dur\u00e9e de lecture estim\u00e9e":"2 minutes"},"schema":{"@context":"https:\/\/schema.org","@graph":[{"@type":"WebPage","@id":"https:\/\/www.boisbuchet.org\/fr\/produit\/the-chateaus-lost-chandelier\/","url":"https:\/\/www.boisbuchet.org\/fr\/produit\/the-chateaus-lost-chandelier\/","name":"The Chateau's Lost Chandelier | Domaine de Boisbuchet","isPartOf":{"@id":"https:\/\/www.boisbuchet.org\/#website"},"primaryImageOfPage":{"@id":"https:\/\/www.boisbuchet.org\/fr\/produit\/the-chateaus-lost-chandelier\/#primaryimage"},"image":{"@id":"https:\/\/www.boisbuchet.org\/fr\/produit\/the-chateaus-lost-chandelier\/#primaryimage"},"thumbnailUrl":"https:\/\/www.boisbuchet.org\/wp-content\/uploads\/2020\/02\/2020-Tiles-AntonAlvarez.jpg","datePublished":"2020-02-27T10:55:44+00:00","dateModified":"2020-12-18T16:13:37+00:00","breadcrumb":{"@id":"https:\/\/www.boisbuchet.org\/fr\/produit\/the-chateaus-lost-chandelier\/#breadcrumb"},"inLanguage":"fr-FR","potentialAction":[{"@type":"ReadAction","target":["https:\/\/www.boisbuchet.org\/fr\/produit\/the-chateaus-lost-chandelier\/"]}]},{"@type":"ImageObject","inLanguage":"fr-FR","@id":"https:\/\/www.boisbuchet.org\/fr\/produit\/the-chateaus-lost-chandelier\/#primaryimage","url":"https:\/\/www.boisbuchet.org\/wp-content\/uploads\/2020\/02\/2020-Tiles-AntonAlvarez.jpg","contentUrl":"https:\/\/www.boisbuchet.org\/wp-content\/uploads\/2020\/02\/2020-Tiles-AntonAlvarez.jpg","width":600,"height":400},{"@type":"BreadcrumbList","@id":"https:\/\/www.boisbuchet.org\/fr\/produit\/the-chateaus-lost-chandelier\/#breadcrumb","itemListElement":[{"@type":"ListItem","position":1,"name":"Home","item":"https:\/\/www.boisbuchet.org\/fr\/"},{"@type":"ListItem","position":2,"name":"Boutique","item":"https:\/\/www.boisbuchet.org\/fr\/boutique\/"},{"@type":"ListItem","position":3,"name":"The Chateau&rsquo;s Lost Chandelier"}]},{"@type":"WebSite","@id":"https:\/\/www.boisbuchet.org\/#website","url":"https:\/\/www.boisbuchet.org\/","name":"Domaine de Boisbuchet","description":"Summer Workshops | Park | Event\u00a0Location","publisher":{"@id":"https:\/\/www.boisbuchet.org\/#organization"},"potentialAction":[{"@type":"SearchAction","target":{"@type":"EntryPoint","urlTemplate":"https:\/\/www.boisbuchet.org\/?s={search_term_string}"},"query-input":{"@type":"PropertyValueSpecification","valueRequired":true,"valueName":"search_term_string"}}],"inLanguage":"fr-FR"},{"@type":"Organization","@id":"https:\/\/www.boisbuchet.org\/#organization","name":"Domine de Boisbuchet","url":"https:\/\/www.boisbuchet.org\/","logo":{"@type":"ImageObject","inLanguage":"fr-FR","@id":"https:\/\/www.boisbuchet.org\/#\/schema\/logo\/image\/","url":"https:\/\/www.boisbuchet.org\/wp-content\/uploads\/2019\/01\/logo_boisbuchet_black.png","contentUrl":"https:\/\/www.boisbuchet.org\/wp-content\/uploads\/2019\/01\/logo_boisbuchet_black.png","width":200,"height":73,"caption":"Domine de Boisbuchet"},"image":{"@id":"https:\/\/www.boisbuchet.org\/#\/schema\/logo\/image\/"},"sameAs":["https:\/\/www.facebook.com\/boisbuchet","https:\/\/x.com\/boisbuchet","https:\/\/www.instagram.com\/boisbuchet","https:\/\/www.linkedin.com\/company\/domaine-de-boisbuchet","https:\/\/www.pinterest.com\/boisbuchet"]}]}},"_links":{"self":[{"href":"https:\/\/www.boisbuchet.org\/fr\/wp-json\/wp\/v2\/product\/10541","targetHints":{"allow":["GET"]}}],"collection":[{"href":"https:\/\/www.boisbuchet.org\/fr\/wp-json\/wp\/v2\/product"}],"about":[{"href":"https:\/\/www.boisbuchet.org\/fr\/wp-json\/wp\/v2\/types\/product"}],"author":[{"embeddable":true,"href":"https:\/\/www.boisbuchet.org\/fr\/wp-json\/wp\/v2\/users\/707"}],"wp:featuredmedia":[{"embeddable":true,"href":"https:\/\/www.boisbuchet.org\/fr\/wp-json\/wp\/v2\/media\/10184"}],"wp:attachment":[{"href":"https:\/\/www.boisbuchet.org\/fr\/wp-json\/wp\/v2\/media?parent=10541"}],"wp:term":[{"taxonomy":"product_brand","embeddable":true,"href":"https:\/\/www.boisbuchet.org\/fr\/wp-json\/wp\/v2\/product_brand?post=10541"},{"taxonomy":"product_cat","embeddable":true,"href":"https:\/\/www.boisbuchet.org\/fr\/wp-json\/wp\/v2\/product_cat?post=10541"},{"taxonomy":"product_tag","embeddable":true,"href":"https:\/\/www.boisbuchet.org\/fr\/wp-json\/wp\/v2\/product_tag?post=10541"},{"taxonomy":"content-year","embeddable":true,"href":"https:\/\/www.boisbuchet.org\/fr\/wp-json\/wp\/v2\/content-year?post=10541"}],"curies":[{"name":"wp","href":"https:\/\/api.w.org\/{rel}","templated":true}]}}