{"id":10559,"date":"2020-02-27T14:18:23","date_gmt":"2020-02-27T13:18:23","guid":{"rendered":"https:\/\/www.boisbuchet.org\/product\/liquid-gold-and-other-suns\/"},"modified":"2020-12-18T17:12:19","modified_gmt":"2020-12-18T16:12:19","slug":"liquid-gold-and-other-suns","status":"publish","type":"product","link":"https:\/\/www.boisbuchet.org\/fr\/produit\/liquid-gold-and-other-suns\/","title":{"rendered":"Liquid Gold and Other Suns"},"content":{"rendered":"<p>Saviez-vous que les nanoparticules d&#8217;or sont rouges\u00a0? Cet atelier \u00e9tudiera l&#8217;alchimie, la transformation des mat\u00e9riaux et d&#8217;autres exp\u00e9riences physiques qui interrogeront la mati\u00e8re (telle que nous la connaissons), les exp\u00e9riences et son histoire. Invit\u00e9s \u00e0 faire des recherches sur les histoires de civilisation, les diasporas et les mouvements des populations de territoires \u00e0 territoires, de terre \u00e0 mer, de terre \u00e0 soleil ou d&#8217;eau \u00e0 terre, les participants seront charg\u00e9s de questionner les cultures et les fronti\u00e8res \u00e0 travers une investigation sur les mat\u00e9riaux, l&#8217;illusion et l\u2019exp\u00e9rience de l\u2019exp\u00e9rimentation.<\/p>\n<p>Notre travail se d\u00e9roulera en 4 phases\u00a0: 1) la d\u00e9couverte d&#8217;une communaut\u00e9 \u00e0 travers l&#8217;exp\u00e9rimentation physique, 2) la cartographie et la mise en sc\u00e8ne des mouvements de la communaut\u00e9, 3) l&#8217;enregistrement vid\u00e9o de nos d\u00e9couvertes, et 4) la diffusion par les m\u00e9dias de nos films. Les vid\u00e9os de 3 minutes chacune exposeront une vision unique et originale des histoires et de leurs territoires, tout en proposant une narration innovante. De plus, les participants seront charg\u00e9s d&#8217;\u00e9tudier de nouveaux modes de diffusion du contenu de leur vid\u00e9o: \u00ab\u00a0Qu&#8217;est-ce qui vient apr\u00e8s le streaming en ligne?\u00a0\u00bb<\/p>\n<p>Qui sait, peut-\u00eatre qu\u2019\u00e0 la fin, nous pourrions nous retrouver dans la t\u00eate de Toutankhamon avant que sa t\u00eate ne soit coup\u00e9e dans l&#8217;\u00c9gypte ancienne, en d\u00e9couvrant un regard \u00e9motionnel fait de cristaux et de soleil artificiel.<br \/>\nImportant\u00a0: Veuillez apporter vos smartphones, ordinateurs portables, cameras ou appareils photo, ainsi que tout outil ou mat\u00e9riel particulier que vous pourriez souhaiter utiliser lors de ce voyage.<\/p>\n","protected":false},"excerpt":{"rendered":"<p>Saviez-vous que les nanoparticules d&#8217;or sont rouges\u00a0? Cet atelier \u00e9tudiera  [&#8230;]<\/p>\n","protected":false},"author":707,"featured_media":10224,"template":"","meta":{"_monsterinsights_skip_tracking":false,"_monsterinsights_sitenote_active":false,"_monsterinsights_sitenote_note":"","_monsterinsights_sitenote_category":0},"product_brand":[],"product_cat":[16],"product_tag":[],"content-year":[],"class_list":{"0":"post-10559","1":"product","2":"type-product","3":"status-publish","4":"has-post-thumbnail","6":"product_cat-uncategorized","8":"first","9":"outofstock","10":"sold-individually","11":"shipping-taxable","12":"purchasable","13":"product-type-variable"},"yoast_head":"<!-- This site is optimized with the Yoast SEO plugin v27.1.1 - https:\/\/yoast.com\/product\/yoast-seo-wordpress\/ -->\n<title>Liquid Gold and Other Suns | Domaine de Boisbuchet<\/title>\n<meta name=\"robots\" content=\"noindex, follow\" \/>\n<meta property=\"og:locale\" content=\"fr_FR\" \/>\n<meta property=\"og:type\" content=\"article\" \/>\n<meta property=\"og:title\" content=\"Liquid Gold and Other Suns | Domaine de Boisbuchet\" \/>\n<meta property=\"og:description\" content=\"Saviez-vous que les nanoparticules d&#8217;or sont rouges\u00a0? Cet atelier \u00e9tudiera [...]\" \/>\n<meta property=\"og:url\" content=\"https:\/\/www.boisbuchet.org\/fr\/produit\/liquid-gold-and-other-suns\/\" \/>\n<meta property=\"og:site_name\" content=\"Domaine de Boisbuchet\" \/>\n<meta property=\"article:publisher\" content=\"https:\/\/www.facebook.com\/boisbuchet\" \/>\n<meta property=\"article:modified_time\" content=\"2020-12-18T16:12:19+00:00\" \/>\n<meta property=\"og:image\" content=\"https:\/\/www.boisbuchet.org\/wp-content\/uploads\/2020\/02\/2020-Tiles-NellyBenHayoun.jpg\" \/>\n\t<meta property=\"og:image:width\" content=\"600\" \/>\n\t<meta property=\"og:image:height\" content=\"400\" \/>\n\t<meta property=\"og:image:type\" content=\"image\/jpeg\" \/>\n<meta name=\"twitter:card\" content=\"summary_large_image\" \/>\n<meta name=\"twitter:site\" content=\"@boisbuchet\" \/>\n<meta name=\"twitter:label1\" content=\"Dur\u00e9e de lecture estim\u00e9e\" \/>\n\t<meta name=\"twitter:data1\" content=\"1 minute\" \/>\n<script type=\"application\/ld+json\" class=\"yoast-schema-graph\">{\"@context\":\"https:\/\/schema.org\",\"@graph\":[{\"@type\":\"WebPage\",\"@id\":\"https:\/\/www.boisbuchet.org\/fr\/produit\/liquid-gold-and-other-suns\/\",\"url\":\"https:\/\/www.boisbuchet.org\/fr\/produit\/liquid-gold-and-other-suns\/\",\"name\":\"Liquid Gold and Other Suns | Domaine de Boisbuchet\",\"isPartOf\":{\"@id\":\"https:\/\/www.boisbuchet.org\/#website\"},\"primaryImageOfPage\":{\"@id\":\"https:\/\/www.boisbuchet.org\/fr\/produit\/liquid-gold-and-other-suns\/#primaryimage\"},\"image\":{\"@id\":\"https:\/\/www.boisbuchet.org\/fr\/produit\/liquid-gold-and-other-suns\/#primaryimage\"},\"thumbnailUrl\":\"https:\/\/www.boisbuchet.org\/wp-content\/uploads\/2020\/02\/2020-Tiles-NellyBenHayoun.jpg\",\"datePublished\":\"2020-02-27T13:18:23+00:00\",\"dateModified\":\"2020-12-18T16:12:19+00:00\",\"breadcrumb\":{\"@id\":\"https:\/\/www.boisbuchet.org\/fr\/produit\/liquid-gold-and-other-suns\/#breadcrumb\"},\"inLanguage\":\"fr-FR\",\"potentialAction\":[{\"@type\":\"ReadAction\",\"target\":[\"https:\/\/www.boisbuchet.org\/fr\/produit\/liquid-gold-and-other-suns\/\"]}]},{\"@type\":\"ImageObject\",\"inLanguage\":\"fr-FR\",\"@id\":\"https:\/\/www.boisbuchet.org\/fr\/produit\/liquid-gold-and-other-suns\/#primaryimage\",\"url\":\"https:\/\/www.boisbuchet.org\/wp-content\/uploads\/2020\/02\/2020-Tiles-NellyBenHayoun.jpg\",\"contentUrl\":\"https:\/\/www.boisbuchet.org\/wp-content\/uploads\/2020\/02\/2020-Tiles-NellyBenHayoun.jpg\",\"width\":600,\"height\":400},{\"@type\":\"BreadcrumbList\",\"@id\":\"https:\/\/www.boisbuchet.org\/fr\/produit\/liquid-gold-and-other-suns\/#breadcrumb\",\"itemListElement\":[{\"@type\":\"ListItem\",\"position\":1,\"name\":\"Home\",\"item\":\"https:\/\/www.boisbuchet.org\/fr\/\"},{\"@type\":\"ListItem\",\"position\":2,\"name\":\"Boutique\",\"item\":\"https:\/\/www.boisbuchet.org\/fr\/boutique\/\"},{\"@type\":\"ListItem\",\"position\":3,\"name\":\"Liquid Gold and Other Suns\"}]},{\"@type\":\"WebSite\",\"@id\":\"https:\/\/www.boisbuchet.org\/#website\",\"url\":\"https:\/\/www.boisbuchet.org\/\",\"name\":\"Domaine de Boisbuchet\",\"description\":\"Summer Workshops | Park | Event\u00a0Location\",\"publisher\":{\"@id\":\"https:\/\/www.boisbuchet.org\/#organization\"},\"potentialAction\":[{\"@type\":\"SearchAction\",\"target\":{\"@type\":\"EntryPoint\",\"urlTemplate\":\"https:\/\/www.boisbuchet.org\/?s={search_term_string}\"},\"query-input\":{\"@type\":\"PropertyValueSpecification\",\"valueRequired\":true,\"valueName\":\"search_term_string\"}}],\"inLanguage\":\"fr-FR\"},{\"@type\":\"Organization\",\"@id\":\"https:\/\/www.boisbuchet.org\/#organization\",\"name\":\"Domine de Boisbuchet\",\"url\":\"https:\/\/www.boisbuchet.org\/\",\"logo\":{\"@type\":\"ImageObject\",\"inLanguage\":\"fr-FR\",\"@id\":\"https:\/\/www.boisbuchet.org\/#\/schema\/logo\/image\/\",\"url\":\"https:\/\/www.boisbuchet.org\/wp-content\/uploads\/2019\/01\/logo_boisbuchet_black.png\",\"contentUrl\":\"https:\/\/www.boisbuchet.org\/wp-content\/uploads\/2019\/01\/logo_boisbuchet_black.png\",\"width\":200,\"height\":73,\"caption\":\"Domine de Boisbuchet\"},\"image\":{\"@id\":\"https:\/\/www.boisbuchet.org\/#\/schema\/logo\/image\/\"},\"sameAs\":[\"https:\/\/www.facebook.com\/boisbuchet\",\"https:\/\/x.com\/boisbuchet\",\"https:\/\/www.instagram.com\/boisbuchet\",\"https:\/\/www.linkedin.com\/company\/domaine-de-boisbuchet\",\"https:\/\/www.pinterest.com\/boisbuchet\"]}]}<\/script>\n<!-- \/ Yoast SEO plugin. -->","yoast_head_json":{"title":"Liquid Gold and Other Suns | Domaine de Boisbuchet","robots":{"index":"noindex","follow":"follow"},"og_locale":"fr_FR","og_type":"article","og_title":"Liquid Gold and Other Suns | Domaine de Boisbuchet","og_description":"Saviez-vous que les nanoparticules d&#8217;or sont rouges\u00a0? Cet atelier \u00e9tudiera [...]","og_url":"https:\/\/www.boisbuchet.org\/fr\/produit\/liquid-gold-and-other-suns\/","og_site_name":"Domaine de Boisbuchet","article_publisher":"https:\/\/www.facebook.com\/boisbuchet","article_modified_time":"2020-12-18T16:12:19+00:00","og_image":[{"width":600,"height":400,"url":"https:\/\/www.boisbuchet.org\/wp-content\/uploads\/2020\/02\/2020-Tiles-NellyBenHayoun.jpg","type":"image\/jpeg"}],"twitter_card":"summary_large_image","twitter_site":"@boisbuchet","twitter_misc":{"Dur\u00e9e de lecture estim\u00e9e":"1 minute"},"schema":{"@context":"https:\/\/schema.org","@graph":[{"@type":"WebPage","@id":"https:\/\/www.boisbuchet.org\/fr\/produit\/liquid-gold-and-other-suns\/","url":"https:\/\/www.boisbuchet.org\/fr\/produit\/liquid-gold-and-other-suns\/","name":"Liquid Gold and Other Suns | Domaine de Boisbuchet","isPartOf":{"@id":"https:\/\/www.boisbuchet.org\/#website"},"primaryImageOfPage":{"@id":"https:\/\/www.boisbuchet.org\/fr\/produit\/liquid-gold-and-other-suns\/#primaryimage"},"image":{"@id":"https:\/\/www.boisbuchet.org\/fr\/produit\/liquid-gold-and-other-suns\/#primaryimage"},"thumbnailUrl":"https:\/\/www.boisbuchet.org\/wp-content\/uploads\/2020\/02\/2020-Tiles-NellyBenHayoun.jpg","datePublished":"2020-02-27T13:18:23+00:00","dateModified":"2020-12-18T16:12:19+00:00","breadcrumb":{"@id":"https:\/\/www.boisbuchet.org\/fr\/produit\/liquid-gold-and-other-suns\/#breadcrumb"},"inLanguage":"fr-FR","potentialAction":[{"@type":"ReadAction","target":["https:\/\/www.boisbuchet.org\/fr\/produit\/liquid-gold-and-other-suns\/"]}]},{"@type":"ImageObject","inLanguage":"fr-FR","@id":"https:\/\/www.boisbuchet.org\/fr\/produit\/liquid-gold-and-other-suns\/#primaryimage","url":"https:\/\/www.boisbuchet.org\/wp-content\/uploads\/2020\/02\/2020-Tiles-NellyBenHayoun.jpg","contentUrl":"https:\/\/www.boisbuchet.org\/wp-content\/uploads\/2020\/02\/2020-Tiles-NellyBenHayoun.jpg","width":600,"height":400},{"@type":"BreadcrumbList","@id":"https:\/\/www.boisbuchet.org\/fr\/produit\/liquid-gold-and-other-suns\/#breadcrumb","itemListElement":[{"@type":"ListItem","position":1,"name":"Home","item":"https:\/\/www.boisbuchet.org\/fr\/"},{"@type":"ListItem","position":2,"name":"Boutique","item":"https:\/\/www.boisbuchet.org\/fr\/boutique\/"},{"@type":"ListItem","position":3,"name":"Liquid Gold and Other Suns"}]},{"@type":"WebSite","@id":"https:\/\/www.boisbuchet.org\/#website","url":"https:\/\/www.boisbuchet.org\/","name":"Domaine de Boisbuchet","description":"Summer Workshops | Park | Event\u00a0Location","publisher":{"@id":"https:\/\/www.boisbuchet.org\/#organization"},"potentialAction":[{"@type":"SearchAction","target":{"@type":"EntryPoint","urlTemplate":"https:\/\/www.boisbuchet.org\/?s={search_term_string}"},"query-input":{"@type":"PropertyValueSpecification","valueRequired":true,"valueName":"search_term_string"}}],"inLanguage":"fr-FR"},{"@type":"Organization","@id":"https:\/\/www.boisbuchet.org\/#organization","name":"Domine de Boisbuchet","url":"https:\/\/www.boisbuchet.org\/","logo":{"@type":"ImageObject","inLanguage":"fr-FR","@id":"https:\/\/www.boisbuchet.org\/#\/schema\/logo\/image\/","url":"https:\/\/www.boisbuchet.org\/wp-content\/uploads\/2019\/01\/logo_boisbuchet_black.png","contentUrl":"https:\/\/www.boisbuchet.org\/wp-content\/uploads\/2019\/01\/logo_boisbuchet_black.png","width":200,"height":73,"caption":"Domine de Boisbuchet"},"image":{"@id":"https:\/\/www.boisbuchet.org\/#\/schema\/logo\/image\/"},"sameAs":["https:\/\/www.facebook.com\/boisbuchet","https:\/\/x.com\/boisbuchet","https:\/\/www.instagram.com\/boisbuchet","https:\/\/www.linkedin.com\/company\/domaine-de-boisbuchet","https:\/\/www.pinterest.com\/boisbuchet"]}]}},"_links":{"self":[{"href":"https:\/\/www.boisbuchet.org\/fr\/wp-json\/wp\/v2\/product\/10559","targetHints":{"allow":["GET"]}}],"collection":[{"href":"https:\/\/www.boisbuchet.org\/fr\/wp-json\/wp\/v2\/product"}],"about":[{"href":"https:\/\/www.boisbuchet.org\/fr\/wp-json\/wp\/v2\/types\/product"}],"author":[{"embeddable":true,"href":"https:\/\/www.boisbuchet.org\/fr\/wp-json\/wp\/v2\/users\/707"}],"wp:featuredmedia":[{"embeddable":true,"href":"https:\/\/www.boisbuchet.org\/fr\/wp-json\/wp\/v2\/media\/10224"}],"wp:attachment":[{"href":"https:\/\/www.boisbuchet.org\/fr\/wp-json\/wp\/v2\/media?parent=10559"}],"wp:term":[{"taxonomy":"product_brand","embeddable":true,"href":"https:\/\/www.boisbuchet.org\/fr\/wp-json\/wp\/v2\/product_brand?post=10559"},{"taxonomy":"product_cat","embeddable":true,"href":"https:\/\/www.boisbuchet.org\/fr\/wp-json\/wp\/v2\/product_cat?post=10559"},{"taxonomy":"product_tag","embeddable":true,"href":"https:\/\/www.boisbuchet.org\/fr\/wp-json\/wp\/v2\/product_tag?post=10559"},{"taxonomy":"content-year","embeddable":true,"href":"https:\/\/www.boisbuchet.org\/fr\/wp-json\/wp\/v2\/content-year?post=10559"}],"curies":[{"name":"wp","href":"https:\/\/api.w.org\/{rel}","templated":true}]}}