{"id":14009,"date":"2022-02-28T22:21:15","date_gmt":"2022-02-28T21:21:15","guid":{"rendered":"https:\/\/www.boisbuchet.org\/product\/graphic-flaneur-a-map-to-getting-lost\/"},"modified":"2022-05-01T01:00:21","modified_gmt":"2022-04-30T23:00:21","slug":"graphic-flaneur-a-map-to-getting-lost","status":"publish","type":"product","link":"https:\/\/www.boisbuchet.org\/fr\/produit\/graphic-flaneur-a-map-to-getting-lost\/","title":{"rendered":"Graphic fl\u00e2neur. A map to getting lost"},"content":{"rendered":"<p>Dans cet atelier, vous deviendrez un explorateur graphique.<\/p>\n<p>Le terme \u00ab\u00a0<em>fl\u00e2neur<\/em>\u00a0\u00bb est un terme fran\u00e7ais, rendu c\u00e9l\u00e8bre par Charles Baudelaire \u00e0 la fin du XIXe si\u00e8cle. Il d\u00e9signe une personne qui se prom\u00e8ne sans se presser, tout en faisant des exp\u00e9riences et en \u00ab\u00a0ressentant\u00a0\u00bb le paysage qui l\u2019entoure.<\/p>\n<p>Plus tard, en 1953, le philosophe fran\u00e7ais Guy Debord a th\u00e9oris\u00e9 une nouvelle m\u00e9thodologie d\u2019investigation concernant l\u2019espace urbain. \u00ab\u00a0La psychog\u00e9ographie\u00a0\u00bb abandonne les codes d\u2019analyse traditionnels pour une approche multisensorielle et affective des espaces qui r\u00e9v\u00e8lent des aspects oubli\u00e9s ou marginalis\u00e9s. Son principal outil, appel\u00e9 \u00ab\u00a0<em>la d\u00e9rive<\/em>\u00a0\u00bb [lit. Drifting], est une technique de vagabondage sans objectifs, \u00e0 la recherche de l\u2019inhabituel et de l\u2019inattendu. Les cartes visuelles des Situationnistes, produites pour enregistrer l\u2019exp\u00e9rience v\u00e9cue, montrent comment l\u2019espace est per\u00e7u comme unitaire alors qu\u2019il est pourtant constitu\u00e9 d\u2019une s\u00e9lection et d\u2019une connexion personnelles de fragments\u00a0: images mobiles, lettrages et fl\u00e8ches.<\/p>\n<p>En jouant avec une repr\u00e9sentation en grille du Domaine, nous chercherons de nouvelles fa\u00e7ons de comprendre et de visualiser l\u2019espace, comme si nous \u00e9tions de vrais <em>fl\u00e2neurs<\/em>. L\u2019objectif final sera de cr\u00e9er votre propre carte du Domaine, avec des sites et des itin\u00e9raires qui d\u00e9passent les points d\u2019int\u00e9r\u00eat habituels, laissant aux futurs visiteurs de multiples possibilit\u00e9s pour d\u00e9couvrir ces 150\u00a0hectares.<\/p>\n<p>\u00c0 l\u2019heure de Google\u00a0Maps et de la collecte de donn\u00e9es, vous allez au lieu de cela entra\u00eener votre capacit\u00e9 \u00e0 vous perdre, \u00e0 observer ce qui n\u2019avait pas attir\u00e9 votre attention auparavant et \u00e0 \u00e9tablir de nouvelles connexions. Vous vous perfectionnerez \u00e9galement dans le langage graphique de la synth\u00e8se, du codage et de l\u2019abstraction. Nous travaillerons sur le terrain en associant des \u00e9l\u00e9ments pr\u00e9lev\u00e9s dans l\u2019environnement naturel et des techniques analogiques telles que le collage, les Letraset, les marqueurs, le papier et la x\u00e9rographie.<\/p>\n<p>Gr\u00e2ce \u00e0 notre enqu\u00eate sur les diff\u00e9rents proc\u00e9d\u00e9s de design graphique, nous ouvrirons de nouvelles perspectives sur le paysage physique.<\/p>\n","protected":false},"excerpt":{"rendered":"<p><span style=\"font-weight: 800;\">Tuteur(s):<\/span>\u00a0[wpv-view name=\"tutors-text-list\"]<br \/>\n<span style=\"font-weight: 800;\">Date de d\u00e9but:<\/span> [types field='workshop-date-start' style='text' format='F j, Y'][\/types]<br \/>\n<span style=\"font-weight: 800;\">Date de fin:<\/span> [types field='workshop-date-end' style='text' format='F j, Y'][\/types]<\/p>\n","protected":false},"author":707,"featured_media":13661,"template":"","meta":{"_monsterinsights_skip_tracking":false,"_monsterinsights_sitenote_active":false,"_monsterinsights_sitenote_note":"","_monsterinsights_sitenote_category":0},"product_brand":[],"product_cat":[770,230],"product_tag":[],"content-year":[709],"class_list":{"0":"post-14009","1":"product","2":"type-product","3":"status-publish","4":"has-post-thumbnail","6":"product_cat-cartes","7":"product_cat-graphique","8":"content-year-709","10":"first","11":"outofstock","12":"sold-individually","13":"shipping-taxable","14":"purchasable","15":"product-type-variable"},"yoast_head":"<!-- This site is optimized with the Yoast SEO plugin v27.1.1 - https:\/\/yoast.com\/product\/yoast-seo-wordpress\/ -->\n<title>Graphic fl\u00e2neur. A map to getting lost | Domaine de Boisbuchet<\/title>\n<meta name=\"robots\" content=\"noindex, follow\" \/>\n<meta property=\"og:locale\" content=\"fr_FR\" \/>\n<meta property=\"og:type\" content=\"article\" \/>\n<meta property=\"og:title\" content=\"Graphic fl\u00e2neur. A map to getting lost | Domaine de Boisbuchet\" \/>\n<meta property=\"og:description\" content=\"Tuteur(s):\u00a0 Date de d\u00e9but:  Date de fin:\" \/>\n<meta property=\"og:url\" content=\"https:\/\/www.boisbuchet.org\/produit\/graphic-flaneur-a-map-to-getting-lost\/\" \/>\n<meta property=\"og:site_name\" content=\"Domaine de Boisbuchet\" \/>\n<meta property=\"article:publisher\" content=\"https:\/\/www.facebook.com\/boisbuchet\" \/>\n<meta property=\"article:modified_time\" content=\"2022-04-30T23:00:21+00:00\" \/>\n<meta property=\"og:image\" content=\"https:\/\/www.boisbuchet.org\/wp-content\/uploads\/2022\/02\/2022_Silvia_Ferpal_GRID.jpg\" \/>\n\t<meta property=\"og:image:width\" content=\"600\" \/>\n\t<meta property=\"og:image:height\" content=\"400\" \/>\n\t<meta property=\"og:image:type\" content=\"image\/jpeg\" \/>\n<meta name=\"twitter:card\" content=\"summary_large_image\" \/>\n<meta name=\"twitter:site\" content=\"@boisbuchet\" \/>\n<meta name=\"twitter:label1\" content=\"Dur\u00e9e de lecture estim\u00e9e\" \/>\n\t<meta name=\"twitter:data1\" content=\"2 minutes\" \/>\n<script type=\"application\/ld+json\" class=\"yoast-schema-graph\">{\"@context\":\"https:\/\/schema.org\",\"@graph\":[{\"@type\":\"WebPage\",\"@id\":\"https:\/\/www.boisbuchet.org\/produit\/graphic-flaneur-a-map-to-getting-lost\/\",\"url\":\"https:\/\/www.boisbuchet.org\/produit\/graphic-flaneur-a-map-to-getting-lost\/\",\"name\":\"Graphic fl\u00e2neur. A map to getting lost | Domaine de Boisbuchet\",\"isPartOf\":{\"@id\":\"https:\/\/www.boisbuchet.org\/#website\"},\"primaryImageOfPage\":{\"@id\":\"https:\/\/www.boisbuchet.org\/produit\/graphic-flaneur-a-map-to-getting-lost\/#primaryimage\"},\"image\":{\"@id\":\"https:\/\/www.boisbuchet.org\/produit\/graphic-flaneur-a-map-to-getting-lost\/#primaryimage\"},\"thumbnailUrl\":\"https:\/\/www.boisbuchet.org\/wp-content\/uploads\/2022\/02\/2022_Silvia_Ferpal_GRID.jpg\",\"datePublished\":\"2022-02-28T21:21:15+00:00\",\"dateModified\":\"2022-04-30T23:00:21+00:00\",\"breadcrumb\":{\"@id\":\"https:\/\/www.boisbuchet.org\/produit\/graphic-flaneur-a-map-to-getting-lost\/#breadcrumb\"},\"inLanguage\":\"fr-FR\",\"potentialAction\":[{\"@type\":\"ReadAction\",\"target\":[\"https:\/\/www.boisbuchet.org\/produit\/graphic-flaneur-a-map-to-getting-lost\/\"]}]},{\"@type\":\"ImageObject\",\"inLanguage\":\"fr-FR\",\"@id\":\"https:\/\/www.boisbuchet.org\/produit\/graphic-flaneur-a-map-to-getting-lost\/#primaryimage\",\"url\":\"https:\/\/www.boisbuchet.org\/wp-content\/uploads\/2022\/02\/2022_Silvia_Ferpal_GRID.jpg\",\"contentUrl\":\"https:\/\/www.boisbuchet.org\/wp-content\/uploads\/2022\/02\/2022_Silvia_Ferpal_GRID.jpg\",\"width\":600,\"height\":400},{\"@type\":\"BreadcrumbList\",\"@id\":\"https:\/\/www.boisbuchet.org\/produit\/graphic-flaneur-a-map-to-getting-lost\/#breadcrumb\",\"itemListElement\":[{\"@type\":\"ListItem\",\"position\":1,\"name\":\"Home\",\"item\":\"https:\/\/www.boisbuchet.org\/fr\/\"},{\"@type\":\"ListItem\",\"position\":2,\"name\":\"Boutique\",\"item\":\"https:\/\/www.boisbuchet.org\/fr\/boutique\/\"},{\"@type\":\"ListItem\",\"position\":3,\"name\":\"Graphic fl\u00e2neur. A map to getting lost\"}]},{\"@type\":\"WebSite\",\"@id\":\"https:\/\/www.boisbuchet.org\/#website\",\"url\":\"https:\/\/www.boisbuchet.org\/\",\"name\":\"Domaine de Boisbuchet\",\"description\":\"Summer Workshops | Park | Event\u00a0Location\",\"publisher\":{\"@id\":\"https:\/\/www.boisbuchet.org\/#organization\"},\"potentialAction\":[{\"@type\":\"SearchAction\",\"target\":{\"@type\":\"EntryPoint\",\"urlTemplate\":\"https:\/\/www.boisbuchet.org\/?s={search_term_string}\"},\"query-input\":{\"@type\":\"PropertyValueSpecification\",\"valueRequired\":true,\"valueName\":\"search_term_string\"}}],\"inLanguage\":\"fr-FR\"},{\"@type\":\"Organization\",\"@id\":\"https:\/\/www.boisbuchet.org\/#organization\",\"name\":\"Domine de Boisbuchet\",\"url\":\"https:\/\/www.boisbuchet.org\/\",\"logo\":{\"@type\":\"ImageObject\",\"inLanguage\":\"fr-FR\",\"@id\":\"https:\/\/www.boisbuchet.org\/#\/schema\/logo\/image\/\",\"url\":\"https:\/\/www.boisbuchet.org\/wp-content\/uploads\/2019\/01\/logo_boisbuchet_black.png\",\"contentUrl\":\"https:\/\/www.boisbuchet.org\/wp-content\/uploads\/2019\/01\/logo_boisbuchet_black.png\",\"width\":200,\"height\":73,\"caption\":\"Domine de Boisbuchet\"},\"image\":{\"@id\":\"https:\/\/www.boisbuchet.org\/#\/schema\/logo\/image\/\"},\"sameAs\":[\"https:\/\/www.facebook.com\/boisbuchet\",\"https:\/\/x.com\/boisbuchet\",\"https:\/\/www.instagram.com\/boisbuchet\",\"https:\/\/www.linkedin.com\/company\/domaine-de-boisbuchet\",\"https:\/\/www.pinterest.com\/boisbuchet\"]}]}<\/script>\n<!-- \/ Yoast SEO plugin. -->","yoast_head_json":{"title":"Graphic fl\u00e2neur. A map to getting lost | Domaine de Boisbuchet","robots":{"index":"noindex","follow":"follow"},"og_locale":"fr_FR","og_type":"article","og_title":"Graphic fl\u00e2neur. A map to getting lost | Domaine de Boisbuchet","og_description":"Tuteur(s):\u00a0 Date de d\u00e9but:  Date de fin:","og_url":"https:\/\/www.boisbuchet.org\/produit\/graphic-flaneur-a-map-to-getting-lost\/","og_site_name":"Domaine de Boisbuchet","article_publisher":"https:\/\/www.facebook.com\/boisbuchet","article_modified_time":"2022-04-30T23:00:21+00:00","og_image":[{"width":600,"height":400,"url":"https:\/\/www.boisbuchet.org\/wp-content\/uploads\/2022\/02\/2022_Silvia_Ferpal_GRID.jpg","type":"image\/jpeg"}],"twitter_card":"summary_large_image","twitter_site":"@boisbuchet","twitter_misc":{"Dur\u00e9e de lecture estim\u00e9e":"2 minutes"},"schema":{"@context":"https:\/\/schema.org","@graph":[{"@type":"WebPage","@id":"https:\/\/www.boisbuchet.org\/produit\/graphic-flaneur-a-map-to-getting-lost\/","url":"https:\/\/www.boisbuchet.org\/produit\/graphic-flaneur-a-map-to-getting-lost\/","name":"Graphic fl\u00e2neur. A map to getting lost | Domaine de Boisbuchet","isPartOf":{"@id":"https:\/\/www.boisbuchet.org\/#website"},"primaryImageOfPage":{"@id":"https:\/\/www.boisbuchet.org\/produit\/graphic-flaneur-a-map-to-getting-lost\/#primaryimage"},"image":{"@id":"https:\/\/www.boisbuchet.org\/produit\/graphic-flaneur-a-map-to-getting-lost\/#primaryimage"},"thumbnailUrl":"https:\/\/www.boisbuchet.org\/wp-content\/uploads\/2022\/02\/2022_Silvia_Ferpal_GRID.jpg","datePublished":"2022-02-28T21:21:15+00:00","dateModified":"2022-04-30T23:00:21+00:00","breadcrumb":{"@id":"https:\/\/www.boisbuchet.org\/produit\/graphic-flaneur-a-map-to-getting-lost\/#breadcrumb"},"inLanguage":"fr-FR","potentialAction":[{"@type":"ReadAction","target":["https:\/\/www.boisbuchet.org\/produit\/graphic-flaneur-a-map-to-getting-lost\/"]}]},{"@type":"ImageObject","inLanguage":"fr-FR","@id":"https:\/\/www.boisbuchet.org\/produit\/graphic-flaneur-a-map-to-getting-lost\/#primaryimage","url":"https:\/\/www.boisbuchet.org\/wp-content\/uploads\/2022\/02\/2022_Silvia_Ferpal_GRID.jpg","contentUrl":"https:\/\/www.boisbuchet.org\/wp-content\/uploads\/2022\/02\/2022_Silvia_Ferpal_GRID.jpg","width":600,"height":400},{"@type":"BreadcrumbList","@id":"https:\/\/www.boisbuchet.org\/produit\/graphic-flaneur-a-map-to-getting-lost\/#breadcrumb","itemListElement":[{"@type":"ListItem","position":1,"name":"Home","item":"https:\/\/www.boisbuchet.org\/fr\/"},{"@type":"ListItem","position":2,"name":"Boutique","item":"https:\/\/www.boisbuchet.org\/fr\/boutique\/"},{"@type":"ListItem","position":3,"name":"Graphic fl\u00e2neur. A map to getting lost"}]},{"@type":"WebSite","@id":"https:\/\/www.boisbuchet.org\/#website","url":"https:\/\/www.boisbuchet.org\/","name":"Domaine de Boisbuchet","description":"Summer Workshops | Park | Event\u00a0Location","publisher":{"@id":"https:\/\/www.boisbuchet.org\/#organization"},"potentialAction":[{"@type":"SearchAction","target":{"@type":"EntryPoint","urlTemplate":"https:\/\/www.boisbuchet.org\/?s={search_term_string}"},"query-input":{"@type":"PropertyValueSpecification","valueRequired":true,"valueName":"search_term_string"}}],"inLanguage":"fr-FR"},{"@type":"Organization","@id":"https:\/\/www.boisbuchet.org\/#organization","name":"Domine de Boisbuchet","url":"https:\/\/www.boisbuchet.org\/","logo":{"@type":"ImageObject","inLanguage":"fr-FR","@id":"https:\/\/www.boisbuchet.org\/#\/schema\/logo\/image\/","url":"https:\/\/www.boisbuchet.org\/wp-content\/uploads\/2019\/01\/logo_boisbuchet_black.png","contentUrl":"https:\/\/www.boisbuchet.org\/wp-content\/uploads\/2019\/01\/logo_boisbuchet_black.png","width":200,"height":73,"caption":"Domine de Boisbuchet"},"image":{"@id":"https:\/\/www.boisbuchet.org\/#\/schema\/logo\/image\/"},"sameAs":["https:\/\/www.facebook.com\/boisbuchet","https:\/\/x.com\/boisbuchet","https:\/\/www.instagram.com\/boisbuchet","https:\/\/www.linkedin.com\/company\/domaine-de-boisbuchet","https:\/\/www.pinterest.com\/boisbuchet"]}]}},"_links":{"self":[{"href":"https:\/\/www.boisbuchet.org\/fr\/wp-json\/wp\/v2\/product\/14009","targetHints":{"allow":["GET"]}}],"collection":[{"href":"https:\/\/www.boisbuchet.org\/fr\/wp-json\/wp\/v2\/product"}],"about":[{"href":"https:\/\/www.boisbuchet.org\/fr\/wp-json\/wp\/v2\/types\/product"}],"author":[{"embeddable":true,"href":"https:\/\/www.boisbuchet.org\/fr\/wp-json\/wp\/v2\/users\/707"}],"wp:featuredmedia":[{"embeddable":true,"href":"https:\/\/www.boisbuchet.org\/fr\/wp-json\/wp\/v2\/media\/13661"}],"wp:attachment":[{"href":"https:\/\/www.boisbuchet.org\/fr\/wp-json\/wp\/v2\/media?parent=14009"}],"wp:term":[{"taxonomy":"product_brand","embeddable":true,"href":"https:\/\/www.boisbuchet.org\/fr\/wp-json\/wp\/v2\/product_brand?post=14009"},{"taxonomy":"product_cat","embeddable":true,"href":"https:\/\/www.boisbuchet.org\/fr\/wp-json\/wp\/v2\/product_cat?post=14009"},{"taxonomy":"product_tag","embeddable":true,"href":"https:\/\/www.boisbuchet.org\/fr\/wp-json\/wp\/v2\/product_tag?post=14009"},{"taxonomy":"content-year","embeddable":true,"href":"https:\/\/www.boisbuchet.org\/fr\/wp-json\/wp\/v2\/content-year?post=14009"}],"curies":[{"name":"wp","href":"https:\/\/api.w.org\/{rel}","templated":true}]}}