{"id":14036,"date":"2022-03-01T20:17:15","date_gmt":"2022-03-01T19:17:15","guid":{"rendered":"https:\/\/www.boisbuchet.org\/product\/here-comes-the-sun\/"},"modified":"2022-05-01T01:00:22","modified_gmt":"2022-04-30T23:00:22","slug":"here-comes-the-sun","status":"publish","type":"product","link":"https:\/\/www.boisbuchet.org\/fr\/produit\/here-comes-the-sun\/","title":{"rendered":"Here Comes the Sun"},"content":{"rendered":"<p>En 30 minutes, le soleil envoie plus d\u2019\u00e9nergie sur la terre que ce que nous consommons tous en une ann\u00e9e enti\u00e8re.<\/p>\n<p>Avec seulement 1 % des d\u00e9serts de la plan\u00e8te, les centrales solaires pourraient \u00e0 elles seules produire plus d\u2019\u00e9nergie que les combustibles fossiles n\u2019en produisent actuellement dans le monde. L\u2019avenir appartient \u00e0 ceux qui parviendront \u00e0 exploiter efficacement ces r\u00e9serves. En association avec l\u2019optimisation de la production d\u2019\u00e9nergie \u00e0 partir d\u2019autres \u00e9l\u00e9ments, un ensemble complet d\u2019outils va \u00e9voluer pour contribuer \u00e0 la fin \u00e0 la disparition du gaspillage des ressources fossiles naturelles utilis\u00e9es dans la production d\u2019\u00e9nergie.<\/p>\n<p>Au cours de cet atelier, nous explorerons ensemble toute une s\u00e9rie de principes diff\u00e9rents qui permettent l\u2019exploitation d\u2019une \u00e9nergie alternative. Nous apprendrons, discuterons, explorerons, construirons, mesurerons et innoverons ensemble avec pour progresser dans le domaine des \u00e9nergies renouvelables.<\/p>\n<p>L\u2019atelier sera dirig\u00e9 par Knut Stockhusen et Gerhard Weinrebe, qui travaillent ensemble depuis plus de 20 ans. La symbiose entre une ing\u00e9nierie cr\u00e9ative et une production d\u2019\u00e9nergie innovante sera une cl\u00e9 majeure pour un avenir plus durable. Au cours de la semaine, Gary vous guidera vers une compr\u00e9hension holistique de la production d\u2019\u00e9nergie alternative et r\u00e9g\u00e9n\u00e9rative, \u00e0 petite et grande \u00e9chelle. Knut pr\u00e9sentera la mani\u00e8re dont cette production peut \u00eatre int\u00e9gr\u00e9e dans le tissu urbain et comment chaque designer peut faire la diff\u00e9rence.<\/p>\n<p>L\u2019atelier s\u2019adresse aux ing\u00e9nieurs, designers, architectes, ing\u00e9nieurs en g\u00e9nie climatique, croyants, r\u00eaveurs, \u00e0 ceux qui veulent seulement faire la diff\u00e9rence et \u00e0 ceux qui, tout simplement, aiment le soleil, le vent et l\u2019eau.<\/p>\n","protected":false},"excerpt":{"rendered":"<p><span style=\"font-weight: 800;\">Tuteur(s):<\/span>\u00a0[wpv-view name=\"tutors-text-list\"]<br \/>\n<span style=\"font-weight: 800;\">Date de d\u00e9but:<\/span> [types field='workshop-date-start' style='text' format='F j, Y'][\/types]<br \/>\n<span style=\"font-weight: 800;\">Date de fin:<\/span> [types field='workshop-date-end' style='text' format='F j, Y'][\/types]<\/p>\n","protected":false},"author":707,"featured_media":14427,"template":"","meta":{"_monsterinsights_skip_tracking":false,"_monsterinsights_sitenote_active":false,"_monsterinsights_sitenote_note":"","_monsterinsights_sitenote_category":0},"product_brand":[],"product_cat":[761,763,773],"product_tag":[],"content-year":[709],"class_list":{"0":"post-14036","1":"product","2":"type-product","3":"status-publish","4":"has-post-thumbnail","6":"product_cat-diy-fr","7":"product_cat-energie","8":"product_cat-energies-renouvelables","9":"content-year-709","11":"first","12":"outofstock","13":"sold-individually","14":"shipping-taxable","15":"purchasable","16":"product-type-variable"},"yoast_head":"<!-- This site is optimized with the Yoast SEO plugin v27.1.1 - https:\/\/yoast.com\/product\/yoast-seo-wordpress\/ -->\n<title>Here Comes the Sun | Domaine de Boisbuchet<\/title>\n<meta name=\"robots\" content=\"noindex, follow\" \/>\n<meta property=\"og:locale\" content=\"fr_FR\" \/>\n<meta property=\"og:type\" content=\"article\" \/>\n<meta property=\"og:title\" content=\"Here Comes the Sun | Domaine de Boisbuchet\" \/>\n<meta property=\"og:description\" content=\"Tuteur(s):\u00a0 Date de d\u00e9but:  Date de fin:\" \/>\n<meta property=\"og:url\" content=\"https:\/\/www.boisbuchet.org\/produit\/here-comes-the-sun\/\" \/>\n<meta property=\"og:site_name\" content=\"Domaine de Boisbuchet\" \/>\n<meta property=\"article:publisher\" content=\"https:\/\/www.facebook.com\/boisbuchet\" \/>\n<meta property=\"article:modified_time\" content=\"2022-04-30T23:00:22+00:00\" \/>\n<meta property=\"og:image\" content=\"https:\/\/www.boisbuchet.org\/wp-content\/uploads\/2022\/03\/2022_Schlaich_Bergerman_GRID2.jpg\" \/>\n\t<meta property=\"og:image:width\" content=\"600\" \/>\n\t<meta property=\"og:image:height\" content=\"400\" \/>\n\t<meta property=\"og:image:type\" content=\"image\/jpeg\" \/>\n<meta name=\"twitter:card\" content=\"summary_large_image\" \/>\n<meta name=\"twitter:site\" content=\"@boisbuchet\" \/>\n<meta name=\"twitter:label1\" content=\"Dur\u00e9e de lecture estim\u00e9e\" \/>\n\t<meta name=\"twitter:data1\" content=\"1 minute\" \/>\n<script type=\"application\/ld+json\" class=\"yoast-schema-graph\">{\"@context\":\"https:\/\/schema.org\",\"@graph\":[{\"@type\":\"WebPage\",\"@id\":\"https:\/\/www.boisbuchet.org\/produit\/here-comes-the-sun\/\",\"url\":\"https:\/\/www.boisbuchet.org\/produit\/here-comes-the-sun\/\",\"name\":\"Here Comes the Sun | Domaine de Boisbuchet\",\"isPartOf\":{\"@id\":\"https:\/\/www.boisbuchet.org\/#website\"},\"primaryImageOfPage\":{\"@id\":\"https:\/\/www.boisbuchet.org\/produit\/here-comes-the-sun\/#primaryimage\"},\"image\":{\"@id\":\"https:\/\/www.boisbuchet.org\/produit\/here-comes-the-sun\/#primaryimage\"},\"thumbnailUrl\":\"https:\/\/www.boisbuchet.org\/wp-content\/uploads\/2022\/03\/2022_Schlaich_Bergerman_GRIDNEW.jpg\",\"datePublished\":\"2022-03-01T19:17:15+00:00\",\"dateModified\":\"2022-04-30T23:00:22+00:00\",\"breadcrumb\":{\"@id\":\"https:\/\/www.boisbuchet.org\/produit\/here-comes-the-sun\/#breadcrumb\"},\"inLanguage\":\"fr-FR\",\"potentialAction\":[{\"@type\":\"ReadAction\",\"target\":[\"https:\/\/www.boisbuchet.org\/produit\/here-comes-the-sun\/\"]}]},{\"@type\":\"ImageObject\",\"inLanguage\":\"fr-FR\",\"@id\":\"https:\/\/www.boisbuchet.org\/produit\/here-comes-the-sun\/#primaryimage\",\"url\":\"https:\/\/www.boisbuchet.org\/wp-content\/uploads\/2022\/03\/2022_Schlaich_Bergerman_GRIDNEW.jpg\",\"contentUrl\":\"https:\/\/www.boisbuchet.org\/wp-content\/uploads\/2022\/03\/2022_Schlaich_Bergerman_GRIDNEW.jpg\",\"width\":600,\"height\":400},{\"@type\":\"BreadcrumbList\",\"@id\":\"https:\/\/www.boisbuchet.org\/produit\/here-comes-the-sun\/#breadcrumb\",\"itemListElement\":[{\"@type\":\"ListItem\",\"position\":1,\"name\":\"Home\",\"item\":\"https:\/\/www.boisbuchet.org\/fr\/\"},{\"@type\":\"ListItem\",\"position\":2,\"name\":\"Boutique\",\"item\":\"https:\/\/www.boisbuchet.org\/fr\/boutique\/\"},{\"@type\":\"ListItem\",\"position\":3,\"name\":\"Here Comes the Sun\"}]},{\"@type\":\"WebSite\",\"@id\":\"https:\/\/www.boisbuchet.org\/#website\",\"url\":\"https:\/\/www.boisbuchet.org\/\",\"name\":\"Domaine de Boisbuchet\",\"description\":\"Summer Workshops | Park | Event\u00a0Location\",\"publisher\":{\"@id\":\"https:\/\/www.boisbuchet.org\/#organization\"},\"potentialAction\":[{\"@type\":\"SearchAction\",\"target\":{\"@type\":\"EntryPoint\",\"urlTemplate\":\"https:\/\/www.boisbuchet.org\/?s={search_term_string}\"},\"query-input\":{\"@type\":\"PropertyValueSpecification\",\"valueRequired\":true,\"valueName\":\"search_term_string\"}}],\"inLanguage\":\"fr-FR\"},{\"@type\":\"Organization\",\"@id\":\"https:\/\/www.boisbuchet.org\/#organization\",\"name\":\"Domine de Boisbuchet\",\"url\":\"https:\/\/www.boisbuchet.org\/\",\"logo\":{\"@type\":\"ImageObject\",\"inLanguage\":\"fr-FR\",\"@id\":\"https:\/\/www.boisbuchet.org\/#\/schema\/logo\/image\/\",\"url\":\"https:\/\/www.boisbuchet.org\/wp-content\/uploads\/2019\/01\/logo_boisbuchet_black.png\",\"contentUrl\":\"https:\/\/www.boisbuchet.org\/wp-content\/uploads\/2019\/01\/logo_boisbuchet_black.png\",\"width\":200,\"height\":73,\"caption\":\"Domine de Boisbuchet\"},\"image\":{\"@id\":\"https:\/\/www.boisbuchet.org\/#\/schema\/logo\/image\/\"},\"sameAs\":[\"https:\/\/www.facebook.com\/boisbuchet\",\"https:\/\/x.com\/boisbuchet\",\"https:\/\/www.instagram.com\/boisbuchet\",\"https:\/\/www.linkedin.com\/company\/domaine-de-boisbuchet\",\"https:\/\/www.pinterest.com\/boisbuchet\"]}]}<\/script>\n<!-- \/ Yoast SEO plugin. -->","yoast_head_json":{"title":"Here Comes the Sun | Domaine de Boisbuchet","robots":{"index":"noindex","follow":"follow"},"og_locale":"fr_FR","og_type":"article","og_title":"Here Comes the Sun | Domaine de Boisbuchet","og_description":"Tuteur(s):\u00a0 Date de d\u00e9but:  Date de fin:","og_url":"https:\/\/www.boisbuchet.org\/produit\/here-comes-the-sun\/","og_site_name":"Domaine de Boisbuchet","article_publisher":"https:\/\/www.facebook.com\/boisbuchet","article_modified_time":"2022-04-30T23:00:22+00:00","og_image":[{"width":600,"height":400,"url":"https:\/\/www.boisbuchet.org\/wp-content\/uploads\/2022\/03\/2022_Schlaich_Bergerman_GRID2.jpg","type":"image\/jpeg"}],"twitter_card":"summary_large_image","twitter_site":"@boisbuchet","twitter_misc":{"Dur\u00e9e de lecture estim\u00e9e":"1 minute"},"schema":{"@context":"https:\/\/schema.org","@graph":[{"@type":"WebPage","@id":"https:\/\/www.boisbuchet.org\/produit\/here-comes-the-sun\/","url":"https:\/\/www.boisbuchet.org\/produit\/here-comes-the-sun\/","name":"Here Comes the Sun | Domaine de Boisbuchet","isPartOf":{"@id":"https:\/\/www.boisbuchet.org\/#website"},"primaryImageOfPage":{"@id":"https:\/\/www.boisbuchet.org\/produit\/here-comes-the-sun\/#primaryimage"},"image":{"@id":"https:\/\/www.boisbuchet.org\/produit\/here-comes-the-sun\/#primaryimage"},"thumbnailUrl":"https:\/\/www.boisbuchet.org\/wp-content\/uploads\/2022\/03\/2022_Schlaich_Bergerman_GRIDNEW.jpg","datePublished":"2022-03-01T19:17:15+00:00","dateModified":"2022-04-30T23:00:22+00:00","breadcrumb":{"@id":"https:\/\/www.boisbuchet.org\/produit\/here-comes-the-sun\/#breadcrumb"},"inLanguage":"fr-FR","potentialAction":[{"@type":"ReadAction","target":["https:\/\/www.boisbuchet.org\/produit\/here-comes-the-sun\/"]}]},{"@type":"ImageObject","inLanguage":"fr-FR","@id":"https:\/\/www.boisbuchet.org\/produit\/here-comes-the-sun\/#primaryimage","url":"https:\/\/www.boisbuchet.org\/wp-content\/uploads\/2022\/03\/2022_Schlaich_Bergerman_GRIDNEW.jpg","contentUrl":"https:\/\/www.boisbuchet.org\/wp-content\/uploads\/2022\/03\/2022_Schlaich_Bergerman_GRIDNEW.jpg","width":600,"height":400},{"@type":"BreadcrumbList","@id":"https:\/\/www.boisbuchet.org\/produit\/here-comes-the-sun\/#breadcrumb","itemListElement":[{"@type":"ListItem","position":1,"name":"Home","item":"https:\/\/www.boisbuchet.org\/fr\/"},{"@type":"ListItem","position":2,"name":"Boutique","item":"https:\/\/www.boisbuchet.org\/fr\/boutique\/"},{"@type":"ListItem","position":3,"name":"Here Comes the Sun"}]},{"@type":"WebSite","@id":"https:\/\/www.boisbuchet.org\/#website","url":"https:\/\/www.boisbuchet.org\/","name":"Domaine de Boisbuchet","description":"Summer Workshops | Park | Event\u00a0Location","publisher":{"@id":"https:\/\/www.boisbuchet.org\/#organization"},"potentialAction":[{"@type":"SearchAction","target":{"@type":"EntryPoint","urlTemplate":"https:\/\/www.boisbuchet.org\/?s={search_term_string}"},"query-input":{"@type":"PropertyValueSpecification","valueRequired":true,"valueName":"search_term_string"}}],"inLanguage":"fr-FR"},{"@type":"Organization","@id":"https:\/\/www.boisbuchet.org\/#organization","name":"Domine de Boisbuchet","url":"https:\/\/www.boisbuchet.org\/","logo":{"@type":"ImageObject","inLanguage":"fr-FR","@id":"https:\/\/www.boisbuchet.org\/#\/schema\/logo\/image\/","url":"https:\/\/www.boisbuchet.org\/wp-content\/uploads\/2019\/01\/logo_boisbuchet_black.png","contentUrl":"https:\/\/www.boisbuchet.org\/wp-content\/uploads\/2019\/01\/logo_boisbuchet_black.png","width":200,"height":73,"caption":"Domine de Boisbuchet"},"image":{"@id":"https:\/\/www.boisbuchet.org\/#\/schema\/logo\/image\/"},"sameAs":["https:\/\/www.facebook.com\/boisbuchet","https:\/\/x.com\/boisbuchet","https:\/\/www.instagram.com\/boisbuchet","https:\/\/www.linkedin.com\/company\/domaine-de-boisbuchet","https:\/\/www.pinterest.com\/boisbuchet"]}]}},"_links":{"self":[{"href":"https:\/\/www.boisbuchet.org\/fr\/wp-json\/wp\/v2\/product\/14036","targetHints":{"allow":["GET"]}}],"collection":[{"href":"https:\/\/www.boisbuchet.org\/fr\/wp-json\/wp\/v2\/product"}],"about":[{"href":"https:\/\/www.boisbuchet.org\/fr\/wp-json\/wp\/v2\/types\/product"}],"author":[{"embeddable":true,"href":"https:\/\/www.boisbuchet.org\/fr\/wp-json\/wp\/v2\/users\/707"}],"wp:featuredmedia":[{"embeddable":true,"href":"https:\/\/www.boisbuchet.org\/fr\/wp-json\/wp\/v2\/media\/14427"}],"wp:attachment":[{"href":"https:\/\/www.boisbuchet.org\/fr\/wp-json\/wp\/v2\/media?parent=14036"}],"wp:term":[{"taxonomy":"product_brand","embeddable":true,"href":"https:\/\/www.boisbuchet.org\/fr\/wp-json\/wp\/v2\/product_brand?post=14036"},{"taxonomy":"product_cat","embeddable":true,"href":"https:\/\/www.boisbuchet.org\/fr\/wp-json\/wp\/v2\/product_cat?post=14036"},{"taxonomy":"product_tag","embeddable":true,"href":"https:\/\/www.boisbuchet.org\/fr\/wp-json\/wp\/v2\/product_tag?post=14036"},{"taxonomy":"content-year","embeddable":true,"href":"https:\/\/www.boisbuchet.org\/fr\/wp-json\/wp\/v2\/content-year?post=14036"}],"curies":[{"name":"wp","href":"https:\/\/api.w.org\/{rel}","templated":true}]}}