{"id":20160,"date":"2024-03-11T18:58:47","date_gmt":"2024-03-11T17:58:47","guid":{"rendered":"https:\/\/www.boisbuchet.org\/product\/shadows-and-whispers-2024\/"},"modified":"2024-05-01T00:00:21","modified_gmt":"2024-04-30T22:00:21","slug":"shadows-and-whispers-2024","status":"publish","type":"product","link":"https:\/\/www.boisbuchet.org\/fr\/produit\/shadows-and-whispers-2024\/","title":{"rendered":"Shadows and Whispers 2024"},"content":{"rendered":"<div class=\"fusion-fullwidth fullwidth-box fusion-builder-row-1 fusion-flex-container has-pattern-background has-mask-background nonhundred-percent-fullwidth non-hundred-percent-height-scrolling\" style=\"--awb-border-radius-top-left:0px;--awb-border-radius-top-right:0px;--awb-border-radius-bottom-right:0px;--awb-border-radius-bottom-left:0px;--awb-flex-wrap:wrap;\" ><div class=\"fusion-builder-row fusion-row fusion-flex-align-items-flex-start fusion-flex-content-wrap\" style=\"max-width:1144px;margin-left: calc(-4% \/ 2 );margin-right: calc(-4% \/ 2 );\"><div class=\"fusion-layout-column fusion_builder_column fusion-builder-column-0 fusion_builder_column_1_1 1_1 fusion-flex-column\" style=\"--awb-bg-size:cover;--awb-width-large:100%;--awb-margin-top-large:0px;--awb-spacing-right-large:1.92%;--awb-margin-bottom-large:20px;--awb-spacing-left-large:1.92%;--awb-width-medium:100%;--awb-order-medium:0;--awb-spacing-right-medium:1.92%;--awb-spacing-left-medium:1.92%;--awb-width-small:100%;--awb-order-small:0;--awb-spacing-right-small:1.92%;--awb-spacing-left-small:1.92%;\"><div class=\"fusion-column-wrapper fusion-column-has-shadow fusion-flex-justify-content-flex-start fusion-content-layout-column\"><div class=\"fusion-text fusion-text-1\"><p>L&#8217;atelier porte sur la lumi\u00e8re naturelle et artificielle, les ombres, les sons et les chuchotements. La nature et la technologie peuvent sembler \u00eatre des mondes diff\u00e9rents. Cependant, ces mondes pourraient-ils se croiser et se combiner sous de nouvelles formes ? Les fronti\u00e8res subtiles entre les mondes artificiels et naturels pourraient-elles \u00eatre la cl\u00e9 de nouvelles formes d&#8217;harmonie dans notre monde \u00e9largi et turbulent ? Que pouvons-nous apprendre des motifs de la nature ? \u00c0 l&#8217;inverse, que pouvons-nous offrir \u00e0 la nature ?<\/p>\n<p>Dans une installation qui cherche de nouvelles conversations avec le monde de la nature, nous exp\u00e9rimenterons et cr\u00e9erons un paysage sonore et lumineux hybride. Une s\u00e9rie de discussions et d&#8217;explorations r\u00e9fl\u00e9chiront \u00e0 certaines des connexions et transitions profondes que l&#8217;on peut trouver dans le monde naturel et technique. Il s&#8217;agira d&#8217;\u00e9couter et de regarder attentivement, de comprendre et de r\u00e9pondre. Nous esp\u00e9rons cr\u00e9er un nouveau monde profond\u00e9ment entrelac\u00e9, soutenu par des dispositifs techniques et install\u00e9 dans l&#8217;architecture et la nature uniques de Boisbuchet.<\/p>\n<p>Pour pr\u00e9parer les participants \u00e0 l&#8217;atelier, le studio de sculpture de Philip Beesley, Matt Gorbet et Rob Gorbet, bas\u00e9 \u00e0 Toronto, travaille avec les chercheurs internationaux du Living Architecture Systems Group et pr\u00e9pare des kits de pi\u00e8ces de connexion g\u00e9om\u00e9trique, des enregistreurs sonores tr\u00e8s simples et des lumi\u00e8res pour cr\u00e9er des ombres. Chaque participant recevra un kit de pi\u00e8ces qu&#8217;il utilisera pour explorer les limites entre le son, la lumi\u00e8re et le mouvement manuel. L&#8217;exploration individuelle suivra une journ\u00e9e d&#8217;introduction au cours de laquelle nous suivrons des mod\u00e8les de kits qui introduiront des m\u00e9thodes de travail sp\u00e9cialis\u00e9es ; certaines parties de ces kits pourront \u00eatre \u00e9tendues en utilisant des mat\u00e9riaux que vous trouverez sur les terres du Domaine.<\/p>\n<p>Les derniers jours de l&#8217;atelier, nous rassemblerons nos explorations dans une installation et une performance collectives. Nous cr\u00e9erons des champs de nouveaux espaces en utilisant des ombres et des projections artificielles et en produisant des sons et des tonalit\u00e9s. Dans les ombres scintillantes, des mondes oniriques pourront \u00eatre vus ; dans les chuchotements, de nouvelles voix pourront \u00eatre entendues.<\/p>\n<\/div><\/div><\/div><\/div><\/div>\n","protected":false},"excerpt":{"rendered":"<p><strong>Tuteur(s) :<\/strong>\u00a0[wpv-view name=\"tutors-text-list\"]<br \/>\n<strong>Date de d\u00e9but :<\/strong>\u00a0[types field='workshop-date-start' style='text' format='F j, Y'][\/types]<br \/>\n<strong>Date de fin:<\/strong>\u00a0[types field='workshop-date-end' style='text' format='F j, Y'][\/types]<\/p>\n","protected":false},"author":707,"featured_media":19949,"template":"","meta":{"_monsterinsights_skip_tracking":false,"_monsterinsights_sitenote_active":false,"_monsterinsights_sitenote_note":"","_monsterinsights_sitenote_category":0},"product_brand":[],"product_cat":[255,687,271],"product_tag":[],"content-year":[887],"class_list":{"0":"post-20160","1":"product","2":"type-product","3":"status-publish","4":"has-post-thumbnail","6":"product_cat-installation-fr","7":"product_cat-interaction-fr","8":"product_cat-sound-fr","9":"content-year-887","11":"first","12":"outofstock","13":"sold-individually","14":"shipping-taxable","15":"purchasable","16":"product-type-variable"},"yoast_head":"<!-- This site is optimized with the Yoast SEO plugin v27.1.1 - https:\/\/yoast.com\/product\/yoast-seo-wordpress\/ -->\n<title>Shadows and Whispers 2024 | Domaine de Boisbuchet<\/title>\n<meta name=\"robots\" content=\"noindex, follow\" \/>\n<meta property=\"og:locale\" content=\"fr_FR\" \/>\n<meta property=\"og:type\" content=\"article\" \/>\n<meta property=\"og:title\" content=\"Shadows and Whispers 2024 | Domaine de Boisbuchet\" \/>\n<meta property=\"og:description\" content=\"Tuteur(s) :\u00a0 Date de d\u00e9but :\u00a0 Date de fin:\u00a0\" \/>\n<meta property=\"og:url\" content=\"https:\/\/www.boisbuchet.org\/produit\/shadows-and-whispers-2024\/\" \/>\n<meta property=\"og:site_name\" content=\"Domaine de Boisbuchet\" \/>\n<meta property=\"article:publisher\" content=\"https:\/\/www.facebook.com\/boisbuchet\" \/>\n<meta property=\"article:modified_time\" content=\"2024-04-30T22:00:21+00:00\" \/>\n<meta property=\"og:image\" content=\"https:\/\/www.boisbuchet.org\/wp-content\/uploads\/2024\/03\/2024_Philip_Beesley_tile.jpg\" \/>\n\t<meta property=\"og:image:width\" content=\"600\" \/>\n\t<meta property=\"og:image:height\" content=\"400\" \/>\n\t<meta property=\"og:image:type\" content=\"image\/jpeg\" \/>\n<meta name=\"twitter:card\" content=\"summary_large_image\" \/>\n<meta name=\"twitter:site\" content=\"@boisbuchet\" \/>\n<meta name=\"twitter:label1\" content=\"Dur\u00e9e de lecture estim\u00e9e\" \/>\n\t<meta name=\"twitter:data1\" content=\"6 minutes\" \/>\n<script type=\"application\/ld+json\" class=\"yoast-schema-graph\">{\"@context\":\"https:\/\/schema.org\",\"@graph\":[{\"@type\":\"WebPage\",\"@id\":\"https:\/\/www.boisbuchet.org\/produit\/shadows-and-whispers-2024\/\",\"url\":\"https:\/\/www.boisbuchet.org\/produit\/shadows-and-whispers-2024\/\",\"name\":\"Shadows and Whispers 2024 | Domaine de Boisbuchet\",\"isPartOf\":{\"@id\":\"https:\/\/www.boisbuchet.org\/#website\"},\"primaryImageOfPage\":{\"@id\":\"https:\/\/www.boisbuchet.org\/produit\/shadows-and-whispers-2024\/#primaryimage\"},\"image\":{\"@id\":\"https:\/\/www.boisbuchet.org\/produit\/shadows-and-whispers-2024\/#primaryimage\"},\"thumbnailUrl\":\"https:\/\/www.boisbuchet.org\/wp-content\/uploads\/2024\/03\/2024_Philip_Beesley_tile.jpg\",\"datePublished\":\"2024-03-11T17:58:47+00:00\",\"dateModified\":\"2024-04-30T22:00:21+00:00\",\"breadcrumb\":{\"@id\":\"https:\/\/www.boisbuchet.org\/produit\/shadows-and-whispers-2024\/#breadcrumb\"},\"inLanguage\":\"fr-FR\",\"potentialAction\":[{\"@type\":\"ReadAction\",\"target\":[\"https:\/\/www.boisbuchet.org\/produit\/shadows-and-whispers-2024\/\"]}]},{\"@type\":\"ImageObject\",\"inLanguage\":\"fr-FR\",\"@id\":\"https:\/\/www.boisbuchet.org\/produit\/shadows-and-whispers-2024\/#primaryimage\",\"url\":\"https:\/\/www.boisbuchet.org\/wp-content\/uploads\/2024\/03\/2024_Philip_Beesley_tile.jpg\",\"contentUrl\":\"https:\/\/www.boisbuchet.org\/wp-content\/uploads\/2024\/03\/2024_Philip_Beesley_tile.jpg\",\"width\":600,\"height\":400},{\"@type\":\"BreadcrumbList\",\"@id\":\"https:\/\/www.boisbuchet.org\/produit\/shadows-and-whispers-2024\/#breadcrumb\",\"itemListElement\":[{\"@type\":\"ListItem\",\"position\":1,\"name\":\"Home\",\"item\":\"https:\/\/www.boisbuchet.org\/fr\/\"},{\"@type\":\"ListItem\",\"position\":2,\"name\":\"Boutique\",\"item\":\"https:\/\/www.boisbuchet.org\/fr\/boutique\/\"},{\"@type\":\"ListItem\",\"position\":3,\"name\":\"Shadows and Whispers 2024\"}]},{\"@type\":\"WebSite\",\"@id\":\"https:\/\/www.boisbuchet.org\/#website\",\"url\":\"https:\/\/www.boisbuchet.org\/\",\"name\":\"Domaine de Boisbuchet\",\"description\":\"Summer Workshops | Park | Event\u00a0Location\",\"publisher\":{\"@id\":\"https:\/\/www.boisbuchet.org\/#organization\"},\"potentialAction\":[{\"@type\":\"SearchAction\",\"target\":{\"@type\":\"EntryPoint\",\"urlTemplate\":\"https:\/\/www.boisbuchet.org\/?s={search_term_string}\"},\"query-input\":{\"@type\":\"PropertyValueSpecification\",\"valueRequired\":true,\"valueName\":\"search_term_string\"}}],\"inLanguage\":\"fr-FR\"},{\"@type\":\"Organization\",\"@id\":\"https:\/\/www.boisbuchet.org\/#organization\",\"name\":\"Domine de Boisbuchet\",\"url\":\"https:\/\/www.boisbuchet.org\/\",\"logo\":{\"@type\":\"ImageObject\",\"inLanguage\":\"fr-FR\",\"@id\":\"https:\/\/www.boisbuchet.org\/#\/schema\/logo\/image\/\",\"url\":\"https:\/\/www.boisbuchet.org\/wp-content\/uploads\/2019\/01\/logo_boisbuchet_black.png\",\"contentUrl\":\"https:\/\/www.boisbuchet.org\/wp-content\/uploads\/2019\/01\/logo_boisbuchet_black.png\",\"width\":200,\"height\":73,\"caption\":\"Domine de Boisbuchet\"},\"image\":{\"@id\":\"https:\/\/www.boisbuchet.org\/#\/schema\/logo\/image\/\"},\"sameAs\":[\"https:\/\/www.facebook.com\/boisbuchet\",\"https:\/\/x.com\/boisbuchet\",\"https:\/\/www.instagram.com\/boisbuchet\",\"https:\/\/www.linkedin.com\/company\/domaine-de-boisbuchet\",\"https:\/\/www.pinterest.com\/boisbuchet\"]}]}<\/script>\n<!-- \/ Yoast SEO plugin. -->","yoast_head_json":{"title":"Shadows and Whispers 2024 | Domaine de Boisbuchet","robots":{"index":"noindex","follow":"follow"},"og_locale":"fr_FR","og_type":"article","og_title":"Shadows and Whispers 2024 | Domaine de Boisbuchet","og_description":"Tuteur(s) :\u00a0 Date de d\u00e9but :\u00a0 Date de fin:\u00a0","og_url":"https:\/\/www.boisbuchet.org\/produit\/shadows-and-whispers-2024\/","og_site_name":"Domaine de Boisbuchet","article_publisher":"https:\/\/www.facebook.com\/boisbuchet","article_modified_time":"2024-04-30T22:00:21+00:00","og_image":[{"width":600,"height":400,"url":"https:\/\/www.boisbuchet.org\/wp-content\/uploads\/2024\/03\/2024_Philip_Beesley_tile.jpg","type":"image\/jpeg"}],"twitter_card":"summary_large_image","twitter_site":"@boisbuchet","twitter_misc":{"Dur\u00e9e de lecture estim\u00e9e":"6 minutes"},"schema":{"@context":"https:\/\/schema.org","@graph":[{"@type":"WebPage","@id":"https:\/\/www.boisbuchet.org\/produit\/shadows-and-whispers-2024\/","url":"https:\/\/www.boisbuchet.org\/produit\/shadows-and-whispers-2024\/","name":"Shadows and Whispers 2024 | Domaine de Boisbuchet","isPartOf":{"@id":"https:\/\/www.boisbuchet.org\/#website"},"primaryImageOfPage":{"@id":"https:\/\/www.boisbuchet.org\/produit\/shadows-and-whispers-2024\/#primaryimage"},"image":{"@id":"https:\/\/www.boisbuchet.org\/produit\/shadows-and-whispers-2024\/#primaryimage"},"thumbnailUrl":"https:\/\/www.boisbuchet.org\/wp-content\/uploads\/2024\/03\/2024_Philip_Beesley_tile.jpg","datePublished":"2024-03-11T17:58:47+00:00","dateModified":"2024-04-30T22:00:21+00:00","breadcrumb":{"@id":"https:\/\/www.boisbuchet.org\/produit\/shadows-and-whispers-2024\/#breadcrumb"},"inLanguage":"fr-FR","potentialAction":[{"@type":"ReadAction","target":["https:\/\/www.boisbuchet.org\/produit\/shadows-and-whispers-2024\/"]}]},{"@type":"ImageObject","inLanguage":"fr-FR","@id":"https:\/\/www.boisbuchet.org\/produit\/shadows-and-whispers-2024\/#primaryimage","url":"https:\/\/www.boisbuchet.org\/wp-content\/uploads\/2024\/03\/2024_Philip_Beesley_tile.jpg","contentUrl":"https:\/\/www.boisbuchet.org\/wp-content\/uploads\/2024\/03\/2024_Philip_Beesley_tile.jpg","width":600,"height":400},{"@type":"BreadcrumbList","@id":"https:\/\/www.boisbuchet.org\/produit\/shadows-and-whispers-2024\/#breadcrumb","itemListElement":[{"@type":"ListItem","position":1,"name":"Home","item":"https:\/\/www.boisbuchet.org\/fr\/"},{"@type":"ListItem","position":2,"name":"Boutique","item":"https:\/\/www.boisbuchet.org\/fr\/boutique\/"},{"@type":"ListItem","position":3,"name":"Shadows and Whispers 2024"}]},{"@type":"WebSite","@id":"https:\/\/www.boisbuchet.org\/#website","url":"https:\/\/www.boisbuchet.org\/","name":"Domaine de Boisbuchet","description":"Summer Workshops | Park | Event\u00a0Location","publisher":{"@id":"https:\/\/www.boisbuchet.org\/#organization"},"potentialAction":[{"@type":"SearchAction","target":{"@type":"EntryPoint","urlTemplate":"https:\/\/www.boisbuchet.org\/?s={search_term_string}"},"query-input":{"@type":"PropertyValueSpecification","valueRequired":true,"valueName":"search_term_string"}}],"inLanguage":"fr-FR"},{"@type":"Organization","@id":"https:\/\/www.boisbuchet.org\/#organization","name":"Domine de Boisbuchet","url":"https:\/\/www.boisbuchet.org\/","logo":{"@type":"ImageObject","inLanguage":"fr-FR","@id":"https:\/\/www.boisbuchet.org\/#\/schema\/logo\/image\/","url":"https:\/\/www.boisbuchet.org\/wp-content\/uploads\/2019\/01\/logo_boisbuchet_black.png","contentUrl":"https:\/\/www.boisbuchet.org\/wp-content\/uploads\/2019\/01\/logo_boisbuchet_black.png","width":200,"height":73,"caption":"Domine de Boisbuchet"},"image":{"@id":"https:\/\/www.boisbuchet.org\/#\/schema\/logo\/image\/"},"sameAs":["https:\/\/www.facebook.com\/boisbuchet","https:\/\/x.com\/boisbuchet","https:\/\/www.instagram.com\/boisbuchet","https:\/\/www.linkedin.com\/company\/domaine-de-boisbuchet","https:\/\/www.pinterest.com\/boisbuchet"]}]}},"_links":{"self":[{"href":"https:\/\/www.boisbuchet.org\/fr\/wp-json\/wp\/v2\/product\/20160","targetHints":{"allow":["GET"]}}],"collection":[{"href":"https:\/\/www.boisbuchet.org\/fr\/wp-json\/wp\/v2\/product"}],"about":[{"href":"https:\/\/www.boisbuchet.org\/fr\/wp-json\/wp\/v2\/types\/product"}],"author":[{"embeddable":true,"href":"https:\/\/www.boisbuchet.org\/fr\/wp-json\/wp\/v2\/users\/707"}],"wp:featuredmedia":[{"embeddable":true,"href":"https:\/\/www.boisbuchet.org\/fr\/wp-json\/wp\/v2\/media\/19949"}],"wp:attachment":[{"href":"https:\/\/www.boisbuchet.org\/fr\/wp-json\/wp\/v2\/media?parent=20160"}],"wp:term":[{"taxonomy":"product_brand","embeddable":true,"href":"https:\/\/www.boisbuchet.org\/fr\/wp-json\/wp\/v2\/product_brand?post=20160"},{"taxonomy":"product_cat","embeddable":true,"href":"https:\/\/www.boisbuchet.org\/fr\/wp-json\/wp\/v2\/product_cat?post=20160"},{"taxonomy":"product_tag","embeddable":true,"href":"https:\/\/www.boisbuchet.org\/fr\/wp-json\/wp\/v2\/product_tag?post=20160"},{"taxonomy":"content-year","embeddable":true,"href":"https:\/\/www.boisbuchet.org\/fr\/wp-json\/wp\/v2\/content-year?post=20160"}],"curies":[{"name":"wp","href":"https:\/\/api.w.org\/{rel}","templated":true}]}}