{"id":20166,"date":"2024-03-11T17:39:11","date_gmt":"2024-03-11T16:39:11","guid":{"rendered":"https:\/\/www.boisbuchet.org\/product\/the-sum-of-its-parts\/"},"modified":"2024-05-01T00:00:21","modified_gmt":"2024-04-30T22:00:21","slug":"the-sum-of-its-parts","status":"publish","type":"product","link":"https:\/\/www.boisbuchet.org\/fr\/produit\/the-sum-of-its-parts\/","title":{"rendered":"The Sum of its Parts"},"content":{"rendered":"<div class=\"fusion-fullwidth fullwidth-box fusion-builder-row-1 fusion-flex-container has-pattern-background has-mask-background nonhundred-percent-fullwidth non-hundred-percent-height-scrolling\" style=\"--awb-border-radius-top-left:0px;--awb-border-radius-top-right:0px;--awb-border-radius-bottom-right:0px;--awb-border-radius-bottom-left:0px;--awb-flex-wrap:wrap;\" ><div class=\"fusion-builder-row fusion-row fusion-flex-align-items-flex-start fusion-flex-content-wrap\" style=\"max-width:1144px;margin-left: calc(-4% \/ 2 );margin-right: calc(-4% \/ 2 );\"><div class=\"fusion-layout-column fusion_builder_column fusion-builder-column-0 fusion_builder_column_1_1 1_1 fusion-flex-column\" style=\"--awb-bg-size:cover;--awb-width-large:100%;--awb-margin-top-large:0px;--awb-spacing-right-large:1.92%;--awb-margin-bottom-large:20px;--awb-spacing-left-large:1.92%;--awb-width-medium:100%;--awb-order-medium:0;--awb-spacing-right-medium:1.92%;--awb-spacing-left-medium:1.92%;--awb-width-small:100%;--awb-order-small:0;--awb-spacing-right-small:1.92%;--awb-spacing-left-small:1.92%;\"><div class=\"fusion-column-wrapper fusion-column-has-shadow fusion-flex-justify-content-flex-start fusion-content-layout-column\"><div class=\"fusion-text fusion-text-1\"><p>Dans cet atelier, nous nous pencherons sur la transformation des &#8220;d\u00e9chets&#8221; en nouveaux mat\u00e9riaux et sur la construction de nouveaux objets beaux et fonctionnels \u00e0 partir de ces d\u00e9chets. Nous cherchons \u00e0 changer nos perspectives, \u00e0 voir quelque chose de probl\u00e9matique comme une ressource, et \u00e0 trouver l&#8217;abondance dans le monde qui nous entoure. Vous serez libre d&#8217;identifier vos propres mat\u00e9riaux \u00e0 utiliser, mais comme point de d\u00e9part, nous identifierons divers flux de mat\u00e9riaux produits par Boisbuchet et la r\u00e9gion environnante.<\/p>\n<p>En plus de l&#8217;\u00e9quipement standard offert par Boisbuchet, nous disposerons d&#8217;une vari\u00e9t\u00e9 d&#8217;outils et de machines qui nous permettront de travailler avec cette gamme de diff\u00e9rents mat\u00e9riaux. Gr\u00e2ce \u00e0 l&#8217;exp\u00e9rimentation, nous fabriquerons finalement des objets lumineux qui, nous l&#8217;esp\u00e9rons, deviendront un \u00e9l\u00e9ment permanent du Domaine.<\/p>\n<\/div><\/div><\/div><\/div><\/div>\n","protected":false},"excerpt":{"rendered":"<p><strong>Tuteur(s) :<\/strong>\u00a0[wpv-view name=\"tutors-text-list\"]<br \/>\n<strong>Date de d\u00e9but :<\/strong>\u00a0[types field='workshop-date-start' style='text' format='F j, Y'][\/types]<br \/>\n<strong>Date de fin:<\/strong>\u00a0[types field='workshop-date-end' style='text' format='F j, Y'][\/types]<\/p>\n","protected":false},"author":707,"featured_media":19918,"template":"","meta":{"_monsterinsights_skip_tracking":false,"_monsterinsights_sitenote_active":false,"_monsterinsights_sitenote_note":"","_monsterinsights_sitenote_category":0},"product_brand":[],"product_cat":[945,777,261],"product_tag":[],"content-year":[887],"class_list":{"0":"post-20166","1":"product","2":"type-product","3":"status-publish","4":"has-post-thumbnail","6":"product_cat-beaute","7":"product_cat-dechets","8":"product_cat-objet","9":"content-year-887","11":"first","12":"outofstock","13":"sold-individually","14":"shipping-taxable","15":"purchasable","16":"product-type-variable"},"yoast_head":"<!-- This site is optimized with the Yoast SEO plugin v27.1.1 - https:\/\/yoast.com\/product\/yoast-seo-wordpress\/ -->\n<title>The Sum of its Parts | Domaine de Boisbuchet<\/title>\n<meta name=\"robots\" content=\"noindex, follow\" \/>\n<meta property=\"og:locale\" content=\"fr_FR\" \/>\n<meta property=\"og:type\" content=\"article\" \/>\n<meta property=\"og:title\" content=\"The Sum of its Parts | Domaine de Boisbuchet\" \/>\n<meta property=\"og:description\" content=\"Tuteur(s) :\u00a0 Date de d\u00e9but :\u00a0 Date de fin:\u00a0\" \/>\n<meta property=\"og:url\" content=\"https:\/\/www.boisbuchet.org\/produit\/the-sum-of-its-parts\/\" \/>\n<meta property=\"og:site_name\" content=\"Domaine de Boisbuchet\" \/>\n<meta property=\"article:publisher\" content=\"https:\/\/www.facebook.com\/boisbuchet\" \/>\n<meta property=\"article:modified_time\" content=\"2024-04-30T22:00:21+00:00\" \/>\n<meta property=\"og:image\" content=\"https:\/\/www.boisbuchet.org\/wp-content\/uploads\/2024\/03\/2024_James_Shaw_tile.jpg\" \/>\n\t<meta property=\"og:image:width\" content=\"600\" \/>\n\t<meta property=\"og:image:height\" content=\"400\" \/>\n\t<meta property=\"og:image:type\" content=\"image\/jpeg\" \/>\n<meta name=\"twitter:card\" content=\"summary_large_image\" \/>\n<meta name=\"twitter:site\" content=\"@boisbuchet\" \/>\n<meta name=\"twitter:label1\" content=\"Dur\u00e9e de lecture estim\u00e9e\" \/>\n\t<meta name=\"twitter:data1\" content=\"4 minutes\" \/>\n<script type=\"application\/ld+json\" class=\"yoast-schema-graph\">{\"@context\":\"https:\/\/schema.org\",\"@graph\":[{\"@type\":\"WebPage\",\"@id\":\"https:\/\/www.boisbuchet.org\/produit\/the-sum-of-its-parts\/\",\"url\":\"https:\/\/www.boisbuchet.org\/produit\/the-sum-of-its-parts\/\",\"name\":\"The Sum of its Parts | Domaine de Boisbuchet\",\"isPartOf\":{\"@id\":\"https:\/\/www.boisbuchet.org\/#website\"},\"primaryImageOfPage\":{\"@id\":\"https:\/\/www.boisbuchet.org\/produit\/the-sum-of-its-parts\/#primaryimage\"},\"image\":{\"@id\":\"https:\/\/www.boisbuchet.org\/produit\/the-sum-of-its-parts\/#primaryimage\"},\"thumbnailUrl\":\"https:\/\/www.boisbuchet.org\/wp-content\/uploads\/2024\/03\/2024_James_Shaw_tile.jpg\",\"datePublished\":\"2024-03-11T16:39:11+00:00\",\"dateModified\":\"2024-04-30T22:00:21+00:00\",\"breadcrumb\":{\"@id\":\"https:\/\/www.boisbuchet.org\/produit\/the-sum-of-its-parts\/#breadcrumb\"},\"inLanguage\":\"fr-FR\",\"potentialAction\":[{\"@type\":\"ReadAction\",\"target\":[\"https:\/\/www.boisbuchet.org\/produit\/the-sum-of-its-parts\/\"]}]},{\"@type\":\"ImageObject\",\"inLanguage\":\"fr-FR\",\"@id\":\"https:\/\/www.boisbuchet.org\/produit\/the-sum-of-its-parts\/#primaryimage\",\"url\":\"https:\/\/www.boisbuchet.org\/wp-content\/uploads\/2024\/03\/2024_James_Shaw_tile.jpg\",\"contentUrl\":\"https:\/\/www.boisbuchet.org\/wp-content\/uploads\/2024\/03\/2024_James_Shaw_tile.jpg\",\"width\":600,\"height\":400},{\"@type\":\"BreadcrumbList\",\"@id\":\"https:\/\/www.boisbuchet.org\/produit\/the-sum-of-its-parts\/#breadcrumb\",\"itemListElement\":[{\"@type\":\"ListItem\",\"position\":1,\"name\":\"Home\",\"item\":\"https:\/\/www.boisbuchet.org\/fr\/\"},{\"@type\":\"ListItem\",\"position\":2,\"name\":\"Boutique\",\"item\":\"https:\/\/www.boisbuchet.org\/fr\/boutique\/\"},{\"@type\":\"ListItem\",\"position\":3,\"name\":\"The Sum of its Parts\"}]},{\"@type\":\"WebSite\",\"@id\":\"https:\/\/www.boisbuchet.org\/#website\",\"url\":\"https:\/\/www.boisbuchet.org\/\",\"name\":\"Domaine de Boisbuchet\",\"description\":\"Summer Workshops | Park | Event\u00a0Location\",\"publisher\":{\"@id\":\"https:\/\/www.boisbuchet.org\/#organization\"},\"potentialAction\":[{\"@type\":\"SearchAction\",\"target\":{\"@type\":\"EntryPoint\",\"urlTemplate\":\"https:\/\/www.boisbuchet.org\/?s={search_term_string}\"},\"query-input\":{\"@type\":\"PropertyValueSpecification\",\"valueRequired\":true,\"valueName\":\"search_term_string\"}}],\"inLanguage\":\"fr-FR\"},{\"@type\":\"Organization\",\"@id\":\"https:\/\/www.boisbuchet.org\/#organization\",\"name\":\"Domine de Boisbuchet\",\"url\":\"https:\/\/www.boisbuchet.org\/\",\"logo\":{\"@type\":\"ImageObject\",\"inLanguage\":\"fr-FR\",\"@id\":\"https:\/\/www.boisbuchet.org\/#\/schema\/logo\/image\/\",\"url\":\"https:\/\/www.boisbuchet.org\/wp-content\/uploads\/2019\/01\/logo_boisbuchet_black.png\",\"contentUrl\":\"https:\/\/www.boisbuchet.org\/wp-content\/uploads\/2019\/01\/logo_boisbuchet_black.png\",\"width\":200,\"height\":73,\"caption\":\"Domine de Boisbuchet\"},\"image\":{\"@id\":\"https:\/\/www.boisbuchet.org\/#\/schema\/logo\/image\/\"},\"sameAs\":[\"https:\/\/www.facebook.com\/boisbuchet\",\"https:\/\/x.com\/boisbuchet\",\"https:\/\/www.instagram.com\/boisbuchet\",\"https:\/\/www.linkedin.com\/company\/domaine-de-boisbuchet\",\"https:\/\/www.pinterest.com\/boisbuchet\"]}]}<\/script>\n<!-- \/ Yoast SEO plugin. -->","yoast_head_json":{"title":"The Sum of its Parts | Domaine de Boisbuchet","robots":{"index":"noindex","follow":"follow"},"og_locale":"fr_FR","og_type":"article","og_title":"The Sum of its Parts | Domaine de Boisbuchet","og_description":"Tuteur(s) :\u00a0 Date de d\u00e9but :\u00a0 Date de fin:\u00a0","og_url":"https:\/\/www.boisbuchet.org\/produit\/the-sum-of-its-parts\/","og_site_name":"Domaine de Boisbuchet","article_publisher":"https:\/\/www.facebook.com\/boisbuchet","article_modified_time":"2024-04-30T22:00:21+00:00","og_image":[{"width":600,"height":400,"url":"https:\/\/www.boisbuchet.org\/wp-content\/uploads\/2024\/03\/2024_James_Shaw_tile.jpg","type":"image\/jpeg"}],"twitter_card":"summary_large_image","twitter_site":"@boisbuchet","twitter_misc":{"Dur\u00e9e de lecture estim\u00e9e":"4 minutes"},"schema":{"@context":"https:\/\/schema.org","@graph":[{"@type":"WebPage","@id":"https:\/\/www.boisbuchet.org\/produit\/the-sum-of-its-parts\/","url":"https:\/\/www.boisbuchet.org\/produit\/the-sum-of-its-parts\/","name":"The Sum of its Parts | Domaine de Boisbuchet","isPartOf":{"@id":"https:\/\/www.boisbuchet.org\/#website"},"primaryImageOfPage":{"@id":"https:\/\/www.boisbuchet.org\/produit\/the-sum-of-its-parts\/#primaryimage"},"image":{"@id":"https:\/\/www.boisbuchet.org\/produit\/the-sum-of-its-parts\/#primaryimage"},"thumbnailUrl":"https:\/\/www.boisbuchet.org\/wp-content\/uploads\/2024\/03\/2024_James_Shaw_tile.jpg","datePublished":"2024-03-11T16:39:11+00:00","dateModified":"2024-04-30T22:00:21+00:00","breadcrumb":{"@id":"https:\/\/www.boisbuchet.org\/produit\/the-sum-of-its-parts\/#breadcrumb"},"inLanguage":"fr-FR","potentialAction":[{"@type":"ReadAction","target":["https:\/\/www.boisbuchet.org\/produit\/the-sum-of-its-parts\/"]}]},{"@type":"ImageObject","inLanguage":"fr-FR","@id":"https:\/\/www.boisbuchet.org\/produit\/the-sum-of-its-parts\/#primaryimage","url":"https:\/\/www.boisbuchet.org\/wp-content\/uploads\/2024\/03\/2024_James_Shaw_tile.jpg","contentUrl":"https:\/\/www.boisbuchet.org\/wp-content\/uploads\/2024\/03\/2024_James_Shaw_tile.jpg","width":600,"height":400},{"@type":"BreadcrumbList","@id":"https:\/\/www.boisbuchet.org\/produit\/the-sum-of-its-parts\/#breadcrumb","itemListElement":[{"@type":"ListItem","position":1,"name":"Home","item":"https:\/\/www.boisbuchet.org\/fr\/"},{"@type":"ListItem","position":2,"name":"Boutique","item":"https:\/\/www.boisbuchet.org\/fr\/boutique\/"},{"@type":"ListItem","position":3,"name":"The Sum of its Parts"}]},{"@type":"WebSite","@id":"https:\/\/www.boisbuchet.org\/#website","url":"https:\/\/www.boisbuchet.org\/","name":"Domaine de Boisbuchet","description":"Summer Workshops | Park | Event\u00a0Location","publisher":{"@id":"https:\/\/www.boisbuchet.org\/#organization"},"potentialAction":[{"@type":"SearchAction","target":{"@type":"EntryPoint","urlTemplate":"https:\/\/www.boisbuchet.org\/?s={search_term_string}"},"query-input":{"@type":"PropertyValueSpecification","valueRequired":true,"valueName":"search_term_string"}}],"inLanguage":"fr-FR"},{"@type":"Organization","@id":"https:\/\/www.boisbuchet.org\/#organization","name":"Domine de Boisbuchet","url":"https:\/\/www.boisbuchet.org\/","logo":{"@type":"ImageObject","inLanguage":"fr-FR","@id":"https:\/\/www.boisbuchet.org\/#\/schema\/logo\/image\/","url":"https:\/\/www.boisbuchet.org\/wp-content\/uploads\/2019\/01\/logo_boisbuchet_black.png","contentUrl":"https:\/\/www.boisbuchet.org\/wp-content\/uploads\/2019\/01\/logo_boisbuchet_black.png","width":200,"height":73,"caption":"Domine de Boisbuchet"},"image":{"@id":"https:\/\/www.boisbuchet.org\/#\/schema\/logo\/image\/"},"sameAs":["https:\/\/www.facebook.com\/boisbuchet","https:\/\/x.com\/boisbuchet","https:\/\/www.instagram.com\/boisbuchet","https:\/\/www.linkedin.com\/company\/domaine-de-boisbuchet","https:\/\/www.pinterest.com\/boisbuchet"]}]}},"_links":{"self":[{"href":"https:\/\/www.boisbuchet.org\/fr\/wp-json\/wp\/v2\/product\/20166","targetHints":{"allow":["GET"]}}],"collection":[{"href":"https:\/\/www.boisbuchet.org\/fr\/wp-json\/wp\/v2\/product"}],"about":[{"href":"https:\/\/www.boisbuchet.org\/fr\/wp-json\/wp\/v2\/types\/product"}],"author":[{"embeddable":true,"href":"https:\/\/www.boisbuchet.org\/fr\/wp-json\/wp\/v2\/users\/707"}],"wp:featuredmedia":[{"embeddable":true,"href":"https:\/\/www.boisbuchet.org\/fr\/wp-json\/wp\/v2\/media\/19918"}],"wp:attachment":[{"href":"https:\/\/www.boisbuchet.org\/fr\/wp-json\/wp\/v2\/media?parent=20166"}],"wp:term":[{"taxonomy":"product_brand","embeddable":true,"href":"https:\/\/www.boisbuchet.org\/fr\/wp-json\/wp\/v2\/product_brand?post=20166"},{"taxonomy":"product_cat","embeddable":true,"href":"https:\/\/www.boisbuchet.org\/fr\/wp-json\/wp\/v2\/product_cat?post=20166"},{"taxonomy":"product_tag","embeddable":true,"href":"https:\/\/www.boisbuchet.org\/fr\/wp-json\/wp\/v2\/product_tag?post=20166"},{"taxonomy":"content-year","embeddable":true,"href":"https:\/\/www.boisbuchet.org\/fr\/wp-json\/wp\/v2\/content-year?post=20166"}],"curies":[{"name":"wp","href":"https:\/\/api.w.org\/{rel}","templated":true}]}}