{"id":20169,"date":"2024-03-11T17:20:22","date_gmt":"2024-03-11T16:20:22","guid":{"rendered":"https:\/\/www.boisbuchet.org\/product\/re-designing-prosperity\/"},"modified":"2024-05-01T00:00:21","modified_gmt":"2024-04-30T22:00:21","slug":"re-designing-prosperity","status":"publish","type":"product","link":"https:\/\/www.boisbuchet.org\/fr\/produit\/re-designing-prosperity\/","title":{"rendered":"Re-designing Prosperity"},"content":{"rendered":"<div class=\"fusion-fullwidth fullwidth-box fusion-builder-row-1 fusion-flex-container has-pattern-background has-mask-background nonhundred-percent-fullwidth non-hundred-percent-height-scrolling\" style=\"--awb-border-radius-top-left:0px;--awb-border-radius-top-right:0px;--awb-border-radius-bottom-right:0px;--awb-border-radius-bottom-left:0px;--awb-flex-wrap:wrap;\" ><div class=\"fusion-builder-row fusion-row fusion-flex-align-items-flex-start fusion-flex-content-wrap\" style=\"max-width:1144px;margin-left: calc(-4% \/ 2 );margin-right: calc(-4% \/ 2 );\"><div class=\"fusion-layout-column fusion_builder_column fusion-builder-column-0 fusion_builder_column_1_1 1_1 fusion-flex-column\" style=\"--awb-bg-size:cover;--awb-width-large:100%;--awb-margin-top-large:0px;--awb-spacing-right-large:1.92%;--awb-margin-bottom-large:20px;--awb-spacing-left-large:1.92%;--awb-width-medium:100%;--awb-order-medium:0;--awb-spacing-right-medium:1.92%;--awb-spacing-left-medium:1.92%;--awb-width-small:100%;--awb-order-small:0;--awb-spacing-right-small:1.92%;--awb-spacing-left-small:1.92%;\"><div class=\"fusion-column-wrapper fusion-column-has-shadow fusion-flex-justify-content-flex-start fusion-content-layout-column\"><div class=\"fusion-text fusion-text-1\"><p>Nos id\u00e9es sur la prosp\u00e9rit\u00e9 fa\u00e7onnent ce que nous consid\u00e9rons comme pr\u00e9cieux et, par cons\u00e9quent, fa\u00e7onnent notre monde. Cependant, la prosp\u00e9rit\u00e9 en Occident s&#8217;accompagne de niveaux \u00e9lev\u00e9s de consommation et de gaspillage. Nous avons l&#8217;impression qu&#8217;il existe un autre moyen, si seulement nous pouvions imaginer les choses diff\u00e9remment. Le design lui-m\u00eame fait partie du probl\u00e8me, car il est ax\u00e9 sur la nouveaut\u00e9. Et si nous concevions moins ? Apr\u00e8s tout, les r\u00e9ductions drastiques sont le moyen le plus rapide d&#8217;att\u00e9nuer notre impact \u00e9cologique &#8211; moins d&#8217;\u00e9missions, moins de d\u00e9chets.<\/p>\n<p>Cet atelier exp\u00e9rimente l&#8217;id\u00e9e de concevoir pour moins de choses &#8211; de mani\u00e8re \u00e0 cr\u00e9er un avenir souhaitable qui semble prosp\u00e8re, mais d&#8217;une mani\u00e8re diff\u00e9rente. En utilisant une forme ancr\u00e9e de design sp\u00e9culatif, nous d\u00e9finirons de nouveaux sc\u00e9narios avec des histoires qui nous aideront \u00e0 fa\u00e7onner ou \u00e0 pr\u00e9parer de meilleures fa\u00e7ons de vivre dans l&#8217;anthropoc\u00e8ne.<\/p>\n<p>\u00c0 cette fin, nous voulons collecter des images, des objets, des sons, des id\u00e9es&#8230; qui signalent un avenir prosp\u00e8re avec moins de richesses mat\u00e9rielles &#8211; le contexte rural de Boisbuchet fournit certainement des mat\u00e9riaux diff\u00e9rents de ceux auxquels nous sommes habitu\u00e9s. Ensuite, nous explorerons des futurs souhaitables ou provocants dans des dessins, des r\u00e9cits et des installations qui seront r\u00e9unis dans une pr\u00e9sentation finale. Plongeons dans ces mondes et d\u00e9veloppons des r\u00e9cits sur la vie des personnes qui satisfont leurs besoins avec moins.<\/p>\n<\/div><\/div><\/div><\/div><\/div>\n","protected":false},"excerpt":{"rendered":"<p><strong>Tuteur(s) :<\/strong>\u00a0[wpv-view name=\"tutors-text-list\"]<br \/>\n<strong>Date de d\u00e9but :<\/strong>\u00a0[types field='workshop-date-start' style='text' format='F j, Y'][\/types]<br \/>\n<strong>Date de fin:<\/strong>\u00a0[types field='workshop-date-end' style='text' format='F j, Y'][\/types]<\/p>\n","protected":false},"author":707,"featured_media":19895,"template":"","meta":{"_monsterinsights_skip_tracking":false,"_monsterinsights_sitenote_active":false,"_monsterinsights_sitenote_note":"","_monsterinsights_sitenote_category":0},"product_brand":[],"product_cat":[950,949,948],"product_tag":[],"content-year":[887],"class_list":{"0":"post-20169","1":"product","2":"type-product","3":"status-publish","4":"has-post-thumbnail","6":"product_cat-futurs","7":"product_cat-service-fr","8":"product_cat-strategie","9":"content-year-887","11":"first","12":"outofstock","13":"sold-individually","14":"shipping-taxable","15":"purchasable","16":"product-type-variable"},"yoast_head":"<!-- This site is optimized with the Yoast SEO plugin v27.1.1 - https:\/\/yoast.com\/product\/yoast-seo-wordpress\/ -->\n<title>Re-designing Prosperity | Domaine de Boisbuchet<\/title>\n<meta name=\"robots\" content=\"noindex, follow\" \/>\n<meta property=\"og:locale\" content=\"fr_FR\" \/>\n<meta property=\"og:type\" content=\"article\" \/>\n<meta property=\"og:title\" content=\"Re-designing Prosperity | Domaine de Boisbuchet\" \/>\n<meta property=\"og:description\" content=\"Tuteur(s) :\u00a0 Date de d\u00e9but :\u00a0 Date de fin:\u00a0\" \/>\n<meta property=\"og:url\" content=\"https:\/\/www.boisbuchet.org\/produit\/re-designing-prosperity\/\" \/>\n<meta property=\"og:site_name\" content=\"Domaine de Boisbuchet\" \/>\n<meta property=\"article:publisher\" content=\"https:\/\/www.facebook.com\/boisbuchet\" \/>\n<meta property=\"article:modified_time\" content=\"2024-04-30T22:00:21+00:00\" \/>\n<meta property=\"og:image\" content=\"https:\/\/www.boisbuchet.org\/wp-content\/uploads\/2024\/03\/2024_Ben_Reason_tile-1.jpg\" \/>\n\t<meta property=\"og:image:width\" content=\"600\" \/>\n\t<meta property=\"og:image:height\" content=\"400\" \/>\n\t<meta property=\"og:image:type\" content=\"image\/jpeg\" \/>\n<meta name=\"twitter:card\" content=\"summary_large_image\" \/>\n<meta name=\"twitter:site\" content=\"@boisbuchet\" \/>\n<meta name=\"twitter:label1\" content=\"Dur\u00e9e de lecture estim\u00e9e\" \/>\n\t<meta name=\"twitter:data1\" content=\"5 minutes\" \/>\n<script type=\"application\/ld+json\" class=\"yoast-schema-graph\">{\"@context\":\"https:\/\/schema.org\",\"@graph\":[{\"@type\":\"WebPage\",\"@id\":\"https:\/\/www.boisbuchet.org\/produit\/re-designing-prosperity\/\",\"url\":\"https:\/\/www.boisbuchet.org\/produit\/re-designing-prosperity\/\",\"name\":\"Re-designing Prosperity | Domaine de Boisbuchet\",\"isPartOf\":{\"@id\":\"https:\/\/www.boisbuchet.org\/#website\"},\"primaryImageOfPage\":{\"@id\":\"https:\/\/www.boisbuchet.org\/produit\/re-designing-prosperity\/#primaryimage\"},\"image\":{\"@id\":\"https:\/\/www.boisbuchet.org\/produit\/re-designing-prosperity\/#primaryimage\"},\"thumbnailUrl\":\"https:\/\/www.boisbuchet.org\/wp-content\/uploads\/2024\/03\/2024_Ben_Reason_tile-1.jpg\",\"datePublished\":\"2024-03-11T16:20:22+00:00\",\"dateModified\":\"2024-04-30T22:00:21+00:00\",\"breadcrumb\":{\"@id\":\"https:\/\/www.boisbuchet.org\/produit\/re-designing-prosperity\/#breadcrumb\"},\"inLanguage\":\"fr-FR\",\"potentialAction\":[{\"@type\":\"ReadAction\",\"target\":[\"https:\/\/www.boisbuchet.org\/produit\/re-designing-prosperity\/\"]}]},{\"@type\":\"ImageObject\",\"inLanguage\":\"fr-FR\",\"@id\":\"https:\/\/www.boisbuchet.org\/produit\/re-designing-prosperity\/#primaryimage\",\"url\":\"https:\/\/www.boisbuchet.org\/wp-content\/uploads\/2024\/03\/2024_Ben_Reason_tile-1.jpg\",\"contentUrl\":\"https:\/\/www.boisbuchet.org\/wp-content\/uploads\/2024\/03\/2024_Ben_Reason_tile-1.jpg\",\"width\":600,\"height\":400},{\"@type\":\"BreadcrumbList\",\"@id\":\"https:\/\/www.boisbuchet.org\/produit\/re-designing-prosperity\/#breadcrumb\",\"itemListElement\":[{\"@type\":\"ListItem\",\"position\":1,\"name\":\"Home\",\"item\":\"https:\/\/www.boisbuchet.org\/fr\/\"},{\"@type\":\"ListItem\",\"position\":2,\"name\":\"Boutique\",\"item\":\"https:\/\/www.boisbuchet.org\/fr\/boutique\/\"},{\"@type\":\"ListItem\",\"position\":3,\"name\":\"Re-designing Prosperity\"}]},{\"@type\":\"WebSite\",\"@id\":\"https:\/\/www.boisbuchet.org\/#website\",\"url\":\"https:\/\/www.boisbuchet.org\/\",\"name\":\"Domaine de Boisbuchet\",\"description\":\"Summer Workshops | Park | Event\u00a0Location\",\"publisher\":{\"@id\":\"https:\/\/www.boisbuchet.org\/#organization\"},\"potentialAction\":[{\"@type\":\"SearchAction\",\"target\":{\"@type\":\"EntryPoint\",\"urlTemplate\":\"https:\/\/www.boisbuchet.org\/?s={search_term_string}\"},\"query-input\":{\"@type\":\"PropertyValueSpecification\",\"valueRequired\":true,\"valueName\":\"search_term_string\"}}],\"inLanguage\":\"fr-FR\"},{\"@type\":\"Organization\",\"@id\":\"https:\/\/www.boisbuchet.org\/#organization\",\"name\":\"Domine de Boisbuchet\",\"url\":\"https:\/\/www.boisbuchet.org\/\",\"logo\":{\"@type\":\"ImageObject\",\"inLanguage\":\"fr-FR\",\"@id\":\"https:\/\/www.boisbuchet.org\/#\/schema\/logo\/image\/\",\"url\":\"https:\/\/www.boisbuchet.org\/wp-content\/uploads\/2019\/01\/logo_boisbuchet_black.png\",\"contentUrl\":\"https:\/\/www.boisbuchet.org\/wp-content\/uploads\/2019\/01\/logo_boisbuchet_black.png\",\"width\":200,\"height\":73,\"caption\":\"Domine de Boisbuchet\"},\"image\":{\"@id\":\"https:\/\/www.boisbuchet.org\/#\/schema\/logo\/image\/\"},\"sameAs\":[\"https:\/\/www.facebook.com\/boisbuchet\",\"https:\/\/x.com\/boisbuchet\",\"https:\/\/www.instagram.com\/boisbuchet\",\"https:\/\/www.linkedin.com\/company\/domaine-de-boisbuchet\",\"https:\/\/www.pinterest.com\/boisbuchet\"]}]}<\/script>\n<!-- \/ Yoast SEO plugin. -->","yoast_head_json":{"title":"Re-designing Prosperity | Domaine de Boisbuchet","robots":{"index":"noindex","follow":"follow"},"og_locale":"fr_FR","og_type":"article","og_title":"Re-designing Prosperity | Domaine de Boisbuchet","og_description":"Tuteur(s) :\u00a0 Date de d\u00e9but :\u00a0 Date de fin:\u00a0","og_url":"https:\/\/www.boisbuchet.org\/produit\/re-designing-prosperity\/","og_site_name":"Domaine de Boisbuchet","article_publisher":"https:\/\/www.facebook.com\/boisbuchet","article_modified_time":"2024-04-30T22:00:21+00:00","og_image":[{"width":600,"height":400,"url":"https:\/\/www.boisbuchet.org\/wp-content\/uploads\/2024\/03\/2024_Ben_Reason_tile-1.jpg","type":"image\/jpeg"}],"twitter_card":"summary_large_image","twitter_site":"@boisbuchet","twitter_misc":{"Dur\u00e9e de lecture estim\u00e9e":"5 minutes"},"schema":{"@context":"https:\/\/schema.org","@graph":[{"@type":"WebPage","@id":"https:\/\/www.boisbuchet.org\/produit\/re-designing-prosperity\/","url":"https:\/\/www.boisbuchet.org\/produit\/re-designing-prosperity\/","name":"Re-designing Prosperity | Domaine de Boisbuchet","isPartOf":{"@id":"https:\/\/www.boisbuchet.org\/#website"},"primaryImageOfPage":{"@id":"https:\/\/www.boisbuchet.org\/produit\/re-designing-prosperity\/#primaryimage"},"image":{"@id":"https:\/\/www.boisbuchet.org\/produit\/re-designing-prosperity\/#primaryimage"},"thumbnailUrl":"https:\/\/www.boisbuchet.org\/wp-content\/uploads\/2024\/03\/2024_Ben_Reason_tile-1.jpg","datePublished":"2024-03-11T16:20:22+00:00","dateModified":"2024-04-30T22:00:21+00:00","breadcrumb":{"@id":"https:\/\/www.boisbuchet.org\/produit\/re-designing-prosperity\/#breadcrumb"},"inLanguage":"fr-FR","potentialAction":[{"@type":"ReadAction","target":["https:\/\/www.boisbuchet.org\/produit\/re-designing-prosperity\/"]}]},{"@type":"ImageObject","inLanguage":"fr-FR","@id":"https:\/\/www.boisbuchet.org\/produit\/re-designing-prosperity\/#primaryimage","url":"https:\/\/www.boisbuchet.org\/wp-content\/uploads\/2024\/03\/2024_Ben_Reason_tile-1.jpg","contentUrl":"https:\/\/www.boisbuchet.org\/wp-content\/uploads\/2024\/03\/2024_Ben_Reason_tile-1.jpg","width":600,"height":400},{"@type":"BreadcrumbList","@id":"https:\/\/www.boisbuchet.org\/produit\/re-designing-prosperity\/#breadcrumb","itemListElement":[{"@type":"ListItem","position":1,"name":"Home","item":"https:\/\/www.boisbuchet.org\/fr\/"},{"@type":"ListItem","position":2,"name":"Boutique","item":"https:\/\/www.boisbuchet.org\/fr\/boutique\/"},{"@type":"ListItem","position":3,"name":"Re-designing Prosperity"}]},{"@type":"WebSite","@id":"https:\/\/www.boisbuchet.org\/#website","url":"https:\/\/www.boisbuchet.org\/","name":"Domaine de Boisbuchet","description":"Summer Workshops | Park | Event\u00a0Location","publisher":{"@id":"https:\/\/www.boisbuchet.org\/#organization"},"potentialAction":[{"@type":"SearchAction","target":{"@type":"EntryPoint","urlTemplate":"https:\/\/www.boisbuchet.org\/?s={search_term_string}"},"query-input":{"@type":"PropertyValueSpecification","valueRequired":true,"valueName":"search_term_string"}}],"inLanguage":"fr-FR"},{"@type":"Organization","@id":"https:\/\/www.boisbuchet.org\/#organization","name":"Domine de Boisbuchet","url":"https:\/\/www.boisbuchet.org\/","logo":{"@type":"ImageObject","inLanguage":"fr-FR","@id":"https:\/\/www.boisbuchet.org\/#\/schema\/logo\/image\/","url":"https:\/\/www.boisbuchet.org\/wp-content\/uploads\/2019\/01\/logo_boisbuchet_black.png","contentUrl":"https:\/\/www.boisbuchet.org\/wp-content\/uploads\/2019\/01\/logo_boisbuchet_black.png","width":200,"height":73,"caption":"Domine de Boisbuchet"},"image":{"@id":"https:\/\/www.boisbuchet.org\/#\/schema\/logo\/image\/"},"sameAs":["https:\/\/www.facebook.com\/boisbuchet","https:\/\/x.com\/boisbuchet","https:\/\/www.instagram.com\/boisbuchet","https:\/\/www.linkedin.com\/company\/domaine-de-boisbuchet","https:\/\/www.pinterest.com\/boisbuchet"]}]}},"_links":{"self":[{"href":"https:\/\/www.boisbuchet.org\/fr\/wp-json\/wp\/v2\/product\/20169","targetHints":{"allow":["GET"]}}],"collection":[{"href":"https:\/\/www.boisbuchet.org\/fr\/wp-json\/wp\/v2\/product"}],"about":[{"href":"https:\/\/www.boisbuchet.org\/fr\/wp-json\/wp\/v2\/types\/product"}],"author":[{"embeddable":true,"href":"https:\/\/www.boisbuchet.org\/fr\/wp-json\/wp\/v2\/users\/707"}],"wp:featuredmedia":[{"embeddable":true,"href":"https:\/\/www.boisbuchet.org\/fr\/wp-json\/wp\/v2\/media\/19895"}],"wp:attachment":[{"href":"https:\/\/www.boisbuchet.org\/fr\/wp-json\/wp\/v2\/media?parent=20169"}],"wp:term":[{"taxonomy":"product_brand","embeddable":true,"href":"https:\/\/www.boisbuchet.org\/fr\/wp-json\/wp\/v2\/product_brand?post=20169"},{"taxonomy":"product_cat","embeddable":true,"href":"https:\/\/www.boisbuchet.org\/fr\/wp-json\/wp\/v2\/product_cat?post=20169"},{"taxonomy":"product_tag","embeddable":true,"href":"https:\/\/www.boisbuchet.org\/fr\/wp-json\/wp\/v2\/product_tag?post=20169"},{"taxonomy":"content-year","embeddable":true,"href":"https:\/\/www.boisbuchet.org\/fr\/wp-json\/wp\/v2\/content-year?post=20169"}],"curies":[{"name":"wp","href":"https:\/\/api.w.org\/{rel}","templated":true}]}}