{"id":21931,"date":"2025-02-17T19:10:52","date_gmt":"2025-02-17T18:10:52","guid":{"rendered":"https:\/\/www.boisbuchet.org\/product\/post-technological-disobedience\/"},"modified":"2025-05-01T00:00:08","modified_gmt":"2025-04-30T22:00:08","slug":"post-technological-disobedience","status":"publish","type":"product","link":"https:\/\/www.boisbuchet.org\/fr\/produit\/post-technological-disobedience\/","title":{"rendered":"Post-Technological Disobedience"},"content":{"rendered":"<div class=\"fusion-fullwidth fullwidth-box fusion-builder-row-1 fusion-flex-container has-pattern-background has-mask-background nonhundred-percent-fullwidth non-hundred-percent-height-scrolling\" style=\"--awb-border-radius-top-left:0px;--awb-border-radius-top-right:0px;--awb-border-radius-bottom-right:0px;--awb-border-radius-bottom-left:0px;--awb-flex-wrap:wrap;\" ><div class=\"fusion-builder-row fusion-row fusion-flex-align-items-flex-start fusion-flex-content-wrap\" style=\"max-width:1144px;margin-left: calc(-4% \/ 2 );margin-right: calc(-4% \/ 2 );\"><div class=\"fusion-layout-column fusion_builder_column fusion-builder-column-0 fusion_builder_column_1_1 1_1 fusion-flex-column\" style=\"--awb-bg-size:cover;--awb-width-large:100%;--awb-margin-top-large:0px;--awb-spacing-right-large:1.92%;--awb-margin-bottom-large:20px;--awb-spacing-left-large:1.92%;--awb-width-medium:100%;--awb-order-medium:0;--awb-spacing-right-medium:1.92%;--awb-spacing-left-medium:1.92%;--awb-width-small:100%;--awb-order-small:0;--awb-spacing-right-small:1.92%;--awb-spacing-left-small:1.92%;\"><div class=\"fusion-column-wrapper fusion-column-has-shadow fusion-flex-justify-content-flex-start fusion-content-layout-column\"><div class=\"fusion-text fusion-text-1\"><p>Il est temps de se pr\u00e9parer \u00e0 l\u2019avenir et de re-prototyper notre mani\u00e8re d\u2019aborder le contexte qui a fa\u00e7onn\u00e9 ce que nous sommes. Il ne s\u2019agit pas de repartir de z\u00e9ro, ni de se pr\u00e9parer \u00e0 l\u2019apocalypse, mais bien de poursuivre un appel profond, inscrit dans l\u2019essence m\u00eame de notre h\u00e9ritage g\u00e9n\u00e9tique.<\/p>\n<p>On pourrait affirmer que notre d\u00e9pendance croissante aux technologies avanc\u00e9es r\u00e9v\u00e8le la fragilit\u00e9 de nos liens sociaux, mettant en lumi\u00e8re les vuln\u00e9rabilit\u00e9s de nos modes de vie, de cr\u00e9ation et d\u2019interaction avec notre environnement. Mais on peut aussi c\u00e9l\u00e9brer l\u2019immensit\u00e9 des savoirs d\u00e9sormais accessibles en quelques clics, rendus disponibles par d\u2019innombrables algorithmes. Si vous \u00eates passionn\u00e9\u00b7e d\u2019artisanat, vous avez probablement accumul\u00e9 un tr\u00e9sor de techniques et d\u2019astuces partag\u00e9es par une communaut\u00e9 mondiale d\u2019esprits cr\u00e9atifs. Alors voil\u00e0 venu l\u2019\u00e9t\u00e9 de l\u2019amour \u2014 rassemblons ces savoirs, et forgeons ensemble de nouveaux outils et id\u00e9es.<\/p>\n<p>Nous allons hacker Boisbuchet ! Dans ce workshop, nous vous proposons de repenser les relations entre humains, non-humains et environnement \u00e0 travers l\u2019ing\u00e9niosit\u00e9, la r\u00e9silience et la r\u00e9activation de savoir-faire fondamentaux ancr\u00e9s dans l\u2019histoire humaine. En explorant comment nous avons traditionnellement r\u00e9pondu \u00e0 des besoins essentiels \u2014 construire un abri, nous orienter, transporter des ressources ou fabriquer des outils \u2014 les participants seront invit\u00e9s \u00e0 une r\u00e9flexion critique et pratique sur l\u2019autonomie.<\/p>\n<p>Dans le cadre unique du Domaine de Boisbuchet, ce workshop offre un terrain d\u2019exp\u00e9rimentation exceptionnel : la rivi\u00e8re et le lac \u00e0 proximit\u00e9 encouragent des recherches sur le mouvement et l\u2019\u00e9nergie ; les jardins et les espaces naturels t\u00e9moignent des cycles de croissance, d\u2019entretien et de r\u00e9g\u00e9n\u00e9ration. La pr\u00e9sence d\u2019animaux domestiques et agricoles souligne l\u2019interd\u00e9pendance entre humains et nature, et offre l\u2019occasion de r\u00e9fl\u00e9chir aux pratiques traditionnelles de cohabitation et d\u2019autosuffisance. Nous explorerons aussi le r\u00f4le des mat\u00e9riaux locaux, des \u00e9cosyst\u00e8mes environnants, et les \u00e9quilibres subtils qu\u2019exige toute interaction durable avec notre environnement.<\/p>\n<p>Ensemble, nous traduirons ces r\u00e9flexions en projets concrets et transformerons Boisbuchet en laboratoire vivant de possibles. En fin de semaine, vous aurez abord\u00e9 des questions essentielles par l\u2019exp\u00e9rimentation : quels savoirs avons-nous perdus en d\u00e9l\u00e9guant notre autonomie ? Comment l\u2019acte de faire peut-il nous reconnecter aux rythmes de la nature et \u00e0 notre propre corporalit\u00e9 ? En quoi la contrainte et la raret\u00e9 sont-elles sources d\u2019innovation ? Aucune comp\u00e9tence pr\u00e9alable n\u2019est requise \u2014 seulement de la curiosit\u00e9 et l\u2019envie de remettre en question les \u00e9vidences.<\/p>\n<\/div><\/div><\/div><\/div><\/div>\n","protected":false},"excerpt":{"rendered":"<p><span style=\"font-weight: 800;\">Tuteur(s)&nbsp;:<\/span> [wpv-view name=\"tutors-text-list\"]<br \/>\n<span style=\"font-weight: 800;\">Date de d\u00e9but&nbsp;:<\/span> [types field='workshop-date-start' style='text' format='j F Y'][\/types]<br \/>\n<span style=\"font-weight: 800;\">Date de fin&nbsp;:<\/span> [types field='workshop-date-end' style='text' format='j F Y'][\/types]<\/p>\n","protected":false},"author":707,"featured_media":21319,"template":"","meta":{"_monsterinsights_skip_tracking":false,"_monsterinsights_sitenote_active":false,"_monsterinsights_sitenote_note":"","_monsterinsights_sitenote_category":0},"product_brand":[],"product_cat":[1035,1037,1036],"product_tag":[],"content-year":[1008],"class_list":{"0":"post-21931","1":"product","2":"type-product","3":"status-publish","4":"has-post-thumbnail","6":"product_cat-autonomie","7":"product_cat-ecosystemes","8":"product_cat-low-tech-fr","9":"content-year-1008","11":"first","12":"outofstock","13":"sold-individually","14":"shipping-taxable","15":"purchasable","16":"product-type-variable"},"yoast_head":"<!-- This site is optimized with the Yoast SEO plugin v27.1.1 - https:\/\/yoast.com\/product\/yoast-seo-wordpress\/ -->\n<title>Post-Technological Disobedience | Domaine de Boisbuchet<\/title>\n<meta name=\"robots\" content=\"noindex, follow\" \/>\n<meta property=\"og:locale\" content=\"fr_FR\" \/>\n<meta property=\"og:type\" content=\"article\" \/>\n<meta property=\"og:title\" content=\"Post-Technological Disobedience | Domaine de Boisbuchet\" \/>\n<meta property=\"og:description\" content=\"Tuteur(s)&nbsp;:   Date de d\u00e9but&nbsp;:   Date de fin&nbsp;:\" \/>\n<meta property=\"og:url\" content=\"https:\/\/www.boisbuchet.org\/produit\/post-technological-disobedience\/\" \/>\n<meta property=\"og:site_name\" content=\"Domaine de Boisbuchet\" \/>\n<meta property=\"article:publisher\" content=\"https:\/\/www.facebook.com\/boisbuchet\" \/>\n<meta property=\"article:modified_time\" content=\"2025-04-30T22:00:08+00:00\" \/>\n<meta property=\"og:image\" content=\"https:\/\/www.boisbuchet.org\/wp-content\/uploads\/2025\/02\/2025_Lucas_Mun\u0303oz_Tile.jpg\" \/>\n\t<meta property=\"og:image:width\" content=\"600\" \/>\n\t<meta property=\"og:image:height\" content=\"400\" \/>\n\t<meta property=\"og:image:type\" content=\"image\/jpeg\" \/>\n<meta name=\"twitter:card\" content=\"summary_large_image\" \/>\n<meta name=\"twitter:site\" content=\"@boisbuchet\" \/>\n<meta name=\"twitter:label1\" content=\"Dur\u00e9e de lecture estim\u00e9e\" \/>\n\t<meta name=\"twitter:data1\" content=\"6 minutes\" \/>\n<script type=\"application\/ld+json\" class=\"yoast-schema-graph\">{\"@context\":\"https:\/\/schema.org\",\"@graph\":[{\"@type\":\"WebPage\",\"@id\":\"https:\/\/www.boisbuchet.org\/produit\/post-technological-disobedience\/\",\"url\":\"https:\/\/www.boisbuchet.org\/produit\/post-technological-disobedience\/\",\"name\":\"Post-Technological Disobedience | Domaine de Boisbuchet\",\"isPartOf\":{\"@id\":\"https:\/\/www.boisbuchet.org\/#website\"},\"primaryImageOfPage\":{\"@id\":\"https:\/\/www.boisbuchet.org\/produit\/post-technological-disobedience\/#primaryimage\"},\"image\":{\"@id\":\"https:\/\/www.boisbuchet.org\/produit\/post-technological-disobedience\/#primaryimage\"},\"thumbnailUrl\":\"https:\/\/www.boisbuchet.org\/wp-content\/uploads\/2025\/02\/2025_Lucas_Mun\u0303oz_Tile.jpg\",\"datePublished\":\"2025-02-17T18:10:52+00:00\",\"dateModified\":\"2025-04-30T22:00:08+00:00\",\"breadcrumb\":{\"@id\":\"https:\/\/www.boisbuchet.org\/produit\/post-technological-disobedience\/#breadcrumb\"},\"inLanguage\":\"fr-FR\",\"potentialAction\":[{\"@type\":\"ReadAction\",\"target\":[\"https:\/\/www.boisbuchet.org\/produit\/post-technological-disobedience\/\"]}]},{\"@type\":\"ImageObject\",\"inLanguage\":\"fr-FR\",\"@id\":\"https:\/\/www.boisbuchet.org\/produit\/post-technological-disobedience\/#primaryimage\",\"url\":\"https:\/\/www.boisbuchet.org\/wp-content\/uploads\/2025\/02\/2025_Lucas_Mun\u0303oz_Tile.jpg\",\"contentUrl\":\"https:\/\/www.boisbuchet.org\/wp-content\/uploads\/2025\/02\/2025_Lucas_Mun\u0303oz_Tile.jpg\",\"width\":600,\"height\":400},{\"@type\":\"BreadcrumbList\",\"@id\":\"https:\/\/www.boisbuchet.org\/produit\/post-technological-disobedience\/#breadcrumb\",\"itemListElement\":[{\"@type\":\"ListItem\",\"position\":1,\"name\":\"Home\",\"item\":\"https:\/\/www.boisbuchet.org\/fr\/\"},{\"@type\":\"ListItem\",\"position\":2,\"name\":\"Boutique\",\"item\":\"https:\/\/www.boisbuchet.org\/fr\/boutique\/\"},{\"@type\":\"ListItem\",\"position\":3,\"name\":\"Post-Technological Disobedience\"}]},{\"@type\":\"WebSite\",\"@id\":\"https:\/\/www.boisbuchet.org\/#website\",\"url\":\"https:\/\/www.boisbuchet.org\/\",\"name\":\"Domaine de Boisbuchet\",\"description\":\"Summer Workshops | Park | Event\u00a0Location\",\"publisher\":{\"@id\":\"https:\/\/www.boisbuchet.org\/#organization\"},\"potentialAction\":[{\"@type\":\"SearchAction\",\"target\":{\"@type\":\"EntryPoint\",\"urlTemplate\":\"https:\/\/www.boisbuchet.org\/?s={search_term_string}\"},\"query-input\":{\"@type\":\"PropertyValueSpecification\",\"valueRequired\":true,\"valueName\":\"search_term_string\"}}],\"inLanguage\":\"fr-FR\"},{\"@type\":\"Organization\",\"@id\":\"https:\/\/www.boisbuchet.org\/#organization\",\"name\":\"Domine de Boisbuchet\",\"url\":\"https:\/\/www.boisbuchet.org\/\",\"logo\":{\"@type\":\"ImageObject\",\"inLanguage\":\"fr-FR\",\"@id\":\"https:\/\/www.boisbuchet.org\/#\/schema\/logo\/image\/\",\"url\":\"https:\/\/www.boisbuchet.org\/wp-content\/uploads\/2019\/01\/logo_boisbuchet_black.png\",\"contentUrl\":\"https:\/\/www.boisbuchet.org\/wp-content\/uploads\/2019\/01\/logo_boisbuchet_black.png\",\"width\":200,\"height\":73,\"caption\":\"Domine de Boisbuchet\"},\"image\":{\"@id\":\"https:\/\/www.boisbuchet.org\/#\/schema\/logo\/image\/\"},\"sameAs\":[\"https:\/\/www.facebook.com\/boisbuchet\",\"https:\/\/x.com\/boisbuchet\",\"https:\/\/www.instagram.com\/boisbuchet\",\"https:\/\/www.linkedin.com\/company\/domaine-de-boisbuchet\",\"https:\/\/www.pinterest.com\/boisbuchet\"]}]}<\/script>\n<!-- \/ Yoast SEO plugin. -->","yoast_head_json":{"title":"Post-Technological Disobedience | Domaine de Boisbuchet","robots":{"index":"noindex","follow":"follow"},"og_locale":"fr_FR","og_type":"article","og_title":"Post-Technological Disobedience | Domaine de Boisbuchet","og_description":"Tuteur(s)&nbsp;:   Date de d\u00e9but&nbsp;:   Date de fin&nbsp;:","og_url":"https:\/\/www.boisbuchet.org\/produit\/post-technological-disobedience\/","og_site_name":"Domaine de Boisbuchet","article_publisher":"https:\/\/www.facebook.com\/boisbuchet","article_modified_time":"2025-04-30T22:00:08+00:00","og_image":[{"width":600,"height":400,"url":"https:\/\/www.boisbuchet.org\/wp-content\/uploads\/2025\/02\/2025_Lucas_Mun\u0303oz_Tile.jpg","type":"image\/jpeg"}],"twitter_card":"summary_large_image","twitter_site":"@boisbuchet","twitter_misc":{"Dur\u00e9e de lecture estim\u00e9e":"6 minutes"},"schema":{"@context":"https:\/\/schema.org","@graph":[{"@type":"WebPage","@id":"https:\/\/www.boisbuchet.org\/produit\/post-technological-disobedience\/","url":"https:\/\/www.boisbuchet.org\/produit\/post-technological-disobedience\/","name":"Post-Technological Disobedience | Domaine de Boisbuchet","isPartOf":{"@id":"https:\/\/www.boisbuchet.org\/#website"},"primaryImageOfPage":{"@id":"https:\/\/www.boisbuchet.org\/produit\/post-technological-disobedience\/#primaryimage"},"image":{"@id":"https:\/\/www.boisbuchet.org\/produit\/post-technological-disobedience\/#primaryimage"},"thumbnailUrl":"https:\/\/www.boisbuchet.org\/wp-content\/uploads\/2025\/02\/2025_Lucas_Mun\u0303oz_Tile.jpg","datePublished":"2025-02-17T18:10:52+00:00","dateModified":"2025-04-30T22:00:08+00:00","breadcrumb":{"@id":"https:\/\/www.boisbuchet.org\/produit\/post-technological-disobedience\/#breadcrumb"},"inLanguage":"fr-FR","potentialAction":[{"@type":"ReadAction","target":["https:\/\/www.boisbuchet.org\/produit\/post-technological-disobedience\/"]}]},{"@type":"ImageObject","inLanguage":"fr-FR","@id":"https:\/\/www.boisbuchet.org\/produit\/post-technological-disobedience\/#primaryimage","url":"https:\/\/www.boisbuchet.org\/wp-content\/uploads\/2025\/02\/2025_Lucas_Mun\u0303oz_Tile.jpg","contentUrl":"https:\/\/www.boisbuchet.org\/wp-content\/uploads\/2025\/02\/2025_Lucas_Mun\u0303oz_Tile.jpg","width":600,"height":400},{"@type":"BreadcrumbList","@id":"https:\/\/www.boisbuchet.org\/produit\/post-technological-disobedience\/#breadcrumb","itemListElement":[{"@type":"ListItem","position":1,"name":"Home","item":"https:\/\/www.boisbuchet.org\/fr\/"},{"@type":"ListItem","position":2,"name":"Boutique","item":"https:\/\/www.boisbuchet.org\/fr\/boutique\/"},{"@type":"ListItem","position":3,"name":"Post-Technological Disobedience"}]},{"@type":"WebSite","@id":"https:\/\/www.boisbuchet.org\/#website","url":"https:\/\/www.boisbuchet.org\/","name":"Domaine de Boisbuchet","description":"Summer Workshops | Park | Event\u00a0Location","publisher":{"@id":"https:\/\/www.boisbuchet.org\/#organization"},"potentialAction":[{"@type":"SearchAction","target":{"@type":"EntryPoint","urlTemplate":"https:\/\/www.boisbuchet.org\/?s={search_term_string}"},"query-input":{"@type":"PropertyValueSpecification","valueRequired":true,"valueName":"search_term_string"}}],"inLanguage":"fr-FR"},{"@type":"Organization","@id":"https:\/\/www.boisbuchet.org\/#organization","name":"Domine de Boisbuchet","url":"https:\/\/www.boisbuchet.org\/","logo":{"@type":"ImageObject","inLanguage":"fr-FR","@id":"https:\/\/www.boisbuchet.org\/#\/schema\/logo\/image\/","url":"https:\/\/www.boisbuchet.org\/wp-content\/uploads\/2019\/01\/logo_boisbuchet_black.png","contentUrl":"https:\/\/www.boisbuchet.org\/wp-content\/uploads\/2019\/01\/logo_boisbuchet_black.png","width":200,"height":73,"caption":"Domine de Boisbuchet"},"image":{"@id":"https:\/\/www.boisbuchet.org\/#\/schema\/logo\/image\/"},"sameAs":["https:\/\/www.facebook.com\/boisbuchet","https:\/\/x.com\/boisbuchet","https:\/\/www.instagram.com\/boisbuchet","https:\/\/www.linkedin.com\/company\/domaine-de-boisbuchet","https:\/\/www.pinterest.com\/boisbuchet"]}]}},"_links":{"self":[{"href":"https:\/\/www.boisbuchet.org\/fr\/wp-json\/wp\/v2\/product\/21931","targetHints":{"allow":["GET"]}}],"collection":[{"href":"https:\/\/www.boisbuchet.org\/fr\/wp-json\/wp\/v2\/product"}],"about":[{"href":"https:\/\/www.boisbuchet.org\/fr\/wp-json\/wp\/v2\/types\/product"}],"author":[{"embeddable":true,"href":"https:\/\/www.boisbuchet.org\/fr\/wp-json\/wp\/v2\/users\/707"}],"wp:featuredmedia":[{"embeddable":true,"href":"https:\/\/www.boisbuchet.org\/fr\/wp-json\/wp\/v2\/media\/21319"}],"wp:attachment":[{"href":"https:\/\/www.boisbuchet.org\/fr\/wp-json\/wp\/v2\/media?parent=21931"}],"wp:term":[{"taxonomy":"product_brand","embeddable":true,"href":"https:\/\/www.boisbuchet.org\/fr\/wp-json\/wp\/v2\/product_brand?post=21931"},{"taxonomy":"product_cat","embeddable":true,"href":"https:\/\/www.boisbuchet.org\/fr\/wp-json\/wp\/v2\/product_cat?post=21931"},{"taxonomy":"product_tag","embeddable":true,"href":"https:\/\/www.boisbuchet.org\/fr\/wp-json\/wp\/v2\/product_tag?post=21931"},{"taxonomy":"content-year","embeddable":true,"href":"https:\/\/www.boisbuchet.org\/fr\/wp-json\/wp\/v2\/content-year?post=21931"}],"curies":[{"name":"wp","href":"https:\/\/api.w.org\/{rel}","templated":true}]}}