{"id":21937,"date":"2025-02-17T19:37:59","date_gmt":"2025-02-17T18:37:59","guid":{"rendered":"https:\/\/www.boisbuchet.org\/product\/life-in-between-mycelium-and-textiles\/"},"modified":"2025-05-01T00:00:09","modified_gmt":"2025-04-30T22:00:09","slug":"life-in-between-mycelium-and-textiles","status":"publish","type":"product","link":"https:\/\/www.boisbuchet.org\/fr\/produit\/life-in-between-mycelium-and-textiles\/","title":{"rendered":"Life in-between: Mycelium and Textiles"},"content":{"rendered":"<div class=\"fusion-fullwidth fullwidth-box fusion-builder-row-1 fusion-flex-container has-pattern-background has-mask-background nonhundred-percent-fullwidth non-hundred-percent-height-scrolling\" style=\"--awb-border-radius-top-left:0px;--awb-border-radius-top-right:0px;--awb-border-radius-bottom-right:0px;--awb-border-radius-bottom-left:0px;--awb-flex-wrap:wrap;\" ><div class=\"fusion-builder-row fusion-row fusion-flex-align-items-flex-start fusion-flex-content-wrap\" style=\"max-width:1144px;margin-left: calc(-4% \/ 2 );margin-right: calc(-4% \/ 2 );\"><div class=\"fusion-layout-column fusion_builder_column fusion-builder-column-0 fusion_builder_column_1_1 1_1 fusion-flex-column\" style=\"--awb-bg-size:cover;--awb-width-large:100%;--awb-margin-top-large:0px;--awb-spacing-right-large:1.92%;--awb-margin-bottom-large:20px;--awb-spacing-left-large:1.92%;--awb-width-medium:100%;--awb-order-medium:0;--awb-spacing-right-medium:1.92%;--awb-spacing-left-medium:1.92%;--awb-width-small:100%;--awb-order-small:0;--awb-spacing-right-small:1.92%;--awb-spacing-left-small:1.92%;\"><div class=\"fusion-column-wrapper fusion-column-has-shadow fusion-flex-justify-content-flex-start fusion-content-layout-column\"><div class=\"fusion-text fusion-text-1\"><p>Le myc\u00e9lium, r\u00e9seau de filaments fongiques, prosp\u00e8re sous la terre et dans la mati\u00e8re en d\u00e9composition. Invisible \u00e0 l\u2019\u0153il nu, il agit comme d\u00e9composeur et connecteur du vivant dans nos \u00e9cosyst\u00e8mes. Le myc\u00e9lium nous invite \u00e0 explorer l\u2019entre-deux et \u00e0 dissoudre l\u2019illusion de l\u2019individualit\u00e9.<\/p>\n<p>Ce workshop propose d\u2019examiner la relation entre le myc\u00e9lium et le textile \u00e0 diff\u00e9rentes \u00e9chelles. D\u2019une part, ce r\u00e9seau entrelac\u00e9 poss\u00e8de une capacit\u00e9 remarquable \u00e0 filtrer les s\u00e9diments et \u00e0 m\u00e9taboliser certains polluants de nos sols et de nos eaux. D\u2019autre part, il lie les d\u00e9chets organiques pour en faire de nouveaux mat\u00e9riaux durables. \u00c0 l\u2019image des fils d\u2019un tissu, le myc\u00e9lium s\u2019entrelace dans des structures organiques, cr\u00e9ant une mati\u00e8re \u00e0 la fois fonctionnelle et versatile.<\/p>\n<p>Le workshop s\u2019appuie sur les recherches les plus r\u00e9centes d\u2019Al\u00e9a et explore le potentiel transformateur du myc\u00e9lium. Nous commencerons par une introduction \u00e0 l\u2019organisme et aux techniques de myco-fabrication, en mettant en \u0153uvre une pi\u00e8ce collective \u00e0 partir de d\u00e9chets textiles inocul\u00e9s. \u00c0 mesure que le myc\u00e9lium se d\u00e9veloppera, les participants exploreront l\u2019environnement local pour en d\u00e9couvrir la biodiversit\u00e9, les champignons, et les ressources disponibles. Ils exp\u00e9rimenteront \u00e9galement des applications textiles en 2D et 3D, des motifs organiques, et r\u00e9fl\u00e9chiront aux opportunit\u00e9s de design pour une myco-rem\u00e9diation dans l\u2019industrie textile.<\/p>\n<p>Tout au long de la semaine, des activit\u00e9s guid\u00e9es et des exp\u00e9rimentations individuelles permettront aux participants de tester, rechercher et poser les bases de leurs projets personnels. Le workshop se conclura par une exposition collective r\u00e9unissant les pi\u00e8ces et explorations r\u00e9alis\u00e9es.<\/p>\n<p>Ce workshop s\u2019inscrit dans le cadre du Al\u00e9a Garden Lab, un programme de recherche au long cours men\u00e9 au Domaine de Boisbuchet, qui transforme le domaine en laboratoire \u00e0 ciel ouvert. Il offre une occasion unique d\u2019acqu\u00e9rir des comp\u00e9tences pratiques en myco-fabrication, tout en explorant comment des approches r\u00e9g\u00e9n\u00e9ratives et collaboratives du design peuvent faire \u00e9merger de nouvelles relations entre l\u2019humain et le non-humain, l\u2019individu et le collectif, la cr\u00e9ativit\u00e9 et l\u2019environnement.<\/p>\n<\/div><\/div><\/div><\/div><\/div>\n","protected":false},"excerpt":{"rendered":"<p><span style=\"font-weight: 800;\">Tuteur(s)&nbsp;:<\/span> [wpv-view name=\"tutors-text-list\"]<br \/>\n<span style=\"font-weight: 800;\">Date de d\u00e9but&nbsp;:<\/span> [types field='workshop-date-start' style='text' format='j F Y'][\/types]<br \/>\n<span style=\"font-weight: 800;\">Date de fin&nbsp;:<\/span> [types field='workshop-date-end' style='text' format='j F Y'][\/types]<\/p>\n","protected":false},"author":707,"featured_media":21382,"template":"","meta":{"_monsterinsights_skip_tracking":false,"_monsterinsights_sitenote_active":false,"_monsterinsights_sitenote_note":"","_monsterinsights_sitenote_category":0},"product_brand":[],"product_cat":[760,772,275],"product_tag":[],"content-year":[1008],"class_list":{"0":"post-21937","1":"product","2":"type-product","3":"status-publish","4":"has-post-thumbnail","6":"product_cat-biodesign-fr","7":"product_cat-mycelium-fr","8":"product_cat-textile-fr","9":"content-year-1008","11":"first","12":"outofstock","13":"sold-individually","14":"shipping-taxable","15":"purchasable","16":"product-type-variable"},"yoast_head":"<!-- This site is optimized with the Yoast SEO plugin v27.1.1 - https:\/\/yoast.com\/product\/yoast-seo-wordpress\/ -->\n<title>Life in-between: Mycelium and Textiles | Domaine de Boisbuchet<\/title>\n<meta name=\"robots\" content=\"noindex, follow\" \/>\n<meta property=\"og:locale\" content=\"fr_FR\" \/>\n<meta property=\"og:type\" content=\"article\" \/>\n<meta property=\"og:title\" content=\"Life in-between: Mycelium and Textiles | Domaine de Boisbuchet\" \/>\n<meta property=\"og:description\" content=\"Tuteur(s)&nbsp;:   Date de d\u00e9but&nbsp;:   Date de fin&nbsp;:\" \/>\n<meta property=\"og:url\" content=\"https:\/\/www.boisbuchet.org\/produit\/life-in-between-mycelium-and-textiles\/\" \/>\n<meta property=\"og:site_name\" content=\"Domaine de Boisbuchet\" \/>\n<meta property=\"article:publisher\" content=\"https:\/\/www.facebook.com\/boisbuchet\" \/>\n<meta property=\"article:modified_time\" content=\"2025-04-30T22:00:09+00:00\" \/>\n<meta property=\"og:image\" content=\"https:\/\/www.boisbuchet.org\/wp-content\/uploads\/2025\/02\/2025_Ale\u0301a_Tile3.jpg\" \/>\n\t<meta property=\"og:image:width\" content=\"600\" \/>\n\t<meta property=\"og:image:height\" content=\"400\" \/>\n\t<meta property=\"og:image:type\" content=\"image\/jpeg\" \/>\n<meta name=\"twitter:card\" content=\"summary_large_image\" \/>\n<meta name=\"twitter:site\" content=\"@boisbuchet\" \/>\n<meta name=\"twitter:label1\" content=\"Dur\u00e9e de lecture estim\u00e9e\" \/>\n\t<meta name=\"twitter:data1\" content=\"6 minutes\" \/>\n<script type=\"application\/ld+json\" class=\"yoast-schema-graph\">{\"@context\":\"https:\/\/schema.org\",\"@graph\":[{\"@type\":\"WebPage\",\"@id\":\"https:\/\/www.boisbuchet.org\/produit\/life-in-between-mycelium-and-textiles\/\",\"url\":\"https:\/\/www.boisbuchet.org\/produit\/life-in-between-mycelium-and-textiles\/\",\"name\":\"Life in-between: Mycelium and Textiles | Domaine de Boisbuchet\",\"isPartOf\":{\"@id\":\"https:\/\/www.boisbuchet.org\/#website\"},\"primaryImageOfPage\":{\"@id\":\"https:\/\/www.boisbuchet.org\/produit\/life-in-between-mycelium-and-textiles\/#primaryimage\"},\"image\":{\"@id\":\"https:\/\/www.boisbuchet.org\/produit\/life-in-between-mycelium-and-textiles\/#primaryimage\"},\"thumbnailUrl\":\"https:\/\/www.boisbuchet.org\/wp-content\/uploads\/2025\/02\/2025_Ale\u0301a_Tile3.jpg\",\"datePublished\":\"2025-02-17T18:37:59+00:00\",\"dateModified\":\"2025-04-30T22:00:09+00:00\",\"breadcrumb\":{\"@id\":\"https:\/\/www.boisbuchet.org\/produit\/life-in-between-mycelium-and-textiles\/#breadcrumb\"},\"inLanguage\":\"fr-FR\",\"potentialAction\":[{\"@type\":\"ReadAction\",\"target\":[\"https:\/\/www.boisbuchet.org\/produit\/life-in-between-mycelium-and-textiles\/\"]}]},{\"@type\":\"ImageObject\",\"inLanguage\":\"fr-FR\",\"@id\":\"https:\/\/www.boisbuchet.org\/produit\/life-in-between-mycelium-and-textiles\/#primaryimage\",\"url\":\"https:\/\/www.boisbuchet.org\/wp-content\/uploads\/2025\/02\/2025_Ale\u0301a_Tile3.jpg\",\"contentUrl\":\"https:\/\/www.boisbuchet.org\/wp-content\/uploads\/2025\/02\/2025_Ale\u0301a_Tile3.jpg\",\"width\":600,\"height\":400},{\"@type\":\"BreadcrumbList\",\"@id\":\"https:\/\/www.boisbuchet.org\/produit\/life-in-between-mycelium-and-textiles\/#breadcrumb\",\"itemListElement\":[{\"@type\":\"ListItem\",\"position\":1,\"name\":\"Home\",\"item\":\"https:\/\/www.boisbuchet.org\/fr\/\"},{\"@type\":\"ListItem\",\"position\":2,\"name\":\"Boutique\",\"item\":\"https:\/\/www.boisbuchet.org\/fr\/boutique\/\"},{\"@type\":\"ListItem\",\"position\":3,\"name\":\"Life in-between: Mycelium and Textiles\"}]},{\"@type\":\"WebSite\",\"@id\":\"https:\/\/www.boisbuchet.org\/#website\",\"url\":\"https:\/\/www.boisbuchet.org\/\",\"name\":\"Domaine de Boisbuchet\",\"description\":\"Summer Workshops | Park | Event\u00a0Location\",\"publisher\":{\"@id\":\"https:\/\/www.boisbuchet.org\/#organization\"},\"potentialAction\":[{\"@type\":\"SearchAction\",\"target\":{\"@type\":\"EntryPoint\",\"urlTemplate\":\"https:\/\/www.boisbuchet.org\/?s={search_term_string}\"},\"query-input\":{\"@type\":\"PropertyValueSpecification\",\"valueRequired\":true,\"valueName\":\"search_term_string\"}}],\"inLanguage\":\"fr-FR\"},{\"@type\":\"Organization\",\"@id\":\"https:\/\/www.boisbuchet.org\/#organization\",\"name\":\"Domine de Boisbuchet\",\"url\":\"https:\/\/www.boisbuchet.org\/\",\"logo\":{\"@type\":\"ImageObject\",\"inLanguage\":\"fr-FR\",\"@id\":\"https:\/\/www.boisbuchet.org\/#\/schema\/logo\/image\/\",\"url\":\"https:\/\/www.boisbuchet.org\/wp-content\/uploads\/2019\/01\/logo_boisbuchet_black.png\",\"contentUrl\":\"https:\/\/www.boisbuchet.org\/wp-content\/uploads\/2019\/01\/logo_boisbuchet_black.png\",\"width\":200,\"height\":73,\"caption\":\"Domine de Boisbuchet\"},\"image\":{\"@id\":\"https:\/\/www.boisbuchet.org\/#\/schema\/logo\/image\/\"},\"sameAs\":[\"https:\/\/www.facebook.com\/boisbuchet\",\"https:\/\/x.com\/boisbuchet\",\"https:\/\/www.instagram.com\/boisbuchet\",\"https:\/\/www.linkedin.com\/company\/domaine-de-boisbuchet\",\"https:\/\/www.pinterest.com\/boisbuchet\"]}]}<\/script>\n<!-- \/ Yoast SEO plugin. -->","yoast_head_json":{"title":"Life in-between: Mycelium and Textiles | Domaine de Boisbuchet","robots":{"index":"noindex","follow":"follow"},"og_locale":"fr_FR","og_type":"article","og_title":"Life in-between: Mycelium and Textiles | Domaine de Boisbuchet","og_description":"Tuteur(s)&nbsp;:   Date de d\u00e9but&nbsp;:   Date de fin&nbsp;:","og_url":"https:\/\/www.boisbuchet.org\/produit\/life-in-between-mycelium-and-textiles\/","og_site_name":"Domaine de Boisbuchet","article_publisher":"https:\/\/www.facebook.com\/boisbuchet","article_modified_time":"2025-04-30T22:00:09+00:00","og_image":[{"width":600,"height":400,"url":"https:\/\/www.boisbuchet.org\/wp-content\/uploads\/2025\/02\/2025_Ale\u0301a_Tile3.jpg","type":"image\/jpeg"}],"twitter_card":"summary_large_image","twitter_site":"@boisbuchet","twitter_misc":{"Dur\u00e9e de lecture estim\u00e9e":"6 minutes"},"schema":{"@context":"https:\/\/schema.org","@graph":[{"@type":"WebPage","@id":"https:\/\/www.boisbuchet.org\/produit\/life-in-between-mycelium-and-textiles\/","url":"https:\/\/www.boisbuchet.org\/produit\/life-in-between-mycelium-and-textiles\/","name":"Life in-between: Mycelium and Textiles | Domaine de Boisbuchet","isPartOf":{"@id":"https:\/\/www.boisbuchet.org\/#website"},"primaryImageOfPage":{"@id":"https:\/\/www.boisbuchet.org\/produit\/life-in-between-mycelium-and-textiles\/#primaryimage"},"image":{"@id":"https:\/\/www.boisbuchet.org\/produit\/life-in-between-mycelium-and-textiles\/#primaryimage"},"thumbnailUrl":"https:\/\/www.boisbuchet.org\/wp-content\/uploads\/2025\/02\/2025_Ale\u0301a_Tile3.jpg","datePublished":"2025-02-17T18:37:59+00:00","dateModified":"2025-04-30T22:00:09+00:00","breadcrumb":{"@id":"https:\/\/www.boisbuchet.org\/produit\/life-in-between-mycelium-and-textiles\/#breadcrumb"},"inLanguage":"fr-FR","potentialAction":[{"@type":"ReadAction","target":["https:\/\/www.boisbuchet.org\/produit\/life-in-between-mycelium-and-textiles\/"]}]},{"@type":"ImageObject","inLanguage":"fr-FR","@id":"https:\/\/www.boisbuchet.org\/produit\/life-in-between-mycelium-and-textiles\/#primaryimage","url":"https:\/\/www.boisbuchet.org\/wp-content\/uploads\/2025\/02\/2025_Ale\u0301a_Tile3.jpg","contentUrl":"https:\/\/www.boisbuchet.org\/wp-content\/uploads\/2025\/02\/2025_Ale\u0301a_Tile3.jpg","width":600,"height":400},{"@type":"BreadcrumbList","@id":"https:\/\/www.boisbuchet.org\/produit\/life-in-between-mycelium-and-textiles\/#breadcrumb","itemListElement":[{"@type":"ListItem","position":1,"name":"Home","item":"https:\/\/www.boisbuchet.org\/fr\/"},{"@type":"ListItem","position":2,"name":"Boutique","item":"https:\/\/www.boisbuchet.org\/fr\/boutique\/"},{"@type":"ListItem","position":3,"name":"Life in-between: Mycelium and Textiles"}]},{"@type":"WebSite","@id":"https:\/\/www.boisbuchet.org\/#website","url":"https:\/\/www.boisbuchet.org\/","name":"Domaine de Boisbuchet","description":"Summer Workshops | Park | Event\u00a0Location","publisher":{"@id":"https:\/\/www.boisbuchet.org\/#organization"},"potentialAction":[{"@type":"SearchAction","target":{"@type":"EntryPoint","urlTemplate":"https:\/\/www.boisbuchet.org\/?s={search_term_string}"},"query-input":{"@type":"PropertyValueSpecification","valueRequired":true,"valueName":"search_term_string"}}],"inLanguage":"fr-FR"},{"@type":"Organization","@id":"https:\/\/www.boisbuchet.org\/#organization","name":"Domine de Boisbuchet","url":"https:\/\/www.boisbuchet.org\/","logo":{"@type":"ImageObject","inLanguage":"fr-FR","@id":"https:\/\/www.boisbuchet.org\/#\/schema\/logo\/image\/","url":"https:\/\/www.boisbuchet.org\/wp-content\/uploads\/2019\/01\/logo_boisbuchet_black.png","contentUrl":"https:\/\/www.boisbuchet.org\/wp-content\/uploads\/2019\/01\/logo_boisbuchet_black.png","width":200,"height":73,"caption":"Domine de Boisbuchet"},"image":{"@id":"https:\/\/www.boisbuchet.org\/#\/schema\/logo\/image\/"},"sameAs":["https:\/\/www.facebook.com\/boisbuchet","https:\/\/x.com\/boisbuchet","https:\/\/www.instagram.com\/boisbuchet","https:\/\/www.linkedin.com\/company\/domaine-de-boisbuchet","https:\/\/www.pinterest.com\/boisbuchet"]}]}},"_links":{"self":[{"href":"https:\/\/www.boisbuchet.org\/fr\/wp-json\/wp\/v2\/product\/21937","targetHints":{"allow":["GET"]}}],"collection":[{"href":"https:\/\/www.boisbuchet.org\/fr\/wp-json\/wp\/v2\/product"}],"about":[{"href":"https:\/\/www.boisbuchet.org\/fr\/wp-json\/wp\/v2\/types\/product"}],"author":[{"embeddable":true,"href":"https:\/\/www.boisbuchet.org\/fr\/wp-json\/wp\/v2\/users\/707"}],"wp:featuredmedia":[{"embeddable":true,"href":"https:\/\/www.boisbuchet.org\/fr\/wp-json\/wp\/v2\/media\/21382"}],"wp:attachment":[{"href":"https:\/\/www.boisbuchet.org\/fr\/wp-json\/wp\/v2\/media?parent=21937"}],"wp:term":[{"taxonomy":"product_brand","embeddable":true,"href":"https:\/\/www.boisbuchet.org\/fr\/wp-json\/wp\/v2\/product_brand?post=21937"},{"taxonomy":"product_cat","embeddable":true,"href":"https:\/\/www.boisbuchet.org\/fr\/wp-json\/wp\/v2\/product_cat?post=21937"},{"taxonomy":"product_tag","embeddable":true,"href":"https:\/\/www.boisbuchet.org\/fr\/wp-json\/wp\/v2\/product_tag?post=21937"},{"taxonomy":"content-year","embeddable":true,"href":"https:\/\/www.boisbuchet.org\/fr\/wp-json\/wp\/v2\/content-year?post=21937"}],"curies":[{"name":"wp","href":"https:\/\/api.w.org\/{rel}","templated":true}]}}