{"id":21984,"date":"2025-02-20T10:00:36","date_gmt":"2025-02-20T09:00:36","guid":{"rendered":"https:\/\/www.boisbuchet.org\/product\/at-the-end-of-the-world\/"},"modified":"2025-05-01T00:00:10","modified_gmt":"2025-04-30T22:00:10","slug":"at-the-end-of-the-world","status":"publish","type":"product","link":"https:\/\/www.boisbuchet.org\/fr\/produit\/at-the-end-of-the-world\/","title":{"rendered":"At the End of the World"},"content":{"rendered":"<div class=\"fusion-fullwidth fullwidth-box fusion-builder-row-1 fusion-flex-container has-pattern-background has-mask-background nonhundred-percent-fullwidth non-hundred-percent-height-scrolling\" style=\"--awb-border-radius-top-left:0px;--awb-border-radius-top-right:0px;--awb-border-radius-bottom-right:0px;--awb-border-radius-bottom-left:0px;--awb-flex-wrap:wrap;\" ><div class=\"fusion-builder-row fusion-row fusion-flex-align-items-flex-start fusion-flex-content-wrap\" style=\"max-width:1144px;margin-left: calc(-4% \/ 2 );margin-right: calc(-4% \/ 2 );\"><div class=\"fusion-layout-column fusion_builder_column fusion-builder-column-0 fusion_builder_column_1_1 1_1 fusion-flex-column\" style=\"--awb-bg-size:cover;--awb-width-large:100%;--awb-margin-top-large:0px;--awb-spacing-right-large:1.92%;--awb-margin-bottom-large:20px;--awb-spacing-left-large:1.92%;--awb-width-medium:100%;--awb-order-medium:0;--awb-spacing-right-medium:1.92%;--awb-spacing-left-medium:1.92%;--awb-width-small:100%;--awb-order-small:0;--awb-spacing-right-small:1.92%;--awb-spacing-left-small:1.92%;\"><div class=\"fusion-column-wrapper fusion-column-has-shadow fusion-flex-justify-content-flex-start fusion-content-layout-column\"><div class=\"fusion-text fusion-text-1\"><p>Depuis trois semestres, Mariam Issoufou explore le th\u00e8me des mus\u00e9es dans le cadre de sa chaire sur le patrimoine architectural et la durabilit\u00e9 \u00e0 l\u2019ETH Zurich. Ce workshop offre l\u2019occasion d\u2019\u00e9largir cette recherche dans un nouveau contexte, en remettant en question les id\u00e9es fondamentales li\u00e9es aux mus\u00e9es, \u00e0 la propri\u00e9t\u00e9 et \u00e0 la mise en exposition des objets. Que se passe-t-il lorsque la restitution est achev\u00e9e et que les mus\u00e9es se retrouvent vides ? Comment repenser les espaces d\u2019exposition au-del\u00e0 des collections mat\u00e9rielles ? Et comment l\u2019architecture peut-elle nous aider \u00e0 imaginer des futurs alternatifs pour des institutions historiquement fond\u00e9es sur le contr\u00f4le, la conservation et la classification ? Plut\u00f4t que de consid\u00e9rer les mus\u00e9es comme des espaces neutres, nous interrogerons leur r\u00f4le dans la production du savoir et de la m\u00e9moire, et leur mani\u00e8re de renforcer certains syst\u00e8mes d\u2019exclusion, d\u2019appropriation et d\u2019effacement.<\/p>\n<p>Au lieu d\u2019aborder ces questions uniquement par la discussion, les participants m\u00e8neront des exp\u00e9rimentations concr\u00e8tes. En utilisant les ressources de Boisbuchet, nous concevrons et construirons des prototypes tangibles de ce que pourrait \u00eatre un &#8220;mus\u00e9e de la d\u00e9sob\u00e9issance&#8221; \u2014 que ce soit \u00e0 travers des maquettes, des dessins, des installations ou des interventions in situ. Tout au long de la semaine, les participants auront l\u2019opportunit\u00e9 de proposer des projets sp\u00e9culatifs sur ce que pourrait \u00eatre un mus\u00e9e \u00e0 Boisbuchet, en int\u00e9grant \u2014 ou en excluant volontairement \u2014 des artefacts, des r\u00e9cits et des dispositifs spatiaux.<\/p>\n<\/div><\/div><\/div><\/div><\/div>\n","protected":false},"excerpt":{"rendered":"<p><span style=\"font-weight: 800;\">Tuteur(s)&nbsp;:<\/span> [wpv-view name=\"tutors-text-list\"]<br \/>\n<span style=\"font-weight: 800;\">Date de d\u00e9but&nbsp;:<\/span> [types field='workshop-date-start' style='text' format='j F Y'][\/types]<br \/>\n<span style=\"font-weight: 800;\">Date de fin&nbsp;:<\/span> [types field='workshop-date-end' style='text' format='j F Y'][\/types]<\/p>\n","protected":false},"author":707,"featured_media":21739,"template":"","meta":{"_monsterinsights_skip_tracking":false,"_monsterinsights_sitenote_active":false,"_monsterinsights_sitenote_note":"","_monsterinsights_sitenote_category":0},"product_brand":[],"product_cat":[207,246,223],"product_tag":[],"content-year":[1008],"class_list":{"0":"post-21984","1":"product","2":"type-product","3":"status-publish","4":"has-post-thumbnail","6":"product_cat-architecture-fr","7":"product_cat-environnement","8":"product_cat-processus-design","9":"content-year-1008","11":"first","12":"outofstock","13":"sold-individually","14":"shipping-taxable","15":"purchasable","16":"product-type-variable"},"yoast_head":"<!-- This site is optimized with the Yoast SEO plugin v27.1.1 - https:\/\/yoast.com\/product\/yoast-seo-wordpress\/ -->\n<title>At the End of the World | Domaine de Boisbuchet<\/title>\n<meta name=\"robots\" content=\"noindex, follow\" \/>\n<meta property=\"og:locale\" content=\"fr_FR\" \/>\n<meta property=\"og:type\" content=\"article\" \/>\n<meta property=\"og:title\" content=\"At the End of the World | Domaine de Boisbuchet\" \/>\n<meta property=\"og:description\" content=\"Tuteur(s)&nbsp;:   Date de d\u00e9but&nbsp;:   Date de fin&nbsp;:\" \/>\n<meta property=\"og:url\" content=\"https:\/\/www.boisbuchet.org\/produit\/at-the-end-of-the-world\/\" \/>\n<meta property=\"og:site_name\" content=\"Domaine de Boisbuchet\" \/>\n<meta property=\"article:publisher\" content=\"https:\/\/www.facebook.com\/boisbuchet\" \/>\n<meta property=\"article:modified_time\" content=\"2025-04-30T22:00:10+00:00\" \/>\n<meta property=\"og:image\" content=\"https:\/\/www.boisbuchet.org\/wp-content\/uploads\/2025\/02\/2025_Mariam_Issofou_Tile.jpg\" \/>\n\t<meta property=\"og:image:width\" content=\"600\" \/>\n\t<meta property=\"og:image:height\" content=\"400\" \/>\n\t<meta property=\"og:image:type\" content=\"image\/jpeg\" \/>\n<meta name=\"twitter:card\" content=\"summary_large_image\" \/>\n<meta name=\"twitter:site\" content=\"@boisbuchet\" \/>\n<meta name=\"twitter:label1\" content=\"Dur\u00e9e de lecture estim\u00e9e\" \/>\n\t<meta name=\"twitter:data1\" content=\"5 minutes\" \/>\n<script type=\"application\/ld+json\" class=\"yoast-schema-graph\">{\"@context\":\"https:\/\/schema.org\",\"@graph\":[{\"@type\":\"WebPage\",\"@id\":\"https:\/\/www.boisbuchet.org\/produit\/at-the-end-of-the-world\/\",\"url\":\"https:\/\/www.boisbuchet.org\/produit\/at-the-end-of-the-world\/\",\"name\":\"At the End of the World | Domaine de Boisbuchet\",\"isPartOf\":{\"@id\":\"https:\/\/www.boisbuchet.org\/#website\"},\"primaryImageOfPage\":{\"@id\":\"https:\/\/www.boisbuchet.org\/produit\/at-the-end-of-the-world\/#primaryimage\"},\"image\":{\"@id\":\"https:\/\/www.boisbuchet.org\/produit\/at-the-end-of-the-world\/#primaryimage\"},\"thumbnailUrl\":\"https:\/\/www.boisbuchet.org\/wp-content\/uploads\/2025\/02\/2025_Mariam_Issofou_Tile.jpg\",\"datePublished\":\"2025-02-20T09:00:36+00:00\",\"dateModified\":\"2025-04-30T22:00:10+00:00\",\"breadcrumb\":{\"@id\":\"https:\/\/www.boisbuchet.org\/produit\/at-the-end-of-the-world\/#breadcrumb\"},\"inLanguage\":\"fr-FR\",\"potentialAction\":[{\"@type\":\"ReadAction\",\"target\":[\"https:\/\/www.boisbuchet.org\/produit\/at-the-end-of-the-world\/\"]}]},{\"@type\":\"ImageObject\",\"inLanguage\":\"fr-FR\",\"@id\":\"https:\/\/www.boisbuchet.org\/produit\/at-the-end-of-the-world\/#primaryimage\",\"url\":\"https:\/\/www.boisbuchet.org\/wp-content\/uploads\/2025\/02\/2025_Mariam_Issofou_Tile.jpg\",\"contentUrl\":\"https:\/\/www.boisbuchet.org\/wp-content\/uploads\/2025\/02\/2025_Mariam_Issofou_Tile.jpg\",\"width\":600,\"height\":400},{\"@type\":\"BreadcrumbList\",\"@id\":\"https:\/\/www.boisbuchet.org\/produit\/at-the-end-of-the-world\/#breadcrumb\",\"itemListElement\":[{\"@type\":\"ListItem\",\"position\":1,\"name\":\"Home\",\"item\":\"https:\/\/www.boisbuchet.org\/fr\/\"},{\"@type\":\"ListItem\",\"position\":2,\"name\":\"Boutique\",\"item\":\"https:\/\/www.boisbuchet.org\/fr\/boutique\/\"},{\"@type\":\"ListItem\",\"position\":3,\"name\":\"At the End of the World\"}]},{\"@type\":\"WebSite\",\"@id\":\"https:\/\/www.boisbuchet.org\/#website\",\"url\":\"https:\/\/www.boisbuchet.org\/\",\"name\":\"Domaine de Boisbuchet\",\"description\":\"Summer Workshops | Park | Event\u00a0Location\",\"publisher\":{\"@id\":\"https:\/\/www.boisbuchet.org\/#organization\"},\"potentialAction\":[{\"@type\":\"SearchAction\",\"target\":{\"@type\":\"EntryPoint\",\"urlTemplate\":\"https:\/\/www.boisbuchet.org\/?s={search_term_string}\"},\"query-input\":{\"@type\":\"PropertyValueSpecification\",\"valueRequired\":true,\"valueName\":\"search_term_string\"}}],\"inLanguage\":\"fr-FR\"},{\"@type\":\"Organization\",\"@id\":\"https:\/\/www.boisbuchet.org\/#organization\",\"name\":\"Domine de Boisbuchet\",\"url\":\"https:\/\/www.boisbuchet.org\/\",\"logo\":{\"@type\":\"ImageObject\",\"inLanguage\":\"fr-FR\",\"@id\":\"https:\/\/www.boisbuchet.org\/#\/schema\/logo\/image\/\",\"url\":\"https:\/\/www.boisbuchet.org\/wp-content\/uploads\/2019\/01\/logo_boisbuchet_black.png\",\"contentUrl\":\"https:\/\/www.boisbuchet.org\/wp-content\/uploads\/2019\/01\/logo_boisbuchet_black.png\",\"width\":200,\"height\":73,\"caption\":\"Domine de Boisbuchet\"},\"image\":{\"@id\":\"https:\/\/www.boisbuchet.org\/#\/schema\/logo\/image\/\"},\"sameAs\":[\"https:\/\/www.facebook.com\/boisbuchet\",\"https:\/\/x.com\/boisbuchet\",\"https:\/\/www.instagram.com\/boisbuchet\",\"https:\/\/www.linkedin.com\/company\/domaine-de-boisbuchet\",\"https:\/\/www.pinterest.com\/boisbuchet\"]}]}<\/script>\n<!-- \/ Yoast SEO plugin. -->","yoast_head_json":{"title":"At the End of the World | Domaine de Boisbuchet","robots":{"index":"noindex","follow":"follow"},"og_locale":"fr_FR","og_type":"article","og_title":"At the End of the World | Domaine de Boisbuchet","og_description":"Tuteur(s)&nbsp;:   Date de d\u00e9but&nbsp;:   Date de fin&nbsp;:","og_url":"https:\/\/www.boisbuchet.org\/produit\/at-the-end-of-the-world\/","og_site_name":"Domaine de Boisbuchet","article_publisher":"https:\/\/www.facebook.com\/boisbuchet","article_modified_time":"2025-04-30T22:00:10+00:00","og_image":[{"width":600,"height":400,"url":"https:\/\/www.boisbuchet.org\/wp-content\/uploads\/2025\/02\/2025_Mariam_Issofou_Tile.jpg","type":"image\/jpeg"}],"twitter_card":"summary_large_image","twitter_site":"@boisbuchet","twitter_misc":{"Dur\u00e9e de lecture estim\u00e9e":"5 minutes"},"schema":{"@context":"https:\/\/schema.org","@graph":[{"@type":"WebPage","@id":"https:\/\/www.boisbuchet.org\/produit\/at-the-end-of-the-world\/","url":"https:\/\/www.boisbuchet.org\/produit\/at-the-end-of-the-world\/","name":"At the End of the World | Domaine de Boisbuchet","isPartOf":{"@id":"https:\/\/www.boisbuchet.org\/#website"},"primaryImageOfPage":{"@id":"https:\/\/www.boisbuchet.org\/produit\/at-the-end-of-the-world\/#primaryimage"},"image":{"@id":"https:\/\/www.boisbuchet.org\/produit\/at-the-end-of-the-world\/#primaryimage"},"thumbnailUrl":"https:\/\/www.boisbuchet.org\/wp-content\/uploads\/2025\/02\/2025_Mariam_Issofou_Tile.jpg","datePublished":"2025-02-20T09:00:36+00:00","dateModified":"2025-04-30T22:00:10+00:00","breadcrumb":{"@id":"https:\/\/www.boisbuchet.org\/produit\/at-the-end-of-the-world\/#breadcrumb"},"inLanguage":"fr-FR","potentialAction":[{"@type":"ReadAction","target":["https:\/\/www.boisbuchet.org\/produit\/at-the-end-of-the-world\/"]}]},{"@type":"ImageObject","inLanguage":"fr-FR","@id":"https:\/\/www.boisbuchet.org\/produit\/at-the-end-of-the-world\/#primaryimage","url":"https:\/\/www.boisbuchet.org\/wp-content\/uploads\/2025\/02\/2025_Mariam_Issofou_Tile.jpg","contentUrl":"https:\/\/www.boisbuchet.org\/wp-content\/uploads\/2025\/02\/2025_Mariam_Issofou_Tile.jpg","width":600,"height":400},{"@type":"BreadcrumbList","@id":"https:\/\/www.boisbuchet.org\/produit\/at-the-end-of-the-world\/#breadcrumb","itemListElement":[{"@type":"ListItem","position":1,"name":"Home","item":"https:\/\/www.boisbuchet.org\/fr\/"},{"@type":"ListItem","position":2,"name":"Boutique","item":"https:\/\/www.boisbuchet.org\/fr\/boutique\/"},{"@type":"ListItem","position":3,"name":"At the End of the World"}]},{"@type":"WebSite","@id":"https:\/\/www.boisbuchet.org\/#website","url":"https:\/\/www.boisbuchet.org\/","name":"Domaine de Boisbuchet","description":"Summer Workshops | Park | Event\u00a0Location","publisher":{"@id":"https:\/\/www.boisbuchet.org\/#organization"},"potentialAction":[{"@type":"SearchAction","target":{"@type":"EntryPoint","urlTemplate":"https:\/\/www.boisbuchet.org\/?s={search_term_string}"},"query-input":{"@type":"PropertyValueSpecification","valueRequired":true,"valueName":"search_term_string"}}],"inLanguage":"fr-FR"},{"@type":"Organization","@id":"https:\/\/www.boisbuchet.org\/#organization","name":"Domine de Boisbuchet","url":"https:\/\/www.boisbuchet.org\/","logo":{"@type":"ImageObject","inLanguage":"fr-FR","@id":"https:\/\/www.boisbuchet.org\/#\/schema\/logo\/image\/","url":"https:\/\/www.boisbuchet.org\/wp-content\/uploads\/2019\/01\/logo_boisbuchet_black.png","contentUrl":"https:\/\/www.boisbuchet.org\/wp-content\/uploads\/2019\/01\/logo_boisbuchet_black.png","width":200,"height":73,"caption":"Domine de Boisbuchet"},"image":{"@id":"https:\/\/www.boisbuchet.org\/#\/schema\/logo\/image\/"},"sameAs":["https:\/\/www.facebook.com\/boisbuchet","https:\/\/x.com\/boisbuchet","https:\/\/www.instagram.com\/boisbuchet","https:\/\/www.linkedin.com\/company\/domaine-de-boisbuchet","https:\/\/www.pinterest.com\/boisbuchet"]}]}},"_links":{"self":[{"href":"https:\/\/www.boisbuchet.org\/fr\/wp-json\/wp\/v2\/product\/21984","targetHints":{"allow":["GET"]}}],"collection":[{"href":"https:\/\/www.boisbuchet.org\/fr\/wp-json\/wp\/v2\/product"}],"about":[{"href":"https:\/\/www.boisbuchet.org\/fr\/wp-json\/wp\/v2\/types\/product"}],"author":[{"embeddable":true,"href":"https:\/\/www.boisbuchet.org\/fr\/wp-json\/wp\/v2\/users\/707"}],"wp:featuredmedia":[{"embeddable":true,"href":"https:\/\/www.boisbuchet.org\/fr\/wp-json\/wp\/v2\/media\/21739"}],"wp:attachment":[{"href":"https:\/\/www.boisbuchet.org\/fr\/wp-json\/wp\/v2\/media?parent=21984"}],"wp:term":[{"taxonomy":"product_brand","embeddable":true,"href":"https:\/\/www.boisbuchet.org\/fr\/wp-json\/wp\/v2\/product_brand?post=21984"},{"taxonomy":"product_cat","embeddable":true,"href":"https:\/\/www.boisbuchet.org\/fr\/wp-json\/wp\/v2\/product_cat?post=21984"},{"taxonomy":"product_tag","embeddable":true,"href":"https:\/\/www.boisbuchet.org\/fr\/wp-json\/wp\/v2\/product_tag?post=21984"},{"taxonomy":"content-year","embeddable":true,"href":"https:\/\/www.boisbuchet.org\/fr\/wp-json\/wp\/v2\/content-year?post=21984"}],"curies":[{"name":"wp","href":"https:\/\/api.w.org\/{rel}","templated":true}]}}