{"id":25500,"date":"2026-03-04T00:14:26","date_gmt":"2026-03-03T23:14:26","guid":{"rendered":"https:\/\/www.boisbuchet.org\/product\/scrap-kammer-a-cabinet-of-curiosities\/"},"modified":"2026-04-02T15:59:51","modified_gmt":"2026-04-02T13:59:51","slug":"scrap-kammer-a-cabinet-of-curiosities","status":"publish","type":"product","link":"https:\/\/www.boisbuchet.org\/fr\/produit\/scrap-kammer-a-cabinet-of-curiosities\/","title":{"rendered":"Scrap-Kammer: A Cabinet of Curiosities"},"content":{"rendered":"<div class=\"fusion-fullwidth fullwidth-box fusion-builder-row-1 fusion-flex-container has-pattern-background has-mask-background nonhundred-percent-fullwidth non-hundred-percent-height-scrolling\" style=\"--awb-border-radius-top-left:0px;--awb-border-radius-top-right:0px;--awb-border-radius-bottom-right:0px;--awb-border-radius-bottom-left:0px;--awb-flex-wrap:wrap;\" ><div class=\"fusion-builder-row fusion-row fusion-flex-align-items-flex-start fusion-flex-content-wrap\" style=\"max-width:1144px;margin-left: calc(-4% \/ 2 );margin-right: calc(-4% \/ 2 );\"><div class=\"fusion-layout-column fusion_builder_column fusion-builder-column-0 fusion_builder_column_1_1 1_1 fusion-flex-column\" style=\"--awb-bg-size:cover;--awb-width-large:100%;--awb-margin-top-large:0px;--awb-spacing-right-large:1.92%;--awb-margin-bottom-large:20px;--awb-spacing-left-large:1.92%;--awb-width-medium:100%;--awb-order-medium:0;--awb-spacing-right-medium:1.92%;--awb-spacing-left-medium:1.92%;--awb-width-small:100%;--awb-order-small:0;--awb-spacing-right-small:1.92%;--awb-spacing-left-small:1.92%;\"><div class=\"fusion-column-wrapper fusion-column-has-shadow fusion-flex-justify-content-flex-start fusion-content-layout-column\"><div class=\"fusion-text fusion-text-1\"><p>Les <em>Wunderkammers<\/em>, ces cabinets de curiosit\u00e9s excentriques apparus en Europe au XVI\u1d49 si\u00e8cle, r\u00e9unissant des collections encyclop\u00e9diques d\u2019objets dont les fronti\u00e8res cat\u00e9gorielles restaient \u00e0 d\u00e9finir peuvent \u00eatre consid\u00e9r\u00e9s comme certaines des premi\u00e8res matrices organisationnelles dans les pratiques de collection. En assemblant des objets h\u00e9t\u00e9rog\u00e8nes selon une logique d\u2019exposition partag\u00e9e, elles ont \u00e9tabli des proto-syst\u00e8mes d\u2019archivage, de classification, de comparaison et de cr\u00e9ation de sens. Bien avant l\u2019\u00e9mergence des taxonomies modernes (sciences de l&#8217;organisation), de la mus\u00e9ographie, des bases de donn\u00e9es ou des mod\u00e8les computationnels, les <em>Wunderkammers<\/em> fonctionnaient comme des dispositifs pr\u00e9-algorithmiques, o\u00f9 les r\u00e8gles d\u2019ordre et de production de connaissance \u00e9taient dict\u00e9es par la logique spatiale, la r\u00e9p\u00e9tition, l\u2019usage et l\u2019erreur, plut\u00f4t que par un code formalis\u00e9.<\/p>\n<p>Si l\u2019on consid\u00e8re les choses sous cet angle, le <em>Wunderkammer<\/em> n\u2019appara\u00eet pas seulement comme un pr\u00e9curseur de la classification scientifique, mais comme un cadre spatial permettant des formes d\u2019exposition algorithmiques : un dispositif dont l\u2019ordre est continuellement remani\u00e9 et reconfigur\u00e9 \u00e0 travers l\u2019accumulation, la manipulation et la contingence.<\/p>\n<p>S\u2019appuyant sur cette g\u00e9n\u00e9alogie, le studio d\u2019architecture 2050+ animera un atelier qui reconsid\u00e8re le design algorithmique non comme une abstraction computationnelle, mais comme une pratique vivante et organique. Au c\u0153ur de l\u2019atelier, les participants travailleront sur la taxonomie de la <em>Scrap-Kammer<\/em>, o\u00f9 les d\u00e9chets ne sont pas consid\u00e9r\u00e9s comme de simples rebuts mais comme des entit\u00e9s poss\u00e9dant une valeur mat\u00e9rielle intrins\u00e8que. Ils exploreront, classifieront et exp\u00e9rimenteront ces fragments avant de construire le cadre ou la structure qui les accueillera, transformant les mat\u00e9riaux accumul\u00e9s en une <em>Wunderkammer<\/em> contemporaine : une <em>Scrap-Kammer<\/em>.<\/p>\n<p>Con\u00e7ue comme un cabinet du rejet, hybride entre collection, archive et dispositif op\u00e9ratoire, cette installation collective rassemblera d\u00e9chets, erreurs, restes, tests, maquettes, fragments et objets trouv\u00e9s produits par les activit\u00e9s et pratiques en cours \u00e0 Boisbuchet, transformant les sous-produits quotidiens de la fabrication en un lieu de d\u00e9couverte et d\u2019exp\u00e9rimentation.<\/p>\n<p>Ainsi, la <em>Scrap-Kammer<\/em> fonctionnera comme un syst\u00e8me en boucle de r\u00e9troaction plut\u00f4t que comme un contenant statique : chaque nouvel \u00e9l\u00e9ment int\u00e9gr\u00e9 \u00e0 la collection modifiera son ordre interne, sa logique spatiale et ses modes d\u2019exposition, s\u2019\u00e9loignant des paradigmes computationnels fixes. Le dispositif est con\u00e7u pour \u00e9voluer dans le temps, absorbant de nouveaux mat\u00e9riaux tout en ren\u00e9gociant continuellement sa propre structure.<\/p>\n<p>L\u2019atelier invitera donc les participants \u00e0 envisager l\u2019architecture comme un cadre op\u00e9rationnel plut\u00f4t qu\u2019un objet fini : un dispositif qui enregistre les processus, accueille les r\u00e9sidus et r\u00e9v\u00e8le l\u2019intelligence de la fabrication. La structure fonctionnera \u00e0 la fois comme archive et dispositif, m\u00e9moire et g\u00e9n\u00e9rateur, un index vivant de l\u2019exp\u00e9rimentation collective au Domaine.<\/p>\n<\/div><\/div><\/div><\/div><\/div>\n","protected":false},"excerpt":{"rendered":"<p><span style=\"font-weight: 800;\">Tuteur(s) :<\/span> [wpv-view name=\"tutors-text-list\"]<br \/>\n<span style=\"font-weight: 800;\">Date de d\u00e9but :<\/span> [types field='workshop-date-start' style='text' format='F j, Y'][\/types]<br \/>\n<span style=\"font-weight: 800;\">Date de fin :<\/span> [types field='workshop-date-end' style='text' format='F j, Y'][\/types]<\/p>\n","protected":false},"author":707,"featured_media":24420,"template":"","meta":{"_monsterinsights_skip_tracking":false,"_monsterinsights_sitenote_active":false,"_monsterinsights_sitenote_note":"","_monsterinsights_sitenote_category":0},"product_brand":[],"product_cat":[259,695,982],"product_tag":[],"content-year":[1063],"class_list":{"0":"post-25500","1":"product","2":"type-product","3":"status-publish","4":"has-post-thumbnail","6":"product_cat-materiaux","7":"product_cat-recherche","8":"product_cat-reutilisation","9":"content-year-1063","11":"first","12":"instock","13":"sale","14":"sold-individually","15":"shipping-taxable","16":"purchasable","17":"product-type-variable"},"yoast_head":"<!-- This site is optimized with the Yoast SEO plugin v27.1.1 - https:\/\/yoast.com\/product\/yoast-seo-wordpress\/ -->\n<title>Scrap-Kammer: A Cabinet of Curiosities | Domaine de Boisbuchet<\/title>\n<meta name=\"robots\" content=\"noindex, follow\" \/>\n<meta property=\"og:locale\" content=\"fr_FR\" \/>\n<meta property=\"og:type\" content=\"article\" \/>\n<meta property=\"og:title\" content=\"Scrap-Kammer: A Cabinet of Curiosities | Domaine de Boisbuchet\" \/>\n<meta property=\"og:description\" content=\"Tuteur(s) :  Date de d\u00e9but :  Date de fin :\" \/>\n<meta property=\"og:url\" content=\"https:\/\/www.boisbuchet.org\/product\/scrap-kammer-a-cabinet-of-curiosities\/\" \/>\n<meta property=\"og:site_name\" content=\"Domaine de Boisbuchet\" \/>\n<meta property=\"article:publisher\" content=\"https:\/\/www.facebook.com\/boisbuchet\" \/>\n<meta property=\"article:modified_time\" content=\"2026-04-02T13:59:51+00:00\" \/>\n<meta property=\"og:image\" content=\"https:\/\/www.boisbuchet.org\/wp-content\/uploads\/2026\/03\/2026_2050_Portrait_tile2.jpg\" \/>\n\t<meta property=\"og:image:width\" content=\"600\" \/>\n\t<meta property=\"og:image:height\" content=\"400\" \/>\n\t<meta property=\"og:image:type\" content=\"image\/jpeg\" \/>\n<meta name=\"twitter:card\" content=\"summary_large_image\" \/>\n<meta name=\"twitter:site\" content=\"@boisbuchet\" \/>\n<meta name=\"twitter:label1\" content=\"Dur\u00e9e de lecture estim\u00e9e\" \/>\n\t<meta name=\"twitter:data1\" content=\"8 minutes\" \/>\n<script type=\"application\/ld+json\" class=\"yoast-schema-graph\">{\"@context\":\"https:\/\/schema.org\",\"@graph\":[{\"@type\":\"WebPage\",\"@id\":\"https:\/\/www.boisbuchet.org\/product\/scrap-kammer-a-cabinet-of-curiosities\/\",\"url\":\"https:\/\/www.boisbuchet.org\/product\/scrap-kammer-a-cabinet-of-curiosities\/\",\"name\":\"Scrap-Kammer: A Cabinet of Curiosities | Domaine de Boisbuchet\",\"isPartOf\":{\"@id\":\"https:\/\/www.boisbuchet.org\/#website\"},\"primaryImageOfPage\":{\"@id\":\"https:\/\/www.boisbuchet.org\/product\/scrap-kammer-a-cabinet-of-curiosities\/#primaryimage\"},\"image\":{\"@id\":\"https:\/\/www.boisbuchet.org\/product\/scrap-kammer-a-cabinet-of-curiosities\/#primaryimage\"},\"thumbnailUrl\":\"https:\/\/www.boisbuchet.org\/wp-content\/uploads\/2026\/03\/2026_2050_Portrait_tile2.jpg\",\"datePublished\":\"2026-03-03T23:14:26+00:00\",\"dateModified\":\"2026-04-02T13:59:51+00:00\",\"breadcrumb\":{\"@id\":\"https:\/\/www.boisbuchet.org\/product\/scrap-kammer-a-cabinet-of-curiosities\/#breadcrumb\"},\"inLanguage\":\"fr-FR\",\"potentialAction\":[{\"@type\":\"ReadAction\",\"target\":[\"https:\/\/www.boisbuchet.org\/product\/scrap-kammer-a-cabinet-of-curiosities\/\"]}]},{\"@type\":\"ImageObject\",\"inLanguage\":\"fr-FR\",\"@id\":\"https:\/\/www.boisbuchet.org\/product\/scrap-kammer-a-cabinet-of-curiosities\/#primaryimage\",\"url\":\"https:\/\/www.boisbuchet.org\/wp-content\/uploads\/2026\/03\/2026_2050_Portrait_tile2.jpg\",\"contentUrl\":\"https:\/\/www.boisbuchet.org\/wp-content\/uploads\/2026\/03\/2026_2050_Portrait_tile2.jpg\",\"width\":600,\"height\":400},{\"@type\":\"BreadcrumbList\",\"@id\":\"https:\/\/www.boisbuchet.org\/product\/scrap-kammer-a-cabinet-of-curiosities\/#breadcrumb\",\"itemListElement\":[{\"@type\":\"ListItem\",\"position\":1,\"name\":\"Home\",\"item\":\"https:\/\/www.boisbuchet.org\/fr\/\"},{\"@type\":\"ListItem\",\"position\":2,\"name\":\"Boutique\",\"item\":\"https:\/\/www.boisbuchet.org\/fr\/boutique\/\"},{\"@type\":\"ListItem\",\"position\":3,\"name\":\"Scrap-Kammer: A Cabinet of Curiosities\"}]},{\"@type\":\"WebSite\",\"@id\":\"https:\/\/www.boisbuchet.org\/#website\",\"url\":\"https:\/\/www.boisbuchet.org\/\",\"name\":\"Domaine de Boisbuchet\",\"description\":\"Summer Workshops | Park | Event\u00a0Location\",\"publisher\":{\"@id\":\"https:\/\/www.boisbuchet.org\/#organization\"},\"potentialAction\":[{\"@type\":\"SearchAction\",\"target\":{\"@type\":\"EntryPoint\",\"urlTemplate\":\"https:\/\/www.boisbuchet.org\/?s={search_term_string}\"},\"query-input\":{\"@type\":\"PropertyValueSpecification\",\"valueRequired\":true,\"valueName\":\"search_term_string\"}}],\"inLanguage\":\"fr-FR\"},{\"@type\":\"Organization\",\"@id\":\"https:\/\/www.boisbuchet.org\/#organization\",\"name\":\"Domine de Boisbuchet\",\"url\":\"https:\/\/www.boisbuchet.org\/\",\"logo\":{\"@type\":\"ImageObject\",\"inLanguage\":\"fr-FR\",\"@id\":\"https:\/\/www.boisbuchet.org\/#\/schema\/logo\/image\/\",\"url\":\"https:\/\/www.boisbuchet.org\/wp-content\/uploads\/2019\/01\/logo_boisbuchet_black.png\",\"contentUrl\":\"https:\/\/www.boisbuchet.org\/wp-content\/uploads\/2019\/01\/logo_boisbuchet_black.png\",\"width\":200,\"height\":73,\"caption\":\"Domine de Boisbuchet\"},\"image\":{\"@id\":\"https:\/\/www.boisbuchet.org\/#\/schema\/logo\/image\/\"},\"sameAs\":[\"https:\/\/www.facebook.com\/boisbuchet\",\"https:\/\/x.com\/boisbuchet\",\"https:\/\/www.instagram.com\/boisbuchet\",\"https:\/\/www.linkedin.com\/company\/domaine-de-boisbuchet\",\"https:\/\/www.pinterest.com\/boisbuchet\"]}]}<\/script>\n<!-- \/ Yoast SEO plugin. -->","yoast_head_json":{"title":"Scrap-Kammer: A Cabinet of Curiosities | Domaine de Boisbuchet","robots":{"index":"noindex","follow":"follow"},"og_locale":"fr_FR","og_type":"article","og_title":"Scrap-Kammer: A Cabinet of Curiosities | Domaine de Boisbuchet","og_description":"Tuteur(s) :  Date de d\u00e9but :  Date de fin :","og_url":"https:\/\/www.boisbuchet.org\/product\/scrap-kammer-a-cabinet-of-curiosities\/","og_site_name":"Domaine de Boisbuchet","article_publisher":"https:\/\/www.facebook.com\/boisbuchet","article_modified_time":"2026-04-02T13:59:51+00:00","og_image":[{"width":600,"height":400,"url":"https:\/\/www.boisbuchet.org\/wp-content\/uploads\/2026\/03\/2026_2050_Portrait_tile2.jpg","type":"image\/jpeg"}],"twitter_card":"summary_large_image","twitter_site":"@boisbuchet","twitter_misc":{"Dur\u00e9e de lecture estim\u00e9e":"8 minutes"},"schema":{"@context":"https:\/\/schema.org","@graph":[{"@type":"WebPage","@id":"https:\/\/www.boisbuchet.org\/product\/scrap-kammer-a-cabinet-of-curiosities\/","url":"https:\/\/www.boisbuchet.org\/product\/scrap-kammer-a-cabinet-of-curiosities\/","name":"Scrap-Kammer: A Cabinet of Curiosities | Domaine de Boisbuchet","isPartOf":{"@id":"https:\/\/www.boisbuchet.org\/#website"},"primaryImageOfPage":{"@id":"https:\/\/www.boisbuchet.org\/product\/scrap-kammer-a-cabinet-of-curiosities\/#primaryimage"},"image":{"@id":"https:\/\/www.boisbuchet.org\/product\/scrap-kammer-a-cabinet-of-curiosities\/#primaryimage"},"thumbnailUrl":"https:\/\/www.boisbuchet.org\/wp-content\/uploads\/2026\/03\/2026_2050_Portrait_tile2.jpg","datePublished":"2026-03-03T23:14:26+00:00","dateModified":"2026-04-02T13:59:51+00:00","breadcrumb":{"@id":"https:\/\/www.boisbuchet.org\/product\/scrap-kammer-a-cabinet-of-curiosities\/#breadcrumb"},"inLanguage":"fr-FR","potentialAction":[{"@type":"ReadAction","target":["https:\/\/www.boisbuchet.org\/product\/scrap-kammer-a-cabinet-of-curiosities\/"]}]},{"@type":"ImageObject","inLanguage":"fr-FR","@id":"https:\/\/www.boisbuchet.org\/product\/scrap-kammer-a-cabinet-of-curiosities\/#primaryimage","url":"https:\/\/www.boisbuchet.org\/wp-content\/uploads\/2026\/03\/2026_2050_Portrait_tile2.jpg","contentUrl":"https:\/\/www.boisbuchet.org\/wp-content\/uploads\/2026\/03\/2026_2050_Portrait_tile2.jpg","width":600,"height":400},{"@type":"BreadcrumbList","@id":"https:\/\/www.boisbuchet.org\/product\/scrap-kammer-a-cabinet-of-curiosities\/#breadcrumb","itemListElement":[{"@type":"ListItem","position":1,"name":"Home","item":"https:\/\/www.boisbuchet.org\/fr\/"},{"@type":"ListItem","position":2,"name":"Boutique","item":"https:\/\/www.boisbuchet.org\/fr\/boutique\/"},{"@type":"ListItem","position":3,"name":"Scrap-Kammer: A Cabinet of Curiosities"}]},{"@type":"WebSite","@id":"https:\/\/www.boisbuchet.org\/#website","url":"https:\/\/www.boisbuchet.org\/","name":"Domaine de Boisbuchet","description":"Summer Workshops | Park | Event\u00a0Location","publisher":{"@id":"https:\/\/www.boisbuchet.org\/#organization"},"potentialAction":[{"@type":"SearchAction","target":{"@type":"EntryPoint","urlTemplate":"https:\/\/www.boisbuchet.org\/?s={search_term_string}"},"query-input":{"@type":"PropertyValueSpecification","valueRequired":true,"valueName":"search_term_string"}}],"inLanguage":"fr-FR"},{"@type":"Organization","@id":"https:\/\/www.boisbuchet.org\/#organization","name":"Domine de Boisbuchet","url":"https:\/\/www.boisbuchet.org\/","logo":{"@type":"ImageObject","inLanguage":"fr-FR","@id":"https:\/\/www.boisbuchet.org\/#\/schema\/logo\/image\/","url":"https:\/\/www.boisbuchet.org\/wp-content\/uploads\/2019\/01\/logo_boisbuchet_black.png","contentUrl":"https:\/\/www.boisbuchet.org\/wp-content\/uploads\/2019\/01\/logo_boisbuchet_black.png","width":200,"height":73,"caption":"Domine de Boisbuchet"},"image":{"@id":"https:\/\/www.boisbuchet.org\/#\/schema\/logo\/image\/"},"sameAs":["https:\/\/www.facebook.com\/boisbuchet","https:\/\/x.com\/boisbuchet","https:\/\/www.instagram.com\/boisbuchet","https:\/\/www.linkedin.com\/company\/domaine-de-boisbuchet","https:\/\/www.pinterest.com\/boisbuchet"]}]}},"_links":{"self":[{"href":"https:\/\/www.boisbuchet.org\/fr\/wp-json\/wp\/v2\/product\/25500","targetHints":{"allow":["GET"]}}],"collection":[{"href":"https:\/\/www.boisbuchet.org\/fr\/wp-json\/wp\/v2\/product"}],"about":[{"href":"https:\/\/www.boisbuchet.org\/fr\/wp-json\/wp\/v2\/types\/product"}],"author":[{"embeddable":true,"href":"https:\/\/www.boisbuchet.org\/fr\/wp-json\/wp\/v2\/users\/707"}],"wp:featuredmedia":[{"embeddable":true,"href":"https:\/\/www.boisbuchet.org\/fr\/wp-json\/wp\/v2\/media\/24420"}],"wp:attachment":[{"href":"https:\/\/www.boisbuchet.org\/fr\/wp-json\/wp\/v2\/media?parent=25500"}],"wp:term":[{"taxonomy":"product_brand","embeddable":true,"href":"https:\/\/www.boisbuchet.org\/fr\/wp-json\/wp\/v2\/product_brand?post=25500"},{"taxonomy":"product_cat","embeddable":true,"href":"https:\/\/www.boisbuchet.org\/fr\/wp-json\/wp\/v2\/product_cat?post=25500"},{"taxonomy":"product_tag","embeddable":true,"href":"https:\/\/www.boisbuchet.org\/fr\/wp-json\/wp\/v2\/product_tag?post=25500"},{"taxonomy":"content-year","embeddable":true,"href":"https:\/\/www.boisbuchet.org\/fr\/wp-json\/wp\/v2\/content-year?post=25500"}],"curies":[{"name":"wp","href":"https:\/\/api.w.org\/{rel}","templated":true}]}}