{"id":25521,"date":"2026-03-04T10:23:26","date_gmt":"2026-03-04T09:23:26","guid":{"rendered":"https:\/\/www.boisbuchet.org\/product\/a-dilated-house\/"},"modified":"2026-04-02T20:46:29","modified_gmt":"2026-04-02T18:46:29","slug":"a-dilated-house","status":"publish","type":"product","link":"https:\/\/www.boisbuchet.org\/fr\/produit\/a-dilated-house\/","title":{"rendered":"A Dilated House"},"content":{"rendered":"<div class=\"fusion-fullwidth fullwidth-box fusion-builder-row-1 fusion-flex-container has-pattern-background has-mask-background nonhundred-percent-fullwidth non-hundred-percent-height-scrolling\" style=\"--awb-border-radius-top-left:0px;--awb-border-radius-top-right:0px;--awb-border-radius-bottom-right:0px;--awb-border-radius-bottom-left:0px;--awb-flex-wrap:wrap;\" ><div class=\"fusion-builder-row fusion-row fusion-flex-align-items-flex-start fusion-flex-content-wrap\" style=\"max-width:1144px;margin-left: calc(-4% \/ 2 );margin-right: calc(-4% \/ 2 );\"><div class=\"fusion-layout-column fusion_builder_column fusion-builder-column-0 fusion_builder_column_1_1 1_1 fusion-flex-column\" style=\"--awb-bg-size:cover;--awb-width-large:100%;--awb-margin-top-large:0px;--awb-spacing-right-large:1.92%;--awb-margin-bottom-large:20px;--awb-spacing-left-large:1.92%;--awb-width-medium:100%;--awb-order-medium:0;--awb-spacing-right-medium:1.92%;--awb-spacing-left-medium:1.92%;--awb-width-small:100%;--awb-order-small:0;--awb-spacing-right-small:1.92%;--awb-spacing-left-small:1.92%;\"><div class=\"fusion-column-wrapper fusion-column-has-shadow fusion-flex-justify-content-flex-start fusion-content-layout-column\"><div class=\"fusion-text fusion-text-1\"><p>Cet atelier explore l\u2019id\u00e9e d\u2019\u00e9tendre la maison \u00e0 l\u2019ensemble d\u2019un site, en dispersant ses pi\u00e8ces et fonctions dans diff\u00e9rents lieux plut\u00f4t qu\u2019en les regroupant sous un m\u00eame toit. \u00c9voquant une pens\u00e9e attribu\u00e9e \u00e0 Georges Perec, imaginer un salon dans un quartier, une chambre dans un autre, une salle de bain ailleurs, la maison devient une constellation dispers\u00e9e d\u2019espaces, chacun choisi pour ses qualit\u00e9s environnementales sp\u00e9cifiques. Les seuils entre les pi\u00e8ces ne font plus quelques centim\u00e8tres d\u2019\u00e9paisseur, mais s\u2019\u00e9tendent \u00e0 travers les prairies, les lisi\u00e8res foresti\u00e8res et les paysages ouverts. Vivre, travailler, se reposer et manger se fait dans des microclimats distincts, s\u00e9lectionn\u00e9s selon l\u2019heure, la saison et l\u2019activit\u00e9.<\/p>\n<p>Traditionnellement, les fonctions domestiques \u2014 chambre, cuisine, salle de bain, salon \u2014 sont concentr\u00e9es dans un m\u00eame volume et orient\u00e9es selon la lumi\u00e8re et la vue. Dans cet atelier, nous renversons cette logique : au lieu d\u2019adapter le b\u00e2timent au site, nous dissolvons le b\u00e2timent dans le site. L\u2019environnement devient lui-m\u00eame l\u2019enveloppe architecturale finale, filtrant la lumi\u00e8re, retenant ou lib\u00e9rant l\u2019humidit\u00e9, prot\u00e9geant du vent, r\u00e9chauffant ou refroidissant selon l\u2019emplacement et le moment de la journ\u00e9e. Le petit-d\u00e9jeuner peut se prendre dans la prairie, le travail \u00e0 l\u2019ombre de la for\u00eat, le repos du soir en lisi\u00e8re, chaque situation est d\u00e9finie par les conditions climatiques plut\u00f4t que par les murs.<\/p>\n<p>En travaillant sur le domaine de Boisbuchet, les participant\u00b7e\u00b7s commenceront par r\u00e9aliser une \u00e9tude climatique du site, mesurant la temp\u00e9rature de l\u2019air, l\u2019ensoleillement, le vent et l\u2019humidit\u00e9, et en cartographiant leurs variations. Sur la base de ces observations, ils s\u00e9lectionneront des emplacements pr\u00e9cis pour diff\u00e9rents programmes domestiques selon les moments de la journ\u00e9e \u2014 matin, midi, apr\u00e8s-midi, soir et nuit \u2014 et concevront des \u00e9l\u00e9ments architecturaux et du mobilier pour permettre l\u2019habitation dans chaque contexte. L\u2019atelier se conclura par la construction et l\u2019installation de ces \u00ab\u202fpi\u00e8ces\u202f\u00bb dispers\u00e9es \u00e0 travers le paysage, formant une maison dilat\u00e9e d\u00e9finie non par l\u2019enfermement, mais par le climat.<\/p>\n<\/div><\/div><\/div><\/div><\/div>\n","protected":false},"excerpt":{"rendered":"<p><span style=\"font-weight: 800;\">Tuteur(s) :<\/span> [wpv-view name=\"tutors-text-list\"]<br \/>\n<span style=\"font-weight: 800;\">Date de d\u00e9but :<\/span> [types field='workshop-date-start' style='text' format='F j, Y'][\/types]<br \/>\n<span style=\"font-weight: 800;\">Date de fin :<\/span> [types field='workshop-date-end' style='text' format='F j, Y'][\/types]<\/p>\n","protected":false},"author":707,"featured_media":24636,"template":"","meta":{"_monsterinsights_skip_tracking":false,"_monsterinsights_sitenote_active":false,"_monsterinsights_sitenote_note":"","_monsterinsights_sitenote_category":0},"product_brand":[],"product_cat":[207,763,274],"product_tag":[],"content-year":[1063],"class_list":{"0":"post-25521","1":"product","2":"type-product","3":"status-publish","4":"has-post-thumbnail","6":"product_cat-architecture-fr","7":"product_cat-energie","8":"product_cat-technologie","9":"content-year-1063","11":"first","12":"instock","13":"sale","14":"sold-individually","15":"shipping-taxable","16":"purchasable","17":"product-type-variable"},"yoast_head":"<!-- This site is optimized with the Yoast SEO plugin v27.1.1 - https:\/\/yoast.com\/product\/yoast-seo-wordpress\/ -->\n<title>A Dilated House | Domaine de Boisbuchet<\/title>\n<meta name=\"robots\" content=\"noindex, follow\" \/>\n<meta property=\"og:locale\" content=\"fr_FR\" \/>\n<meta property=\"og:type\" content=\"article\" \/>\n<meta property=\"og:title\" content=\"A Dilated House | Domaine de Boisbuchet\" \/>\n<meta property=\"og:description\" content=\"Tuteur(s) :  Date de d\u00e9but :  Date de fin :\" \/>\n<meta property=\"og:url\" content=\"https:\/\/www.boisbuchet.org\/product\/a-dilated-house\/\" \/>\n<meta property=\"og:site_name\" content=\"Domaine de Boisbuchet\" \/>\n<meta property=\"article:publisher\" content=\"https:\/\/www.facebook.com\/boisbuchet\" \/>\n<meta property=\"article:modified_time\" content=\"2026-04-02T18:46:29+00:00\" \/>\n<meta property=\"og:image\" content=\"https:\/\/www.boisbuchet.org\/wp-content\/uploads\/2026\/03\/2026_Philip_Rahm_Tile2.jpg\" \/>\n\t<meta property=\"og:image:width\" content=\"600\" \/>\n\t<meta property=\"og:image:height\" content=\"400\" \/>\n\t<meta property=\"og:image:type\" content=\"image\/jpeg\" \/>\n<meta name=\"twitter:card\" content=\"summary_large_image\" \/>\n<meta name=\"twitter:site\" content=\"@boisbuchet\" \/>\n<meta name=\"twitter:label1\" content=\"Dur\u00e9e de lecture estim\u00e9e\" \/>\n\t<meta name=\"twitter:data1\" content=\"7 minutes\" \/>\n<script type=\"application\/ld+json\" class=\"yoast-schema-graph\">{\"@context\":\"https:\/\/schema.org\",\"@graph\":[{\"@type\":\"WebPage\",\"@id\":\"https:\/\/www.boisbuchet.org\/product\/a-dilated-house\/\",\"url\":\"https:\/\/www.boisbuchet.org\/product\/a-dilated-house\/\",\"name\":\"A Dilated House | Domaine de Boisbuchet\",\"isPartOf\":{\"@id\":\"https:\/\/www.boisbuchet.org\/#website\"},\"primaryImageOfPage\":{\"@id\":\"https:\/\/www.boisbuchet.org\/product\/a-dilated-house\/#primaryimage\"},\"image\":{\"@id\":\"https:\/\/www.boisbuchet.org\/product\/a-dilated-house\/#primaryimage\"},\"thumbnailUrl\":\"https:\/\/www.boisbuchet.org\/wp-content\/uploads\/2026\/03\/2026_Philip_Rahm_Tile2.jpg\",\"datePublished\":\"2026-03-04T09:23:26+00:00\",\"dateModified\":\"2026-04-02T18:46:29+00:00\",\"breadcrumb\":{\"@id\":\"https:\/\/www.boisbuchet.org\/product\/a-dilated-house\/#breadcrumb\"},\"inLanguage\":\"fr-FR\",\"potentialAction\":[{\"@type\":\"ReadAction\",\"target\":[\"https:\/\/www.boisbuchet.org\/product\/a-dilated-house\/\"]}]},{\"@type\":\"ImageObject\",\"inLanguage\":\"fr-FR\",\"@id\":\"https:\/\/www.boisbuchet.org\/product\/a-dilated-house\/#primaryimage\",\"url\":\"https:\/\/www.boisbuchet.org\/wp-content\/uploads\/2026\/03\/2026_Philip_Rahm_Tile2.jpg\",\"contentUrl\":\"https:\/\/www.boisbuchet.org\/wp-content\/uploads\/2026\/03\/2026_Philip_Rahm_Tile2.jpg\",\"width\":600,\"height\":400},{\"@type\":\"BreadcrumbList\",\"@id\":\"https:\/\/www.boisbuchet.org\/product\/a-dilated-house\/#breadcrumb\",\"itemListElement\":[{\"@type\":\"ListItem\",\"position\":1,\"name\":\"Home\",\"item\":\"https:\/\/www.boisbuchet.org\/fr\/\"},{\"@type\":\"ListItem\",\"position\":2,\"name\":\"Boutique\",\"item\":\"https:\/\/www.boisbuchet.org\/fr\/boutique\/\"},{\"@type\":\"ListItem\",\"position\":3,\"name\":\"A Dilated House\"}]},{\"@type\":\"WebSite\",\"@id\":\"https:\/\/www.boisbuchet.org\/#website\",\"url\":\"https:\/\/www.boisbuchet.org\/\",\"name\":\"Domaine de Boisbuchet\",\"description\":\"Summer Workshops | Park | Event\u00a0Location\",\"publisher\":{\"@id\":\"https:\/\/www.boisbuchet.org\/#organization\"},\"potentialAction\":[{\"@type\":\"SearchAction\",\"target\":{\"@type\":\"EntryPoint\",\"urlTemplate\":\"https:\/\/www.boisbuchet.org\/?s={search_term_string}\"},\"query-input\":{\"@type\":\"PropertyValueSpecification\",\"valueRequired\":true,\"valueName\":\"search_term_string\"}}],\"inLanguage\":\"fr-FR\"},{\"@type\":\"Organization\",\"@id\":\"https:\/\/www.boisbuchet.org\/#organization\",\"name\":\"Domine de Boisbuchet\",\"url\":\"https:\/\/www.boisbuchet.org\/\",\"logo\":{\"@type\":\"ImageObject\",\"inLanguage\":\"fr-FR\",\"@id\":\"https:\/\/www.boisbuchet.org\/#\/schema\/logo\/image\/\",\"url\":\"https:\/\/www.boisbuchet.org\/wp-content\/uploads\/2019\/01\/logo_boisbuchet_black.png\",\"contentUrl\":\"https:\/\/www.boisbuchet.org\/wp-content\/uploads\/2019\/01\/logo_boisbuchet_black.png\",\"width\":200,\"height\":73,\"caption\":\"Domine de Boisbuchet\"},\"image\":{\"@id\":\"https:\/\/www.boisbuchet.org\/#\/schema\/logo\/image\/\"},\"sameAs\":[\"https:\/\/www.facebook.com\/boisbuchet\",\"https:\/\/x.com\/boisbuchet\",\"https:\/\/www.instagram.com\/boisbuchet\",\"https:\/\/www.linkedin.com\/company\/domaine-de-boisbuchet\",\"https:\/\/www.pinterest.com\/boisbuchet\"]}]}<\/script>\n<!-- \/ Yoast SEO plugin. -->","yoast_head_json":{"title":"A Dilated House | Domaine de Boisbuchet","robots":{"index":"noindex","follow":"follow"},"og_locale":"fr_FR","og_type":"article","og_title":"A Dilated House | Domaine de Boisbuchet","og_description":"Tuteur(s) :  Date de d\u00e9but :  Date de fin :","og_url":"https:\/\/www.boisbuchet.org\/product\/a-dilated-house\/","og_site_name":"Domaine de Boisbuchet","article_publisher":"https:\/\/www.facebook.com\/boisbuchet","article_modified_time":"2026-04-02T18:46:29+00:00","og_image":[{"width":600,"height":400,"url":"https:\/\/www.boisbuchet.org\/wp-content\/uploads\/2026\/03\/2026_Philip_Rahm_Tile2.jpg","type":"image\/jpeg"}],"twitter_card":"summary_large_image","twitter_site":"@boisbuchet","twitter_misc":{"Dur\u00e9e de lecture estim\u00e9e":"7 minutes"},"schema":{"@context":"https:\/\/schema.org","@graph":[{"@type":"WebPage","@id":"https:\/\/www.boisbuchet.org\/product\/a-dilated-house\/","url":"https:\/\/www.boisbuchet.org\/product\/a-dilated-house\/","name":"A Dilated House | Domaine de Boisbuchet","isPartOf":{"@id":"https:\/\/www.boisbuchet.org\/#website"},"primaryImageOfPage":{"@id":"https:\/\/www.boisbuchet.org\/product\/a-dilated-house\/#primaryimage"},"image":{"@id":"https:\/\/www.boisbuchet.org\/product\/a-dilated-house\/#primaryimage"},"thumbnailUrl":"https:\/\/www.boisbuchet.org\/wp-content\/uploads\/2026\/03\/2026_Philip_Rahm_Tile2.jpg","datePublished":"2026-03-04T09:23:26+00:00","dateModified":"2026-04-02T18:46:29+00:00","breadcrumb":{"@id":"https:\/\/www.boisbuchet.org\/product\/a-dilated-house\/#breadcrumb"},"inLanguage":"fr-FR","potentialAction":[{"@type":"ReadAction","target":["https:\/\/www.boisbuchet.org\/product\/a-dilated-house\/"]}]},{"@type":"ImageObject","inLanguage":"fr-FR","@id":"https:\/\/www.boisbuchet.org\/product\/a-dilated-house\/#primaryimage","url":"https:\/\/www.boisbuchet.org\/wp-content\/uploads\/2026\/03\/2026_Philip_Rahm_Tile2.jpg","contentUrl":"https:\/\/www.boisbuchet.org\/wp-content\/uploads\/2026\/03\/2026_Philip_Rahm_Tile2.jpg","width":600,"height":400},{"@type":"BreadcrumbList","@id":"https:\/\/www.boisbuchet.org\/product\/a-dilated-house\/#breadcrumb","itemListElement":[{"@type":"ListItem","position":1,"name":"Home","item":"https:\/\/www.boisbuchet.org\/fr\/"},{"@type":"ListItem","position":2,"name":"Boutique","item":"https:\/\/www.boisbuchet.org\/fr\/boutique\/"},{"@type":"ListItem","position":3,"name":"A Dilated House"}]},{"@type":"WebSite","@id":"https:\/\/www.boisbuchet.org\/#website","url":"https:\/\/www.boisbuchet.org\/","name":"Domaine de Boisbuchet","description":"Summer Workshops | Park | Event\u00a0Location","publisher":{"@id":"https:\/\/www.boisbuchet.org\/#organization"},"potentialAction":[{"@type":"SearchAction","target":{"@type":"EntryPoint","urlTemplate":"https:\/\/www.boisbuchet.org\/?s={search_term_string}"},"query-input":{"@type":"PropertyValueSpecification","valueRequired":true,"valueName":"search_term_string"}}],"inLanguage":"fr-FR"},{"@type":"Organization","@id":"https:\/\/www.boisbuchet.org\/#organization","name":"Domine de Boisbuchet","url":"https:\/\/www.boisbuchet.org\/","logo":{"@type":"ImageObject","inLanguage":"fr-FR","@id":"https:\/\/www.boisbuchet.org\/#\/schema\/logo\/image\/","url":"https:\/\/www.boisbuchet.org\/wp-content\/uploads\/2019\/01\/logo_boisbuchet_black.png","contentUrl":"https:\/\/www.boisbuchet.org\/wp-content\/uploads\/2019\/01\/logo_boisbuchet_black.png","width":200,"height":73,"caption":"Domine de Boisbuchet"},"image":{"@id":"https:\/\/www.boisbuchet.org\/#\/schema\/logo\/image\/"},"sameAs":["https:\/\/www.facebook.com\/boisbuchet","https:\/\/x.com\/boisbuchet","https:\/\/www.instagram.com\/boisbuchet","https:\/\/www.linkedin.com\/company\/domaine-de-boisbuchet","https:\/\/www.pinterest.com\/boisbuchet"]}]}},"_links":{"self":[{"href":"https:\/\/www.boisbuchet.org\/fr\/wp-json\/wp\/v2\/product\/25521","targetHints":{"allow":["GET"]}}],"collection":[{"href":"https:\/\/www.boisbuchet.org\/fr\/wp-json\/wp\/v2\/product"}],"about":[{"href":"https:\/\/www.boisbuchet.org\/fr\/wp-json\/wp\/v2\/types\/product"}],"author":[{"embeddable":true,"href":"https:\/\/www.boisbuchet.org\/fr\/wp-json\/wp\/v2\/users\/707"}],"wp:featuredmedia":[{"embeddable":true,"href":"https:\/\/www.boisbuchet.org\/fr\/wp-json\/wp\/v2\/media\/24636"}],"wp:attachment":[{"href":"https:\/\/www.boisbuchet.org\/fr\/wp-json\/wp\/v2\/media?parent=25521"}],"wp:term":[{"taxonomy":"product_brand","embeddable":true,"href":"https:\/\/www.boisbuchet.org\/fr\/wp-json\/wp\/v2\/product_brand?post=25521"},{"taxonomy":"product_cat","embeddable":true,"href":"https:\/\/www.boisbuchet.org\/fr\/wp-json\/wp\/v2\/product_cat?post=25521"},{"taxonomy":"product_tag","embeddable":true,"href":"https:\/\/www.boisbuchet.org\/fr\/wp-json\/wp\/v2\/product_tag?post=25521"},{"taxonomy":"content-year","embeddable":true,"href":"https:\/\/www.boisbuchet.org\/fr\/wp-json\/wp\/v2\/content-year?post=25521"}],"curies":[{"name":"wp","href":"https:\/\/api.w.org\/{rel}","templated":true}]}}