{"id":25537,"date":"2026-03-04T14:39:33","date_gmt":"2026-03-04T13:39:33","guid":{"rendered":"https:\/\/www.boisbuchet.org\/product\/liquid-dreams\/"},"modified":"2026-04-02T20:59:24","modified_gmt":"2026-04-02T18:59:24","slug":"liquid-dreams","status":"publish","type":"product","link":"https:\/\/www.boisbuchet.org\/fr\/produit\/liquid-dreams\/","title":{"rendered":"Liquid Dreams"},"content":{"rendered":"<div class=\"fusion-fullwidth fullwidth-box fusion-builder-row-1 fusion-flex-container has-pattern-background has-mask-background nonhundred-percent-fullwidth non-hundred-percent-height-scrolling\" style=\"--awb-border-radius-top-left:0px;--awb-border-radius-top-right:0px;--awb-border-radius-bottom-right:0px;--awb-border-radius-bottom-left:0px;--awb-flex-wrap:wrap;\" ><div class=\"fusion-builder-row fusion-row fusion-flex-align-items-flex-start fusion-flex-content-wrap\" style=\"max-width:1144px;margin-left: calc(-4% \/ 2 );margin-right: calc(-4% \/ 2 );\"><div class=\"fusion-layout-column fusion_builder_column fusion-builder-column-0 fusion_builder_column_1_1 1_1 fusion-flex-column\" style=\"--awb-bg-size:cover;--awb-width-large:100%;--awb-margin-top-large:0px;--awb-spacing-right-large:1.92%;--awb-margin-bottom-large:20px;--awb-spacing-left-large:1.92%;--awb-width-medium:100%;--awb-order-medium:0;--awb-spacing-right-medium:1.92%;--awb-spacing-left-medium:1.92%;--awb-width-small:100%;--awb-order-small:0;--awb-spacing-right-small:1.92%;--awb-spacing-left-small:1.92%;\"><div class=\"fusion-column-wrapper fusion-column-has-shadow fusion-flex-justify-content-flex-start fusion-content-layout-column\"><div class=\"fusion-text fusion-text-1\"><p>Cet atelier explore la relation entre les outils num\u00e9riques et l\u2019exp\u00e9rimentation mat\u00e9rielle manuelle. Dirig\u00e9 par Audrey Large et Th\u00e9ophile Blandet, il r\u00e9unit deux approches compl\u00e9mentaires : l\u2019utilisation par Audrey Large d\u2019images num\u00e9riques et de processus computationnels pour g\u00e9n\u00e9rer des objets, et l\u2019engagement direct de Th\u00e9ophile Blandet avec les mat\u00e9riaux, o\u00f9 structures et m\u00e9canismes \u00e9mergent \u00e0 travers la fabrication. L\u2019atelier interroge la mani\u00e8re dont des forces apparemment oppos\u00e9es, num\u00e9rique et manuel, naturel et artificiel, liquide et solide, peuvent se rencontrer au sein d\u2019un m\u00eame processus de conception.<\/p>\n<p>L\u2019atelier d\u00e9butera par l\u2019observation et la collecte de fragments issus de l\u2019environnement de Boisbuchet, paysages, d\u00e9tails architecturaux, textures et objets trouv\u00e9s, afin de constituer une biblioth\u00e8que de formes \u00e9l\u00e9mentaires. Les participants pourront choisir soit de collecter et transformer ces \u00e9l\u00e9ments via des techniques de capture num\u00e9rique (notamment le scan 3D et la mod\u00e9lisation 3D), soit par manipulation physique directe.<\/p>\n<p>La combinaison d\u2019\u00e9l\u00e9ments num\u00e9riques et physiques est encourag\u00e9e, sans \u00eatre impos\u00e9e, dans un processus qui, plut\u00f4t que d\u2019\u00e9voluer de mani\u00e8re lin\u00e9aire de l\u2019\u00e9cran vers l\u2019objet, prendra la forme d\u2019un va-et-vient continu : les formes num\u00e9riques inspireront des interventions manuelles, tandis que les exp\u00e9riences physiques viendront transformer les r\u00e9sultats g\u00e9n\u00e9r\u00e9s par ordinateur.<\/p>\n<p>L\u2019atelier se conclura par la cr\u00e9ation d\u2019\u00e9l\u00e9ments en aluminium coul\u00e9. Des moules seront d\u00e9velopp\u00e9s \u00e0 partir de ce processus hybride, puis utilis\u00e9s pour produire des formes m\u00e9talliques pouvant \u00eatre combin\u00e9es \u00e0 des composants bruts issus directement du Domaine, r\u00e9sultant de l\u2019imbrication d\u2019approches en apparence oppos\u00e9es. Ce faisant, nous explorerons les tensions g\u00e9n\u00e9r\u00e9es par l\u2019entrelacement de forces contraires au sein des m\u00e9thodes de conception, des mat\u00e9riaux et des formes.<\/p>\n<\/div><\/div><\/div><\/div><\/div>\n","protected":false},"excerpt":{"rendered":"<p><span style=\"font-weight: 800;\">Tuteur(s) :<\/span> [wpv-view name=\"tutors-text-list\"]<br \/>\n<span style=\"font-weight: 800;\">Date de d\u00e9but :<\/span> [types field='workshop-date-start' style='text' format='F j, Y'][\/types]<br \/>\n<span style=\"font-weight: 800;\">Date de fin :<\/span> [types field='workshop-date-end' style='text' format='F j, Y'][\/types]<\/p>\n","protected":false},"author":707,"featured_media":24640,"template":"","meta":{"_monsterinsights_skip_tracking":false,"_monsterinsights_sitenote_active":false,"_monsterinsights_sitenote_note":"","_monsterinsights_sitenote_category":0},"product_brand":[],"product_cat":[974,975,1113],"product_tag":[],"content-year":[1063],"class_list":{"0":"post-25537","1":"product","2":"type-product","3":"status-publish","4":"has-post-thumbnail","6":"product_cat-metallurgie","7":"product_cat-moulage","8":"product_cat-numerique","9":"content-year-1063","11":"first","12":"instock","13":"sale","14":"sold-individually","15":"shipping-taxable","16":"purchasable","17":"product-type-variable"},"yoast_head":"<!-- This site is optimized with the Yoast SEO plugin v27.1.1 - https:\/\/yoast.com\/product\/yoast-seo-wordpress\/ -->\n<title>Liquid Dreams | Domaine de Boisbuchet<\/title>\n<meta name=\"robots\" content=\"noindex, follow\" \/>\n<meta property=\"og:locale\" content=\"fr_FR\" \/>\n<meta property=\"og:type\" content=\"article\" \/>\n<meta property=\"og:title\" content=\"Liquid Dreams | Domaine de Boisbuchet\" \/>\n<meta property=\"og:description\" content=\"Tuteur(s) :  Date de d\u00e9but :  Date de fin :\" \/>\n<meta property=\"og:url\" content=\"https:\/\/www.boisbuchet.org\/product\/liquid-dreams\/\" \/>\n<meta property=\"og:site_name\" content=\"Domaine de Boisbuchet\" \/>\n<meta property=\"article:publisher\" content=\"https:\/\/www.facebook.com\/boisbuchet\" \/>\n<meta property=\"article:modified_time\" content=\"2026-04-02T18:59:24+00:00\" \/>\n<meta property=\"og:image\" content=\"https:\/\/www.boisbuchet.org\/wp-content\/uploads\/2026\/03\/2026_Audrey_Large_Tile-1.jpg\" \/>\n\t<meta property=\"og:image:width\" content=\"600\" \/>\n\t<meta property=\"og:image:height\" content=\"400\" \/>\n\t<meta property=\"og:image:type\" content=\"image\/jpeg\" \/>\n<meta name=\"twitter:card\" content=\"summary_large_image\" \/>\n<meta name=\"twitter:site\" content=\"@boisbuchet\" \/>\n<meta name=\"twitter:label1\" content=\"Dur\u00e9e de lecture estim\u00e9e\" \/>\n\t<meta name=\"twitter:data1\" content=\"7 minutes\" \/>\n<script type=\"application\/ld+json\" class=\"yoast-schema-graph\">{\"@context\":\"https:\/\/schema.org\",\"@graph\":[{\"@type\":\"WebPage\",\"@id\":\"https:\/\/www.boisbuchet.org\/product\/liquid-dreams\/\",\"url\":\"https:\/\/www.boisbuchet.org\/product\/liquid-dreams\/\",\"name\":\"Liquid Dreams | Domaine de Boisbuchet\",\"isPartOf\":{\"@id\":\"https:\/\/www.boisbuchet.org\/#website\"},\"primaryImageOfPage\":{\"@id\":\"https:\/\/www.boisbuchet.org\/product\/liquid-dreams\/#primaryimage\"},\"image\":{\"@id\":\"https:\/\/www.boisbuchet.org\/product\/liquid-dreams\/#primaryimage\"},\"thumbnailUrl\":\"https:\/\/www.boisbuchet.org\/wp-content\/uploads\/2026\/03\/2026_Audrey_Large_Tile-1.jpg\",\"datePublished\":\"2026-03-04T13:39:33+00:00\",\"dateModified\":\"2026-04-02T18:59:24+00:00\",\"breadcrumb\":{\"@id\":\"https:\/\/www.boisbuchet.org\/product\/liquid-dreams\/#breadcrumb\"},\"inLanguage\":\"fr-FR\",\"potentialAction\":[{\"@type\":\"ReadAction\",\"target\":[\"https:\/\/www.boisbuchet.org\/product\/liquid-dreams\/\"]}]},{\"@type\":\"ImageObject\",\"inLanguage\":\"fr-FR\",\"@id\":\"https:\/\/www.boisbuchet.org\/product\/liquid-dreams\/#primaryimage\",\"url\":\"https:\/\/www.boisbuchet.org\/wp-content\/uploads\/2026\/03\/2026_Audrey_Large_Tile-1.jpg\",\"contentUrl\":\"https:\/\/www.boisbuchet.org\/wp-content\/uploads\/2026\/03\/2026_Audrey_Large_Tile-1.jpg\",\"width\":600,\"height\":400},{\"@type\":\"BreadcrumbList\",\"@id\":\"https:\/\/www.boisbuchet.org\/product\/liquid-dreams\/#breadcrumb\",\"itemListElement\":[{\"@type\":\"ListItem\",\"position\":1,\"name\":\"Home\",\"item\":\"https:\/\/www.boisbuchet.org\/fr\/\"},{\"@type\":\"ListItem\",\"position\":2,\"name\":\"Boutique\",\"item\":\"https:\/\/www.boisbuchet.org\/fr\/boutique\/\"},{\"@type\":\"ListItem\",\"position\":3,\"name\":\"Liquid Dreams\"}]},{\"@type\":\"WebSite\",\"@id\":\"https:\/\/www.boisbuchet.org\/#website\",\"url\":\"https:\/\/www.boisbuchet.org\/\",\"name\":\"Domaine de Boisbuchet\",\"description\":\"Summer Workshops | Park | Event\u00a0Location\",\"publisher\":{\"@id\":\"https:\/\/www.boisbuchet.org\/#organization\"},\"potentialAction\":[{\"@type\":\"SearchAction\",\"target\":{\"@type\":\"EntryPoint\",\"urlTemplate\":\"https:\/\/www.boisbuchet.org\/?s={search_term_string}\"},\"query-input\":{\"@type\":\"PropertyValueSpecification\",\"valueRequired\":true,\"valueName\":\"search_term_string\"}}],\"inLanguage\":\"fr-FR\"},{\"@type\":\"Organization\",\"@id\":\"https:\/\/www.boisbuchet.org\/#organization\",\"name\":\"Domine de Boisbuchet\",\"url\":\"https:\/\/www.boisbuchet.org\/\",\"logo\":{\"@type\":\"ImageObject\",\"inLanguage\":\"fr-FR\",\"@id\":\"https:\/\/www.boisbuchet.org\/#\/schema\/logo\/image\/\",\"url\":\"https:\/\/www.boisbuchet.org\/wp-content\/uploads\/2019\/01\/logo_boisbuchet_black.png\",\"contentUrl\":\"https:\/\/www.boisbuchet.org\/wp-content\/uploads\/2019\/01\/logo_boisbuchet_black.png\",\"width\":200,\"height\":73,\"caption\":\"Domine de Boisbuchet\"},\"image\":{\"@id\":\"https:\/\/www.boisbuchet.org\/#\/schema\/logo\/image\/\"},\"sameAs\":[\"https:\/\/www.facebook.com\/boisbuchet\",\"https:\/\/x.com\/boisbuchet\",\"https:\/\/www.instagram.com\/boisbuchet\",\"https:\/\/www.linkedin.com\/company\/domaine-de-boisbuchet\",\"https:\/\/www.pinterest.com\/boisbuchet\"]}]}<\/script>\n<!-- \/ Yoast SEO plugin. -->","yoast_head_json":{"title":"Liquid Dreams | Domaine de Boisbuchet","robots":{"index":"noindex","follow":"follow"},"og_locale":"fr_FR","og_type":"article","og_title":"Liquid Dreams | Domaine de Boisbuchet","og_description":"Tuteur(s) :  Date de d\u00e9but :  Date de fin :","og_url":"https:\/\/www.boisbuchet.org\/product\/liquid-dreams\/","og_site_name":"Domaine de Boisbuchet","article_publisher":"https:\/\/www.facebook.com\/boisbuchet","article_modified_time":"2026-04-02T18:59:24+00:00","og_image":[{"width":600,"height":400,"url":"https:\/\/www.boisbuchet.org\/wp-content\/uploads\/2026\/03\/2026_Audrey_Large_Tile-1.jpg","type":"image\/jpeg"}],"twitter_card":"summary_large_image","twitter_site":"@boisbuchet","twitter_misc":{"Dur\u00e9e de lecture estim\u00e9e":"7 minutes"},"schema":{"@context":"https:\/\/schema.org","@graph":[{"@type":"WebPage","@id":"https:\/\/www.boisbuchet.org\/product\/liquid-dreams\/","url":"https:\/\/www.boisbuchet.org\/product\/liquid-dreams\/","name":"Liquid Dreams | Domaine de Boisbuchet","isPartOf":{"@id":"https:\/\/www.boisbuchet.org\/#website"},"primaryImageOfPage":{"@id":"https:\/\/www.boisbuchet.org\/product\/liquid-dreams\/#primaryimage"},"image":{"@id":"https:\/\/www.boisbuchet.org\/product\/liquid-dreams\/#primaryimage"},"thumbnailUrl":"https:\/\/www.boisbuchet.org\/wp-content\/uploads\/2026\/03\/2026_Audrey_Large_Tile-1.jpg","datePublished":"2026-03-04T13:39:33+00:00","dateModified":"2026-04-02T18:59:24+00:00","breadcrumb":{"@id":"https:\/\/www.boisbuchet.org\/product\/liquid-dreams\/#breadcrumb"},"inLanguage":"fr-FR","potentialAction":[{"@type":"ReadAction","target":["https:\/\/www.boisbuchet.org\/product\/liquid-dreams\/"]}]},{"@type":"ImageObject","inLanguage":"fr-FR","@id":"https:\/\/www.boisbuchet.org\/product\/liquid-dreams\/#primaryimage","url":"https:\/\/www.boisbuchet.org\/wp-content\/uploads\/2026\/03\/2026_Audrey_Large_Tile-1.jpg","contentUrl":"https:\/\/www.boisbuchet.org\/wp-content\/uploads\/2026\/03\/2026_Audrey_Large_Tile-1.jpg","width":600,"height":400},{"@type":"BreadcrumbList","@id":"https:\/\/www.boisbuchet.org\/product\/liquid-dreams\/#breadcrumb","itemListElement":[{"@type":"ListItem","position":1,"name":"Home","item":"https:\/\/www.boisbuchet.org\/fr\/"},{"@type":"ListItem","position":2,"name":"Boutique","item":"https:\/\/www.boisbuchet.org\/fr\/boutique\/"},{"@type":"ListItem","position":3,"name":"Liquid Dreams"}]},{"@type":"WebSite","@id":"https:\/\/www.boisbuchet.org\/#website","url":"https:\/\/www.boisbuchet.org\/","name":"Domaine de Boisbuchet","description":"Summer Workshops | Park | Event\u00a0Location","publisher":{"@id":"https:\/\/www.boisbuchet.org\/#organization"},"potentialAction":[{"@type":"SearchAction","target":{"@type":"EntryPoint","urlTemplate":"https:\/\/www.boisbuchet.org\/?s={search_term_string}"},"query-input":{"@type":"PropertyValueSpecification","valueRequired":true,"valueName":"search_term_string"}}],"inLanguage":"fr-FR"},{"@type":"Organization","@id":"https:\/\/www.boisbuchet.org\/#organization","name":"Domine de Boisbuchet","url":"https:\/\/www.boisbuchet.org\/","logo":{"@type":"ImageObject","inLanguage":"fr-FR","@id":"https:\/\/www.boisbuchet.org\/#\/schema\/logo\/image\/","url":"https:\/\/www.boisbuchet.org\/wp-content\/uploads\/2019\/01\/logo_boisbuchet_black.png","contentUrl":"https:\/\/www.boisbuchet.org\/wp-content\/uploads\/2019\/01\/logo_boisbuchet_black.png","width":200,"height":73,"caption":"Domine de Boisbuchet"},"image":{"@id":"https:\/\/www.boisbuchet.org\/#\/schema\/logo\/image\/"},"sameAs":["https:\/\/www.facebook.com\/boisbuchet","https:\/\/x.com\/boisbuchet","https:\/\/www.instagram.com\/boisbuchet","https:\/\/www.linkedin.com\/company\/domaine-de-boisbuchet","https:\/\/www.pinterest.com\/boisbuchet"]}]}},"_links":{"self":[{"href":"https:\/\/www.boisbuchet.org\/fr\/wp-json\/wp\/v2\/product\/25537","targetHints":{"allow":["GET"]}}],"collection":[{"href":"https:\/\/www.boisbuchet.org\/fr\/wp-json\/wp\/v2\/product"}],"about":[{"href":"https:\/\/www.boisbuchet.org\/fr\/wp-json\/wp\/v2\/types\/product"}],"author":[{"embeddable":true,"href":"https:\/\/www.boisbuchet.org\/fr\/wp-json\/wp\/v2\/users\/707"}],"wp:featuredmedia":[{"embeddable":true,"href":"https:\/\/www.boisbuchet.org\/fr\/wp-json\/wp\/v2\/media\/24640"}],"wp:attachment":[{"href":"https:\/\/www.boisbuchet.org\/fr\/wp-json\/wp\/v2\/media?parent=25537"}],"wp:term":[{"taxonomy":"product_brand","embeddable":true,"href":"https:\/\/www.boisbuchet.org\/fr\/wp-json\/wp\/v2\/product_brand?post=25537"},{"taxonomy":"product_cat","embeddable":true,"href":"https:\/\/www.boisbuchet.org\/fr\/wp-json\/wp\/v2\/product_cat?post=25537"},{"taxonomy":"product_tag","embeddable":true,"href":"https:\/\/www.boisbuchet.org\/fr\/wp-json\/wp\/v2\/product_tag?post=25537"},{"taxonomy":"content-year","embeddable":true,"href":"https:\/\/www.boisbuchet.org\/fr\/wp-json\/wp\/v2\/content-year?post=25537"}],"curies":[{"name":"wp","href":"https:\/\/api.w.org\/{rel}","templated":true}]}}