{"id":25540,"date":"2026-03-04T20:10:22","date_gmt":"2026-03-04T19:10:22","guid":{"rendered":"https:\/\/www.boisbuchet.org\/product\/no-specific-plans\/"},"modified":"2026-04-02T21:00:55","modified_gmt":"2026-04-02T19:00:55","slug":"no-specific-plans","status":"publish","type":"product","link":"https:\/\/www.boisbuchet.org\/fr\/produit\/no-specific-plans\/","title":{"rendered":"No Specific Plans"},"content":{"rendered":"<div class=\"fusion-fullwidth fullwidth-box fusion-builder-row-1 fusion-flex-container has-pattern-background has-mask-background nonhundred-percent-fullwidth non-hundred-percent-height-scrolling\" style=\"--awb-border-radius-top-left:0px;--awb-border-radius-top-right:0px;--awb-border-radius-bottom-right:0px;--awb-border-radius-bottom-left:0px;--awb-flex-wrap:wrap;\" ><div class=\"fusion-builder-row fusion-row fusion-flex-align-items-flex-start fusion-flex-content-wrap\" style=\"max-width:1144px;margin-left: calc(-4% \/ 2 );margin-right: calc(-4% \/ 2 );\"><div class=\"fusion-layout-column fusion_builder_column fusion-builder-column-0 fusion_builder_column_1_1 1_1 fusion-flex-column\" style=\"--awb-bg-size:cover;--awb-width-large:100%;--awb-margin-top-large:0px;--awb-spacing-right-large:1.92%;--awb-margin-bottom-large:20px;--awb-spacing-left-large:1.92%;--awb-width-medium:100%;--awb-order-medium:0;--awb-spacing-right-medium:1.92%;--awb-spacing-left-medium:1.92%;--awb-width-small:100%;--awb-order-small:0;--awb-spacing-right-small:1.92%;--awb-spacing-left-small:1.92%;\"><div class=\"fusion-column-wrapper fusion-column-has-shadow fusion-flex-justify-content-flex-start fusion-content-layout-column\"><div class=\"fusion-text fusion-text-1\"><p>Le design commence souvent par un plan. La vie, rarement. L\u2019adaptation et la flexibilit\u00e9 sont des strat\u00e9gies essentielles de survie dans la nature. L\u2019improvisation est pratiqu\u00e9e depuis longtemps dans de nombreuses disciplines, du jazz et du th\u00e9\u00e2tre exp\u00e9rimental \u00e0 l\u2019anthropologie et \u00e0 l\u2019\u00e9cologie. Dans ces contextes, la cr\u00e9ation se d\u00e9veloppe \u00e0 travers l\u2019interaction avec l\u2019environnement plut\u00f4t qu\u2019\u00e0 partir d\u2019un sc\u00e9nario pr\u00e9\u00e9tabli. L\u2019anthropologue Claude L\u00e9vi-Strauss a d\u00e9crit cette approche comme le bricolage : la capacit\u00e9 de cr\u00e9er avec ce qui est d\u00e9j\u00e0 \u00e0 disposition. Cet atelier s\u2019inscrit dans cette m\u00eame logique.<\/p>\n<p>Dirig\u00e9 par le designer Lucas Mu\u00f1oz Mu\u00f1oz, l\u2019atelier explore l\u2019improvisation comme une m\u00e9thodologie de conception. Les participants commenceront sans objectifs pr\u00e9d\u00e9finis, laissant les objets \u00e9merger des mat\u00e9riaux, des situations et des contraintes rencontr\u00e9es en chemin. Plut\u00f4t que de travailler \u00e0 partir de dessins d\u00e9taill\u00e9s ou de sp\u00e9cifications \u00e9tablies \u00e0 l\u2019avance, ils s\u2019engageront directement avec les mat\u00e9riaux disponibles sur place, restes, chutes et ressources souvent n\u00e9glig\u00e9es.<\/p>\n<p>Tout au long de la semaine, les participants assembleront, transformeront et r\u00e9interpr\u00e9teront les mat\u00e9riaux trouv\u00e9s au Domaine et dans son environnement proche. Les objets r\u00e9alis\u00e9s pourront prendre la forme de mobilier, d\u2019outils, de dispositifs spatiaux ou d\u2019artefacts hybrides r\u00e9pondant \u00e0 des besoins imm\u00e9diats. Ils pourront para\u00eetre provisoires ou inachev\u00e9s, mais r\u00e9v\u00e9leront des processus d\u2019adaptation et d\u2019invention ancr\u00e9s dans leur contexte.<\/p>\n<p>Cet atelier s\u2019adresse aux explorateurs, aux esprits libres et \u00e0 celles et ceux pr\u00eats \u00e0 travailler sans plan \u00e9tabli.<\/p>\n<\/div><\/div><\/div><\/div><\/div>\n","protected":false},"excerpt":{"rendered":"<p><span style=\"font-weight: 800;\">Tuteur(s) :<\/span> [wpv-view name=\"tutors-text-list\"]<br \/>\n<span style=\"font-weight: 800;\">Date de d\u00e9but :<\/span> [types field='workshop-date-start' style='text' format='F j, Y'][\/types]<br \/>\n<span style=\"font-weight: 800;\">Date de fin :<\/span> [types field='workshop-date-end' style='text' format='F j, Y'][\/types]<\/p>\n","protected":false},"author":707,"featured_media":24644,"template":"","meta":{"_monsterinsights_skip_tracking":false,"_monsterinsights_sitenote_active":false,"_monsterinsights_sitenote_note":"","_monsterinsights_sitenote_category":0},"product_brand":[],"product_cat":[980,1036,268],"product_tag":[],"content-year":[1063],"class_list":{"0":"post-25540","1":"product","2":"type-product","3":"status-publish","4":"has-post-thumbnail","6":"product_cat-contextuel","7":"product_cat-low-tech-fr","8":"product_cat-produits","9":"content-year-1063","11":"first","12":"instock","13":"sale","14":"sold-individually","15":"shipping-taxable","16":"purchasable","17":"product-type-variable"},"yoast_head":"<!-- This site is optimized with the Yoast SEO plugin v27.1.1 - https:\/\/yoast.com\/product\/yoast-seo-wordpress\/ -->\n<title>No Specific Plans | Domaine de Boisbuchet<\/title>\n<meta name=\"robots\" content=\"noindex, follow\" \/>\n<meta property=\"og:locale\" content=\"fr_FR\" \/>\n<meta property=\"og:type\" content=\"article\" \/>\n<meta property=\"og:title\" content=\"No Specific Plans | Domaine de Boisbuchet\" \/>\n<meta property=\"og:description\" content=\"Tuteur(s) :  Date de d\u00e9but :  Date de fin :\" \/>\n<meta property=\"og:url\" content=\"https:\/\/www.boisbuchet.org\/product\/no-specific-plans\/\" \/>\n<meta property=\"og:site_name\" content=\"Domaine de Boisbuchet\" \/>\n<meta property=\"article:publisher\" content=\"https:\/\/www.facebook.com\/boisbuchet\" \/>\n<meta property=\"article:modified_time\" content=\"2026-04-02T19:00:55+00:00\" \/>\n<meta property=\"og:image\" content=\"https:\/\/www.boisbuchet.org\/wp-content\/uploads\/2026\/03\/2026_Lucas_Munoz_Tile2.jpg\" \/>\n\t<meta property=\"og:image:width\" content=\"600\" \/>\n\t<meta property=\"og:image:height\" content=\"400\" \/>\n\t<meta property=\"og:image:type\" content=\"image\/jpeg\" \/>\n<meta name=\"twitter:card\" content=\"summary_large_image\" \/>\n<meta name=\"twitter:site\" content=\"@boisbuchet\" \/>\n<meta name=\"twitter:label1\" content=\"Dur\u00e9e de lecture estim\u00e9e\" \/>\n\t<meta name=\"twitter:data1\" content=\"7 minutes\" \/>\n<script type=\"application\/ld+json\" class=\"yoast-schema-graph\">{\"@context\":\"https:\/\/schema.org\",\"@graph\":[{\"@type\":\"WebPage\",\"@id\":\"https:\/\/www.boisbuchet.org\/product\/no-specific-plans\/\",\"url\":\"https:\/\/www.boisbuchet.org\/product\/no-specific-plans\/\",\"name\":\"No Specific Plans | Domaine de Boisbuchet\",\"isPartOf\":{\"@id\":\"https:\/\/www.boisbuchet.org\/#website\"},\"primaryImageOfPage\":{\"@id\":\"https:\/\/www.boisbuchet.org\/product\/no-specific-plans\/#primaryimage\"},\"image\":{\"@id\":\"https:\/\/www.boisbuchet.org\/product\/no-specific-plans\/#primaryimage\"},\"thumbnailUrl\":\"https:\/\/www.boisbuchet.org\/wp-content\/uploads\/2026\/03\/2026_Lucas_Munoz_Tile2.jpg\",\"datePublished\":\"2026-03-04T19:10:22+00:00\",\"dateModified\":\"2026-04-02T19:00:55+00:00\",\"breadcrumb\":{\"@id\":\"https:\/\/www.boisbuchet.org\/product\/no-specific-plans\/#breadcrumb\"},\"inLanguage\":\"fr-FR\",\"potentialAction\":[{\"@type\":\"ReadAction\",\"target\":[\"https:\/\/www.boisbuchet.org\/product\/no-specific-plans\/\"]}]},{\"@type\":\"ImageObject\",\"inLanguage\":\"fr-FR\",\"@id\":\"https:\/\/www.boisbuchet.org\/product\/no-specific-plans\/#primaryimage\",\"url\":\"https:\/\/www.boisbuchet.org\/wp-content\/uploads\/2026\/03\/2026_Lucas_Munoz_Tile2.jpg\",\"contentUrl\":\"https:\/\/www.boisbuchet.org\/wp-content\/uploads\/2026\/03\/2026_Lucas_Munoz_Tile2.jpg\",\"width\":600,\"height\":400},{\"@type\":\"BreadcrumbList\",\"@id\":\"https:\/\/www.boisbuchet.org\/product\/no-specific-plans\/#breadcrumb\",\"itemListElement\":[{\"@type\":\"ListItem\",\"position\":1,\"name\":\"Home\",\"item\":\"https:\/\/www.boisbuchet.org\/fr\/\"},{\"@type\":\"ListItem\",\"position\":2,\"name\":\"Boutique\",\"item\":\"https:\/\/www.boisbuchet.org\/fr\/boutique\/\"},{\"@type\":\"ListItem\",\"position\":3,\"name\":\"No Specific Plans\"}]},{\"@type\":\"WebSite\",\"@id\":\"https:\/\/www.boisbuchet.org\/#website\",\"url\":\"https:\/\/www.boisbuchet.org\/\",\"name\":\"Domaine de Boisbuchet\",\"description\":\"Summer Workshops | Park | Event\u00a0Location\",\"publisher\":{\"@id\":\"https:\/\/www.boisbuchet.org\/#organization\"},\"potentialAction\":[{\"@type\":\"SearchAction\",\"target\":{\"@type\":\"EntryPoint\",\"urlTemplate\":\"https:\/\/www.boisbuchet.org\/?s={search_term_string}\"},\"query-input\":{\"@type\":\"PropertyValueSpecification\",\"valueRequired\":true,\"valueName\":\"search_term_string\"}}],\"inLanguage\":\"fr-FR\"},{\"@type\":\"Organization\",\"@id\":\"https:\/\/www.boisbuchet.org\/#organization\",\"name\":\"Domine de Boisbuchet\",\"url\":\"https:\/\/www.boisbuchet.org\/\",\"logo\":{\"@type\":\"ImageObject\",\"inLanguage\":\"fr-FR\",\"@id\":\"https:\/\/www.boisbuchet.org\/#\/schema\/logo\/image\/\",\"url\":\"https:\/\/www.boisbuchet.org\/wp-content\/uploads\/2019\/01\/logo_boisbuchet_black.png\",\"contentUrl\":\"https:\/\/www.boisbuchet.org\/wp-content\/uploads\/2019\/01\/logo_boisbuchet_black.png\",\"width\":200,\"height\":73,\"caption\":\"Domine de Boisbuchet\"},\"image\":{\"@id\":\"https:\/\/www.boisbuchet.org\/#\/schema\/logo\/image\/\"},\"sameAs\":[\"https:\/\/www.facebook.com\/boisbuchet\",\"https:\/\/x.com\/boisbuchet\",\"https:\/\/www.instagram.com\/boisbuchet\",\"https:\/\/www.linkedin.com\/company\/domaine-de-boisbuchet\",\"https:\/\/www.pinterest.com\/boisbuchet\"]}]}<\/script>\n<!-- \/ Yoast SEO plugin. -->","yoast_head_json":{"title":"No Specific Plans | Domaine de Boisbuchet","robots":{"index":"noindex","follow":"follow"},"og_locale":"fr_FR","og_type":"article","og_title":"No Specific Plans | Domaine de Boisbuchet","og_description":"Tuteur(s) :  Date de d\u00e9but :  Date de fin :","og_url":"https:\/\/www.boisbuchet.org\/product\/no-specific-plans\/","og_site_name":"Domaine de Boisbuchet","article_publisher":"https:\/\/www.facebook.com\/boisbuchet","article_modified_time":"2026-04-02T19:00:55+00:00","og_image":[{"width":600,"height":400,"url":"https:\/\/www.boisbuchet.org\/wp-content\/uploads\/2026\/03\/2026_Lucas_Munoz_Tile2.jpg","type":"image\/jpeg"}],"twitter_card":"summary_large_image","twitter_site":"@boisbuchet","twitter_misc":{"Dur\u00e9e de lecture estim\u00e9e":"7 minutes"},"schema":{"@context":"https:\/\/schema.org","@graph":[{"@type":"WebPage","@id":"https:\/\/www.boisbuchet.org\/product\/no-specific-plans\/","url":"https:\/\/www.boisbuchet.org\/product\/no-specific-plans\/","name":"No Specific Plans | Domaine de Boisbuchet","isPartOf":{"@id":"https:\/\/www.boisbuchet.org\/#website"},"primaryImageOfPage":{"@id":"https:\/\/www.boisbuchet.org\/product\/no-specific-plans\/#primaryimage"},"image":{"@id":"https:\/\/www.boisbuchet.org\/product\/no-specific-plans\/#primaryimage"},"thumbnailUrl":"https:\/\/www.boisbuchet.org\/wp-content\/uploads\/2026\/03\/2026_Lucas_Munoz_Tile2.jpg","datePublished":"2026-03-04T19:10:22+00:00","dateModified":"2026-04-02T19:00:55+00:00","breadcrumb":{"@id":"https:\/\/www.boisbuchet.org\/product\/no-specific-plans\/#breadcrumb"},"inLanguage":"fr-FR","potentialAction":[{"@type":"ReadAction","target":["https:\/\/www.boisbuchet.org\/product\/no-specific-plans\/"]}]},{"@type":"ImageObject","inLanguage":"fr-FR","@id":"https:\/\/www.boisbuchet.org\/product\/no-specific-plans\/#primaryimage","url":"https:\/\/www.boisbuchet.org\/wp-content\/uploads\/2026\/03\/2026_Lucas_Munoz_Tile2.jpg","contentUrl":"https:\/\/www.boisbuchet.org\/wp-content\/uploads\/2026\/03\/2026_Lucas_Munoz_Tile2.jpg","width":600,"height":400},{"@type":"BreadcrumbList","@id":"https:\/\/www.boisbuchet.org\/product\/no-specific-plans\/#breadcrumb","itemListElement":[{"@type":"ListItem","position":1,"name":"Home","item":"https:\/\/www.boisbuchet.org\/fr\/"},{"@type":"ListItem","position":2,"name":"Boutique","item":"https:\/\/www.boisbuchet.org\/fr\/boutique\/"},{"@type":"ListItem","position":3,"name":"No Specific Plans"}]},{"@type":"WebSite","@id":"https:\/\/www.boisbuchet.org\/#website","url":"https:\/\/www.boisbuchet.org\/","name":"Domaine de Boisbuchet","description":"Summer Workshops | Park | Event\u00a0Location","publisher":{"@id":"https:\/\/www.boisbuchet.org\/#organization"},"potentialAction":[{"@type":"SearchAction","target":{"@type":"EntryPoint","urlTemplate":"https:\/\/www.boisbuchet.org\/?s={search_term_string}"},"query-input":{"@type":"PropertyValueSpecification","valueRequired":true,"valueName":"search_term_string"}}],"inLanguage":"fr-FR"},{"@type":"Organization","@id":"https:\/\/www.boisbuchet.org\/#organization","name":"Domine de Boisbuchet","url":"https:\/\/www.boisbuchet.org\/","logo":{"@type":"ImageObject","inLanguage":"fr-FR","@id":"https:\/\/www.boisbuchet.org\/#\/schema\/logo\/image\/","url":"https:\/\/www.boisbuchet.org\/wp-content\/uploads\/2019\/01\/logo_boisbuchet_black.png","contentUrl":"https:\/\/www.boisbuchet.org\/wp-content\/uploads\/2019\/01\/logo_boisbuchet_black.png","width":200,"height":73,"caption":"Domine de Boisbuchet"},"image":{"@id":"https:\/\/www.boisbuchet.org\/#\/schema\/logo\/image\/"},"sameAs":["https:\/\/www.facebook.com\/boisbuchet","https:\/\/x.com\/boisbuchet","https:\/\/www.instagram.com\/boisbuchet","https:\/\/www.linkedin.com\/company\/domaine-de-boisbuchet","https:\/\/www.pinterest.com\/boisbuchet"]}]}},"_links":{"self":[{"href":"https:\/\/www.boisbuchet.org\/fr\/wp-json\/wp\/v2\/product\/25540","targetHints":{"allow":["GET"]}}],"collection":[{"href":"https:\/\/www.boisbuchet.org\/fr\/wp-json\/wp\/v2\/product"}],"about":[{"href":"https:\/\/www.boisbuchet.org\/fr\/wp-json\/wp\/v2\/types\/product"}],"author":[{"embeddable":true,"href":"https:\/\/www.boisbuchet.org\/fr\/wp-json\/wp\/v2\/users\/707"}],"wp:featuredmedia":[{"embeddable":true,"href":"https:\/\/www.boisbuchet.org\/fr\/wp-json\/wp\/v2\/media\/24644"}],"wp:attachment":[{"href":"https:\/\/www.boisbuchet.org\/fr\/wp-json\/wp\/v2\/media?parent=25540"}],"wp:term":[{"taxonomy":"product_brand","embeddable":true,"href":"https:\/\/www.boisbuchet.org\/fr\/wp-json\/wp\/v2\/product_brand?post=25540"},{"taxonomy":"product_cat","embeddable":true,"href":"https:\/\/www.boisbuchet.org\/fr\/wp-json\/wp\/v2\/product_cat?post=25540"},{"taxonomy":"product_tag","embeddable":true,"href":"https:\/\/www.boisbuchet.org\/fr\/wp-json\/wp\/v2\/product_tag?post=25540"},{"taxonomy":"content-year","embeddable":true,"href":"https:\/\/www.boisbuchet.org\/fr\/wp-json\/wp\/v2\/content-year?post=25540"}],"curies":[{"name":"wp","href":"https:\/\/api.w.org\/{rel}","templated":true}]}}