{"id":25550,"date":"2026-03-05T12:11:49","date_gmt":"2026-03-05T11:11:49","guid":{"rendered":"https:\/\/www.boisbuchet.org\/product\/low-tech-editions-field-notes\/"},"modified":"2026-04-02T21:08:06","modified_gmt":"2026-04-02T19:08:06","slug":"low-tech-editions-field-notes","status":"publish","type":"product","link":"https:\/\/www.boisbuchet.org\/fr\/produit\/low-tech-editions-field-notes\/","title":{"rendered":"Low-Tech Editions: Field Notes"},"content":{"rendered":"<div class=\"fusion-fullwidth fullwidth-box fusion-builder-row-1 fusion-flex-container has-pattern-background has-mask-background nonhundred-percent-fullwidth non-hundred-percent-height-scrolling\" style=\"--awb-border-radius-top-left:0px;--awb-border-radius-top-right:0px;--awb-border-radius-bottom-right:0px;--awb-border-radius-bottom-left:0px;--awb-flex-wrap:wrap;\" ><div class=\"fusion-builder-row fusion-row fusion-flex-align-items-flex-start fusion-flex-content-wrap\" style=\"max-width:1144px;margin-left: calc(-4% \/ 2 );margin-right: calc(-4% \/ 2 );\"><div class=\"fusion-layout-column fusion_builder_column fusion-builder-column-0 fusion_builder_column_1_1 1_1 fusion-flex-column\" style=\"--awb-bg-size:cover;--awb-width-large:100%;--awb-margin-top-large:0px;--awb-spacing-right-large:1.92%;--awb-margin-bottom-large:20px;--awb-spacing-left-large:1.92%;--awb-width-medium:100%;--awb-order-medium:0;--awb-spacing-right-medium:1.92%;--awb-spacing-left-medium:1.92%;--awb-width-small:100%;--awb-order-small:0;--awb-spacing-right-small:1.92%;--awb-spacing-left-small:1.92%;\"><div class=\"fusion-column-wrapper fusion-column-has-shadow fusion-flex-justify-content-flex-start fusion-content-layout-column\"><div class=\"fusion-text fusion-text-1\"><p>L\u2019\u00e9dition a longtemps \u00e9t\u00e9 un moyen de documenter des lieux, des observations et des situations \u00e9ph\u00e9m\u00e8res. \u00c0 Boisbuchet, o\u00f9 le paysage et la vie quotidienne offrent une source constante de stimuli, l\u2019imprim\u00e9 devient un outil pour enregistrer et traduire ces exp\u00e9riences sous forme mat\u00e9rielle.<\/p>\n<p>Dans cet atelier, les participants exploreront la relation entre observation et publication. En travaillant dans un p\u00e9rim\u00e8tre accessible \u00e0 pied autour du Domaine, ils collecteront des mat\u00e9riaux sur le site : notes, croquis, enregistrements et autres formes de documentation de terrain. Ces observations constitueront le point de d\u00e9part d\u2019une s\u00e9rie de petites publications imprim\u00e9es.<\/p>\n<p>Chaque participant produira une \u00e9dition d\u2019au moins trois publications, d\u00e9velopp\u00e9es \u00e0 travers une combinaison de techniques de reproduction analogiques. Les proc\u00e9d\u00e9s pourront inclure la s\u00e9rigraphie MiScreen\u2122, la photographie sans appareil, l\u2019exposition directe, le transfert carbone, la gravure en taille-douce sur Tetra Pak, l\u2019impression par contact, la lithographie de cuisine ou encore le dessin photog\u00e9nique. Les participants sont encourag\u00e9s \u00e0 adopter une approche enti\u00e8rement analogique, laissant les propri\u00e9t\u00e9s physiques des mat\u00e9riaux et des proc\u00e9d\u00e9s guider le r\u00e9sultat.<\/p>\n<p>Patrick Thomas mettra \u00e0 disposition un kit MiScreen\u2122 ainsi que les mat\u00e9riaux de base n\u00e9cessaires \u00e0 la mise en \u0153uvre de ces techniques. MiScreen\u2122 est un syst\u00e8me compact et \u00e9coresponsable de fabrication d\u2019\u00e9crans, qui \u00e9limine le besoin d\u2019\u00e9mulsion, d\u2019eau, de produits chimiques ou de chambre noire. \u00c0 travers l\u2019exp\u00e9rimentation de ces proc\u00e9d\u00e9s, les participants exploreront comment l\u2019observation, la cr\u00e9ation d\u2019images et l\u2019impression peuvent se combiner pour donner naissance \u00e0 de petites \u00e9ditions ancr\u00e9es dans un lieu et un moment sp\u00e9cifiques.<\/p>\n<\/div><\/div><\/div><\/div><\/div>\n","protected":false},"excerpt":{"rendered":"<p><span style=\"font-weight: 800;\">Tuteur(s) :<\/span> [wpv-view name=\"tutors-text-list\"]<br \/>\n<span style=\"font-weight: 800;\">Date de d\u00e9but :<\/span> [types field='workshop-date-start' style='text' format='F j, Y'][\/types]<br \/>\n<span style=\"font-weight: 800;\">Date de fin :<\/span> [types field='workshop-date-end' style='text' format='F j, Y'][\/types]<\/p>\n","protected":false},"author":707,"featured_media":24816,"template":"","meta":{"_monsterinsights_skip_tracking":false,"_monsterinsights_sitenote_active":false,"_monsterinsights_sitenote_note":"","_monsterinsights_sitenote_category":0},"product_brand":[],"product_cat":[682,230,264],"product_tag":[],"content-year":[1063],"class_list":{"0":"post-25550","1":"product","2":"type-product","3":"status-publish","4":"has-post-thumbnail","6":"product_cat-communication-fr","7":"product_cat-graphique","8":"product_cat-impression","9":"content-year-1063","11":"first","12":"instock","13":"sale","14":"sold-individually","15":"shipping-taxable","16":"purchasable","17":"product-type-variable"},"yoast_head":"<!-- This site is optimized with the Yoast SEO plugin v27.1.1 - https:\/\/yoast.com\/product\/yoast-seo-wordpress\/ -->\n<title>Low-Tech Editions: Field Notes | Domaine de Boisbuchet<\/title>\n<meta name=\"robots\" content=\"noindex, follow\" \/>\n<meta property=\"og:locale\" content=\"fr_FR\" \/>\n<meta property=\"og:type\" content=\"article\" \/>\n<meta property=\"og:title\" content=\"Low-Tech Editions: Field Notes | Domaine de Boisbuchet\" \/>\n<meta property=\"og:description\" content=\"Tuteur(s) :  Date de d\u00e9but :  Date de fin :\" \/>\n<meta property=\"og:url\" content=\"https:\/\/www.boisbuchet.org\/product\/low-tech-editions-field-notes\/\" \/>\n<meta property=\"og:site_name\" content=\"Domaine de Boisbuchet\" \/>\n<meta property=\"article:publisher\" content=\"https:\/\/www.facebook.com\/boisbuchet\" \/>\n<meta property=\"article:modified_time\" content=\"2026-04-02T19:08:06+00:00\" \/>\n<meta property=\"og:image\" content=\"https:\/\/www.boisbuchet.org\/wp-content\/uploads\/2026\/03\/2026_Patrick_Thomas_Tile.jpg\" \/>\n\t<meta property=\"og:image:width\" content=\"600\" \/>\n\t<meta property=\"og:image:height\" content=\"400\" \/>\n\t<meta property=\"og:image:type\" content=\"image\/jpeg\" \/>\n<meta name=\"twitter:card\" content=\"summary_large_image\" \/>\n<meta name=\"twitter:site\" content=\"@boisbuchet\" \/>\n<meta name=\"twitter:label1\" content=\"Dur\u00e9e de lecture estim\u00e9e\" \/>\n\t<meta name=\"twitter:data1\" content=\"7 minutes\" \/>\n<script type=\"application\/ld+json\" class=\"yoast-schema-graph\">{\"@context\":\"https:\/\/schema.org\",\"@graph\":[{\"@type\":\"WebPage\",\"@id\":\"https:\/\/www.boisbuchet.org\/product\/low-tech-editions-field-notes\/\",\"url\":\"https:\/\/www.boisbuchet.org\/product\/low-tech-editions-field-notes\/\",\"name\":\"Low-Tech Editions: Field Notes | Domaine de Boisbuchet\",\"isPartOf\":{\"@id\":\"https:\/\/www.boisbuchet.org\/#website\"},\"primaryImageOfPage\":{\"@id\":\"https:\/\/www.boisbuchet.org\/product\/low-tech-editions-field-notes\/#primaryimage\"},\"image\":{\"@id\":\"https:\/\/www.boisbuchet.org\/product\/low-tech-editions-field-notes\/#primaryimage\"},\"thumbnailUrl\":\"https:\/\/www.boisbuchet.org\/wp-content\/uploads\/2026\/03\/2026_Patrick_Thomas_Tile.jpg\",\"datePublished\":\"2026-03-05T11:11:49+00:00\",\"dateModified\":\"2026-04-02T19:08:06+00:00\",\"breadcrumb\":{\"@id\":\"https:\/\/www.boisbuchet.org\/product\/low-tech-editions-field-notes\/#breadcrumb\"},\"inLanguage\":\"fr-FR\",\"potentialAction\":[{\"@type\":\"ReadAction\",\"target\":[\"https:\/\/www.boisbuchet.org\/product\/low-tech-editions-field-notes\/\"]}]},{\"@type\":\"ImageObject\",\"inLanguage\":\"fr-FR\",\"@id\":\"https:\/\/www.boisbuchet.org\/product\/low-tech-editions-field-notes\/#primaryimage\",\"url\":\"https:\/\/www.boisbuchet.org\/wp-content\/uploads\/2026\/03\/2026_Patrick_Thomas_Tile.jpg\",\"contentUrl\":\"https:\/\/www.boisbuchet.org\/wp-content\/uploads\/2026\/03\/2026_Patrick_Thomas_Tile.jpg\",\"width\":600,\"height\":400},{\"@type\":\"BreadcrumbList\",\"@id\":\"https:\/\/www.boisbuchet.org\/product\/low-tech-editions-field-notes\/#breadcrumb\",\"itemListElement\":[{\"@type\":\"ListItem\",\"position\":1,\"name\":\"Home\",\"item\":\"https:\/\/www.boisbuchet.org\/fr\/\"},{\"@type\":\"ListItem\",\"position\":2,\"name\":\"Boutique\",\"item\":\"https:\/\/www.boisbuchet.org\/fr\/boutique\/\"},{\"@type\":\"ListItem\",\"position\":3,\"name\":\"Low-Tech Editions: Field Notes\"}]},{\"@type\":\"WebSite\",\"@id\":\"https:\/\/www.boisbuchet.org\/#website\",\"url\":\"https:\/\/www.boisbuchet.org\/\",\"name\":\"Domaine de Boisbuchet\",\"description\":\"Summer Workshops | Park | Event\u00a0Location\",\"publisher\":{\"@id\":\"https:\/\/www.boisbuchet.org\/#organization\"},\"potentialAction\":[{\"@type\":\"SearchAction\",\"target\":{\"@type\":\"EntryPoint\",\"urlTemplate\":\"https:\/\/www.boisbuchet.org\/?s={search_term_string}\"},\"query-input\":{\"@type\":\"PropertyValueSpecification\",\"valueRequired\":true,\"valueName\":\"search_term_string\"}}],\"inLanguage\":\"fr-FR\"},{\"@type\":\"Organization\",\"@id\":\"https:\/\/www.boisbuchet.org\/#organization\",\"name\":\"Domine de Boisbuchet\",\"url\":\"https:\/\/www.boisbuchet.org\/\",\"logo\":{\"@type\":\"ImageObject\",\"inLanguage\":\"fr-FR\",\"@id\":\"https:\/\/www.boisbuchet.org\/#\/schema\/logo\/image\/\",\"url\":\"https:\/\/www.boisbuchet.org\/wp-content\/uploads\/2019\/01\/logo_boisbuchet_black.png\",\"contentUrl\":\"https:\/\/www.boisbuchet.org\/wp-content\/uploads\/2019\/01\/logo_boisbuchet_black.png\",\"width\":200,\"height\":73,\"caption\":\"Domine de Boisbuchet\"},\"image\":{\"@id\":\"https:\/\/www.boisbuchet.org\/#\/schema\/logo\/image\/\"},\"sameAs\":[\"https:\/\/www.facebook.com\/boisbuchet\",\"https:\/\/x.com\/boisbuchet\",\"https:\/\/www.instagram.com\/boisbuchet\",\"https:\/\/www.linkedin.com\/company\/domaine-de-boisbuchet\",\"https:\/\/www.pinterest.com\/boisbuchet\"]}]}<\/script>\n<!-- \/ Yoast SEO plugin. -->","yoast_head_json":{"title":"Low-Tech Editions: Field Notes | Domaine de Boisbuchet","robots":{"index":"noindex","follow":"follow"},"og_locale":"fr_FR","og_type":"article","og_title":"Low-Tech Editions: Field Notes | Domaine de Boisbuchet","og_description":"Tuteur(s) :  Date de d\u00e9but :  Date de fin :","og_url":"https:\/\/www.boisbuchet.org\/product\/low-tech-editions-field-notes\/","og_site_name":"Domaine de Boisbuchet","article_publisher":"https:\/\/www.facebook.com\/boisbuchet","article_modified_time":"2026-04-02T19:08:06+00:00","og_image":[{"width":600,"height":400,"url":"https:\/\/www.boisbuchet.org\/wp-content\/uploads\/2026\/03\/2026_Patrick_Thomas_Tile.jpg","type":"image\/jpeg"}],"twitter_card":"summary_large_image","twitter_site":"@boisbuchet","twitter_misc":{"Dur\u00e9e de lecture estim\u00e9e":"7 minutes"},"schema":{"@context":"https:\/\/schema.org","@graph":[{"@type":"WebPage","@id":"https:\/\/www.boisbuchet.org\/product\/low-tech-editions-field-notes\/","url":"https:\/\/www.boisbuchet.org\/product\/low-tech-editions-field-notes\/","name":"Low-Tech Editions: Field Notes | Domaine de Boisbuchet","isPartOf":{"@id":"https:\/\/www.boisbuchet.org\/#website"},"primaryImageOfPage":{"@id":"https:\/\/www.boisbuchet.org\/product\/low-tech-editions-field-notes\/#primaryimage"},"image":{"@id":"https:\/\/www.boisbuchet.org\/product\/low-tech-editions-field-notes\/#primaryimage"},"thumbnailUrl":"https:\/\/www.boisbuchet.org\/wp-content\/uploads\/2026\/03\/2026_Patrick_Thomas_Tile.jpg","datePublished":"2026-03-05T11:11:49+00:00","dateModified":"2026-04-02T19:08:06+00:00","breadcrumb":{"@id":"https:\/\/www.boisbuchet.org\/product\/low-tech-editions-field-notes\/#breadcrumb"},"inLanguage":"fr-FR","potentialAction":[{"@type":"ReadAction","target":["https:\/\/www.boisbuchet.org\/product\/low-tech-editions-field-notes\/"]}]},{"@type":"ImageObject","inLanguage":"fr-FR","@id":"https:\/\/www.boisbuchet.org\/product\/low-tech-editions-field-notes\/#primaryimage","url":"https:\/\/www.boisbuchet.org\/wp-content\/uploads\/2026\/03\/2026_Patrick_Thomas_Tile.jpg","contentUrl":"https:\/\/www.boisbuchet.org\/wp-content\/uploads\/2026\/03\/2026_Patrick_Thomas_Tile.jpg","width":600,"height":400},{"@type":"BreadcrumbList","@id":"https:\/\/www.boisbuchet.org\/product\/low-tech-editions-field-notes\/#breadcrumb","itemListElement":[{"@type":"ListItem","position":1,"name":"Home","item":"https:\/\/www.boisbuchet.org\/fr\/"},{"@type":"ListItem","position":2,"name":"Boutique","item":"https:\/\/www.boisbuchet.org\/fr\/boutique\/"},{"@type":"ListItem","position":3,"name":"Low-Tech Editions: Field Notes"}]},{"@type":"WebSite","@id":"https:\/\/www.boisbuchet.org\/#website","url":"https:\/\/www.boisbuchet.org\/","name":"Domaine de Boisbuchet","description":"Summer Workshops | Park | Event\u00a0Location","publisher":{"@id":"https:\/\/www.boisbuchet.org\/#organization"},"potentialAction":[{"@type":"SearchAction","target":{"@type":"EntryPoint","urlTemplate":"https:\/\/www.boisbuchet.org\/?s={search_term_string}"},"query-input":{"@type":"PropertyValueSpecification","valueRequired":true,"valueName":"search_term_string"}}],"inLanguage":"fr-FR"},{"@type":"Organization","@id":"https:\/\/www.boisbuchet.org\/#organization","name":"Domine de Boisbuchet","url":"https:\/\/www.boisbuchet.org\/","logo":{"@type":"ImageObject","inLanguage":"fr-FR","@id":"https:\/\/www.boisbuchet.org\/#\/schema\/logo\/image\/","url":"https:\/\/www.boisbuchet.org\/wp-content\/uploads\/2019\/01\/logo_boisbuchet_black.png","contentUrl":"https:\/\/www.boisbuchet.org\/wp-content\/uploads\/2019\/01\/logo_boisbuchet_black.png","width":200,"height":73,"caption":"Domine de Boisbuchet"},"image":{"@id":"https:\/\/www.boisbuchet.org\/#\/schema\/logo\/image\/"},"sameAs":["https:\/\/www.facebook.com\/boisbuchet","https:\/\/x.com\/boisbuchet","https:\/\/www.instagram.com\/boisbuchet","https:\/\/www.linkedin.com\/company\/domaine-de-boisbuchet","https:\/\/www.pinterest.com\/boisbuchet"]}]}},"_links":{"self":[{"href":"https:\/\/www.boisbuchet.org\/fr\/wp-json\/wp\/v2\/product\/25550","targetHints":{"allow":["GET"]}}],"collection":[{"href":"https:\/\/www.boisbuchet.org\/fr\/wp-json\/wp\/v2\/product"}],"about":[{"href":"https:\/\/www.boisbuchet.org\/fr\/wp-json\/wp\/v2\/types\/product"}],"author":[{"embeddable":true,"href":"https:\/\/www.boisbuchet.org\/fr\/wp-json\/wp\/v2\/users\/707"}],"wp:featuredmedia":[{"embeddable":true,"href":"https:\/\/www.boisbuchet.org\/fr\/wp-json\/wp\/v2\/media\/24816"}],"wp:attachment":[{"href":"https:\/\/www.boisbuchet.org\/fr\/wp-json\/wp\/v2\/media?parent=25550"}],"wp:term":[{"taxonomy":"product_brand","embeddable":true,"href":"https:\/\/www.boisbuchet.org\/fr\/wp-json\/wp\/v2\/product_brand?post=25550"},{"taxonomy":"product_cat","embeddable":true,"href":"https:\/\/www.boisbuchet.org\/fr\/wp-json\/wp\/v2\/product_cat?post=25550"},{"taxonomy":"product_tag","embeddable":true,"href":"https:\/\/www.boisbuchet.org\/fr\/wp-json\/wp\/v2\/product_tag?post=25550"},{"taxonomy":"content-year","embeddable":true,"href":"https:\/\/www.boisbuchet.org\/fr\/wp-json\/wp\/v2\/content-year?post=25550"}],"curies":[{"name":"wp","href":"https:\/\/api.w.org\/{rel}","templated":true}]}}