{"id":6494,"date":"2019-02-19T20:13:50","date_gmt":"2019-02-19T19:13:50","guid":{"rendered":"https:\/\/www.boisbuchet.org\/product\/the-emergence-of-form\/"},"modified":"2020-02-23T19:13:45","modified_gmt":"2020-02-23T18:13:45","slug":"the-emergence-of-form","status":"publish","type":"product","link":"https:\/\/www.boisbuchet.org\/fr\/produit\/the-emergence-of-form\/","title":{"rendered":"The Emergence of Form"},"content":{"rendered":"<p>Nous allons partir de z\u00e9ro et rechercher des mat\u00e9riaux autour de nous &#8211; qui peuvent \u00e9galement \u00eatre des \u00e9l\u00e9ments immat\u00e9riels tels que la lumi\u00e8re ou le vent &#8211; afin de choisir ensuite ceux que nous souhaitons explorer plus en profondeur. Nous voulons d\u00e9couvrir leurs diff\u00e9rentes qualit\u00e9s et travailler en direction de leurs possibilit\u00e9s accessibles.<\/p>\n<p>\u00c0 partir de l\u00e0, un processus pr\u00e9cis nous m\u00e8nera \u00e0 des structures, \u00e0 des formes et des mouvements qui vous conduiront \u00e0 vous exprimer personnellement.<\/p>\n<p>Ensuite, vous aurez le choix entre cr\u00e9er un objet, travailler avec le corps ou \u00e0 une \u00e9chelle plus grande. Dans tous les cas, notre d\u00e9couverte de solutions est guid\u00e9e par les qualit\u00e9s inh\u00e9rentes aux mat\u00e9riaux avec lesquels nous travaillons.<\/p>\n<p>Un photographe et cin\u00e9aste enregistre ce processus \u00e9mergent pour chaque participant et il ajoute une touche de r\u00e9flexion et de clarification qui peut \u00eatre int\u00e9gr\u00e9e \u00e0 votre pr\u00e9sentation finale. Cette pr\u00e9sentation peut montrer des objets, des structures ou des parties du corps en mouvement.<\/p>\n<p>Le mode de conception ouvert et interdisciplinaire de l\u2019atelier permet \u00e0 chaque participant de se concentrer de mani\u00e8re intensive. En seulement cinq jours, un processus tr\u00e8s condens\u00e9, clair et pr\u00e9cis devient visible. Il s\u2019agit enfin d\u2019\u00eatre le plus efficace possible en mati\u00e8re d\u2019\u00e9nergie, \u00ab pour stimuler le flux d\u2019une cr\u00e9ation continue &#8211; sans gaspillage, sans perte d\u2019\u00e9nergie, alerte et vivant\u00a0\u00bb.<\/p>\n","protected":false},"excerpt":{"rendered":"<p><span style=\"font-weight: 800;\">Tuteur(s):<\/span>\u00a0[wpv-view name=\"tutors-text-list\"]<br \/>\n<span style=\"font-weight: 800;\">Date d\u00e9but:<\/span> [types field='workshop-date-start' style='text' format='j F, Y'][\/types]<br \/>\n<span style=\"font-weight: 800;\">Date fin:<\/span> [types field='workshop-date-end' style='text' format='j F, Y'][\/types]<\/p>\n","protected":false},"author":707,"featured_media":3600,"template":"","meta":{"_monsterinsights_skip_tracking":false,"_monsterinsights_sitenote_active":false,"_monsterinsights_sitenote_note":"","_monsterinsights_sitenote_category":0},"product_brand":[],"product_cat":[235,223],"product_tag":[],"content-year":[],"class_list":{"0":"post-6494","1":"product","2":"type-product","3":"status-publish","4":"has-post-thumbnail","6":"product_cat-experimentation-materielle","7":"product_cat-processus-design","9":"first","10":"outofstock","11":"sold-individually","12":"shipping-taxable","13":"purchasable","14":"product-type-variable"},"yoast_head":"<!-- This site is optimized with the Yoast SEO plugin v27.1.1 - https:\/\/yoast.com\/product\/yoast-seo-wordpress\/ -->\n<title>The Emergence of Form | Domaine de Boisbuchet<\/title>\n<meta name=\"robots\" content=\"noindex, follow\" \/>\n<meta property=\"og:locale\" content=\"fr_FR\" \/>\n<meta property=\"og:type\" content=\"article\" \/>\n<meta property=\"og:title\" content=\"The Emergence of Form | Domaine de Boisbuchet\" \/>\n<meta property=\"og:description\" content=\"Tuteur(s):\u00a0 Date d\u00e9but:  Date fin:\" \/>\n<meta property=\"og:url\" content=\"https:\/\/www.boisbuchet.org\/fr\/produit\/the-emergence-of-form\/\" \/>\n<meta property=\"og:site_name\" content=\"Domaine de Boisbuchet\" \/>\n<meta property=\"article:publisher\" content=\"https:\/\/www.facebook.com\/boisbuchet\" \/>\n<meta property=\"article:modified_time\" content=\"2020-02-23T18:13:45+00:00\" \/>\n<meta property=\"og:image\" content=\"https:\/\/www.boisbuchet.org\/wp-content\/uploads\/2019\/02\/2019-26-MariaBlaisse.jpg\" \/>\n\t<meta property=\"og:image:width\" content=\"600\" \/>\n\t<meta property=\"og:image:height\" content=\"400\" \/>\n\t<meta property=\"og:image:type\" content=\"image\/jpeg\" \/>\n<meta name=\"twitter:card\" content=\"summary_large_image\" \/>\n<meta name=\"twitter:site\" content=\"@boisbuchet\" \/>\n<meta name=\"twitter:label1\" content=\"Dur\u00e9e de lecture estim\u00e9e\" \/>\n\t<meta name=\"twitter:data1\" content=\"1 minute\" \/>\n<script type=\"application\/ld+json\" class=\"yoast-schema-graph\">{\"@context\":\"https:\/\/schema.org\",\"@graph\":[{\"@type\":\"WebPage\",\"@id\":\"https:\/\/www.boisbuchet.org\/fr\/produit\/the-emergence-of-form\/\",\"url\":\"https:\/\/www.boisbuchet.org\/fr\/produit\/the-emergence-of-form\/\",\"name\":\"The Emergence of Form | Domaine de Boisbuchet\",\"isPartOf\":{\"@id\":\"https:\/\/www.boisbuchet.org\/#website\"},\"primaryImageOfPage\":{\"@id\":\"https:\/\/www.boisbuchet.org\/fr\/produit\/the-emergence-of-form\/#primaryimage\"},\"image\":{\"@id\":\"https:\/\/www.boisbuchet.org\/fr\/produit\/the-emergence-of-form\/#primaryimage\"},\"thumbnailUrl\":\"https:\/\/www.boisbuchet.org\/wp-content\/uploads\/2019\/02\/2019-26-MariaBlaisse.jpg\",\"datePublished\":\"2019-02-19T19:13:50+00:00\",\"dateModified\":\"2020-02-23T18:13:45+00:00\",\"breadcrumb\":{\"@id\":\"https:\/\/www.boisbuchet.org\/fr\/produit\/the-emergence-of-form\/#breadcrumb\"},\"inLanguage\":\"fr-FR\",\"potentialAction\":[{\"@type\":\"ReadAction\",\"target\":[\"https:\/\/www.boisbuchet.org\/fr\/produit\/the-emergence-of-form\/\"]}]},{\"@type\":\"ImageObject\",\"inLanguage\":\"fr-FR\",\"@id\":\"https:\/\/www.boisbuchet.org\/fr\/produit\/the-emergence-of-form\/#primaryimage\",\"url\":\"https:\/\/www.boisbuchet.org\/wp-content\/uploads\/2019\/02\/2019-26-MariaBlaisse.jpg\",\"contentUrl\":\"https:\/\/www.boisbuchet.org\/wp-content\/uploads\/2019\/02\/2019-26-MariaBlaisse.jpg\",\"width\":600,\"height\":400},{\"@type\":\"BreadcrumbList\",\"@id\":\"https:\/\/www.boisbuchet.org\/fr\/produit\/the-emergence-of-form\/#breadcrumb\",\"itemListElement\":[{\"@type\":\"ListItem\",\"position\":1,\"name\":\"Home\",\"item\":\"https:\/\/www.boisbuchet.org\/fr\/\"},{\"@type\":\"ListItem\",\"position\":2,\"name\":\"Boutique\",\"item\":\"https:\/\/www.boisbuchet.org\/fr\/boutique\/\"},{\"@type\":\"ListItem\",\"position\":3,\"name\":\"The Emergence of Form\"}]},{\"@type\":\"WebSite\",\"@id\":\"https:\/\/www.boisbuchet.org\/#website\",\"url\":\"https:\/\/www.boisbuchet.org\/\",\"name\":\"Domaine de Boisbuchet\",\"description\":\"Summer Workshops | Park | Event\u00a0Location\",\"publisher\":{\"@id\":\"https:\/\/www.boisbuchet.org\/#organization\"},\"potentialAction\":[{\"@type\":\"SearchAction\",\"target\":{\"@type\":\"EntryPoint\",\"urlTemplate\":\"https:\/\/www.boisbuchet.org\/?s={search_term_string}\"},\"query-input\":{\"@type\":\"PropertyValueSpecification\",\"valueRequired\":true,\"valueName\":\"search_term_string\"}}],\"inLanguage\":\"fr-FR\"},{\"@type\":\"Organization\",\"@id\":\"https:\/\/www.boisbuchet.org\/#organization\",\"name\":\"Domine de Boisbuchet\",\"url\":\"https:\/\/www.boisbuchet.org\/\",\"logo\":{\"@type\":\"ImageObject\",\"inLanguage\":\"fr-FR\",\"@id\":\"https:\/\/www.boisbuchet.org\/#\/schema\/logo\/image\/\",\"url\":\"https:\/\/www.boisbuchet.org\/wp-content\/uploads\/2019\/01\/logo_boisbuchet_black.png\",\"contentUrl\":\"https:\/\/www.boisbuchet.org\/wp-content\/uploads\/2019\/01\/logo_boisbuchet_black.png\",\"width\":200,\"height\":73,\"caption\":\"Domine de Boisbuchet\"},\"image\":{\"@id\":\"https:\/\/www.boisbuchet.org\/#\/schema\/logo\/image\/\"},\"sameAs\":[\"https:\/\/www.facebook.com\/boisbuchet\",\"https:\/\/x.com\/boisbuchet\",\"https:\/\/www.instagram.com\/boisbuchet\",\"https:\/\/www.linkedin.com\/company\/domaine-de-boisbuchet\",\"https:\/\/www.pinterest.com\/boisbuchet\"]}]}<\/script>\n<!-- \/ Yoast SEO plugin. -->","yoast_head_json":{"title":"The Emergence of Form | Domaine de Boisbuchet","robots":{"index":"noindex","follow":"follow"},"og_locale":"fr_FR","og_type":"article","og_title":"The Emergence of Form | Domaine de Boisbuchet","og_description":"Tuteur(s):\u00a0 Date d\u00e9but:  Date fin:","og_url":"https:\/\/www.boisbuchet.org\/fr\/produit\/the-emergence-of-form\/","og_site_name":"Domaine de Boisbuchet","article_publisher":"https:\/\/www.facebook.com\/boisbuchet","article_modified_time":"2020-02-23T18:13:45+00:00","og_image":[{"width":600,"height":400,"url":"https:\/\/www.boisbuchet.org\/wp-content\/uploads\/2019\/02\/2019-26-MariaBlaisse.jpg","type":"image\/jpeg"}],"twitter_card":"summary_large_image","twitter_site":"@boisbuchet","twitter_misc":{"Dur\u00e9e de lecture estim\u00e9e":"1 minute"},"schema":{"@context":"https:\/\/schema.org","@graph":[{"@type":"WebPage","@id":"https:\/\/www.boisbuchet.org\/fr\/produit\/the-emergence-of-form\/","url":"https:\/\/www.boisbuchet.org\/fr\/produit\/the-emergence-of-form\/","name":"The Emergence of Form | Domaine de Boisbuchet","isPartOf":{"@id":"https:\/\/www.boisbuchet.org\/#website"},"primaryImageOfPage":{"@id":"https:\/\/www.boisbuchet.org\/fr\/produit\/the-emergence-of-form\/#primaryimage"},"image":{"@id":"https:\/\/www.boisbuchet.org\/fr\/produit\/the-emergence-of-form\/#primaryimage"},"thumbnailUrl":"https:\/\/www.boisbuchet.org\/wp-content\/uploads\/2019\/02\/2019-26-MariaBlaisse.jpg","datePublished":"2019-02-19T19:13:50+00:00","dateModified":"2020-02-23T18:13:45+00:00","breadcrumb":{"@id":"https:\/\/www.boisbuchet.org\/fr\/produit\/the-emergence-of-form\/#breadcrumb"},"inLanguage":"fr-FR","potentialAction":[{"@type":"ReadAction","target":["https:\/\/www.boisbuchet.org\/fr\/produit\/the-emergence-of-form\/"]}]},{"@type":"ImageObject","inLanguage":"fr-FR","@id":"https:\/\/www.boisbuchet.org\/fr\/produit\/the-emergence-of-form\/#primaryimage","url":"https:\/\/www.boisbuchet.org\/wp-content\/uploads\/2019\/02\/2019-26-MariaBlaisse.jpg","contentUrl":"https:\/\/www.boisbuchet.org\/wp-content\/uploads\/2019\/02\/2019-26-MariaBlaisse.jpg","width":600,"height":400},{"@type":"BreadcrumbList","@id":"https:\/\/www.boisbuchet.org\/fr\/produit\/the-emergence-of-form\/#breadcrumb","itemListElement":[{"@type":"ListItem","position":1,"name":"Home","item":"https:\/\/www.boisbuchet.org\/fr\/"},{"@type":"ListItem","position":2,"name":"Boutique","item":"https:\/\/www.boisbuchet.org\/fr\/boutique\/"},{"@type":"ListItem","position":3,"name":"The Emergence of Form"}]},{"@type":"WebSite","@id":"https:\/\/www.boisbuchet.org\/#website","url":"https:\/\/www.boisbuchet.org\/","name":"Domaine de Boisbuchet","description":"Summer Workshops | Park | Event\u00a0Location","publisher":{"@id":"https:\/\/www.boisbuchet.org\/#organization"},"potentialAction":[{"@type":"SearchAction","target":{"@type":"EntryPoint","urlTemplate":"https:\/\/www.boisbuchet.org\/?s={search_term_string}"},"query-input":{"@type":"PropertyValueSpecification","valueRequired":true,"valueName":"search_term_string"}}],"inLanguage":"fr-FR"},{"@type":"Organization","@id":"https:\/\/www.boisbuchet.org\/#organization","name":"Domine de Boisbuchet","url":"https:\/\/www.boisbuchet.org\/","logo":{"@type":"ImageObject","inLanguage":"fr-FR","@id":"https:\/\/www.boisbuchet.org\/#\/schema\/logo\/image\/","url":"https:\/\/www.boisbuchet.org\/wp-content\/uploads\/2019\/01\/logo_boisbuchet_black.png","contentUrl":"https:\/\/www.boisbuchet.org\/wp-content\/uploads\/2019\/01\/logo_boisbuchet_black.png","width":200,"height":73,"caption":"Domine de Boisbuchet"},"image":{"@id":"https:\/\/www.boisbuchet.org\/#\/schema\/logo\/image\/"},"sameAs":["https:\/\/www.facebook.com\/boisbuchet","https:\/\/x.com\/boisbuchet","https:\/\/www.instagram.com\/boisbuchet","https:\/\/www.linkedin.com\/company\/domaine-de-boisbuchet","https:\/\/www.pinterest.com\/boisbuchet"]}]}},"_links":{"self":[{"href":"https:\/\/www.boisbuchet.org\/fr\/wp-json\/wp\/v2\/product\/6494","targetHints":{"allow":["GET"]}}],"collection":[{"href":"https:\/\/www.boisbuchet.org\/fr\/wp-json\/wp\/v2\/product"}],"about":[{"href":"https:\/\/www.boisbuchet.org\/fr\/wp-json\/wp\/v2\/types\/product"}],"author":[{"embeddable":true,"href":"https:\/\/www.boisbuchet.org\/fr\/wp-json\/wp\/v2\/users\/707"}],"wp:featuredmedia":[{"embeddable":true,"href":"https:\/\/www.boisbuchet.org\/fr\/wp-json\/wp\/v2\/media\/3600"}],"wp:attachment":[{"href":"https:\/\/www.boisbuchet.org\/fr\/wp-json\/wp\/v2\/media?parent=6494"}],"wp:term":[{"taxonomy":"product_brand","embeddable":true,"href":"https:\/\/www.boisbuchet.org\/fr\/wp-json\/wp\/v2\/product_brand?post=6494"},{"taxonomy":"product_cat","embeddable":true,"href":"https:\/\/www.boisbuchet.org\/fr\/wp-json\/wp\/v2\/product_cat?post=6494"},{"taxonomy":"product_tag","embeddable":true,"href":"https:\/\/www.boisbuchet.org\/fr\/wp-json\/wp\/v2\/product_tag?post=6494"},{"taxonomy":"content-year","embeddable":true,"href":"https:\/\/www.boisbuchet.org\/fr\/wp-json\/wp\/v2\/content-year?post=6494"}],"curies":[{"name":"wp","href":"https:\/\/api.w.org\/{rel}","templated":true}]}}